{"id":10660,"date":"2024-08-02T13:33:01","date_gmt":"2024-08-02T10:33:01","guid":{"rendered":"https:\/\/www.finnboat.fi\/?page_id=10660"},"modified":"2026-01-12T15:10:32","modified_gmt":"2026-01-12T13:10:32","slug":"traficom","status":"publish","type":"page","link":"https:\/\/www.finnboat.fi\/en\/jasensivut\/traficom\/","title":{"rendered":"Traficom &#8211; Vesikulkuneuvojen ensirekister\u00f6innit"},"content":{"rendered":"<div class=\"members-access-error\">T\u00e4m\u00e4 sis\u00e4lt\u00f6 on tarkoitettu vain kirjautuneille j\u00e4senille.<\/div>","protected":false},"excerpt":{"rendered":"<div class=\"members-access-error\">T\u00e4m\u00e4 sis\u00e4lt\u00f6 on tarkoitettu vain kirjautuneille j\u00e4senille.<\/div>","protected":false},"author":317,"featured_media":0,"parent":3269,"menu_order":0,"comment_status":"closed","ping_status":"closed","template":"","meta":{"_acf_changed":false,"_crdt_document":"","inline_featured_image":false,"_monsterinsights_skip_tracking":false,"_monsterinsights_sitenote_active":false,"_monsterinsights_sitenote_note":"","_monsterinsights_sitenote_category":0,"footnotes":""},"class_list":["post-10660","page","type-page","status-publish","hentry"],"acf":[],"yoast_head":"<!-- This site is optimized with the Yoast SEO plugin v27.3 - https:\/\/yoast.com\/product\/yoast-seo-wordpress\/ -->\n<title>Traficom - Vesikulkuneuvojen ensirekister\u00f6innit - Finnboat<\/title>\n<meta name=\"robots\" content=\"index, follow, max-snippet:-1, max-image-preview:large, max-video-preview:-1\" \/>\n<link rel=\"canonical\" href=\"https:\/\/www.finnboat.fi\/en\/jasensivut\/traficom\/\" \/>\n<meta property=\"og:locale\" content=\"en_GB\" \/>\n<meta property=\"og:type\" content=\"article\" \/>\n<meta property=\"og:title\" content=\"Traficom - Vesikulkuneuvojen ensirekister\u00f6innit - Finnboat\" \/>\n<meta property=\"og:description\" content=\"T\u00e4m\u00e4 sis\u00e4lt\u00f6 on tarkoitettu vain kirjautuneille j\u00e4senille.\" \/>\n<meta property=\"og:url\" content=\"https:\/\/www.finnboat.fi\/en\/jasensivut\/traficom\/\" \/>\n<meta property=\"og:site_name\" content=\"Finnboat\" \/>\n<meta property=\"article:modified_time\" content=\"2026-01-12T13:10:32+00:00\" \/>\n<meta property=\"og:image\" content=\"https:\/\/www.finnboat.fi\/wp-content\/uploads\/2024\/08\/TRAFICOM_FI-SV_rgb_vaaka_2022.jpg\" \/>\n\t<meta property=\"og:image:width\" content=\"1920\" \/>\n\t<meta property=\"og:image:height\" content=\"261\" \/>\n\t<meta property=\"og:image:type\" content=\"image\/jpeg\" \/>\n<meta name=\"twitter:card\" content=\"summary_large_image\" \/>\n<meta name=\"twitter:label1\" content=\"Estimated reading time\" \/>\n\t<meta name=\"twitter:data1\" content=\"2 minutes\" \/>\n<script type=\"application\/ld+json\" class=\"yoast-schema-graph\">{\"@context\":\"https:\\\/\\\/schema.org\",\"@graph\":[{\"@type\":\"WebPage\",\"@id\":\"https:\\\/\\\/www.finnboat.fi\\\/jasensivut\\\/traficom\\\/\",\"url\":\"https:\\\/\\\/www.finnboat.fi\\\/jasensivut\\\/traficom\\\/\",\"name\":\"Traficom - Vesikulkuneuvojen ensirekister\u00f6innit - Finnboat\",\"isPartOf\":{\"@id\":\"https:\\\/\\\/www.finnboat.fi\\\/en\\\/#website\"},\"primaryImageOfPage\":{\"@id\":\"https:\\\/\\\/www.finnboat.fi\\\/jasensivut\\\/traficom\\\/#primaryimage\"},\"image\":{\"@id\":\"https:\\\/\\\/www.finnboat.fi\\\/jasensivut\\\/traficom\\\/#primaryimage\"},\"thumbnailUrl\":\"https:\\\/\\\/www.finnboat.fi\\\/wp-content\\\/uploads\\\/2024\\\/08\\\/TRAFICOM_FI-SV_rgb_vaaka_2022-1024x139.jpg\",\"datePublished\":\"2024-08-02T10:33:01+00:00\",\"dateModified\":\"2026-01-12T13:10:32+00:00\",\"breadcrumb\":{\"@id\":\"https:\\\/\\\/www.finnboat.fi\\\/jasensivut\\\/traficom\\\/#breadcrumb\"},\"inLanguage\":\"en-GB\",\"potentialAction\":[{\"@type\":\"ReadAction\",\"target\":[\"https:\\\/\\\/www.finnboat.fi\\\/jasensivut\\\/traficom\\\/\"]}]},{\"@type\":\"ImageObject\",\"inLanguage\":\"en-GB\",\"@id\":\"https:\\\/\\\/www.finnboat.fi\\\/jasensivut\\\/traficom\\\/#primaryimage\",\"url\":\"https:\\\/\\\/www.finnboat.fi\\\/wp-content\\\/uploads\\\/2024\\\/08\\\/TRAFICOM_FI-SV_rgb_vaaka_2022-1024x139.jpg\",\"contentUrl\":\"https:\\\/\\\/www.finnboat.fi\\\/wp-content\\\/uploads\\\/2024\\\/08\\\/TRAFICOM_FI-SV_rgb_vaaka_2022-1024x139.jpg\"},{\"@type\":\"BreadcrumbList\",\"@id\":\"https:\\\/\\\/www.finnboat.fi\\\/jasensivut\\\/traficom\\\/#breadcrumb\",\"itemListElement\":[{\"@type\":\"ListItem\",\"position\":1,\"name\":\"Etusivu\",\"item\":\"https:\\\/\\\/www.finnboat.fi\\\/\"},{\"@type\":\"ListItem\",\"position\":2,\"name\":\"J\u00e4sensivut\",\"item\":\"https:\\\/\\\/www.finnboat.fi\\\/jasensivut\\\/\"},{\"@type\":\"ListItem\",\"position\":3,\"name\":\"Traficom &#8211; Vesikulkuneuvojen ensirekister\u00f6innit\"}]},{\"@type\":\"WebSite\",\"@id\":\"https:\\\/\\\/www.finnboat.fi\\\/en\\\/#website\",\"url\":\"https:\\\/\\\/www.finnboat.fi\\\/en\\\/\",\"name\":\"Finnboat\",\"description\":\"Venealan Keskusliitto Finnboat ry\",\"publisher\":{\"@id\":\"https:\\\/\\\/www.finnboat.fi\\\/en\\\/#organization\"},\"potentialAction\":[{\"@type\":\"SearchAction\",\"target\":{\"@type\":\"EntryPoint\",\"urlTemplate\":\"https:\\\/\\\/www.finnboat.fi\\\/en\\\/?s={search_term_string}\"},\"query-input\":{\"@type\":\"PropertyValueSpecification\",\"valueRequired\":true,\"valueName\":\"search_term_string\"}}],\"inLanguage\":\"en-GB\"},{\"@type\":\"Organization\",\"@id\":\"https:\\\/\\\/www.finnboat.fi\\\/en\\\/#organization\",\"name\":\"Finnboat\",\"url\":\"https:\\\/\\\/www.finnboat.fi\\\/en\\\/\",\"logo\":{\"@type\":\"ImageObject\",\"inLanguage\":\"en-GB\",\"@id\":\"https:\\\/\\\/www.finnboat.fi\\\/en\\\/#\\\/schema\\\/logo\\\/image\\\/\",\"url\":\"https:\\\/\\\/www.finnboat.fi\\\/wp-content\\\/uploads\\\/2026\\\/02\\\/cropped-kassi.png\",\"contentUrl\":\"https:\\\/\\\/www.finnboat.fi\\\/wp-content\\\/uploads\\\/2026\\\/02\\\/cropped-kassi.png\",\"width\":1023,\"height\":1023,\"caption\":\"Finnboat\"},\"image\":{\"@id\":\"https:\\\/\\\/www.finnboat.fi\\\/en\\\/#\\\/schema\\\/logo\\\/image\\\/\"}}]}<\/script>\n<!-- \/ Yoast SEO plugin. -->","yoast_head_json":{"title":"Traficom - Vesikulkuneuvojen ensirekister\u00f6innit - Finnboat","robots":{"index":"index","follow":"follow","max-snippet":"max-snippet:-1","max-image-preview":"max-image-preview:large","max-video-preview":"max-video-preview:-1"},"canonical":"https:\/\/www.finnboat.fi\/en\/jasensivut\/traficom\/","og_locale":"en_GB","og_type":"article","og_title":"Traficom - Vesikulkuneuvojen ensirekister\u00f6innit - Finnboat","og_description":"T\u00e4m\u00e4 sis\u00e4lt\u00f6 on tarkoitettu vain kirjautuneille j\u00e4senille.","og_url":"https:\/\/www.finnboat.fi\/en\/jasensivut\/traficom\/","og_site_name":"Finnboat","article_modified_time":"2026-01-12T13:10:32+00:00","og_image":[{"width":1920,"height":261,"url":"https:\/\/www.finnboat.fi\/wp-content\/uploads\/2024\/08\/TRAFICOM_FI-SV_rgb_vaaka_2022.jpg","type":"image\/jpeg"}],"twitter_card":"summary_large_image","twitter_misc":{"Estimated reading time":"2 minutes"},"schema":{"@context":"https:\/\/schema.org","@graph":[{"@type":"WebPage","@id":"https:\/\/www.finnboat.fi\/jasensivut\/traficom\/","url":"https:\/\/www.finnboat.fi\/jasensivut\/traficom\/","name":"Traficom - Vesikulkuneuvojen ensirekister\u00f6innit - Finnboat","isPartOf":{"@id":"https:\/\/www.finnboat.fi\/en\/#website"},"primaryImageOfPage":{"@id":"https:\/\/www.finnboat.fi\/jasensivut\/traficom\/#primaryimage"},"image":{"@id":"https:\/\/www.finnboat.fi\/jasensivut\/traficom\/#primaryimage"},"thumbnailUrl":"https:\/\/www.finnboat.fi\/wp-content\/uploads\/2024\/08\/TRAFICOM_FI-SV_rgb_vaaka_2022-1024x139.jpg","datePublished":"2024-08-02T10:33:01+00:00","dateModified":"2026-01-12T13:10:32+00:00","breadcrumb":{"@id":"https:\/\/www.finnboat.fi\/jasensivut\/traficom\/#breadcrumb"},"inLanguage":"en-GB","potentialAction":[{"@type":"ReadAction","target":["https:\/\/www.finnboat.fi\/jasensivut\/traficom\/"]}]},{"@type":"ImageObject","inLanguage":"en-GB","@id":"https:\/\/www.finnboat.fi\/jasensivut\/traficom\/#primaryimage","url":"https:\/\/www.finnboat.fi\/wp-content\/uploads\/2024\/08\/TRAFICOM_FI-SV_rgb_vaaka_2022-1024x139.jpg","contentUrl":"https:\/\/www.finnboat.fi\/wp-content\/uploads\/2024\/08\/TRAFICOM_FI-SV_rgb_vaaka_2022-1024x139.jpg"},{"@type":"BreadcrumbList","@id":"https:\/\/www.finnboat.fi\/jasensivut\/traficom\/#breadcrumb","itemListElement":[{"@type":"ListItem","position":1,"name":"Etusivu","item":"https:\/\/www.finnboat.fi\/"},{"@type":"ListItem","position":2,"name":"J\u00e4sensivut","item":"https:\/\/www.finnboat.fi\/jasensivut\/"},{"@type":"ListItem","position":3,"name":"Traficom &#8211; Vesikulkuneuvojen ensirekister\u00f6innit"}]},{"@type":"WebSite","@id":"https:\/\/www.finnboat.fi\/en\/#website","url":"https:\/\/www.finnboat.fi\/en\/","name":"Finnboat","description":"Finnish Marine Industries Federation Finnboat","publisher":{"@id":"https:\/\/www.finnboat.fi\/en\/#organization"},"potentialAction":[{"@type":"SearchAction","target":{"@type":"EntryPoint","urlTemplate":"https:\/\/www.finnboat.fi\/en\/?s={search_term_string}"},"query-input":{"@type":"PropertyValueSpecification","valueRequired":true,"valueName":"search_term_string"}}],"inLanguage":"en-GB"},{"@type":"Organization","@id":"https:\/\/www.finnboat.fi\/en\/#organization","name":"Finnboat","url":"https:\/\/www.finnboat.fi\/en\/","logo":{"@type":"ImageObject","inLanguage":"en-GB","@id":"https:\/\/www.finnboat.fi\/en\/#\/schema\/logo\/image\/","url":"https:\/\/www.finnboat.fi\/wp-content\/uploads\/2026\/02\/cropped-kassi.png","contentUrl":"https:\/\/www.finnboat.fi\/wp-content\/uploads\/2026\/02\/cropped-kassi.png","width":1023,"height":1023,"caption":"Finnboat"},"image":{"@id":"https:\/\/www.finnboat.fi\/en\/#\/schema\/logo\/image\/"}}]}},"_links":{"self":[{"href":"https:\/\/www.finnboat.fi\/en\/wp-json\/wp\/v2\/pages\/10660","targetHints":{"allow":["GET"]}}],"collection":[{"href":"https:\/\/www.finnboat.fi\/en\/wp-json\/wp\/v2\/pages"}],"about":[{"href":"https:\/\/www.finnboat.fi\/en\/wp-json\/wp\/v2\/types\/page"}],"author":[{"embeddable":true,"href":"https:\/\/www.finnboat.fi\/en\/wp-json\/wp\/v2\/users\/317"}],"replies":[{"embeddable":true,"href":"https:\/\/www.finnboat.fi\/en\/wp-json\/wp\/v2\/comments?post=10660"}],"version-history":[{"count":95,"href":"https:\/\/www.finnboat.fi\/en\/wp-json\/wp\/v2\/pages\/10660\/revisions"}],"predecessor-version":[{"id":13946,"href":"https:\/\/www.finnboat.fi\/en\/wp-json\/wp\/v2\/pages\/10660\/revisions\/13946"}],"up":[{"embeddable":true,"href":"https:\/\/www.finnboat.fi\/en\/wp-json\/wp\/v2\/pages\/3269"}],"wp:attachment":[{"href":"https:\/\/www.finnboat.fi\/en\/wp-json\/wp\/v2\/media?parent=10660"}],"curies":[{"name":"wp","href":"https:\/\/api.w.org\/{rel}","templated":true}]}}