{"id":10737,"date":"2024-08-05T12:43:29","date_gmt":"2024-08-05T09:43:29","guid":{"rendered":"https:\/\/www.finnboat.fi\/?page_id=10737"},"modified":"2026-01-30T13:08:29","modified_gmt":"2026-01-30T11:08:29","slug":"tulli-venevienti-ja-tuontitilastot","status":"publish","type":"page","link":"https:\/\/www.finnboat.fi\/en\/jasensivut\/tulli-venevienti-ja-tuontitilastot\/","title":{"rendered":"Tulli  &#8211; venevienti- ja tuontitilastot"},"content":{"rendered":"<div class=\"members-access-error\">T\u00e4m\u00e4 sis\u00e4lt\u00f6 on tarkoitettu vain kirjautuneille j\u00e4senille.<\/div>","protected":false},"excerpt":{"rendered":"<div class=\"members-access-error\">T\u00e4m\u00e4 sis\u00e4lt\u00f6 on tarkoitettu vain kirjautuneille j\u00e4senille.<\/div>","protected":false},"author":317,"featured_media":0,"parent":3269,"menu_order":0,"comment_status":"closed","ping_status":"closed","template":"","meta":{"_acf_changed":false,"_crdt_document":"","inline_featured_image":false,"_monsterinsights_skip_tracking":false,"_monsterinsights_sitenote_active":false,"_monsterinsights_sitenote_note":"","_monsterinsights_sitenote_category":0,"footnotes":""},"class_list":["post-10737","page","type-page","status-publish","hentry"],"acf":[],"yoast_head":"<!-- This site is optimized with the Yoast SEO plugin v27.3 - https:\/\/yoast.com\/product\/yoast-seo-wordpress\/ -->\n<title>Tulli - venevienti- ja tuontitilastot - Finnboat<\/title>\n<meta name=\"robots\" content=\"index, follow, max-snippet:-1, max-image-preview:large, max-video-preview:-1\" \/>\n<link rel=\"canonical\" href=\"https:\/\/www.finnboat.fi\/en\/jasensivut\/tulli-venevienti-ja-tuontitilastot\/\" \/>\n<meta property=\"og:locale\" content=\"en_GB\" \/>\n<meta property=\"og:type\" content=\"article\" \/>\n<meta property=\"og:title\" content=\"Tulli - venevienti- ja tuontitilastot - Finnboat\" \/>\n<meta property=\"og:description\" content=\"T\u00e4m\u00e4 sis\u00e4lt\u00f6 on tarkoitettu vain kirjautuneille j\u00e4senille.\" \/>\n<meta property=\"og:url\" content=\"https:\/\/www.finnboat.fi\/en\/jasensivut\/tulli-venevienti-ja-tuontitilastot\/\" \/>\n<meta property=\"og:site_name\" content=\"Finnboat\" \/>\n<meta property=\"article:modified_time\" content=\"2026-01-30T11:08:29+00:00\" \/>\n<meta property=\"og:image\" content=\"https:\/\/www.finnboat.fi\/wp-content\/uploads\/2024\/08\/tulli.png\" \/>\n\t<meta property=\"og:image:width\" content=\"279\" \/>\n\t<meta property=\"og:image:height\" content=\"88\" \/>\n\t<meta property=\"og:image:type\" content=\"image\/png\" \/>\n<meta name=\"twitter:card\" content=\"summary_large_image\" \/>\n<meta name=\"twitter:label1\" content=\"Estimated reading time\" \/>\n\t<meta name=\"twitter:data1\" content=\"2 minutes\" \/>\n<script type=\"application\/ld+json\" class=\"yoast-schema-graph\">{\"@context\":\"https:\\\/\\\/schema.org\",\"@graph\":[{\"@type\":\"WebPage\",\"@id\":\"https:\\\/\\\/www.finnboat.fi\\\/jasensivut\\\/tulli-venevienti-ja-tuontitilastot\\\/\",\"url\":\"https:\\\/\\\/www.finnboat.fi\\\/jasensivut\\\/tulli-venevienti-ja-tuontitilastot\\\/\",\"name\":\"Tulli - venevienti- ja tuontitilastot - Finnboat\",\"isPartOf\":{\"@id\":\"https:\\\/\\\/www.finnboat.fi\\\/en\\\/#website\"},\"primaryImageOfPage\":{\"@id\":\"https:\\\/\\\/www.finnboat.fi\\\/jasensivut\\\/tulli-venevienti-ja-tuontitilastot\\\/#primaryimage\"},\"image\":{\"@id\":\"https:\\\/\\\/www.finnboat.fi\\\/jasensivut\\\/tulli-venevienti-ja-tuontitilastot\\\/#primaryimage\"},\"thumbnailUrl\":\"https:\\\/\\\/www.finnboat.fi\\\/wp-content\\\/uploads\\\/2024\\\/08\\\/tulli.png\",\"datePublished\":\"2024-08-05T09:43:29+00:00\",\"dateModified\":\"2026-01-30T11:08:29+00:00\",\"breadcrumb\":{\"@id\":\"https:\\\/\\\/www.finnboat.fi\\\/jasensivut\\\/tulli-venevienti-ja-tuontitilastot\\\/#breadcrumb\"},\"inLanguage\":\"en-GB\",\"potentialAction\":[{\"@type\":\"ReadAction\",\"target\":[\"https:\\\/\\\/www.finnboat.fi\\\/jasensivut\\\/tulli-venevienti-ja-tuontitilastot\\\/\"]}]},{\"@type\":\"ImageObject\",\"inLanguage\":\"en-GB\",\"@id\":\"https:\\\/\\\/www.finnboat.fi\\\/jasensivut\\\/tulli-venevienti-ja-tuontitilastot\\\/#primaryimage\",\"url\":\"https:\\\/\\\/www.finnboat.fi\\\/wp-content\\\/uploads\\\/2024\\\/08\\\/tulli.png\",\"contentUrl\":\"https:\\\/\\\/www.finnboat.fi\\\/wp-content\\\/uploads\\\/2024\\\/08\\\/tulli.png\"},{\"@type\":\"BreadcrumbList\",\"@id\":\"https:\\\/\\\/www.finnboat.fi\\\/jasensivut\\\/tulli-venevienti-ja-tuontitilastot\\\/#breadcrumb\",\"itemListElement\":[{\"@type\":\"ListItem\",\"position\":1,\"name\":\"Etusivu\",\"item\":\"https:\\\/\\\/www.finnboat.fi\\\/\"},{\"@type\":\"ListItem\",\"position\":2,\"name\":\"J\u00e4sensivut\",\"item\":\"https:\\\/\\\/www.finnboat.fi\\\/jasensivut\\\/\"},{\"@type\":\"ListItem\",\"position\":3,\"name\":\"Tulli &#8211; venevienti- ja tuontitilastot\"}]},{\"@type\":\"WebSite\",\"@id\":\"https:\\\/\\\/www.finnboat.fi\\\/en\\\/#website\",\"url\":\"https:\\\/\\\/www.finnboat.fi\\\/en\\\/\",\"name\":\"Finnboat\",\"description\":\"Venealan Keskusliitto Finnboat ry\",\"publisher\":{\"@id\":\"https:\\\/\\\/www.finnboat.fi\\\/en\\\/#organization\"},\"potentialAction\":[{\"@type\":\"SearchAction\",\"target\":{\"@type\":\"EntryPoint\",\"urlTemplate\":\"https:\\\/\\\/www.finnboat.fi\\\/en\\\/?s={search_term_string}\"},\"query-input\":{\"@type\":\"PropertyValueSpecification\",\"valueRequired\":true,\"valueName\":\"search_term_string\"}}],\"inLanguage\":\"en-GB\"},{\"@type\":\"Organization\",\"@id\":\"https:\\\/\\\/www.finnboat.fi\\\/en\\\/#organization\",\"name\":\"Finnboat\",\"url\":\"https:\\\/\\\/www.finnboat.fi\\\/en\\\/\",\"logo\":{\"@type\":\"ImageObject\",\"inLanguage\":\"en-GB\",\"@id\":\"https:\\\/\\\/www.finnboat.fi\\\/en\\\/#\\\/schema\\\/logo\\\/image\\\/\",\"url\":\"https:\\\/\\\/www.finnboat.fi\\\/wp-content\\\/uploads\\\/2026\\\/02\\\/cropped-kassi.png\",\"contentUrl\":\"https:\\\/\\\/www.finnboat.fi\\\/wp-content\\\/uploads\\\/2026\\\/02\\\/cropped-kassi.png\",\"width\":1023,\"height\":1023,\"caption\":\"Finnboat\"},\"image\":{\"@id\":\"https:\\\/\\\/www.finnboat.fi\\\/en\\\/#\\\/schema\\\/logo\\\/image\\\/\"}}]}<\/script>\n<!-- \/ Yoast SEO plugin. -->","yoast_head_json":{"title":"Tulli - venevienti- ja tuontitilastot - Finnboat","robots":{"index":"index","follow":"follow","max-snippet":"max-snippet:-1","max-image-preview":"max-image-preview:large","max-video-preview":"max-video-preview:-1"},"canonical":"https:\/\/www.finnboat.fi\/en\/jasensivut\/tulli-venevienti-ja-tuontitilastot\/","og_locale":"en_GB","og_type":"article","og_title":"Tulli - venevienti- ja tuontitilastot - Finnboat","og_description":"T\u00e4m\u00e4 sis\u00e4lt\u00f6 on tarkoitettu vain kirjautuneille j\u00e4senille.","og_url":"https:\/\/www.finnboat.fi\/en\/jasensivut\/tulli-venevienti-ja-tuontitilastot\/","og_site_name":"Finnboat","article_modified_time":"2026-01-30T11:08:29+00:00","og_image":[{"width":279,"height":88,"url":"https:\/\/www.finnboat.fi\/wp-content\/uploads\/2024\/08\/tulli.png","type":"image\/png"}],"twitter_card":"summary_large_image","twitter_misc":{"Estimated reading time":"2 minutes"},"schema":{"@context":"https:\/\/schema.org","@graph":[{"@type":"WebPage","@id":"https:\/\/www.finnboat.fi\/jasensivut\/tulli-venevienti-ja-tuontitilastot\/","url":"https:\/\/www.finnboat.fi\/jasensivut\/tulli-venevienti-ja-tuontitilastot\/","name":"Tulli - venevienti- ja tuontitilastot - Finnboat","isPartOf":{"@id":"https:\/\/www.finnboat.fi\/en\/#website"},"primaryImageOfPage":{"@id":"https:\/\/www.finnboat.fi\/jasensivut\/tulli-venevienti-ja-tuontitilastot\/#primaryimage"},"image":{"@id":"https:\/\/www.finnboat.fi\/jasensivut\/tulli-venevienti-ja-tuontitilastot\/#primaryimage"},"thumbnailUrl":"https:\/\/www.finnboat.fi\/wp-content\/uploads\/2024\/08\/tulli.png","datePublished":"2024-08-05T09:43:29+00:00","dateModified":"2026-01-30T11:08:29+00:00","breadcrumb":{"@id":"https:\/\/www.finnboat.fi\/jasensivut\/tulli-venevienti-ja-tuontitilastot\/#breadcrumb"},"inLanguage":"en-GB","potentialAction":[{"@type":"ReadAction","target":["https:\/\/www.finnboat.fi\/jasensivut\/tulli-venevienti-ja-tuontitilastot\/"]}]},{"@type":"ImageObject","inLanguage":"en-GB","@id":"https:\/\/www.finnboat.fi\/jasensivut\/tulli-venevienti-ja-tuontitilastot\/#primaryimage","url":"https:\/\/www.finnboat.fi\/wp-content\/uploads\/2024\/08\/tulli.png","contentUrl":"https:\/\/www.finnboat.fi\/wp-content\/uploads\/2024\/08\/tulli.png"},{"@type":"BreadcrumbList","@id":"https:\/\/www.finnboat.fi\/jasensivut\/tulli-venevienti-ja-tuontitilastot\/#breadcrumb","itemListElement":[{"@type":"ListItem","position":1,"name":"Etusivu","item":"https:\/\/www.finnboat.fi\/"},{"@type":"ListItem","position":2,"name":"J\u00e4sensivut","item":"https:\/\/www.finnboat.fi\/jasensivut\/"},{"@type":"ListItem","position":3,"name":"Tulli &#8211; venevienti- ja tuontitilastot"}]},{"@type":"WebSite","@id":"https:\/\/www.finnboat.fi\/en\/#website","url":"https:\/\/www.finnboat.fi\/en\/","name":"Finnboat","description":"Finnish Marine Industries Federation Finnboat","publisher":{"@id":"https:\/\/www.finnboat.fi\/en\/#organization"},"potentialAction":[{"@type":"SearchAction","target":{"@type":"EntryPoint","urlTemplate":"https:\/\/www.finnboat.fi\/en\/?s={search_term_string}"},"query-input":{"@type":"PropertyValueSpecification","valueRequired":true,"valueName":"search_term_string"}}],"inLanguage":"en-GB"},{"@type":"Organization","@id":"https:\/\/www.finnboat.fi\/en\/#organization","name":"Finnboat","url":"https:\/\/www.finnboat.fi\/en\/","logo":{"@type":"ImageObject","inLanguage":"en-GB","@id":"https:\/\/www.finnboat.fi\/en\/#\/schema\/logo\/image\/","url":"https:\/\/www.finnboat.fi\/wp-content\/uploads\/2026\/02\/cropped-kassi.png","contentUrl":"https:\/\/www.finnboat.fi\/wp-content\/uploads\/2026\/02\/cropped-kassi.png","width":1023,"height":1023,"caption":"Finnboat"},"image":{"@id":"https:\/\/www.finnboat.fi\/en\/#\/schema\/logo\/image\/"}}]}},"_links":{"self":[{"href":"https:\/\/www.finnboat.fi\/en\/wp-json\/wp\/v2\/pages\/10737","targetHints":{"allow":["GET"]}}],"collection":[{"href":"https:\/\/www.finnboat.fi\/en\/wp-json\/wp\/v2\/pages"}],"about":[{"href":"https:\/\/www.finnboat.fi\/en\/wp-json\/wp\/v2\/types\/page"}],"author":[{"embeddable":true,"href":"https:\/\/www.finnboat.fi\/en\/wp-json\/wp\/v2\/users\/317"}],"replies":[{"embeddable":true,"href":"https:\/\/www.finnboat.fi\/en\/wp-json\/wp\/v2\/comments?post=10737"}],"version-history":[{"count":103,"href":"https:\/\/www.finnboat.fi\/en\/wp-json\/wp\/v2\/pages\/10737\/revisions"}],"predecessor-version":[{"id":14009,"href":"https:\/\/www.finnboat.fi\/en\/wp-json\/wp\/v2\/pages\/10737\/revisions\/14009"}],"up":[{"embeddable":true,"href":"https:\/\/www.finnboat.fi\/en\/wp-json\/wp\/v2\/pages\/3269"}],"wp:attachment":[{"href":"https:\/\/www.finnboat.fi\/en\/wp-json\/wp\/v2\/media?parent=10737"}],"curies":[{"name":"wp","href":"https:\/\/api.w.org\/{rel}","templated":true}]}}