{"id":11327,"date":"2024-10-11T12:05:50","date_gmt":"2024-10-11T09:05:50","guid":{"rendered":"https:\/\/www.finnboat.fi\/?page_id=11327"},"modified":"2024-10-11T15:32:59","modified_gmt":"2024-10-11T12:32:59","slug":"veneilyn-aapinen","status":"publish","type":"page","link":"https:\/\/www.finnboat.fi\/en\/veneilyn-aapinen\/","title":{"rendered":"ABC of Boating"},"content":{"rendered":"<div data-elementor-type=\"wp-page\" data-elementor-id=\"11327\" class=\"elementor elementor-11327\">\n\t\t\t\t\t\t<section class=\"elementor-section elementor-top-section elementor-element elementor-element-565ae6b elementor-section-boxed elementor-section-height-default elementor-section-height-default\" data-id=\"565ae6b\" data-element_type=\"section\" data-e-type=\"section\">\n\t\t\t\t\t\t<div class=\"elementor-container elementor-column-gap-default\">\n\t\t\t\t\t<div class=\"elementor-column elementor-col-100 elementor-top-column elementor-element elementor-element-25fa6e1\" data-id=\"25fa6e1\" data-element_type=\"column\" data-e-type=\"column\">\n\t\t\t<div class=\"elementor-widget-wrap elementor-element-populated\">\n\t\t\t\t\t\t<div class=\"elementor-element elementor-element-8301faf elementor-widget elementor-widget-image\" data-id=\"8301faf\" data-element_type=\"widget\" data-e-type=\"widget\" data-widget_type=\"image.default\">\n\t\t\t\t<div class=\"elementor-widget-container\">\n\t\t\t\t\t\t\t\t\t\t\t\t\t\t\t<img fetchpriority=\"high\" decoding=\"async\" width=\"1827\" height=\"465\" src=\"https:\/\/www.finnboat.fi\/wp-content\/uploads\/2024\/10\/Veneilyn-Aapinen_Batlivets-ABS_wp_2024.png\" class=\"attachment-full size-full wp-image-11328\" alt=\"Veneilyn Aapinen B\u00e5tlivets ABC\" srcset=\"https:\/\/www.finnboat.fi\/wp-content\/uploads\/2024\/10\/Veneilyn-Aapinen_Batlivets-ABS_wp_2024.png 1827w, https:\/\/www.finnboat.fi\/wp-content\/uploads\/2024\/10\/Veneilyn-Aapinen_Batlivets-ABS_wp_2024-300x76.png 300w, https:\/\/www.finnboat.fi\/wp-content\/uploads\/2024\/10\/Veneilyn-Aapinen_Batlivets-ABS_wp_2024-1024x261.png 1024w, https:\/\/www.finnboat.fi\/wp-content\/uploads\/2024\/10\/Veneilyn-Aapinen_Batlivets-ABS_wp_2024-768x195.png 768w, https:\/\/www.finnboat.fi\/wp-content\/uploads\/2024\/10\/Veneilyn-Aapinen_Batlivets-ABS_wp_2024-1536x391.png 1536w, https:\/\/www.finnboat.fi\/wp-content\/uploads\/2024\/10\/Veneilyn-Aapinen_Batlivets-ABS_wp_2024-18x5.png 18w, https:\/\/www.finnboat.fi\/wp-content\/uploads\/2024\/10\/Veneilyn-Aapinen_Batlivets-ABS_wp_2024-600x153.png 600w\" sizes=\"(max-width: 1827px) 100vw, 1827px\" \/>\t\t\t\t\t\t\t\t\t\t\t\t\t\t\t<\/div>\n\t\t\t\t<\/div>\n\t\t\t\t\t<\/div>\n\t\t<\/div>\n\t\t\t\t\t<\/div>\n\t\t<\/section>\n\t\t\t\t<section class=\"elementor-section elementor-top-section elementor-element elementor-element-63cbcd0 elementor-section-boxed elementor-section-height-default elementor-section-height-default\" data-id=\"63cbcd0\" data-element_type=\"section\" data-e-type=\"section\">\n\t\t\t\t\t\t<div class=\"elementor-container elementor-column-gap-default\">\n\t\t\t\t\t<div class=\"elementor-column elementor-col-66 elementor-top-column elementor-element elementor-element-060b6aa\" data-id=\"060b6aa\" data-element_type=\"column\" data-e-type=\"column\">\n\t\t\t<div class=\"elementor-widget-wrap elementor-element-populated\">\n\t\t\t\t\t\t<div class=\"elementor-element elementor-element-3c6f17b elementor-widget elementor-widget-text-editor\" data-id=\"3c6f17b\" data-element_type=\"widget\" data-e-type=\"widget\" data-widget_type=\"text-editor.default\">\n\t\t\t\t<div class=\"elementor-widget-container\">\n\t\t\t\t\t\t\t\t\t<h2>ABC of Boating<\/h2><p>In the ABC of Boating, an effort has been made to compile in a concise form the key issues that everyone who moves on the water needs to know for their own safety. The acquisition of basic information is part of the life insurance that is needed on the water.<\/p><p>The ABC's purpose is to open the door to the world of boating. It does not provide ready-made solutions to all questions, but rather aims to encourage continuous study and, above all, practical practice of boating.<\/p><p>Whether you are a small boater, a motor boater or a sailor, membership in a boating club opens up many opportunities. Clubs inspect their members' boats, train their members, have buoys and berths, often dock services and their own winter storage areas. Organized boating is also safe boating. All in all, boating is so diverse that no boater can claim to be completely learned. The practical experience brought by many boating summers and the continuous deepening of one's own knowledge and skills always opens up new horizons for boating.<\/p><p>You can order the ABC of Boating from Finnboat's office. The free digital version can be found on the <a href=\"https:\/\/www.suomiveneilee.fi\/aapinen\/veneilijalle\/\">www.suomiveneilee.fi<\/a>website.<\/p>\t\t\t\t\t\t\t\t<\/div>\n\t\t\t\t<\/div>\n\t\t\t\t\t<\/div>\n\t\t<\/div>\n\t\t\t\t<div class=\"elementor-column elementor-col-33 elementor-top-column elementor-element elementor-element-8152804\" data-id=\"8152804\" data-element_type=\"column\" data-e-type=\"column\">\n\t\t\t<div class=\"elementor-widget-wrap elementor-element-populated\">\n\t\t\t\t\t\t<div class=\"elementor-element elementor-element-f812916 elementor-widget elementor-widget-text-editor\" data-id=\"f812916\" data-element_type=\"widget\" data-e-type=\"widget\" data-widget_type=\"text-editor.default\">\n\t\t\t\t<div class=\"elementor-widget-container\">\n\t\t\t\t\t\t\t\t\t<h2>Order<\/h2><p>You can order the ABC of Boating from Finnboat's office via e-mail info@finnboat.fi.<\/p><h2>Prices<\/h2><p>ABC of Boating (in Finnish) 0,50\u20ac<\/p><p>B\u00e5tlivets ABC (in Swedish) 0,70\u20ac<\/p><h2>Delivery<\/h2><p>ABC of Boating is sent to the customer by post. Individual ABCs are sent by letter and larger orders are sent as \u00c4rr\u00e4 Paketti.<\/p>\t\t\t\t\t\t\t\t<\/div>\n\t\t\t\t<\/div>\n\t\t\t\t\t<\/div>\n\t\t<\/div>\n\t\t\t\t\t<\/div>\n\t\t<\/section>\n\t\t\t\t<\/div>","protected":false},"excerpt":{"rendered":"<p>Veneilyn Aapinen Veneilyn Aapiseen on tiiviiseen muotoon pyritty kokoamaan ne keskeiset asiat, jotka jokaisen vesill\u00e4 liikkuvan on v\u00e4ltt\u00e4m\u00e4t\u00f6nt\u00e4 tiet\u00e4\u00e4 jo oman turvallisuutensa vuoksi. Perustietojen hankinta on pienveneilij\u00e4llekin osa sit\u00e4 henkivakuutusta, [&hellip;]<\/p>\n","protected":false},"author":317,"featured_media":0,"parent":0,"menu_order":0,"comment_status":"closed","ping_status":"closed","template":"","meta":{"_acf_changed":false,"_crdt_document":"","inline_featured_image":false,"_monsterinsights_skip_tracking":false,"_monsterinsights_sitenote_active":false,"_monsterinsights_sitenote_note":"","_monsterinsights_sitenote_category":0,"footnotes":""},"class_list":["post-11327","page","type-page","status-publish","hentry"],"acf":[],"yoast_head":"<!-- This site is optimized with the Yoast SEO plugin v27.4 - https:\/\/yoast.com\/product\/yoast-seo-wordpress\/ -->\n<title>Veneilyn Aapinen - Finnboat<\/title>\n<meta name=\"robots\" content=\"index, follow, max-snippet:-1, max-image-preview:large, max-video-preview:-1\" \/>\n<link rel=\"canonical\" href=\"https:\/\/www.finnboat.fi\/en\/veneilyn-aapinen\/\" \/>\n<meta property=\"og:locale\" content=\"en_GB\" \/>\n<meta property=\"og:type\" content=\"article\" \/>\n<meta property=\"og:title\" content=\"Veneilyn Aapinen - Finnboat\" \/>\n<meta property=\"og:description\" content=\"Veneilyn Aapinen Veneilyn Aapiseen on tiiviiseen muotoon pyritty kokoamaan ne keskeiset asiat, jotka jokaisen vesill\u00e4 liikkuvan on v\u00e4ltt\u00e4m\u00e4t\u00f6nt\u00e4 tiet\u00e4\u00e4 jo oman turvallisuutensa vuoksi. Perustietojen hankinta on pienveneilij\u00e4llekin osa sit\u00e4 henkivakuutusta, [&hellip;]\" \/>\n<meta property=\"og:url\" content=\"https:\/\/www.finnboat.fi\/en\/veneilyn-aapinen\/\" \/>\n<meta property=\"og:site_name\" content=\"Finnboat\" \/>\n<meta property=\"article:modified_time\" content=\"2024-10-11T12:32:59+00:00\" \/>\n<meta property=\"og:image\" content=\"https:\/\/www.finnboat.fi\/wp-content\/uploads\/2024\/10\/Veneilyn-Aapinen_Batlivets-ABS_wp_2024.png\" \/>\n\t<meta property=\"og:image:width\" content=\"1827\" \/>\n\t<meta property=\"og:image:height\" content=\"465\" \/>\n\t<meta property=\"og:image:type\" content=\"image\/png\" \/>\n<meta name=\"twitter:card\" content=\"summary_large_image\" \/>\n<meta name=\"twitter:label1\" content=\"Estimated reading time\" \/>\n\t<meta name=\"twitter:data1\" content=\"2 minutes\" \/>\n<script type=\"application\/ld+json\" class=\"yoast-schema-graph\">{\"@context\":\"https:\\\/\\\/schema.org\",\"@graph\":[{\"@type\":\"WebPage\",\"@id\":\"https:\\\/\\\/www.finnboat.fi\\\/veneilyn-aapinen\\\/\",\"url\":\"https:\\\/\\\/www.finnboat.fi\\\/veneilyn-aapinen\\\/\",\"name\":\"Veneilyn Aapinen - Finnboat\",\"isPartOf\":{\"@id\":\"https:\\\/\\\/www.finnboat.fi\\\/en\\\/#website\"},\"primaryImageOfPage\":{\"@id\":\"https:\\\/\\\/www.finnboat.fi\\\/veneilyn-aapinen\\\/#primaryimage\"},\"image\":{\"@id\":\"https:\\\/\\\/www.finnboat.fi\\\/veneilyn-aapinen\\\/#primaryimage\"},\"thumbnailUrl\":\"https:\\\/\\\/www.finnboat.fi\\\/wp-content\\\/uploads\\\/2024\\\/10\\\/Veneilyn-Aapinen_Batlivets-ABS_wp_2024.png\",\"datePublished\":\"2024-10-11T09:05:50+00:00\",\"dateModified\":\"2024-10-11T12:32:59+00:00\",\"breadcrumb\":{\"@id\":\"https:\\\/\\\/www.finnboat.fi\\\/veneilyn-aapinen\\\/#breadcrumb\"},\"inLanguage\":\"en-GB\",\"potentialAction\":[{\"@type\":\"ReadAction\",\"target\":[\"https:\\\/\\\/www.finnboat.fi\\\/veneilyn-aapinen\\\/\"]}]},{\"@type\":\"ImageObject\",\"inLanguage\":\"en-GB\",\"@id\":\"https:\\\/\\\/www.finnboat.fi\\\/veneilyn-aapinen\\\/#primaryimage\",\"url\":\"https:\\\/\\\/www.finnboat.fi\\\/wp-content\\\/uploads\\\/2024\\\/10\\\/Veneilyn-Aapinen_Batlivets-ABS_wp_2024.png\",\"contentUrl\":\"https:\\\/\\\/www.finnboat.fi\\\/wp-content\\\/uploads\\\/2024\\\/10\\\/Veneilyn-Aapinen_Batlivets-ABS_wp_2024.png\"},{\"@type\":\"BreadcrumbList\",\"@id\":\"https:\\\/\\\/www.finnboat.fi\\\/veneilyn-aapinen\\\/#breadcrumb\",\"itemListElement\":[{\"@type\":\"ListItem\",\"position\":1,\"name\":\"Etusivu\",\"item\":\"https:\\\/\\\/www.finnboat.fi\\\/\"},{\"@type\":\"ListItem\",\"position\":2,\"name\":\"Veneilyn Aapinen\"}]},{\"@type\":\"WebSite\",\"@id\":\"https:\\\/\\\/www.finnboat.fi\\\/en\\\/#website\",\"url\":\"https:\\\/\\\/www.finnboat.fi\\\/en\\\/\",\"name\":\"Finnboat\",\"description\":\"Venealan Keskusliitto Finnboat ry\",\"publisher\":{\"@id\":\"https:\\\/\\\/www.finnboat.fi\\\/en\\\/#organization\"},\"potentialAction\":[{\"@type\":\"SearchAction\",\"target\":{\"@type\":\"EntryPoint\",\"urlTemplate\":\"https:\\\/\\\/www.finnboat.fi\\\/en\\\/?s={search_term_string}\"},\"query-input\":{\"@type\":\"PropertyValueSpecification\",\"valueRequired\":true,\"valueName\":\"search_term_string\"}}],\"inLanguage\":\"en-GB\"},{\"@type\":\"Organization\",\"@id\":\"https:\\\/\\\/www.finnboat.fi\\\/en\\\/#organization\",\"name\":\"Finnboat\",\"url\":\"https:\\\/\\\/www.finnboat.fi\\\/en\\\/\",\"logo\":{\"@type\":\"ImageObject\",\"inLanguage\":\"en-GB\",\"@id\":\"https:\\\/\\\/www.finnboat.fi\\\/en\\\/#\\\/schema\\\/logo\\\/image\\\/\",\"url\":\"https:\\\/\\\/www.finnboat.fi\\\/wp-content\\\/uploads\\\/2026\\\/02\\\/cropped-kassi.png\",\"contentUrl\":\"https:\\\/\\\/www.finnboat.fi\\\/wp-content\\\/uploads\\\/2026\\\/02\\\/cropped-kassi.png\",\"width\":1023,\"height\":1023,\"caption\":\"Finnboat\"},\"image\":{\"@id\":\"https:\\\/\\\/www.finnboat.fi\\\/en\\\/#\\\/schema\\\/logo\\\/image\\\/\"}}]}<\/script>\n<!-- \/ Yoast SEO plugin. -->","yoast_head_json":{"title":"Veneilyn Aapinen - Finnboat","robots":{"index":"index","follow":"follow","max-snippet":"max-snippet:-1","max-image-preview":"max-image-preview:large","max-video-preview":"max-video-preview:-1"},"canonical":"https:\/\/www.finnboat.fi\/en\/veneilyn-aapinen\/","og_locale":"en_GB","og_type":"article","og_title":"Veneilyn Aapinen - Finnboat","og_description":"Veneilyn Aapinen Veneilyn Aapiseen on tiiviiseen muotoon pyritty kokoamaan ne keskeiset asiat, jotka jokaisen vesill\u00e4 liikkuvan on v\u00e4ltt\u00e4m\u00e4t\u00f6nt\u00e4 tiet\u00e4\u00e4 jo oman turvallisuutensa vuoksi. Perustietojen hankinta on pienveneilij\u00e4llekin osa sit\u00e4 henkivakuutusta, [&hellip;]","og_url":"https:\/\/www.finnboat.fi\/en\/veneilyn-aapinen\/","og_site_name":"Finnboat","article_modified_time":"2024-10-11T12:32:59+00:00","og_image":[{"width":1827,"height":465,"url":"https:\/\/www.finnboat.fi\/wp-content\/uploads\/2024\/10\/Veneilyn-Aapinen_Batlivets-ABS_wp_2024.png","type":"image\/png"}],"twitter_card":"summary_large_image","twitter_misc":{"Estimated reading time":"2 minutes"},"schema":{"@context":"https:\/\/schema.org","@graph":[{"@type":"WebPage","@id":"https:\/\/www.finnboat.fi\/veneilyn-aapinen\/","url":"https:\/\/www.finnboat.fi\/veneilyn-aapinen\/","name":"Veneilyn Aapinen - Finnboat","isPartOf":{"@id":"https:\/\/www.finnboat.fi\/en\/#website"},"primaryImageOfPage":{"@id":"https:\/\/www.finnboat.fi\/veneilyn-aapinen\/#primaryimage"},"image":{"@id":"https:\/\/www.finnboat.fi\/veneilyn-aapinen\/#primaryimage"},"thumbnailUrl":"https:\/\/www.finnboat.fi\/wp-content\/uploads\/2024\/10\/Veneilyn-Aapinen_Batlivets-ABS_wp_2024.png","datePublished":"2024-10-11T09:05:50+00:00","dateModified":"2024-10-11T12:32:59+00:00","breadcrumb":{"@id":"https:\/\/www.finnboat.fi\/veneilyn-aapinen\/#breadcrumb"},"inLanguage":"en-GB","potentialAction":[{"@type":"ReadAction","target":["https:\/\/www.finnboat.fi\/veneilyn-aapinen\/"]}]},{"@type":"ImageObject","inLanguage":"en-GB","@id":"https:\/\/www.finnboat.fi\/veneilyn-aapinen\/#primaryimage","url":"https:\/\/www.finnboat.fi\/wp-content\/uploads\/2024\/10\/Veneilyn-Aapinen_Batlivets-ABS_wp_2024.png","contentUrl":"https:\/\/www.finnboat.fi\/wp-content\/uploads\/2024\/10\/Veneilyn-Aapinen_Batlivets-ABS_wp_2024.png"},{"@type":"BreadcrumbList","@id":"https:\/\/www.finnboat.fi\/veneilyn-aapinen\/#breadcrumb","itemListElement":[{"@type":"ListItem","position":1,"name":"Etusivu","item":"https:\/\/www.finnboat.fi\/"},{"@type":"ListItem","position":2,"name":"Veneilyn Aapinen"}]},{"@type":"WebSite","@id":"https:\/\/www.finnboat.fi\/en\/#website","url":"https:\/\/www.finnboat.fi\/en\/","name":"Finnboat","description":"Finnish Marine Industries Federation Finnboat","publisher":{"@id":"https:\/\/www.finnboat.fi\/en\/#organization"},"potentialAction":[{"@type":"SearchAction","target":{"@type":"EntryPoint","urlTemplate":"https:\/\/www.finnboat.fi\/en\/?s={search_term_string}"},"query-input":{"@type":"PropertyValueSpecification","valueRequired":true,"valueName":"search_term_string"}}],"inLanguage":"en-GB"},{"@type":"Organization","@id":"https:\/\/www.finnboat.fi\/en\/#organization","name":"Finnboat","url":"https:\/\/www.finnboat.fi\/en\/","logo":{"@type":"ImageObject","inLanguage":"en-GB","@id":"https:\/\/www.finnboat.fi\/en\/#\/schema\/logo\/image\/","url":"https:\/\/www.finnboat.fi\/wp-content\/uploads\/2026\/02\/cropped-kassi.png","contentUrl":"https:\/\/www.finnboat.fi\/wp-content\/uploads\/2026\/02\/cropped-kassi.png","width":1023,"height":1023,"caption":"Finnboat"},"image":{"@id":"https:\/\/www.finnboat.fi\/en\/#\/schema\/logo\/image\/"}}]}},"_links":{"self":[{"href":"https:\/\/www.finnboat.fi\/en\/wp-json\/wp\/v2\/pages\/11327","targetHints":{"allow":["GET"]}}],"collection":[{"href":"https:\/\/www.finnboat.fi\/en\/wp-json\/wp\/v2\/pages"}],"about":[{"href":"https:\/\/www.finnboat.fi\/en\/wp-json\/wp\/v2\/types\/page"}],"author":[{"embeddable":true,"href":"https:\/\/www.finnboat.fi\/en\/wp-json\/wp\/v2\/users\/317"}],"replies":[{"embeddable":true,"href":"https:\/\/www.finnboat.fi\/en\/wp-json\/wp\/v2\/comments?post=11327"}],"version-history":[{"count":13,"href":"https:\/\/www.finnboat.fi\/en\/wp-json\/wp\/v2\/pages\/11327\/revisions"}],"predecessor-version":[{"id":11345,"href":"https:\/\/www.finnboat.fi\/en\/wp-json\/wp\/v2\/pages\/11327\/revisions\/11345"}],"wp:attachment":[{"href":"https:\/\/www.finnboat.fi\/en\/wp-json\/wp\/v2\/media?parent=11327"}],"curies":[{"name":"wp","href":"https:\/\/api.w.org\/{rel}","templated":true}]}}