{"id":2506,"date":"2022-05-04T12:50:55","date_gmt":"2022-05-04T09:50:55","guid":{"rendered":"https:\/\/finnboatfi-wp16167.test.cchosting.fi\/?page_id=2506"},"modified":"2025-10-06T14:01:07","modified_gmt":"2025-10-06T11:01:07","slug":"finnboat","status":"publish","type":"page","link":"https:\/\/www.finnboat.fi\/en\/finnboat\/","title":{"rendered":"Finnboat"},"content":{"rendered":"<div data-elementor-type=\"wp-page\" data-elementor-id=\"2506\" class=\"elementor elementor-2506\">\n\t\t\t\t\t\t<section class=\"elementor-section elementor-top-section elementor-element elementor-element-a0b2860 elementor-section-height-min-height elementor-section-boxed elementor-section-height-default elementor-section-items-middle\" data-id=\"a0b2860\" data-element_type=\"section\" data-e-type=\"section\" data-settings=\"{&quot;background_background&quot;:&quot;classic&quot;}\">\n\t\t\t\t\t\t\t<div class=\"elementor-background-overlay\"><\/div>\n\t\t\t\t\t\t\t<div class=\"elementor-container elementor-column-gap-default\">\n\t\t\t\t\t<div class=\"elementor-column elementor-col-100 elementor-top-column elementor-element elementor-element-362e199\" data-id=\"362e199\" data-element_type=\"column\" data-e-type=\"column\">\n\t\t\t<div class=\"elementor-widget-wrap elementor-element-populated\">\n\t\t\t\t\t\t<div class=\"elementor-element elementor-element-78fc2a0 elementor-widget elementor-widget-heading\" data-id=\"78fc2a0\" data-element_type=\"widget\" data-e-type=\"widget\" data-widget_type=\"heading.default\">\n\t\t\t\t<div class=\"elementor-widget-container\">\n\t\t\t\t\t<h1 class=\"elementor-heading-title elementor-size-xxl\">Finnish Marine Industries Federation Finnboat<\/h1>\t\t\t\t<\/div>\n\t\t\t\t<\/div>\n\t\t\t\t\t<\/div>\n\t\t<\/div>\n\t\t\t\t\t<\/div>\n\t\t<\/section>\n\t\t\t\t<section class=\"elementor-section elementor-top-section elementor-element elementor-element-b4d50c5 elementor-section-boxed elementor-section-height-default elementor-section-height-default\" data-id=\"b4d50c5\" data-element_type=\"section\" data-e-type=\"section\">\n\t\t\t\t\t\t<div class=\"elementor-container elementor-column-gap-default\">\n\t\t\t\t\t<div class=\"elementor-column elementor-col-100 elementor-top-column elementor-element elementor-element-fccd412\" data-id=\"fccd412\" data-element_type=\"column\" data-e-type=\"column\">\n\t\t\t<div class=\"elementor-widget-wrap elementor-element-populated\">\n\t\t\t\t\t\t<div class=\"elementor-element elementor-element-c712179 elementor-widget elementor-widget-spacer\" data-id=\"c712179\" data-element_type=\"widget\" data-e-type=\"widget\" data-widget_type=\"spacer.default\">\n\t\t\t\t<div class=\"elementor-widget-container\">\n\t\t\t\t\t\t\t<div class=\"elementor-spacer\">\n\t\t\t<div class=\"elementor-spacer-inner\"><\/div>\n\t\t<\/div>\n\t\t\t\t\t\t<\/div>\n\t\t\t\t<\/div>\n\t\t\t\t<div class=\"elementor-element elementor-element-4ed43cc elementor-widget elementor-widget-heading\" data-id=\"4ed43cc\" data-element_type=\"widget\" data-e-type=\"widget\" data-widget_type=\"heading.default\">\n\t\t\t\t<div class=\"elementor-widget-container\">\n\t\t\t\t\t<h2 class=\"elementor-heading-title elementor-size-default\">The mission of the federation<\/h2>\t\t\t\t<\/div>\n\t\t\t\t<\/div>\n\t\t\t\t<div class=\"elementor-element elementor-element-5debe42 elementor-widget elementor-widget-text-editor\" data-id=\"5debe42\" data-element_type=\"widget\" data-e-type=\"widget\" data-widget_type=\"text-editor.default\">\n\t\t\t\t<div class=\"elementor-widget-container\">\n\t\t\t\t\t\t\t\t\t<p>The mission of the association is to bring together boating companies under one roof and to promote their operations and healthy competition, as well as to promote boating and boating safety in our country. The main focus of the activities is on exhibitions in the field. The organizer of the Helsinki International Boat Show is Suomen Messut Oyj and Finnboat is the sponsor of the fair. Every year in August, Finnboat also organizes the Helsinki Uiva-Boat Afloat Show, and starting in 2025, the Naantali Boat Show will be held every May.<br \/>In addition to the scope of our activities in advocacy and exhibition operations, it is worth mentioning, among other things:<\/p><ul><li>Finnboat News three times a year<\/li><li>drawing up the necessary forms for the boat trade<\/li><li>preparation of statistical surveys and business cycle barometers in the sector<\/li><li>Organizing boat parliament training events<\/li><li>press conferences and industry press releases<\/li><li>joint advertising in the field at home and abroad and coordination of export projects<\/li><li>boating promotions in Finland<\/li><li>cooperation with boating schools, boating organizations and authorities<\/li><li>Publication of the Boating Aapinen - B\u00e5tlivets ABC guide, etc.<\/li><\/ul><p>Finnboat's office is managed by Jarkko Pajusalo, CEO, with the assistance of Tiina Krooks, Office Manager. The office is located in the S\u00f6rn\u00e4inen district of Helsinki.<\/p>\t\t\t\t\t\t\t\t<\/div>\n\t\t\t\t<\/div>\n\t\t\t\t<div class=\"elementor-element elementor-element-b201634 elementor-widget elementor-widget-heading\" data-id=\"b201634\" data-element_type=\"widget\" data-e-type=\"widget\" id=\"hallitus\" data-widget_type=\"heading.default\">\n\t\t\t\t<div class=\"elementor-widget-container\">\n\t\t\t\t\t<h2 class=\"elementor-heading-title elementor-size-default\">Decision-making<\/h2>\t\t\t\t<\/div>\n\t\t\t\t<\/div>\n\t\t\t\t\t<\/div>\n\t\t<\/div>\n\t\t\t\t\t<\/div>\n\t\t<\/section>\n\t\t\t\t<section class=\"elementor-section elementor-top-section elementor-element elementor-element-d981e7d elementor-section-boxed elementor-section-height-default elementor-section-height-default\" data-id=\"d981e7d\" data-element_type=\"section\" data-e-type=\"section\">\n\t\t\t\t\t\t<div class=\"elementor-container elementor-column-gap-default\">\n\t\t\t\t\t<div class=\"elementor-column elementor-col-50 elementor-top-column elementor-element elementor-element-80eec24\" data-id=\"80eec24\" data-element_type=\"column\" data-e-type=\"column\">\n\t\t\t<div class=\"elementor-widget-wrap elementor-element-populated\">\n\t\t\t\t\t\t<div class=\"elementor-element elementor-element-036de1d elementor-widget elementor-widget-text-editor\" data-id=\"036de1d\" data-element_type=\"widget\" data-e-type=\"widget\" data-widget_type=\"text-editor.default\">\n\t\t\t\t<div class=\"elementor-widget-container\">\n\t\t\t\t\t\t\t\t\t<p>The highest decision-making body of the union is its meeting, which meets twice a year. At the meeting of the association, the voting rights are exercised by the representatives of the federal meetings of the associations, who are elected at the associations&#039; own annual meetings.<\/p><p>In addition to the chairman and two vice-chairmen, the board of the association has 13 members who represent the boards of various associations. The Board carries out the tasks assigned to it by the associations at its meetings. The CEO of the association works under the Board, who in turn carries out the tasks assigned to him by the Board.\u00a0<\/p><p>In addition to the actual office work, Finnboat's several working groups carry out many assignments given by member associations.<\/p>\t\t\t\t\t\t\t\t<\/div>\n\t\t\t\t<\/div>\n\t\t\t\t<div class=\"elementor-element elementor-element-ad4e8f1 elementor-widget elementor-widget-heading\" data-id=\"ad4e8f1\" data-element_type=\"widget\" data-e-type=\"widget\" data-widget_type=\"heading.default\">\n\t\t\t\t<div class=\"elementor-widget-container\">\n\t\t\t\t\t<h3 class=\"elementor-heading-title elementor-size-default\">Board of the Finnish Boat Federation Finnboat in 2025<\/h3>\t\t\t\t<\/div>\n\t\t\t\t<\/div>\n\t\t\t\t<div class=\"elementor-element elementor-element-23dd050 elementor-widget elementor-widget-text-editor\" data-id=\"23dd050\" data-element_type=\"widget\" data-e-type=\"widget\" data-widget_type=\"text-editor.default\">\n\t\t\t\t<div class=\"elementor-widget-container\">\n\t\t\t\t\t\t\t\t\t<p><b>Chairman of the Board<\/b><br \/>Kim Koskinen, Vetus Oy<br \/><b> 1st Vice-Chairman<\/b><br \/>Kim Tigerstedt, Oy Maritim Ab<\/p><p><b>2nd Vice-Chairman<\/b><br \/>Mikael Winqvist, AMT-Veneet Oy<\/p><p><b>Other members<\/b><\/p><p>Anders Kurt\u00e9n, Fraser Yachts <br \/>Artturi Niittynen, Inhan Tehtaat Oy Ab<br \/>Ben Fagerstr\u00f6m, Oy Marino Ab<br \/>Benny Br\u00e4nnbacka, Oy Nautor Ab<br \/>Jani Snell, Juha Snell Oy<br \/>Jari L\u00f6froos, Finnmaster Boats Oy<br \/>Johan Carpelan, Oy Botnia Marin Ab<br \/>Juha Pulli, GN Boats Oy<br \/>Kari Rouvali, Safire-L\u00e4mmitin Oy<br \/>Markku H\u00e4m\u00e4l\u00e4inen, Oy Otto Brandt Ab<br \/>Pekka Kosunen, Hopeasalmen Telakka Oy<br \/>Terho Liukkonen, Suvi-Veneet Oy<br \/>Thomas Sarin, Sargo Oy Ab<\/p>\t\t\t\t\t\t\t\t<\/div>\n\t\t\t\t<\/div>\n\t\t\t\t\t<\/div>\n\t\t<\/div>\n\t\t\t\t<div class=\"elementor-column elementor-col-50 elementor-top-column elementor-element elementor-element-0745a6b\" data-id=\"0745a6b\" data-element_type=\"column\" data-e-type=\"column\">\n\t\t\t<div class=\"elementor-widget-wrap elementor-element-populated\">\n\t\t\t\t\t\t<div class=\"elementor-element elementor-element-cf1a90f elementor-widget elementor-widget-image\" data-id=\"cf1a90f\" data-element_type=\"widget\" data-e-type=\"widget\" data-widget_type=\"image.default\">\n\t\t\t\t<div class=\"elementor-widget-container\">\n\t\t\t\t\t\t\t\t\t\t\t\t\t\t\t<img fetchpriority=\"high\" decoding=\"async\" width=\"250\" height=\"375\" src=\"https:\/\/www.finnboat.fi\/wp-content\/uploads\/2022\/05\/xq-K_Koskinen1.jpg\" class=\"attachment-large size-large wp-image-3006\" alt=\"\" srcset=\"https:\/\/www.finnboat.fi\/wp-content\/uploads\/2022\/05\/xq-K_Koskinen1.jpg 250w, https:\/\/www.finnboat.fi\/wp-content\/uploads\/2022\/05\/xq-K_Koskinen1-200x300.jpg 200w, https:\/\/www.finnboat.fi\/wp-content\/uploads\/2022\/05\/xq-K_Koskinen1-8x12.jpg 8w\" sizes=\"(max-width: 250px) 100vw, 250px\" \/>\t\t\t\t\t\t\t\t\t\t\t\t\t\t\t<\/div>\n\t\t\t\t<\/div>\n\t\t\t\t\t<\/div>\n\t\t<\/div>\n\t\t\t\t\t<\/div>\n\t\t<\/section>\n\t\t\t\t<section class=\"elementor-section elementor-top-section elementor-element elementor-element-45b0dd3 elementor-section-boxed elementor-section-height-default elementor-section-height-default\" data-id=\"45b0dd3\" data-element_type=\"section\" data-e-type=\"section\">\n\t\t\t\t\t\t<div class=\"elementor-container elementor-column-gap-default\">\n\t\t\t\t\t<div class=\"elementor-column elementor-col-100 elementor-top-column elementor-element elementor-element-fd0657b\" data-id=\"fd0657b\" data-element_type=\"column\" data-e-type=\"column\">\n\t\t\t<div class=\"elementor-widget-wrap elementor-element-populated\">\n\t\t\t\t\t\t<div class=\"elementor-element elementor-element-e6e4bed elementor-widget elementor-widget-heading\" data-id=\"e6e4bed\" data-element_type=\"widget\" data-e-type=\"widget\" data-widget_type=\"heading.default\">\n\t\t\t\t<div class=\"elementor-widget-container\">\n\t\t\t\t\t<h2 class=\"elementor-heading-title elementor-size-default\">Finnboat ry has three member associations:<\/h2>\t\t\t\t<\/div>\n\t\t\t\t<\/div>\n\t\t\t\t<div class=\"elementor-element elementor-element-f83ee39 elementor-widget elementor-widget-text-editor\" data-id=\"f83ee39\" data-element_type=\"widget\" data-e-type=\"widget\" data-widget_type=\"text-editor.default\">\n\t\t\t\t<div class=\"elementor-widget-container\">\n\t\t\t\t\t\t\t\t\t<ul><li><a href=\"\/en\/jasenet\/?valitse=1\"><b>Finnish Boating Industry Association<\/b><\/a> <br \/>(Boat &amp; Boat Equipment Manufacturers, Boat Designers)<\/li><li><a href=\"\/en\/jasenet\/?valitse=2\"><b>Finnish Marine Retailers' and Equipment Suppliers' Association<\/b><\/a> <br \/>(importers of boats, engines and components and retailers in the boat industry)<\/li><li><a href=\"\/en\/jasenet\/?valitse=3\"><b>Association of Finnish Boatyards<\/b><\/a> <br \/>(maintenance and repair of boats and engines)<\/li><\/ul>\t\t\t\t\t\t\t\t<\/div>\n\t\t\t\t<\/div>\n\t\t\t\t<div class=\"elementor-element elementor-element-b562420 elementor-widget elementor-widget-text-editor\" data-id=\"b562420\" data-element_type=\"widget\" data-e-type=\"widget\" data-widget_type=\"text-editor.default\">\n\t\t\t\t<div class=\"elementor-widget-container\">\n\t\t\t\t\t\t\t\t\t<p><span style=\"color: var( --e-global-color-text ); font-family: var( --e-global-typography-text-font-family ), Sans-serif; font-size: 1rem; font-weight: var( --e-global-typography-text-font-weight );\">\u00a0<\/span>The total number of member companies in December 2024 was approximately 300. In addition, Finnboat's members include educational institutions in the boat industry and the association also has support members.<\/p>\t\t\t\t\t\t\t\t<\/div>\n\t\t\t\t<\/div>\n\t\t\t\t<div class=\"elementor-element elementor-element-bfca494 elementor-widget elementor-widget-heading\" data-id=\"bfca494\" data-element_type=\"widget\" data-e-type=\"widget\" data-widget_type=\"heading.default\">\n\t\t\t\t<div class=\"elementor-widget-container\">\n\t\t\t\t\t<h2 class=\"elementor-heading-title elementor-size-default\">\t\nBoat building training<\/h2>\t\t\t\t<\/div>\n\t\t\t\t<\/div>\n\t\t\t\t<div class=\"elementor-element elementor-element-3910992 elementor-widget elementor-widget-text-editor\" data-id=\"3910992\" data-element_type=\"widget\" data-e-type=\"widget\" data-widget_type=\"text-editor.default\">\n\t\t\t\t<div class=\"elementor-widget-container\">\n\t\t\t\t\t\t\t\t\t<p>Vocational training institutions in the boat industry are support members of Finnboat. You can get more detailed information about the curricula of different schools, the dates of the courses, etc. by contacting the contact persons of the educational institutions directly.<\/p>\t\t\t\t\t\t\t\t<\/div>\n\t\t\t\t<\/div>\n\t\t\t\t<div class=\"elementor-element elementor-element-db9e421 elementor-widget elementor-widget-text-editor\" data-id=\"db9e421\" data-element_type=\"widget\" data-e-type=\"widget\" data-widget_type=\"text-editor.default\">\n\t\t\t\t<div class=\"elementor-widget-container\">\n\t\t\t\t\t\t\t\t\t<table>\n<thead>\n<tr>\n<th style=\"text-align: left;\">Name<\/th>\n<th style=\"text-align: left;\">Place<\/th>\n<\/tr>\n<\/thead>\n<tbody>\n<tr>\n<td><a href=\"http:\/\/www.finnboat.fi\/fi\/jasen.html?Id=563\">Kuggom Heritage Center<\/a><\/td>\n<td>KUGGOM<\/td>\n<\/tr>\n<tr>\n<td><a href=\"http:\/\/www.finnboat.fi\/fi\/jasen.html?Id=142\">TAO, Turku Vocational College Foundation<\/a><\/td>\n<td>TURKU<\/td>\n<\/tr>\n<\/tbody>\n<\/table>\t\t\t\t\t\t\t\t<\/div>\n\t\t\t\t<\/div>\n\t\t\t\t<div class=\"elementor-element elementor-element-ca2f237 elementor-widget elementor-widget-heading\" data-id=\"ca2f237\" data-element_type=\"widget\" data-e-type=\"widget\" data-widget_type=\"heading.default\">\n\t\t\t\t<div class=\"elementor-widget-container\">\n\t\t\t\t\t<h2 class=\"elementor-heading-title elementor-size-default\">Activity reports<\/h2>\t\t\t\t<\/div>\n\t\t\t\t<\/div>\n\t\t\t\t<div class=\"elementor-element elementor-element-c264ee4 elementor-widget elementor-widget-text-editor\" data-id=\"c264ee4\" data-element_type=\"widget\" data-e-type=\"widget\" data-widget_type=\"text-editor.default\">\n\t\t\t\t<div class=\"elementor-widget-container\">\n\t\t\t\t\t\t\t\t\t<p><a href=\"\/wp-content\/uploads\/2022\/05\/Finnboat_VK_2016.pdf\">Finnboat Annual Report 2016<\/a>\u00a0<\/p><p><a href=\"\/wp-content\/uploads\/2022\/05\/Finnboat_Vuosikertomus_2015_nettip.pdf\">Finnboat Annual Report 2015<\/a><\/p><p><a href=\"\/wp-content\/uploads\/2022\/05\/Vuosikertomus2013LR.pdf\">Finnboat Annual Report 2013<\/a><\/p><p><a href=\"\/wp-content\/uploads\/2022\/05\/Finnboat_Vuosikertomus_2012_low_res.pdf\">Finnboat Annual Report 2012<\/a><\/p><p><a href=\"\/wp-content\/uploads\/2022\/05\/Finnboat_vk_2010_lrs.pdf\">Finnboat Annual Report 2010<\/a><\/p><p><a href=\"\/wp-content\/uploads\/2022\/05\/Finnboat_vsk_2009_lr.pdf\">Finnboat Annual Report 2009<\/a><\/p>\t\t\t\t\t\t\t\t<\/div>\n\t\t\t\t<\/div>\n\t\t\t\t\t<\/div>\n\t\t<\/div>\n\t\t\t\t\t<\/div>\n\t\t<\/section>\n\t\t\t\t<\/div>","protected":false},"excerpt":{"rendered":"<p>Venealan Keskusliitto Finnboat ry Liiton teht\u00e4v\u00e4 Liiton teht\u00e4v\u00e4 on koota venealan yritykset saman katon alle ja edist\u00e4\u00e4 niiden toimintaa ja tervett\u00e4 kilpailua sek\u00e4 edist\u00e4\u00e4 veneily\u00e4 ja veneilyn turvallisuutta maassamme. Toiminnan [&hellip;]<\/p>\n","protected":false},"author":346,"featured_media":0,"parent":0,"menu_order":0,"comment_status":"closed","ping_status":"closed","template":"","meta":{"_acf_changed":false,"_crdt_document":"","inline_featured_image":false,"_monsterinsights_skip_tracking":false,"_monsterinsights_sitenote_active":false,"_monsterinsights_sitenote_note":"","_monsterinsights_sitenote_category":0,"footnotes":""},"class_list":["post-2506","page","type-page","status-publish","hentry"],"acf":[],"yoast_head":"<!-- This site is optimized with the Yoast SEO plugin v27.4 - https:\/\/yoast.com\/product\/yoast-seo-wordpress\/ -->\n<title>Finnboat - Finnboat<\/title>\n<meta name=\"robots\" content=\"index, follow, max-snippet:-1, max-image-preview:large, max-video-preview:-1\" \/>\n<link rel=\"canonical\" href=\"https:\/\/www.finnboat.fi\/en\/finnboat\/\" \/>\n<meta property=\"og:locale\" content=\"en_GB\" \/>\n<meta property=\"og:type\" content=\"article\" \/>\n<meta property=\"og:title\" content=\"Finnboat - Finnboat\" \/>\n<meta property=\"og:description\" content=\"Venealan Keskusliitto Finnboat ry Liiton teht\u00e4v\u00e4 Liiton teht\u00e4v\u00e4 on koota venealan yritykset saman katon alle ja edist\u00e4\u00e4 niiden toimintaa ja tervett\u00e4 kilpailua sek\u00e4 edist\u00e4\u00e4 veneily\u00e4 ja veneilyn turvallisuutta maassamme. Toiminnan [&hellip;]\" \/>\n<meta property=\"og:url\" content=\"https:\/\/www.finnboat.fi\/en\/finnboat\/\" \/>\n<meta property=\"og:site_name\" content=\"Finnboat\" \/>\n<meta property=\"article:modified_time\" content=\"2025-10-06T11:01:07+00:00\" \/>\n<meta property=\"og:image\" content=\"https:\/\/www.finnboat.fi\/wp-content\/uploads\/2022\/05\/xq-K_Koskinen1.jpg\" \/>\n\t<meta property=\"og:image:width\" content=\"250\" \/>\n\t<meta property=\"og:image:height\" content=\"375\" \/>\n\t<meta property=\"og:image:type\" content=\"image\/jpeg\" \/>\n<meta name=\"twitter:card\" content=\"summary_large_image\" \/>\n<meta name=\"twitter:label1\" content=\"Estimated reading time\" \/>\n\t<meta name=\"twitter:data1\" content=\"3 minutes\" \/>\n<script type=\"application\/ld+json\" class=\"yoast-schema-graph\">{\"@context\":\"https:\\\/\\\/schema.org\",\"@graph\":[{\"@type\":\"WebPage\",\"@id\":\"https:\\\/\\\/www.finnboat.fi\\\/finnboat\\\/\",\"url\":\"https:\\\/\\\/www.finnboat.fi\\\/finnboat\\\/\",\"name\":\"Finnboat - Finnboat\",\"isPartOf\":{\"@id\":\"https:\\\/\\\/www.finnboat.fi\\\/en\\\/#website\"},\"primaryImageOfPage\":{\"@id\":\"https:\\\/\\\/www.finnboat.fi\\\/finnboat\\\/#primaryimage\"},\"image\":{\"@id\":\"https:\\\/\\\/www.finnboat.fi\\\/finnboat\\\/#primaryimage\"},\"thumbnailUrl\":\"https:\\\/\\\/www.finnboat.fi\\\/wp-content\\\/uploads\\\/2022\\\/05\\\/xq-K_Koskinen1.jpg\",\"datePublished\":\"2022-05-04T09:50:55+00:00\",\"dateModified\":\"2025-10-06T11:01:07+00:00\",\"breadcrumb\":{\"@id\":\"https:\\\/\\\/www.finnboat.fi\\\/finnboat\\\/#breadcrumb\"},\"inLanguage\":\"en-GB\",\"potentialAction\":[{\"@type\":\"ReadAction\",\"target\":[\"https:\\\/\\\/www.finnboat.fi\\\/finnboat\\\/\"]}]},{\"@type\":\"ImageObject\",\"inLanguage\":\"en-GB\",\"@id\":\"https:\\\/\\\/www.finnboat.fi\\\/finnboat\\\/#primaryimage\",\"url\":\"https:\\\/\\\/www.finnboat.fi\\\/wp-content\\\/uploads\\\/2022\\\/05\\\/xq-K_Koskinen1.jpg\",\"contentUrl\":\"https:\\\/\\\/www.finnboat.fi\\\/wp-content\\\/uploads\\\/2022\\\/05\\\/xq-K_Koskinen1.jpg\"},{\"@type\":\"BreadcrumbList\",\"@id\":\"https:\\\/\\\/www.finnboat.fi\\\/finnboat\\\/#breadcrumb\",\"itemListElement\":[{\"@type\":\"ListItem\",\"position\":1,\"name\":\"Etusivu\",\"item\":\"https:\\\/\\\/www.finnboat.fi\\\/\"},{\"@type\":\"ListItem\",\"position\":2,\"name\":\"Finnboat\"}]},{\"@type\":\"WebSite\",\"@id\":\"https:\\\/\\\/www.finnboat.fi\\\/en\\\/#website\",\"url\":\"https:\\\/\\\/www.finnboat.fi\\\/en\\\/\",\"name\":\"Finnboat\",\"description\":\"Venealan Keskusliitto Finnboat ry\",\"publisher\":{\"@id\":\"https:\\\/\\\/www.finnboat.fi\\\/en\\\/#organization\"},\"potentialAction\":[{\"@type\":\"SearchAction\",\"target\":{\"@type\":\"EntryPoint\",\"urlTemplate\":\"https:\\\/\\\/www.finnboat.fi\\\/en\\\/?s={search_term_string}\"},\"query-input\":{\"@type\":\"PropertyValueSpecification\",\"valueRequired\":true,\"valueName\":\"search_term_string\"}}],\"inLanguage\":\"en-GB\"},{\"@type\":\"Organization\",\"@id\":\"https:\\\/\\\/www.finnboat.fi\\\/en\\\/#organization\",\"name\":\"Finnboat\",\"url\":\"https:\\\/\\\/www.finnboat.fi\\\/en\\\/\",\"logo\":{\"@type\":\"ImageObject\",\"inLanguage\":\"en-GB\",\"@id\":\"https:\\\/\\\/www.finnboat.fi\\\/en\\\/#\\\/schema\\\/logo\\\/image\\\/\",\"url\":\"https:\\\/\\\/www.finnboat.fi\\\/wp-content\\\/uploads\\\/2026\\\/02\\\/cropped-kassi.png\",\"contentUrl\":\"https:\\\/\\\/www.finnboat.fi\\\/wp-content\\\/uploads\\\/2026\\\/02\\\/cropped-kassi.png\",\"width\":1023,\"height\":1023,\"caption\":\"Finnboat\"},\"image\":{\"@id\":\"https:\\\/\\\/www.finnboat.fi\\\/en\\\/#\\\/schema\\\/logo\\\/image\\\/\"}}]}<\/script>\n<!-- \/ Yoast SEO plugin. -->","yoast_head_json":{"title":"Finnboat - Finnboat","robots":{"index":"index","follow":"follow","max-snippet":"max-snippet:-1","max-image-preview":"max-image-preview:large","max-video-preview":"max-video-preview:-1"},"canonical":"https:\/\/www.finnboat.fi\/en\/finnboat\/","og_locale":"en_GB","og_type":"article","og_title":"Finnboat - Finnboat","og_description":"Venealan Keskusliitto Finnboat ry Liiton teht\u00e4v\u00e4 Liiton teht\u00e4v\u00e4 on koota venealan yritykset saman katon alle ja edist\u00e4\u00e4 niiden toimintaa ja tervett\u00e4 kilpailua sek\u00e4 edist\u00e4\u00e4 veneily\u00e4 ja veneilyn turvallisuutta maassamme. Toiminnan [&hellip;]","og_url":"https:\/\/www.finnboat.fi\/en\/finnboat\/","og_site_name":"Finnboat","article_modified_time":"2025-10-06T11:01:07+00:00","og_image":[{"width":250,"height":375,"url":"https:\/\/www.finnboat.fi\/wp-content\/uploads\/2022\/05\/xq-K_Koskinen1.jpg","type":"image\/jpeg"}],"twitter_card":"summary_large_image","twitter_misc":{"Estimated reading time":"3 minutes"},"schema":{"@context":"https:\/\/schema.org","@graph":[{"@type":"WebPage","@id":"https:\/\/www.finnboat.fi\/finnboat\/","url":"https:\/\/www.finnboat.fi\/finnboat\/","name":"Finnboat - Finnboat","isPartOf":{"@id":"https:\/\/www.finnboat.fi\/en\/#website"},"primaryImageOfPage":{"@id":"https:\/\/www.finnboat.fi\/finnboat\/#primaryimage"},"image":{"@id":"https:\/\/www.finnboat.fi\/finnboat\/#primaryimage"},"thumbnailUrl":"https:\/\/www.finnboat.fi\/wp-content\/uploads\/2022\/05\/xq-K_Koskinen1.jpg","datePublished":"2022-05-04T09:50:55+00:00","dateModified":"2025-10-06T11:01:07+00:00","breadcrumb":{"@id":"https:\/\/www.finnboat.fi\/finnboat\/#breadcrumb"},"inLanguage":"en-GB","potentialAction":[{"@type":"ReadAction","target":["https:\/\/www.finnboat.fi\/finnboat\/"]}]},{"@type":"ImageObject","inLanguage":"en-GB","@id":"https:\/\/www.finnboat.fi\/finnboat\/#primaryimage","url":"https:\/\/www.finnboat.fi\/wp-content\/uploads\/2022\/05\/xq-K_Koskinen1.jpg","contentUrl":"https:\/\/www.finnboat.fi\/wp-content\/uploads\/2022\/05\/xq-K_Koskinen1.jpg"},{"@type":"BreadcrumbList","@id":"https:\/\/www.finnboat.fi\/finnboat\/#breadcrumb","itemListElement":[{"@type":"ListItem","position":1,"name":"Etusivu","item":"https:\/\/www.finnboat.fi\/"},{"@type":"ListItem","position":2,"name":"Finnboat"}]},{"@type":"WebSite","@id":"https:\/\/www.finnboat.fi\/en\/#website","url":"https:\/\/www.finnboat.fi\/en\/","name":"Finnboat","description":"Finnish Marine Industries Federation Finnboat","publisher":{"@id":"https:\/\/www.finnboat.fi\/en\/#organization"},"potentialAction":[{"@type":"SearchAction","target":{"@type":"EntryPoint","urlTemplate":"https:\/\/www.finnboat.fi\/en\/?s={search_term_string}"},"query-input":{"@type":"PropertyValueSpecification","valueRequired":true,"valueName":"search_term_string"}}],"inLanguage":"en-GB"},{"@type":"Organization","@id":"https:\/\/www.finnboat.fi\/en\/#organization","name":"Finnboat","url":"https:\/\/www.finnboat.fi\/en\/","logo":{"@type":"ImageObject","inLanguage":"en-GB","@id":"https:\/\/www.finnboat.fi\/en\/#\/schema\/logo\/image\/","url":"https:\/\/www.finnboat.fi\/wp-content\/uploads\/2026\/02\/cropped-kassi.png","contentUrl":"https:\/\/www.finnboat.fi\/wp-content\/uploads\/2026\/02\/cropped-kassi.png","width":1023,"height":1023,"caption":"Finnboat"},"image":{"@id":"https:\/\/www.finnboat.fi\/en\/#\/schema\/logo\/image\/"}}]}},"_links":{"self":[{"href":"https:\/\/www.finnboat.fi\/en\/wp-json\/wp\/v2\/pages\/2506","targetHints":{"allow":["GET"]}}],"collection":[{"href":"https:\/\/www.finnboat.fi\/en\/wp-json\/wp\/v2\/pages"}],"about":[{"href":"https:\/\/www.finnboat.fi\/en\/wp-json\/wp\/v2\/types\/page"}],"author":[{"embeddable":true,"href":"https:\/\/www.finnboat.fi\/en\/wp-json\/wp\/v2\/users\/346"}],"replies":[{"embeddable":true,"href":"https:\/\/www.finnboat.fi\/en\/wp-json\/wp\/v2\/comments?post=2506"}],"version-history":[{"count":110,"href":"https:\/\/www.finnboat.fi\/en\/wp-json\/wp\/v2\/pages\/2506\/revisions"}],"predecessor-version":[{"id":13419,"href":"https:\/\/www.finnboat.fi\/en\/wp-json\/wp\/v2\/pages\/2506\/revisions\/13419"}],"wp:attachment":[{"href":"https:\/\/www.finnboat.fi\/en\/wp-json\/wp\/v2\/media?parent=2506"}],"curies":[{"name":"wp","href":"https:\/\/api.w.org\/{rel}","templated":true}]}}