{"id":2508,"date":"2022-05-04T12:51:09","date_gmt":"2022-05-04T09:51:09","guid":{"rendered":"https:\/\/finnboatfi-wp16167.test.cchosting.fi\/?page_id=2508"},"modified":"2025-09-02T15:13:05","modified_gmt":"2025-09-02T12:13:05","slug":"tapahtumat-ja-venemessut","status":"publish","type":"page","link":"https:\/\/www.finnboat.fi\/en\/finnboat\/tapahtumat-ja-venemessut\/","title":{"rendered":"Events and Boat Shows"},"content":{"rendered":"<div data-elementor-type=\"wp-page\" data-elementor-id=\"2508\" class=\"elementor elementor-2508\">\n\t\t\t\t\t\t<section class=\"elementor-section elementor-top-section elementor-element elementor-element-51a5aa5 elementor-section-height-min-height elementor-section-boxed elementor-section-height-default elementor-section-items-middle\" data-id=\"51a5aa5\" data-element_type=\"section\" data-e-type=\"section\" data-settings=\"{&quot;background_background&quot;:&quot;classic&quot;}\">\n\t\t\t\t\t\t\t<div class=\"elementor-background-overlay\"><\/div>\n\t\t\t\t\t\t\t<div class=\"elementor-container elementor-column-gap-default\">\n\t\t\t\t\t<div class=\"elementor-column elementor-col-100 elementor-top-column elementor-element elementor-element-c09bd8c\" data-id=\"c09bd8c\" data-element_type=\"column\" data-e-type=\"column\">\n\t\t\t<div class=\"elementor-widget-wrap elementor-element-populated\">\n\t\t\t\t\t\t<div class=\"elementor-element elementor-element-0b7500c elementor-widget elementor-widget-heading\" data-id=\"0b7500c\" data-element_type=\"widget\" data-e-type=\"widget\" data-widget_type=\"heading.default\">\n\t\t\t\t<div class=\"elementor-widget-container\">\n\t\t\t\t\t<h1 class=\"elementor-heading-title elementor-size-xxl\">Boat shows and events<\/h1>\t\t\t\t<\/div>\n\t\t\t\t<\/div>\n\t\t\t\t\t<\/div>\n\t\t<\/div>\n\t\t\t\t\t<\/div>\n\t\t<\/section>\n\t\t\t\t<section class=\"elementor-section elementor-top-section elementor-element elementor-element-6414f2c elementor-section-boxed elementor-section-height-default elementor-section-height-default\" data-id=\"6414f2c\" data-element_type=\"section\" data-e-type=\"section\">\n\t\t\t\t\t\t<div class=\"elementor-container elementor-column-gap-default\">\n\t\t\t\t\t<div class=\"elementor-column elementor-col-100 elementor-top-column elementor-element elementor-element-33c3d4b\" data-id=\"33c3d4b\" data-element_type=\"column\" data-e-type=\"column\">\n\t\t\t<div class=\"elementor-widget-wrap elementor-element-populated\">\n\t\t\t\t\t\t<section class=\"elementor-section elementor-inner-section elementor-element elementor-element-fd01a15 elementor-section-boxed elementor-section-height-default elementor-section-height-default\" data-id=\"fd01a15\" data-element_type=\"section\" data-e-type=\"section\">\n\t\t\t\t\t\t<div class=\"elementor-container elementor-column-gap-default\">\n\t\t\t\t\t<div class=\"elementor-column elementor-col-50 elementor-inner-column elementor-element elementor-element-7dcfbe8\" data-id=\"7dcfbe8\" data-element_type=\"column\" data-e-type=\"column\">\n\t\t\t<div class=\"elementor-widget-wrap elementor-element-populated\">\n\t\t\t\t\t\t<div class=\"elementor-element elementor-element-f95d715 elementor-widget elementor-widget-heading\" data-id=\"f95d715\" data-element_type=\"widget\" data-e-type=\"widget\" data-widget_type=\"heading.default\">\n\t\t\t\t<div class=\"elementor-widget-container\">\n\t\t\t\t\t<h2 class=\"elementor-heading-title elementor-size-default\">The Helsinki International Boat Show opens the boating season and shows the way<\/h2>\t\t\t\t<\/div>\n\t\t\t\t<\/div>\n\t\t\t\t\t<\/div>\n\t\t<\/div>\n\t\t\t\t<div class=\"elementor-column elementor-col-50 elementor-inner-column elementor-element elementor-element-bb71c07\" data-id=\"bb71c07\" data-element_type=\"column\" data-e-type=\"column\">\n\t\t\t<div class=\"elementor-widget-wrap elementor-element-populated\">\n\t\t\t\t\t\t<div class=\"elementor-element elementor-element-f8745d7 elementor-widget elementor-widget-image\" data-id=\"f8745d7\" data-element_type=\"widget\" data-e-type=\"widget\" data-widget_type=\"image.default\">\n\t\t\t\t<div class=\"elementor-widget-container\">\n\t\t\t\t\t\t\t\t\t\t\t\t\t\t\t<img fetchpriority=\"high\" decoding=\"async\" width=\"595\" height=\"140\" src=\"https:\/\/www.finnboat.fi\/wp-content\/uploads\/2024\/01\/VeneBat_RGB_web.png\" class=\"attachment-large size-large wp-image-9417\" alt=\"\" srcset=\"https:\/\/www.finnboat.fi\/wp-content\/uploads\/2024\/01\/VeneBat_RGB_web.png 595w, https:\/\/www.finnboat.fi\/wp-content\/uploads\/2024\/01\/VeneBat_RGB_web-300x71.png 300w, https:\/\/www.finnboat.fi\/wp-content\/uploads\/2024\/01\/VeneBat_RGB_web-18x4.png 18w\" sizes=\"(max-width: 595px) 100vw, 595px\" \/>\t\t\t\t\t\t\t\t\t\t\t\t\t\t\t<\/div>\n\t\t\t\t<\/div>\n\t\t\t\t\t<\/div>\n\t\t<\/div>\n\t\t\t\t\t<\/div>\n\t\t<\/section>\n\t\t\t\t<div class=\"elementor-element elementor-element-81fa34a elementor-widget elementor-widget-text-editor\" data-id=\"81fa34a\" data-element_type=\"widget\" data-e-type=\"widget\" data-widget_type=\"text-editor.default\">\n\t\t\t\t<div class=\"elementor-widget-container\">\n\t\t\t\t\t\t\t\t\t<p>The Helsinki International Boat Show, held annually in February, is by far the most extensive and also the most important showcase of the upcoming season\u2019s offerings in Finland. The event attracts around 70,000 visitors to the halls. As a recurring annual event, it is one of the largest exhibitions held at the Helsinki Expo and Convention Centre.<\/p><p>The Vene B\u00e5t event is organized by the Helsinki Expo and Convention Centre on behalf of the Finnish Marine Industries Federation Finnboat. The event fills all the halls of the venue and annually showcases nearly 600 boats across seven halls. Naturally, the show also features engines and accessories, along with a wide range of side events and seminars.<\/p><p>Helsinki International Boat Show Vene26B\u00e5t will be held at the Helsinki Fair Center <strong>6.-15.2.2026.<\/strong> More information <a href=\"https:\/\/vene.messukeskus.com\/\">www.venemessut.fi<\/a> #venemessut<\/p>\t\t\t\t\t\t\t\t<\/div>\n\t\t\t\t<\/div>\n\t\t\t\t<div class=\"elementor-element elementor-element-e9896ba elementor-widget elementor-widget-text-editor\" data-id=\"e9896ba\" data-element_type=\"widget\" data-e-type=\"widget\" data-widget_type=\"text-editor.default\">\n\t\t\t\t<div class=\"elementor-widget-container\">\n\t\t\t\t\t\t\t\t\t<h2 class=\"elementor-heading-title elementor-size-default\">Uiva Flytande vauhdittaa syysmyynti\u00e4<\/h2><p><img decoding=\"async\" class=\"size-medium wp-image-5093 alignright\" src=\"https:\/\/www.finnboat.fi\/wp-content\/uploads\/2022\/03\/uiva_porri-300x210.jpg\" alt=\"\" width=\"300\" height=\"210\" srcset=\"https:\/\/www.finnboat.fi\/wp-content\/uploads\/2022\/03\/uiva_porri-300x210.jpg 300w, https:\/\/www.finnboat.fi\/wp-content\/uploads\/2022\/03\/uiva_porri-1024x716.jpg 1024w, https:\/\/www.finnboat.fi\/wp-content\/uploads\/2022\/03\/uiva_porri-768x537.jpg 768w, https:\/\/www.finnboat.fi\/wp-content\/uploads\/2022\/03\/uiva_porri-18x12.jpg 18w, https:\/\/www.finnboat.fi\/wp-content\/uploads\/2022\/03\/uiva_porri-600x420.jpg 600w, https:\/\/www.finnboat.fi\/wp-content\/uploads\/2022\/03\/uiva_porri.jpg 1268w\" sizes=\"(max-width: 300px) 100vw, 300px\" \/><\/p><p>Especially in the trade of larger boats and autumn accessories, the Helsinki Uiva Boat Afloat Show has found a strong supporter base. The event, organized since 1978, has almost continuously increased its visitor numbers and is today the largest floating boat show in the Nordic countries. In the 2025 exhibition, nearly 300 boats and 2800 m\u00b2 of land-based exhibition areas were on display, and nearly 11,000 visitors explored the show.<\/p><p>The Helsinki Uiva Boat Afloat is organized by Finnboat in cooperation with Helsingfors Segelklubb ry. Uiva 2025 Flytande will be held <strong>13.-16.8.2026<\/strong>.<br \/>Finnboat members receive a 25% discount on seat rent.<\/p><p>More information about the event: <a href=\"https:\/\/uiva.fi\/en\">www.uiva.fi<\/a><\/p>\t\t\t\t\t\t\t\t<\/div>\n\t\t\t\t<\/div>\n\t\t\t\t<div class=\"elementor-element elementor-element-3bdc94e elementor-widget elementor-widget-heading\" data-id=\"3bdc94e\" data-element_type=\"widget\" data-e-type=\"widget\" data-widget_type=\"heading.default\">\n\t\t\t\t<div class=\"elementor-widget-container\">\n\t\t\t\t\t<h2 class=\"elementor-heading-title elementor-size-default\">Finnboat active in international boat shows<\/h2>\t\t\t\t<\/div>\n\t\t\t\t<\/div>\n\t\t\t\t<div class=\"elementor-element elementor-element-0655a48 elementor-widget elementor-widget-text-editor\" data-id=\"0655a48\" data-element_type=\"widget\" data-e-type=\"widget\" data-widget_type=\"text-editor.default\">\n\t\t\t\t<div class=\"elementor-widget-container\">\n\t\t\t\t\t\t\t\t\t<p>The development of export operations is one of the most important tasks of Finnboat and the Finnish Boat Industry Association. The Industry Association has an export management team, which annually determines the types of projects to be carried out together. As a rule, they perform together at international boat fairs. Inquiries about export projects info@finnboat.fi<\/p><p>In addition to participating in trade fairs, we coordinate joint publications, joint advertisement and public relations. Our member companies also make joint market research trips to different target countries.<\/p>\t\t\t\t\t\t\t\t<\/div>\n\t\t\t\t<\/div>\n\t\t\t\t\t<\/div>\n\t\t<\/div>\n\t\t\t\t\t<\/div>\n\t\t<\/section>\n\t\t\t\t<\/div>","protected":false},"excerpt":{"rendered":"<p>Venemessut ja tapahtumat Helsingin kansainv\u00e4liset venemessut avaa veneilykauden ja n\u00e4ytt\u00e4\u00e4 tiet\u00e4 Helmikuussa vuosittain j\u00e4rjestett\u00e4v\u00e4t Helsingin Kansainv\u00e4liset Venemessut on maamme ylivoimaisesti laajin ja samalla t\u00e4rkein katselmus tulevan kauden tarjonnasta. Venemessut vet\u00e4\u00e4 [&hellip;]<\/p>\n","protected":false},"author":346,"featured_media":0,"parent":2506,"menu_order":0,"comment_status":"closed","ping_status":"closed","template":"","meta":{"_acf_changed":false,"_crdt_document":"","inline_featured_image":false,"_monsterinsights_skip_tracking":false,"_monsterinsights_sitenote_active":false,"_monsterinsights_sitenote_note":"","_monsterinsights_sitenote_category":0,"footnotes":""},"class_list":["post-2508","page","type-page","status-publish","hentry"],"acf":[],"yoast_head":"<!-- This site is optimized with the Yoast SEO plugin v27.3 - https:\/\/yoast.com\/product\/yoast-seo-wordpress\/ -->\n<title>Tapahtumat ja venemessut - Finnboat<\/title>\n<meta name=\"robots\" content=\"index, follow, max-snippet:-1, max-image-preview:large, max-video-preview:-1\" \/>\n<link rel=\"canonical\" href=\"https:\/\/www.finnboat.fi\/en\/finnboat\/tapahtumat-ja-venemessut\/\" \/>\n<meta property=\"og:locale\" content=\"en_GB\" \/>\n<meta property=\"og:type\" content=\"article\" \/>\n<meta property=\"og:title\" content=\"Tapahtumat ja venemessut - Finnboat\" \/>\n<meta property=\"og:description\" content=\"Venemessut ja tapahtumat Helsingin kansainv\u00e4liset venemessut avaa veneilykauden ja n\u00e4ytt\u00e4\u00e4 tiet\u00e4 Helmikuussa vuosittain j\u00e4rjestett\u00e4v\u00e4t Helsingin Kansainv\u00e4liset Venemessut on maamme ylivoimaisesti laajin ja samalla t\u00e4rkein katselmus tulevan kauden tarjonnasta. Venemessut vet\u00e4\u00e4 [&hellip;]\" \/>\n<meta property=\"og:url\" content=\"https:\/\/www.finnboat.fi\/en\/finnboat\/tapahtumat-ja-venemessut\/\" \/>\n<meta property=\"og:site_name\" content=\"Finnboat\" \/>\n<meta property=\"article:modified_time\" content=\"2025-09-02T12:13:05+00:00\" \/>\n<meta property=\"og:image\" content=\"https:\/\/www.finnboat.fi\/wp-content\/uploads\/2024\/01\/VeneBat_RGB_web.png\" \/>\n\t<meta property=\"og:image:width\" content=\"595\" \/>\n\t<meta property=\"og:image:height\" content=\"140\" \/>\n\t<meta property=\"og:image:type\" content=\"image\/png\" \/>\n<meta name=\"twitter:card\" content=\"summary_large_image\" \/>\n<meta name=\"twitter:label1\" content=\"Estimated reading time\" \/>\n\t<meta name=\"twitter:data1\" content=\"2 minutes\" \/>\n<script type=\"application\/ld+json\" class=\"yoast-schema-graph\">{\"@context\":\"https:\\\/\\\/schema.org\",\"@graph\":[{\"@type\":\"WebPage\",\"@id\":\"https:\\\/\\\/www.finnboat.fi\\\/finnboat\\\/tapahtumat-ja-venemessut\\\/\",\"url\":\"https:\\\/\\\/www.finnboat.fi\\\/finnboat\\\/tapahtumat-ja-venemessut\\\/\",\"name\":\"Tapahtumat ja venemessut - Finnboat\",\"isPartOf\":{\"@id\":\"https:\\\/\\\/www.finnboat.fi\\\/en\\\/#website\"},\"primaryImageOfPage\":{\"@id\":\"https:\\\/\\\/www.finnboat.fi\\\/finnboat\\\/tapahtumat-ja-venemessut\\\/#primaryimage\"},\"image\":{\"@id\":\"https:\\\/\\\/www.finnboat.fi\\\/finnboat\\\/tapahtumat-ja-venemessut\\\/#primaryimage\"},\"thumbnailUrl\":\"https:\\\/\\\/www.finnboat.fi\\\/wp-content\\\/uploads\\\/2024\\\/01\\\/VeneBat_RGB_web.png\",\"datePublished\":\"2022-05-04T09:51:09+00:00\",\"dateModified\":\"2025-09-02T12:13:05+00:00\",\"breadcrumb\":{\"@id\":\"https:\\\/\\\/www.finnboat.fi\\\/finnboat\\\/tapahtumat-ja-venemessut\\\/#breadcrumb\"},\"inLanguage\":\"en-GB\",\"potentialAction\":[{\"@type\":\"ReadAction\",\"target\":[\"https:\\\/\\\/www.finnboat.fi\\\/finnboat\\\/tapahtumat-ja-venemessut\\\/\"]}]},{\"@type\":\"ImageObject\",\"inLanguage\":\"en-GB\",\"@id\":\"https:\\\/\\\/www.finnboat.fi\\\/finnboat\\\/tapahtumat-ja-venemessut\\\/#primaryimage\",\"url\":\"https:\\\/\\\/www.finnboat.fi\\\/wp-content\\\/uploads\\\/2024\\\/01\\\/VeneBat_RGB_web.png\",\"contentUrl\":\"https:\\\/\\\/www.finnboat.fi\\\/wp-content\\\/uploads\\\/2024\\\/01\\\/VeneBat_RGB_web.png\"},{\"@type\":\"BreadcrumbList\",\"@id\":\"https:\\\/\\\/www.finnboat.fi\\\/finnboat\\\/tapahtumat-ja-venemessut\\\/#breadcrumb\",\"itemListElement\":[{\"@type\":\"ListItem\",\"position\":1,\"name\":\"Etusivu\",\"item\":\"https:\\\/\\\/www.finnboat.fi\\\/\"},{\"@type\":\"ListItem\",\"position\":2,\"name\":\"Finnboat\",\"item\":\"https:\\\/\\\/www.finnboat.fi\\\/finnboat\\\/\"},{\"@type\":\"ListItem\",\"position\":3,\"name\":\"Tapahtumat ja venemessut\"}]},{\"@type\":\"WebSite\",\"@id\":\"https:\\\/\\\/www.finnboat.fi\\\/en\\\/#website\",\"url\":\"https:\\\/\\\/www.finnboat.fi\\\/en\\\/\",\"name\":\"Finnboat\",\"description\":\"Venealan Keskusliitto Finnboat ry\",\"publisher\":{\"@id\":\"https:\\\/\\\/www.finnboat.fi\\\/en\\\/#organization\"},\"potentialAction\":[{\"@type\":\"SearchAction\",\"target\":{\"@type\":\"EntryPoint\",\"urlTemplate\":\"https:\\\/\\\/www.finnboat.fi\\\/en\\\/?s={search_term_string}\"},\"query-input\":{\"@type\":\"PropertyValueSpecification\",\"valueRequired\":true,\"valueName\":\"search_term_string\"}}],\"inLanguage\":\"en-GB\"},{\"@type\":\"Organization\",\"@id\":\"https:\\\/\\\/www.finnboat.fi\\\/en\\\/#organization\",\"name\":\"Finnboat\",\"url\":\"https:\\\/\\\/www.finnboat.fi\\\/en\\\/\",\"logo\":{\"@type\":\"ImageObject\",\"inLanguage\":\"en-GB\",\"@id\":\"https:\\\/\\\/www.finnboat.fi\\\/en\\\/#\\\/schema\\\/logo\\\/image\\\/\",\"url\":\"https:\\\/\\\/www.finnboat.fi\\\/wp-content\\\/uploads\\\/2026\\\/02\\\/cropped-kassi.png\",\"contentUrl\":\"https:\\\/\\\/www.finnboat.fi\\\/wp-content\\\/uploads\\\/2026\\\/02\\\/cropped-kassi.png\",\"width\":1023,\"height\":1023,\"caption\":\"Finnboat\"},\"image\":{\"@id\":\"https:\\\/\\\/www.finnboat.fi\\\/en\\\/#\\\/schema\\\/logo\\\/image\\\/\"}}]}<\/script>\n<!-- \/ Yoast SEO plugin. -->","yoast_head_json":{"title":"Tapahtumat ja venemessut - Finnboat","robots":{"index":"index","follow":"follow","max-snippet":"max-snippet:-1","max-image-preview":"max-image-preview:large","max-video-preview":"max-video-preview:-1"},"canonical":"https:\/\/www.finnboat.fi\/en\/finnboat\/tapahtumat-ja-venemessut\/","og_locale":"en_GB","og_type":"article","og_title":"Tapahtumat ja venemessut - Finnboat","og_description":"Venemessut ja tapahtumat Helsingin kansainv\u00e4liset venemessut avaa veneilykauden ja n\u00e4ytt\u00e4\u00e4 tiet\u00e4 Helmikuussa vuosittain j\u00e4rjestett\u00e4v\u00e4t Helsingin Kansainv\u00e4liset Venemessut on maamme ylivoimaisesti laajin ja samalla t\u00e4rkein katselmus tulevan kauden tarjonnasta. Venemessut vet\u00e4\u00e4 [&hellip;]","og_url":"https:\/\/www.finnboat.fi\/en\/finnboat\/tapahtumat-ja-venemessut\/","og_site_name":"Finnboat","article_modified_time":"2025-09-02T12:13:05+00:00","og_image":[{"width":595,"height":140,"url":"https:\/\/www.finnboat.fi\/wp-content\/uploads\/2024\/01\/VeneBat_RGB_web.png","type":"image\/png"}],"twitter_card":"summary_large_image","twitter_misc":{"Estimated reading time":"2 minutes"},"schema":{"@context":"https:\/\/schema.org","@graph":[{"@type":"WebPage","@id":"https:\/\/www.finnboat.fi\/finnboat\/tapahtumat-ja-venemessut\/","url":"https:\/\/www.finnboat.fi\/finnboat\/tapahtumat-ja-venemessut\/","name":"Tapahtumat ja venemessut - Finnboat","isPartOf":{"@id":"https:\/\/www.finnboat.fi\/en\/#website"},"primaryImageOfPage":{"@id":"https:\/\/www.finnboat.fi\/finnboat\/tapahtumat-ja-venemessut\/#primaryimage"},"image":{"@id":"https:\/\/www.finnboat.fi\/finnboat\/tapahtumat-ja-venemessut\/#primaryimage"},"thumbnailUrl":"https:\/\/www.finnboat.fi\/wp-content\/uploads\/2024\/01\/VeneBat_RGB_web.png","datePublished":"2022-05-04T09:51:09+00:00","dateModified":"2025-09-02T12:13:05+00:00","breadcrumb":{"@id":"https:\/\/www.finnboat.fi\/finnboat\/tapahtumat-ja-venemessut\/#breadcrumb"},"inLanguage":"en-GB","potentialAction":[{"@type":"ReadAction","target":["https:\/\/www.finnboat.fi\/finnboat\/tapahtumat-ja-venemessut\/"]}]},{"@type":"ImageObject","inLanguage":"en-GB","@id":"https:\/\/www.finnboat.fi\/finnboat\/tapahtumat-ja-venemessut\/#primaryimage","url":"https:\/\/www.finnboat.fi\/wp-content\/uploads\/2024\/01\/VeneBat_RGB_web.png","contentUrl":"https:\/\/www.finnboat.fi\/wp-content\/uploads\/2024\/01\/VeneBat_RGB_web.png"},{"@type":"BreadcrumbList","@id":"https:\/\/www.finnboat.fi\/finnboat\/tapahtumat-ja-venemessut\/#breadcrumb","itemListElement":[{"@type":"ListItem","position":1,"name":"Etusivu","item":"https:\/\/www.finnboat.fi\/"},{"@type":"ListItem","position":2,"name":"Finnboat","item":"https:\/\/www.finnboat.fi\/finnboat\/"},{"@type":"ListItem","position":3,"name":"Tapahtumat ja venemessut"}]},{"@type":"WebSite","@id":"https:\/\/www.finnboat.fi\/en\/#website","url":"https:\/\/www.finnboat.fi\/en\/","name":"Finnboat","description":"Finnish Marine Industries Federation Finnboat","publisher":{"@id":"https:\/\/www.finnboat.fi\/en\/#organization"},"potentialAction":[{"@type":"SearchAction","target":{"@type":"EntryPoint","urlTemplate":"https:\/\/www.finnboat.fi\/en\/?s={search_term_string}"},"query-input":{"@type":"PropertyValueSpecification","valueRequired":true,"valueName":"search_term_string"}}],"inLanguage":"en-GB"},{"@type":"Organization","@id":"https:\/\/www.finnboat.fi\/en\/#organization","name":"Finnboat","url":"https:\/\/www.finnboat.fi\/en\/","logo":{"@type":"ImageObject","inLanguage":"en-GB","@id":"https:\/\/www.finnboat.fi\/en\/#\/schema\/logo\/image\/","url":"https:\/\/www.finnboat.fi\/wp-content\/uploads\/2026\/02\/cropped-kassi.png","contentUrl":"https:\/\/www.finnboat.fi\/wp-content\/uploads\/2026\/02\/cropped-kassi.png","width":1023,"height":1023,"caption":"Finnboat"},"image":{"@id":"https:\/\/www.finnboat.fi\/en\/#\/schema\/logo\/image\/"}}]}},"_links":{"self":[{"href":"https:\/\/www.finnboat.fi\/en\/wp-json\/wp\/v2\/pages\/2508","targetHints":{"allow":["GET"]}}],"collection":[{"href":"https:\/\/www.finnboat.fi\/en\/wp-json\/wp\/v2\/pages"}],"about":[{"href":"https:\/\/www.finnboat.fi\/en\/wp-json\/wp\/v2\/types\/page"}],"author":[{"embeddable":true,"href":"https:\/\/www.finnboat.fi\/en\/wp-json\/wp\/v2\/users\/346"}],"replies":[{"embeddable":true,"href":"https:\/\/www.finnboat.fi\/en\/wp-json\/wp\/v2\/comments?post=2508"}],"version-history":[{"count":52,"href":"https:\/\/www.finnboat.fi\/en\/wp-json\/wp\/v2\/pages\/2508\/revisions"}],"predecessor-version":[{"id":13250,"href":"https:\/\/www.finnboat.fi\/en\/wp-json\/wp\/v2\/pages\/2508\/revisions\/13250"}],"up":[{"embeddable":true,"href":"https:\/\/www.finnboat.fi\/en\/wp-json\/wp\/v2\/pages\/2506"}],"wp:attachment":[{"href":"https:\/\/www.finnboat.fi\/en\/wp-json\/wp\/v2\/media?parent=2508"}],"curies":[{"name":"wp","href":"https:\/\/api.w.org\/{rel}","templated":true}]}}