{"id":2513,"date":"2022-05-04T12:51:59","date_gmt":"2022-05-04T09:51:59","guid":{"rendered":"https:\/\/finnboatfi-wp16167.test.cchosting.fi\/?page_id=2513"},"modified":"2025-05-13T11:03:39","modified_gmt":"2025-05-13T08:03:39","slug":"haluatko-jaseneksi","status":"publish","type":"page","link":"https:\/\/www.finnboat.fi\/en\/jasenet\/haluatko-jaseneksi\/","title":{"rendered":"Do you want to become a member?"},"content":{"rendered":"<div data-elementor-type=\"wp-page\" data-elementor-id=\"2513\" class=\"elementor elementor-2513\">\n\t\t\t\t\t\t<section class=\"elementor-section elementor-top-section elementor-element elementor-element-1dc6138a elementor-section-height-min-height elementor-section-boxed elementor-section-height-default elementor-section-items-middle\" data-id=\"1dc6138a\" data-element_type=\"section\" data-e-type=\"section\" data-settings=\"{&quot;background_background&quot;:&quot;classic&quot;}\">\n\t\t\t\t\t\t\t<div class=\"elementor-background-overlay\"><\/div>\n\t\t\t\t\t\t\t<div class=\"elementor-container elementor-column-gap-default\">\n\t\t\t\t\t<div class=\"elementor-column elementor-col-100 elementor-top-column elementor-element elementor-element-247b81cb\" data-id=\"247b81cb\" data-element_type=\"column\" data-e-type=\"column\">\n\t\t\t<div class=\"elementor-widget-wrap elementor-element-populated\">\n\t\t\t\t\t\t<div class=\"elementor-element elementor-element-3e61240a elementor-widget elementor-widget-heading\" data-id=\"3e61240a\" data-element_type=\"widget\" data-e-type=\"widget\" data-widget_type=\"heading.default\">\n\t\t\t\t<div class=\"elementor-widget-container\">\n\t\t\t\t\t<h1 class=\"elementor-heading-title elementor-size-xxl\">Finnish Marine Industries Federation Finnboat<\/h1>\t\t\t\t<\/div>\n\t\t\t\t<\/div>\n\t\t\t\t\t<\/div>\n\t\t<\/div>\n\t\t\t\t\t<\/div>\n\t\t<\/section>\n\t\t\t\t<section class=\"elementor-section elementor-top-section elementor-element elementor-element-9a71f9a elementor-section-boxed elementor-section-height-default elementor-section-height-default\" data-id=\"9a71f9a\" data-element_type=\"section\" data-e-type=\"section\">\n\t\t\t\t\t\t<div class=\"elementor-container elementor-column-gap-default\">\n\t\t\t\t\t<div class=\"elementor-column elementor-col-100 elementor-top-column elementor-element elementor-element-afb677a\" data-id=\"afb677a\" data-element_type=\"column\" data-e-type=\"column\">\n\t\t\t<div class=\"elementor-widget-wrap elementor-element-populated\">\n\t\t\t\t\t\t<div class=\"elementor-element elementor-element-537f0cc elementor-widget elementor-widget-text-editor\" data-id=\"537f0cc\" data-element_type=\"widget\" data-e-type=\"widget\" data-widget_type=\"text-editor.default\">\n\t\t\t\t<div class=\"elementor-widget-container\">\n\t\t\t\t\t\t\t\t\t<h3>There is power in membership!<\/h3>\n<p>Finnboat membership is a sign of reliability. In a world of intensifying competition, speed is important and the one with the best knowledge, skills and network will do better than a lone driller. Belonging to a larger group brings knowledge and knowledge is power. Finnboat ry and its member associations (<b>Finnish Boat Industry Association, Boat Merchants and Parts Suppliers Association and Boat Shipyard and Repair Shop Association<\/b>) are an organization created by professionals themselves to serve themselves.<\/p>\n<p>Each association has its own board of directors, all of whom process only applications for membership in their own association. The board of the association does not consider or take a position on future applications for associations. Membership application papers are always confidential.<\/p>\n<p>To apply for membership in an association belonging to Finnboat, fill in the membership application, link at the bottom of this page (membership directly under the association is applied for in a free-form letter). The application shall be accompanied by a certified copy of the most recent financial statements and an extract from the trade register. All companies in the field that are domiciled in Finland can apply for membership.<\/p>\n<p>The annual membership fee for companies with a net turnover in the boat industry of up to \u20ac 100,000 is \u20ac 200.00 and the membership fee for companies with a net turnover in the boat industry of over \u20ac 100,000 is \u20ac 200.00 + 0.035% of net turnover.<\/p>\n<p>Once the membership is approved, an invoice for the subscription fee will be sent to the company. It amounts to EUR 200 and there is no longer a separate membership fee for the year of accession. The membership fee for designer members is 200 euros. Once the company has paid its membership fee, it is entitled to e.g. to receive various publications of the union free of charge.<\/p>\n<p>What else can you get with a membership fee? Well, for example, it can get more than 50 international boat suppliers to test a new boat made by the company for three days. Or it can get an exhibition place at the Helsinki Floating Flytande 25% cheaper than a non-Finnboat company.<\/p>\n<p>Last but not least, the exchange of information between member companies, joint meetings, a comfortable get-together and an exchange of views must be remembered. Examples are the association&#039;s autumn and spring meeting days, which are usually attended by more than a hundred representatives of member companies. For more information on other membership benefits and membership:&nbsp;<a href=\"mailto:info@finnboat.fi\">info@finnboat.fi<\/a><\/p>\n<p><strong>Fill out the membership application here:&nbsp;<a href=\"https:\/\/q.surveypal.com\/jasenhakemus_medlemsansokan_2021\" target=\"_blank\" rel=\"noopener\">https:\/\/q.surveypal.com\/jasenhakemus_medlemsansokan_2021<\/a><\/strong><\/p>\t\t\t\t\t\t\t\t<\/div>\n\t\t\t\t<\/div>\n\t\t\t\t\t<\/div>\n\t\t<\/div>\n\t\t\t\t\t<\/div>\n\t\t<\/section>\n\t\t\t\t<\/div>","protected":false},"excerpt":{"rendered":"<p>Venealan keskusliitto finnboat ry J\u00e4senyydess\u00e4 on voimaa! Finnboat j\u00e4senyys on merkki luotettavuudesta. Kiristyv\u00e4n kilpailun maailmassa nopealiikkeisyys on t\u00e4rke\u00e4\u00e4 ja se jolla on parhaimmat tiedot, ammattitaito ja verkosto p\u00e4rj\u00e4\u00e4 paremmin kuin [&hellip;]<\/p>\n","protected":false},"author":346,"featured_media":0,"parent":223,"menu_order":0,"comment_status":"closed","ping_status":"closed","template":"","meta":{"_acf_changed":false,"_crdt_document":"","inline_featured_image":false,"_monsterinsights_skip_tracking":false,"_monsterinsights_sitenote_active":false,"_monsterinsights_sitenote_note":"","_monsterinsights_sitenote_category":0,"footnotes":""},"class_list":["post-2513","page","type-page","status-publish","hentry"],"acf":[],"yoast_head":"<!-- This site is optimized with the Yoast SEO plugin v27.4 - https:\/\/yoast.com\/product\/yoast-seo-wordpress\/ -->\n<title>Haluatko j\u00e4seneksi? - Finnboat<\/title>\n<meta name=\"robots\" content=\"index, follow, max-snippet:-1, max-image-preview:large, max-video-preview:-1\" \/>\n<link rel=\"canonical\" href=\"https:\/\/www.finnboat.fi\/en\/jasenet\/haluatko-jaseneksi\/\" \/>\n<meta property=\"og:locale\" content=\"en_GB\" \/>\n<meta property=\"og:type\" content=\"article\" \/>\n<meta property=\"og:title\" content=\"Haluatko j\u00e4seneksi? - Finnboat\" \/>\n<meta property=\"og:description\" content=\"Venealan keskusliitto finnboat ry J\u00e4senyydess\u00e4 on voimaa! Finnboat j\u00e4senyys on merkki luotettavuudesta. Kiristyv\u00e4n kilpailun maailmassa nopealiikkeisyys on t\u00e4rke\u00e4\u00e4 ja se jolla on parhaimmat tiedot, ammattitaito ja verkosto p\u00e4rj\u00e4\u00e4 paremmin kuin [&hellip;]\" \/>\n<meta property=\"og:url\" content=\"https:\/\/www.finnboat.fi\/en\/jasenet\/haluatko-jaseneksi\/\" \/>\n<meta property=\"og:site_name\" content=\"Finnboat\" \/>\n<meta property=\"article:modified_time\" content=\"2025-05-13T08:03:39+00:00\" \/>\n<meta name=\"twitter:card\" content=\"summary_large_image\" \/>\n<meta name=\"twitter:label1\" content=\"Estimated reading time\" \/>\n\t<meta name=\"twitter:data1\" content=\"2 minutes\" \/>\n<script type=\"application\/ld+json\" class=\"yoast-schema-graph\">{\"@context\":\"https:\\\/\\\/schema.org\",\"@graph\":[{\"@type\":\"WebPage\",\"@id\":\"https:\\\/\\\/www.finnboat.fi\\\/jasenet\\\/haluatko-jaseneksi\\\/\",\"url\":\"https:\\\/\\\/www.finnboat.fi\\\/jasenet\\\/haluatko-jaseneksi\\\/\",\"name\":\"Haluatko j\u00e4seneksi? - Finnboat\",\"isPartOf\":{\"@id\":\"https:\\\/\\\/www.finnboat.fi\\\/en\\\/#website\"},\"datePublished\":\"2022-05-04T09:51:59+00:00\",\"dateModified\":\"2025-05-13T08:03:39+00:00\",\"breadcrumb\":{\"@id\":\"https:\\\/\\\/www.finnboat.fi\\\/jasenet\\\/haluatko-jaseneksi\\\/#breadcrumb\"},\"inLanguage\":\"en-GB\",\"potentialAction\":[{\"@type\":\"ReadAction\",\"target\":[\"https:\\\/\\\/www.finnboat.fi\\\/jasenet\\\/haluatko-jaseneksi\\\/\"]}]},{\"@type\":\"BreadcrumbList\",\"@id\":\"https:\\\/\\\/www.finnboat.fi\\\/jasenet\\\/haluatko-jaseneksi\\\/#breadcrumb\",\"itemListElement\":[{\"@type\":\"ListItem\",\"position\":1,\"name\":\"Etusivu\",\"item\":\"https:\\\/\\\/www.finnboat.fi\\\/\"},{\"@type\":\"ListItem\",\"position\":2,\"name\":\"J\u00e4senet\",\"item\":\"https:\\\/\\\/www.finnboat.fi\\\/jasenet\\\/\"},{\"@type\":\"ListItem\",\"position\":3,\"name\":\"Haluatko j\u00e4seneksi?\"}]},{\"@type\":\"WebSite\",\"@id\":\"https:\\\/\\\/www.finnboat.fi\\\/en\\\/#website\",\"url\":\"https:\\\/\\\/www.finnboat.fi\\\/en\\\/\",\"name\":\"Finnboat\",\"description\":\"Venealan Keskusliitto Finnboat ry\",\"publisher\":{\"@id\":\"https:\\\/\\\/www.finnboat.fi\\\/en\\\/#organization\"},\"potentialAction\":[{\"@type\":\"SearchAction\",\"target\":{\"@type\":\"EntryPoint\",\"urlTemplate\":\"https:\\\/\\\/www.finnboat.fi\\\/en\\\/?s={search_term_string}\"},\"query-input\":{\"@type\":\"PropertyValueSpecification\",\"valueRequired\":true,\"valueName\":\"search_term_string\"}}],\"inLanguage\":\"en-GB\"},{\"@type\":\"Organization\",\"@id\":\"https:\\\/\\\/www.finnboat.fi\\\/en\\\/#organization\",\"name\":\"Finnboat\",\"url\":\"https:\\\/\\\/www.finnboat.fi\\\/en\\\/\",\"logo\":{\"@type\":\"ImageObject\",\"inLanguage\":\"en-GB\",\"@id\":\"https:\\\/\\\/www.finnboat.fi\\\/en\\\/#\\\/schema\\\/logo\\\/image\\\/\",\"url\":\"https:\\\/\\\/www.finnboat.fi\\\/wp-content\\\/uploads\\\/2026\\\/02\\\/cropped-kassi.png\",\"contentUrl\":\"https:\\\/\\\/www.finnboat.fi\\\/wp-content\\\/uploads\\\/2026\\\/02\\\/cropped-kassi.png\",\"width\":1023,\"height\":1023,\"caption\":\"Finnboat\"},\"image\":{\"@id\":\"https:\\\/\\\/www.finnboat.fi\\\/en\\\/#\\\/schema\\\/logo\\\/image\\\/\"}}]}<\/script>\n<!-- \/ Yoast SEO plugin. -->","yoast_head_json":{"title":"Haluatko j\u00e4seneksi? - Finnboat","robots":{"index":"index","follow":"follow","max-snippet":"max-snippet:-1","max-image-preview":"max-image-preview:large","max-video-preview":"max-video-preview:-1"},"canonical":"https:\/\/www.finnboat.fi\/en\/jasenet\/haluatko-jaseneksi\/","og_locale":"en_GB","og_type":"article","og_title":"Haluatko j\u00e4seneksi? - Finnboat","og_description":"Venealan keskusliitto finnboat ry J\u00e4senyydess\u00e4 on voimaa! Finnboat j\u00e4senyys on merkki luotettavuudesta. Kiristyv\u00e4n kilpailun maailmassa nopealiikkeisyys on t\u00e4rke\u00e4\u00e4 ja se jolla on parhaimmat tiedot, ammattitaito ja verkosto p\u00e4rj\u00e4\u00e4 paremmin kuin [&hellip;]","og_url":"https:\/\/www.finnboat.fi\/en\/jasenet\/haluatko-jaseneksi\/","og_site_name":"Finnboat","article_modified_time":"2025-05-13T08:03:39+00:00","twitter_card":"summary_large_image","twitter_misc":{"Estimated reading time":"2 minutes"},"schema":{"@context":"https:\/\/schema.org","@graph":[{"@type":"WebPage","@id":"https:\/\/www.finnboat.fi\/jasenet\/haluatko-jaseneksi\/","url":"https:\/\/www.finnboat.fi\/jasenet\/haluatko-jaseneksi\/","name":"Haluatko j\u00e4seneksi? - Finnboat","isPartOf":{"@id":"https:\/\/www.finnboat.fi\/en\/#website"},"datePublished":"2022-05-04T09:51:59+00:00","dateModified":"2025-05-13T08:03:39+00:00","breadcrumb":{"@id":"https:\/\/www.finnboat.fi\/jasenet\/haluatko-jaseneksi\/#breadcrumb"},"inLanguage":"en-GB","potentialAction":[{"@type":"ReadAction","target":["https:\/\/www.finnboat.fi\/jasenet\/haluatko-jaseneksi\/"]}]},{"@type":"BreadcrumbList","@id":"https:\/\/www.finnboat.fi\/jasenet\/haluatko-jaseneksi\/#breadcrumb","itemListElement":[{"@type":"ListItem","position":1,"name":"Etusivu","item":"https:\/\/www.finnboat.fi\/"},{"@type":"ListItem","position":2,"name":"J\u00e4senet","item":"https:\/\/www.finnboat.fi\/jasenet\/"},{"@type":"ListItem","position":3,"name":"Haluatko j\u00e4seneksi?"}]},{"@type":"WebSite","@id":"https:\/\/www.finnboat.fi\/en\/#website","url":"https:\/\/www.finnboat.fi\/en\/","name":"Finnboat","description":"Finnish Marine Industries Federation Finnboat","publisher":{"@id":"https:\/\/www.finnboat.fi\/en\/#organization"},"potentialAction":[{"@type":"SearchAction","target":{"@type":"EntryPoint","urlTemplate":"https:\/\/www.finnboat.fi\/en\/?s={search_term_string}"},"query-input":{"@type":"PropertyValueSpecification","valueRequired":true,"valueName":"search_term_string"}}],"inLanguage":"en-GB"},{"@type":"Organization","@id":"https:\/\/www.finnboat.fi\/en\/#organization","name":"Finnboat","url":"https:\/\/www.finnboat.fi\/en\/","logo":{"@type":"ImageObject","inLanguage":"en-GB","@id":"https:\/\/www.finnboat.fi\/en\/#\/schema\/logo\/image\/","url":"https:\/\/www.finnboat.fi\/wp-content\/uploads\/2026\/02\/cropped-kassi.png","contentUrl":"https:\/\/www.finnboat.fi\/wp-content\/uploads\/2026\/02\/cropped-kassi.png","width":1023,"height":1023,"caption":"Finnboat"},"image":{"@id":"https:\/\/www.finnboat.fi\/en\/#\/schema\/logo\/image\/"}}]}},"_links":{"self":[{"href":"https:\/\/www.finnboat.fi\/en\/wp-json\/wp\/v2\/pages\/2513","targetHints":{"allow":["GET"]}}],"collection":[{"href":"https:\/\/www.finnboat.fi\/en\/wp-json\/wp\/v2\/pages"}],"about":[{"href":"https:\/\/www.finnboat.fi\/en\/wp-json\/wp\/v2\/types\/page"}],"author":[{"embeddable":true,"href":"https:\/\/www.finnboat.fi\/en\/wp-json\/wp\/v2\/users\/346"}],"replies":[{"embeddable":true,"href":"https:\/\/www.finnboat.fi\/en\/wp-json\/wp\/v2\/comments?post=2513"}],"version-history":[{"count":37,"href":"https:\/\/www.finnboat.fi\/en\/wp-json\/wp\/v2\/pages\/2513\/revisions"}],"predecessor-version":[{"id":12739,"href":"https:\/\/www.finnboat.fi\/en\/wp-json\/wp\/v2\/pages\/2513\/revisions\/12739"}],"up":[{"embeddable":true,"href":"https:\/\/www.finnboat.fi\/en\/wp-json\/wp\/v2\/pages\/223"}],"wp:attachment":[{"href":"https:\/\/www.finnboat.fi\/en\/wp-json\/wp\/v2\/media?parent=2513"}],"curies":[{"name":"wp","href":"https:\/\/api.w.org\/{rel}","templated":true}]}}