{"id":2987,"date":"2022-05-30T16:25:45","date_gmt":"2022-05-30T13:25:45","guid":{"rendered":"https:\/\/finnboatfi-wp16167.test.cchosting.fi\/?page_id=2987"},"modified":"2025-02-11T12:08:58","modified_gmt":"2025-02-11T10:08:58","slug":"kansainvalisia-venelehtia","status":"publish","type":"page","link":"https:\/\/www.finnboat.fi\/en\/kansainvalisia-venelehtia\/","title":{"rendered":"International boat magazines"},"content":{"rendered":"<div data-elementor-type=\"wp-page\" data-elementor-id=\"2987\" class=\"elementor elementor-2987\">\n\t\t\t\t\t\t<section class=\"elementor-section elementor-top-section elementor-element elementor-element-6a087e95 elementor-section-height-min-height elementor-section-boxed elementor-section-height-default elementor-section-items-middle\" data-id=\"6a087e95\" data-element_type=\"section\" data-e-type=\"section\" data-settings=\"{&quot;background_background&quot;:&quot;classic&quot;}\">\n\t\t\t\t\t\t\t<div class=\"elementor-background-overlay\"><\/div>\n\t\t\t\t\t\t\t<div class=\"elementor-container elementor-column-gap-default\">\n\t\t\t\t\t<div class=\"elementor-column elementor-col-100 elementor-top-column elementor-element elementor-element-ac54094\" data-id=\"ac54094\" data-element_type=\"column\" data-e-type=\"column\">\n\t\t\t<div class=\"elementor-widget-wrap elementor-element-populated\">\n\t\t\t\t\t\t<div class=\"elementor-element elementor-element-2c5d0fdc elementor-widget elementor-widget-heading\" data-id=\"2c5d0fdc\" data-element_type=\"widget\" data-e-type=\"widget\" data-widget_type=\"heading.default\">\n\t\t\t\t<div class=\"elementor-widget-container\">\n\t\t\t\t\t<h1 class=\"elementor-heading-title elementor-size-xxl\">International boat magazines<\/h1>\t\t\t\t<\/div>\n\t\t\t\t<\/div>\n\t\t\t\t\t<\/div>\n\t\t<\/div>\n\t\t\t\t\t<\/div>\n\t\t<\/section>\n\t\t\t\t<section class=\"elementor-section elementor-top-section elementor-element elementor-element-f1a09f1 elementor-section-boxed elementor-section-height-default elementor-section-height-default\" data-id=\"f1a09f1\" data-element_type=\"section\" data-e-type=\"section\">\n\t\t\t\t\t\t<div class=\"elementor-container elementor-column-gap-default\">\n\t\t\t\t\t<div class=\"elementor-column elementor-col-100 elementor-top-column elementor-element elementor-element-87b4289\" data-id=\"87b4289\" data-element_type=\"column\" data-e-type=\"column\">\n\t\t\t<div class=\"elementor-widget-wrap elementor-element-populated\">\n\t\t\t\t\t\t<div class=\"elementor-element elementor-element-4bb3187 elementor-widget elementor-widget-text-editor\" data-id=\"4bb3187\" data-element_type=\"widget\" data-e-type=\"widget\" data-widget_type=\"text-editor.default\">\n\t\t\t\t<div class=\"elementor-widget-container\">\n\t\t\t\t\t\t\t\t\t\n<table>\n<thead>\n<tr>\n<th>Country<\/th>\n<th>Magazine<\/th>\n<th>Website<\/th>\n<\/tr>\n<\/thead>\n<tbody>\n<tr>\n<td>South Africa<\/td>\n<td>SA Yachting<\/td>\n<td><a href=\"http:\/\/www.sailing.co.za\/\">www.sailing.co.za<\/a><\/td>\n<\/tr>\n<tr>\n<td>Netherlands<\/td>\n<td>Motorboot<\/td>\n<td><a href=\"http:\/\/www.motorboot.com\/\">www.motorboot.com<\/a><\/td>\n<\/tr>\n<tr>\n<td>Netherlands<\/td>\n<td>Schuttevaer<\/td>\n<td><a href=\"http:\/\/www.schuttevaer.nl\/\">www.schuttevaer.nl<\/a><\/td>\n<\/tr>\n<tr>\n<td>Netherlands<\/td>\n<td>Zeilen<\/td>\n<td><a href=\"http:\/\/www.zeilen.com\/\">www.zeilen.com<\/a><\/td>\n<\/tr>\n<tr>\n<td>Ireland<\/td>\n<td>Afloat<\/td>\n<td><a href=\"http:\/\/www.afloat.ie\/\">www.afloat.ie<\/a><\/td>\n<\/tr>\n<tr>\n<td>Italy<\/td>\n<td>Annuario della Nautica<\/td>\n<td><a href=\"http:\/\/www.nautica.it\/\">www.nautica.it<\/a><\/td>\n<\/tr>\n<tr>\n<td>Italy<\/td>\n<td>Bolina<\/td>\n<td><a href=\"http:\/\/www.bolina.it\/\">www.bolina.it<\/a><\/td>\n<\/tr>\n<tr>\n<td>Italy<\/td>\n<td>Nautica<\/td>\n<td><a href=\"http:\/\/www.nautica.it\/\">www.nautica.it<\/a><\/td>\n<\/tr>\n<tr>\n<td>Canada<\/td>\n<td>Power Boating Canada<\/td>\n<td><a href=\"http:\/\/www.powerboating.com\/\">www.powerboating.com<\/a><\/td>\n<\/tr>\n<tr>\n<td>Greece<\/td>\n<td>Nautica<\/td>\n<td><a href=\"http:\/\/www.nautica.gr\/\">www.nautica.gr<\/a><\/td>\n<\/tr>\n<tr>\n<td>Croatia<\/td>\n<td>Burza Nautike<\/td>\n<td><a href=\"https:\/\/www.burzanautike.com\/\">https:\/\/www.burzanautike.com\/<\/a><\/td>\n<\/tr>\n<tr>\n<td>Norway<\/td>\n<td>B\u00e5tmagasinet<\/td>\n<td><a href=\"https:\/\/www.batmagasinet.no\/\/\">www.batmagasinet.no\/<\/a><\/td>\n<\/tr>\n<tr>\n<td>France<\/td>\n<td>Voiles et Voiliers<\/td>\n<td><a href=\"http:\/\/www.voilesetvoiliers.com\/\">www.voilesetvoiliers.com<\/a><\/td>\n<\/tr>\n<tr>\n<td>France<\/td>\n<td>Wind<\/td>\n<td><a href=\"http:\/\/www.windmag.com\/\">www.windmag.com<\/a><\/td>\n<\/tr>\n<tr>\n<td>Romania<\/td>\n<td>Yachting Pleasure<\/td>\n<td><a href=\"http:\/\/www.yachting-pleasure.com\/\">www.yachting-pleasure.com<\/a><\/td>\n<\/tr>\n<tr>\n<td>Sweden<\/td>\n<td>Praktiskt B\u00e5t\u00e4gande<\/td>\n<td><a href=\"http:\/\/www.batnytt.com\/\">www.batnytt.com<\/a><\/td>\n<\/tr>\n<tr>\n<td>Sweden<\/td>\n<td>P\u00e5 Kryss &amp; Till Rors<\/td>\n<td><a href=\"http:\/\/www.sxk.se\/\">www.sxk.se<\/a><\/td>\n<\/tr>\n<tr>\n<td>Sweden<\/td>\n<td>Seglarbladet<\/td>\n<td><a href=\"http:\/\/www.gkss.se\/\">www.gkss.se<\/a><\/td>\n<\/tr>\n<tr>\n<td>Germany<\/td>\n<td>Boote<\/td>\n<td><a href=\"http:\/\/www.boote-magazin.de\/\">www.boote-magazin.de<\/a><\/td>\n<\/tr>\n<tr>\n<td>Germany<\/td>\n<td>Boote Exclusiv<\/td>\n<td><a href=\"http:\/\/www.superyacht.de\/\">www.superyacht.de<\/a><\/td>\n<\/tr>\n<tr>\n<td>Germany<\/td>\n<td>Boots B\u00f6rse<\/td>\n<td><a href=\"http:\/\/www.boots-boerse.de\/\">www.boots-boerse.de<\/a><\/td>\n<\/tr>\n<tr>\n<td>Germany<\/td>\n<td>Bootswirtschaft<\/td>\n<td><a href=\"http:\/\/www.dbsv.de\/\">www.dbsv.de<\/a><\/td>\n<\/tr>\n<tr>\n<td>Germany<\/td>\n<td>Kanu Sport<\/td>\n<td><a href=\"http:\/\/www.kanu.de\/\">www.kanu.de<\/a><\/td>\n<\/tr>\n<tr>\n<td>Germany<\/td>\n<td>Palstek Technisches Wassersport &#8211; Journal<\/td>\n<td><a href=\"http:\/\/www.palstek.de\/\">www.palstek.de<\/a><\/td>\n<\/tr>\n<tr>\n<td>Germany<\/td>\n<td>Segeln<\/td>\n<td><a href=\"http:\/\/www.segeln-magazin.de\/\">www.segeln-magazin.de<\/a><\/td>\n<\/tr>\n<tr>\n<td>Germany<\/td>\n<td>Skipper<\/td>\n<td><a href=\"http:\/\/www.skippermagazin.de\/\">www.skippermagazin.de<\/a><\/td>\n<\/tr>\n<tr>\n<td>Germany<\/td>\n<td>Wasserski<\/td>\n<td><a href=\"http:\/\/www.wasserskimagazin.com\/\">www.wasserskimagazin.com<\/a><\/td>\n<\/tr>\n<tr>\n<td>Germany<\/td>\n<td>Yacht<\/td>\n<td><a href=\"http:\/\/www.delius-klasing.de\/\">www.delius-klasing.de<\/a><\/td>\n<\/tr>\n<tr>\n<td>Singapore<\/td>\n<td>Raffles Marina Magazine<\/td>\n<td><a href=\"http:\/\/www.rafflesmarina.com.sg\/\">www.rafflesmarina.com.sg<\/a><\/td>\n<\/tr>\n<tr>\n<td>Denmark<\/td>\n<td>B\u00e5dnyt<\/td>\n<td><a href=\"http:\/\/www.baadnyt.dk\/\">www.baadnyt.dk<\/a><\/td>\n<\/tr>\n<tr>\n<td>UK<\/td>\n<td>Boards Magazine<\/td>\n<td><a href=\"http:\/\/www.boards.co.uk\/\">www.boards.co.uk<\/a><\/td>\n<\/tr>\n<tr>\n<td>UK<\/td>\n<td>Boat Mart International<\/td>\n<td><a href=\"http:\/\/www.boatmart.co.uk\/\">www.boatmart.co.uk<\/a><\/td>\n<\/tr>\n<tr>\n<td>UK<\/td>\n<td>Classic Boat<\/td>\n<td><a href=\"http:\/\/www.classicboat.co.uk\/\">www.classicboat.co.uk<\/a><\/td>\n<\/tr>\n<tr>\n<td>UK<\/td>\n<td>IBI &#8211; International Boat Industry<\/td>\n<td><a href=\"http:\/\/www.ibinews.com\/\">www.ibinews.com<\/a><\/td>\n<\/tr>\n<tr>\n<td>UK<\/td>\n<td>Marina Management International<\/td>\n<td><a href=\"http:\/\/www.marineinternet.com\/\">www.marineinternet.com<\/a><\/td>\n<\/tr>\n<tr>\n<td>UK<\/td>\n<td>Motor Boat &amp; Yachting<\/td>\n<td><a href=\"http:\/\/www.mby.com\/\">www.mby.com<\/a><\/td>\n<\/tr>\n<tr>\n<td>UK<\/td>\n<td>Practical Boat Owner<\/td>\n<td><a href=\"http:\/\/www.pbo.co.uk\/\">www.pbo.co.uk<\/a><\/td>\n<\/tr>\n<tr>\n<td>UK<\/td>\n<td>RYA Magazine<\/td>\n<td><a href=\"http:\/\/www.rya.org.uk\/\">www.rya.org.uk<\/a><\/td>\n<\/tr>\n<tr>\n<td>UK<\/td>\n<td>Seahorse &#8211; International Sailing<\/td>\n<td><a href=\"http:\/\/www.seahorse.co.uk\/\">www.seahorse.co.uk<\/a><\/td>\n<\/tr>\n<tr>\n<td>UK<\/td>\n<td>YachtBuyer<\/td>\n<td><a href=\"https:\/\/www.yachtbuyer.com\/en\/\">www.yachtbuyer.com<\/a><\/td>\n<\/tr>\n<td>UK<\/td>\n<td>Yachting Monthly<\/td>\n<td><a href=\"http:\/\/www.yachtingmonthly.com\/\">www.yachtingmonthly.com<\/a><\/td>\n<\/tr>\n<tr>\n<td>UK<\/td>\n<td>Yachting World<\/td>\n<td><a href=\"http:\/\/www.yachting-world.com\/\">www.yachting-world.com<\/a><\/td>\n<\/tr>\n<tr>\n<td>UK<\/td>\n<td>Yachts &amp; Yachting<\/td>\n<td><a href=\"http:\/\/www.yachtsandyachting.com\/\">www.yachtsandyachting.com<\/a><\/td>\n<\/tr>\n<tr>\n<td>U.S.<\/td>\n<td>Cruising World<\/td>\n<td><a href=\"http:\/\/www.cruisingworld.com\/\">www.cruisingworld.com<\/a><\/td>\n<\/tr>\n<tr>\n<td>U.S.<\/td>\n<td>Florida Sportsman Magazine<\/td>\n<td><a href=\"http:\/\/www.floridasportsman.com\/\">www.floridasportsman.com<\/a><\/td>\n<\/tr>\n<tr>\n<td>U.S.<\/td>\n<td>GPS World<\/td>\n<td><a href=\"http:\/\/www.gpsworld.com\/\">www.gpsworld.com<\/a><\/td>\n<\/tr>\n<tr>\n<td>U.S.<\/td>\n<td>Junior Sailor<\/td>\n<td><a href=\"http:\/\/www.sailingworld.com\/\">www.sailingworld.com<\/a><\/td>\n<\/tr>\n<tr>\n<td>U.S.<\/td>\n<td>Heartland Boating Magazine<\/td>\n<td><a href=\"http:\/\/www.heartlandboating.com\/\">www.heartlandboating.com<\/a><\/td>\n<\/tr>\n<tr>\n<td>U.S.<\/td>\n<td>Lakeland Boating<\/td>\n<td><a href=\"http:\/\/www.lakelandboating.com\/\">www.lakelandboating.com<\/a><\/td>\n<\/tr>\n<tr>\n<td>U.S.<\/td>\n<td>Maine Boats &amp; Harbors<\/td>\n<td><a href=\"http:\/\/www.maineboats.com\/\">www.maineboats.com<\/a><\/td>\n<\/tr>\n<tr>\n<td>U.S.<\/td>\n<td>Ocean Navigator<\/td>\n<td><a href=\"http:\/\/www.oceannavigator.com\/\">www.oceannavigator.com<\/a><\/td>\n<\/tr>\n<tr>\n<td>U.S.<\/td>\n<td>Professional Boat Builder Magazine<\/td>\n<td><a href=\"http:\/\/www.proboat.com\/\">www.proboat.com<\/a><\/td>\n<\/tr>\n<tr>\n<td>U.S.<\/td>\n<td>Southern Boating Magazine<\/td>\n<td><a href=\"http:\/\/www.southernboating.com\/\">www.southernboating.com<\/a><\/td>\n<\/tr>\n<\/tbody>\n<\/table>\t\t\t\t\t\t\t\t<\/div>\n\t\t\t\t<\/div>\n\t\t\t\t\t<\/div>\n\t\t<\/div>\n\t\t\t\t\t<\/div>\n\t\t<\/section>\n\t\t\t\t<\/div>","protected":false},"excerpt":{"rendered":"<p>Kansainv\u00e4lisi\u00e4 venelehti\u00e4\u200b Maa Lehti www-sivut Etel\u00e4-Afrikka SA Yachting www.sailing.co.za Hollanti Motorboot www.motorboot.com Hollanti Schuttevaer www.schuttevaer.nl Hollanti Zeilen www.zeilen.com Irlanti Afloat www.afloat.ie Italia Annuario della Nautica www.nautica.it Italia Bolina www.bolina.it Italia [&hellip;]<\/p>\n","protected":false},"author":346,"featured_media":0,"parent":0,"menu_order":0,"comment_status":"closed","ping_status":"closed","template":"","meta":{"_acf_changed":false,"_crdt_document":"","inline_featured_image":false,"_monsterinsights_skip_tracking":false,"_monsterinsights_sitenote_active":false,"_monsterinsights_sitenote_note":"","_monsterinsights_sitenote_category":0,"footnotes":""},"class_list":["post-2987","page","type-page","status-publish","hentry"],"acf":[],"yoast_head":"<!-- This site is optimized with the Yoast SEO plugin v27.3 - https:\/\/yoast.com\/product\/yoast-seo-wordpress\/ -->\n<title>Kansainv\u00e4lisi\u00e4 venelehti\u00e4 - Finnboat<\/title>\n<meta name=\"robots\" content=\"index, follow, max-snippet:-1, max-image-preview:large, max-video-preview:-1\" \/>\n<link rel=\"canonical\" href=\"https:\/\/www.finnboat.fi\/en\/kansainvalisia-venelehtia\/\" \/>\n<meta property=\"og:locale\" content=\"en_GB\" \/>\n<meta property=\"og:type\" content=\"article\" \/>\n<meta property=\"og:title\" content=\"Kansainv\u00e4lisi\u00e4 venelehti\u00e4 - Finnboat\" \/>\n<meta property=\"og:description\" content=\"Kansainv\u00e4lisi\u00e4 venelehti\u00e4\u200b Maa Lehti www-sivut Etel\u00e4-Afrikka SA Yachting www.sailing.co.za Hollanti Motorboot www.motorboot.com Hollanti Schuttevaer www.schuttevaer.nl Hollanti Zeilen www.zeilen.com Irlanti Afloat www.afloat.ie Italia Annuario della Nautica www.nautica.it Italia Bolina www.bolina.it Italia [&hellip;]\" \/>\n<meta property=\"og:url\" content=\"https:\/\/www.finnboat.fi\/en\/kansainvalisia-venelehtia\/\" \/>\n<meta property=\"og:site_name\" content=\"Finnboat\" \/>\n<meta property=\"article:modified_time\" content=\"2025-02-11T10:08:58+00:00\" \/>\n<meta name=\"twitter:card\" content=\"summary_large_image\" \/>\n<meta name=\"twitter:label1\" content=\"Estimated reading time\" \/>\n\t<meta name=\"twitter:data1\" content=\"2 minutes\" \/>\n<script type=\"application\/ld+json\" class=\"yoast-schema-graph\">{\"@context\":\"https:\\\/\\\/schema.org\",\"@graph\":[{\"@type\":\"WebPage\",\"@id\":\"https:\\\/\\\/www.finnboat.fi\\\/kansainvalisia-venelehtia\\\/\",\"url\":\"https:\\\/\\\/www.finnboat.fi\\\/kansainvalisia-venelehtia\\\/\",\"name\":\"Kansainv\u00e4lisi\u00e4 venelehti\u00e4 - Finnboat\",\"isPartOf\":{\"@id\":\"https:\\\/\\\/www.finnboat.fi\\\/en\\\/#website\"},\"datePublished\":\"2022-05-30T13:25:45+00:00\",\"dateModified\":\"2025-02-11T10:08:58+00:00\",\"breadcrumb\":{\"@id\":\"https:\\\/\\\/www.finnboat.fi\\\/kansainvalisia-venelehtia\\\/#breadcrumb\"},\"inLanguage\":\"en-GB\",\"potentialAction\":[{\"@type\":\"ReadAction\",\"target\":[\"https:\\\/\\\/www.finnboat.fi\\\/kansainvalisia-venelehtia\\\/\"]}]},{\"@type\":\"BreadcrumbList\",\"@id\":\"https:\\\/\\\/www.finnboat.fi\\\/kansainvalisia-venelehtia\\\/#breadcrumb\",\"itemListElement\":[{\"@type\":\"ListItem\",\"position\":1,\"name\":\"Etusivu\",\"item\":\"https:\\\/\\\/www.finnboat.fi\\\/\"},{\"@type\":\"ListItem\",\"position\":2,\"name\":\"Kansainv\u00e4lisi\u00e4 venelehti\u00e4\"}]},{\"@type\":\"WebSite\",\"@id\":\"https:\\\/\\\/www.finnboat.fi\\\/en\\\/#website\",\"url\":\"https:\\\/\\\/www.finnboat.fi\\\/en\\\/\",\"name\":\"Finnboat\",\"description\":\"Venealan Keskusliitto Finnboat ry\",\"publisher\":{\"@id\":\"https:\\\/\\\/www.finnboat.fi\\\/en\\\/#organization\"},\"potentialAction\":[{\"@type\":\"SearchAction\",\"target\":{\"@type\":\"EntryPoint\",\"urlTemplate\":\"https:\\\/\\\/www.finnboat.fi\\\/en\\\/?s={search_term_string}\"},\"query-input\":{\"@type\":\"PropertyValueSpecification\",\"valueRequired\":true,\"valueName\":\"search_term_string\"}}],\"inLanguage\":\"en-GB\"},{\"@type\":\"Organization\",\"@id\":\"https:\\\/\\\/www.finnboat.fi\\\/en\\\/#organization\",\"name\":\"Finnboat\",\"url\":\"https:\\\/\\\/www.finnboat.fi\\\/en\\\/\",\"logo\":{\"@type\":\"ImageObject\",\"inLanguage\":\"en-GB\",\"@id\":\"https:\\\/\\\/www.finnboat.fi\\\/en\\\/#\\\/schema\\\/logo\\\/image\\\/\",\"url\":\"https:\\\/\\\/www.finnboat.fi\\\/wp-content\\\/uploads\\\/2026\\\/02\\\/cropped-kassi.png\",\"contentUrl\":\"https:\\\/\\\/www.finnboat.fi\\\/wp-content\\\/uploads\\\/2026\\\/02\\\/cropped-kassi.png\",\"width\":1023,\"height\":1023,\"caption\":\"Finnboat\"},\"image\":{\"@id\":\"https:\\\/\\\/www.finnboat.fi\\\/en\\\/#\\\/schema\\\/logo\\\/image\\\/\"}}]}<\/script>\n<!-- \/ Yoast SEO plugin. -->","yoast_head_json":{"title":"Kansainv\u00e4lisi\u00e4 venelehti\u00e4 - Finnboat","robots":{"index":"index","follow":"follow","max-snippet":"max-snippet:-1","max-image-preview":"max-image-preview:large","max-video-preview":"max-video-preview:-1"},"canonical":"https:\/\/www.finnboat.fi\/en\/kansainvalisia-venelehtia\/","og_locale":"en_GB","og_type":"article","og_title":"Kansainv\u00e4lisi\u00e4 venelehti\u00e4 - Finnboat","og_description":"Kansainv\u00e4lisi\u00e4 venelehti\u00e4\u200b Maa Lehti www-sivut Etel\u00e4-Afrikka SA Yachting www.sailing.co.za Hollanti Motorboot www.motorboot.com Hollanti Schuttevaer www.schuttevaer.nl Hollanti Zeilen www.zeilen.com Irlanti Afloat www.afloat.ie Italia Annuario della Nautica www.nautica.it Italia Bolina www.bolina.it Italia [&hellip;]","og_url":"https:\/\/www.finnboat.fi\/en\/kansainvalisia-venelehtia\/","og_site_name":"Finnboat","article_modified_time":"2025-02-11T10:08:58+00:00","twitter_card":"summary_large_image","twitter_misc":{"Estimated reading time":"2 minutes"},"schema":{"@context":"https:\/\/schema.org","@graph":[{"@type":"WebPage","@id":"https:\/\/www.finnboat.fi\/kansainvalisia-venelehtia\/","url":"https:\/\/www.finnboat.fi\/kansainvalisia-venelehtia\/","name":"Kansainv\u00e4lisi\u00e4 venelehti\u00e4 - Finnboat","isPartOf":{"@id":"https:\/\/www.finnboat.fi\/en\/#website"},"datePublished":"2022-05-30T13:25:45+00:00","dateModified":"2025-02-11T10:08:58+00:00","breadcrumb":{"@id":"https:\/\/www.finnboat.fi\/kansainvalisia-venelehtia\/#breadcrumb"},"inLanguage":"en-GB","potentialAction":[{"@type":"ReadAction","target":["https:\/\/www.finnboat.fi\/kansainvalisia-venelehtia\/"]}]},{"@type":"BreadcrumbList","@id":"https:\/\/www.finnboat.fi\/kansainvalisia-venelehtia\/#breadcrumb","itemListElement":[{"@type":"ListItem","position":1,"name":"Etusivu","item":"https:\/\/www.finnboat.fi\/"},{"@type":"ListItem","position":2,"name":"Kansainv\u00e4lisi\u00e4 venelehti\u00e4"}]},{"@type":"WebSite","@id":"https:\/\/www.finnboat.fi\/en\/#website","url":"https:\/\/www.finnboat.fi\/en\/","name":"Finnboat","description":"Finnish Marine Industries Federation Finnboat","publisher":{"@id":"https:\/\/www.finnboat.fi\/en\/#organization"},"potentialAction":[{"@type":"SearchAction","target":{"@type":"EntryPoint","urlTemplate":"https:\/\/www.finnboat.fi\/en\/?s={search_term_string}"},"query-input":{"@type":"PropertyValueSpecification","valueRequired":true,"valueName":"search_term_string"}}],"inLanguage":"en-GB"},{"@type":"Organization","@id":"https:\/\/www.finnboat.fi\/en\/#organization","name":"Finnboat","url":"https:\/\/www.finnboat.fi\/en\/","logo":{"@type":"ImageObject","inLanguage":"en-GB","@id":"https:\/\/www.finnboat.fi\/en\/#\/schema\/logo\/image\/","url":"https:\/\/www.finnboat.fi\/wp-content\/uploads\/2026\/02\/cropped-kassi.png","contentUrl":"https:\/\/www.finnboat.fi\/wp-content\/uploads\/2026\/02\/cropped-kassi.png","width":1023,"height":1023,"caption":"Finnboat"},"image":{"@id":"https:\/\/www.finnboat.fi\/en\/#\/schema\/logo\/image\/"}}]}},"_links":{"self":[{"href":"https:\/\/www.finnboat.fi\/en\/wp-json\/wp\/v2\/pages\/2987","targetHints":{"allow":["GET"]}}],"collection":[{"href":"https:\/\/www.finnboat.fi\/en\/wp-json\/wp\/v2\/pages"}],"about":[{"href":"https:\/\/www.finnboat.fi\/en\/wp-json\/wp\/v2\/types\/page"}],"author":[{"embeddable":true,"href":"https:\/\/www.finnboat.fi\/en\/wp-json\/wp\/v2\/users\/346"}],"replies":[{"embeddable":true,"href":"https:\/\/www.finnboat.fi\/en\/wp-json\/wp\/v2\/comments?post=2987"}],"version-history":[{"count":97,"href":"https:\/\/www.finnboat.fi\/en\/wp-json\/wp\/v2\/pages\/2987\/revisions"}],"predecessor-version":[{"id":12237,"href":"https:\/\/www.finnboat.fi\/en\/wp-json\/wp\/v2\/pages\/2987\/revisions\/12237"}],"wp:attachment":[{"href":"https:\/\/www.finnboat.fi\/en\/wp-json\/wp\/v2\/media?parent=2987"}],"curies":[{"name":"wp","href":"https:\/\/api.w.org\/{rel}","templated":true}]}}