{"id":3298,"date":"2022-05-31T10:08:54","date_gmt":"2022-05-31T07:08:54","guid":{"rendered":"https:\/\/finnboatfi-wp16167.test.cchosting.fi\/?page_id=3298"},"modified":"2025-11-14T16:02:30","modified_gmt":"2025-11-14T14:02:30","slug":"icomia-kansainvalinen-yhteistyo","status":"publish","type":"page","link":"https:\/\/www.finnboat.fi\/en\/jasensivut\/icomia-kansainvalinen-yhteistyo\/","title":{"rendered":"Kansainv\u00e4linen yhteisty\u00f6 &#8211; ICOMIA"},"content":{"rendered":"<div class=\"members-access-error\">T\u00e4m\u00e4 sis\u00e4lt\u00f6 on tarkoitettu vain kirjautuneille j\u00e4senille.<\/div>","protected":false},"excerpt":{"rendered":"<div class=\"members-access-error\">T\u00e4m\u00e4 sis\u00e4lt\u00f6 on tarkoitettu vain kirjautuneille j\u00e4senille.<\/div>","protected":false},"author":346,"featured_media":0,"parent":3269,"menu_order":0,"comment_status":"closed","ping_status":"closed","template":"","meta":{"_acf_changed":false,"_crdt_document":"","inline_featured_image":false,"_monsterinsights_skip_tracking":false,"_monsterinsights_sitenote_active":false,"_monsterinsights_sitenote_note":"","_monsterinsights_sitenote_category":0,"footnotes":""},"class_list":["post-3298","page","type-page","status-publish","hentry"],"acf":[],"yoast_head":"<!-- This site is optimized with the Yoast SEO plugin v27.4 - https:\/\/yoast.com\/product\/yoast-seo-wordpress\/ -->\n<title>Kansainv\u00e4linen yhteisty\u00f6 - ICOMIA - Finnboat<\/title>\n<meta name=\"robots\" content=\"index, follow, max-snippet:-1, max-image-preview:large, max-video-preview:-1\" \/>\n<link rel=\"canonical\" href=\"https:\/\/www.finnboat.fi\/en\/jasensivut\/icomia-kansainvalinen-yhteistyo\/\" \/>\n<meta property=\"og:locale\" content=\"en_GB\" \/>\n<meta property=\"og:type\" content=\"article\" \/>\n<meta property=\"og:title\" content=\"Kansainv\u00e4linen yhteisty\u00f6 - ICOMIA - Finnboat\" \/>\n<meta property=\"og:description\" content=\"T\u00e4m\u00e4 sis\u00e4lt\u00f6 on tarkoitettu vain kirjautuneille j\u00e4senille.\" \/>\n<meta property=\"og:url\" content=\"https:\/\/www.finnboat.fi\/en\/jasensivut\/icomia-kansainvalinen-yhteistyo\/\" \/>\n<meta property=\"og:site_name\" content=\"Finnboat\" \/>\n<meta property=\"article:modified_time\" content=\"2025-11-14T14:02:30+00:00\" \/>\n<meta name=\"twitter:card\" content=\"summary_large_image\" \/>\n<meta name=\"twitter:label1\" content=\"Estimated reading time\" \/>\n\t<meta name=\"twitter:data1\" content=\"4 minutes\" \/>\n<script type=\"application\/ld+json\" class=\"yoast-schema-graph\">{\"@context\":\"https:\\\/\\\/schema.org\",\"@graph\":[{\"@type\":\"WebPage\",\"@id\":\"https:\\\/\\\/www.finnboat.fi\\\/jasensivut\\\/icomia-kansainvalinen-yhteistyo\\\/\",\"url\":\"https:\\\/\\\/www.finnboat.fi\\\/jasensivut\\\/icomia-kansainvalinen-yhteistyo\\\/\",\"name\":\"Kansainv\u00e4linen yhteisty\u00f6 - ICOMIA - Finnboat\",\"isPartOf\":{\"@id\":\"https:\\\/\\\/www.finnboat.fi\\\/en\\\/#website\"},\"datePublished\":\"2022-05-31T07:08:54+00:00\",\"dateModified\":\"2025-11-14T14:02:30+00:00\",\"breadcrumb\":{\"@id\":\"https:\\\/\\\/www.finnboat.fi\\\/jasensivut\\\/icomia-kansainvalinen-yhteistyo\\\/#breadcrumb\"},\"inLanguage\":\"en-GB\",\"potentialAction\":[{\"@type\":\"ReadAction\",\"target\":[\"https:\\\/\\\/www.finnboat.fi\\\/jasensivut\\\/icomia-kansainvalinen-yhteistyo\\\/\"]}]},{\"@type\":\"BreadcrumbList\",\"@id\":\"https:\\\/\\\/www.finnboat.fi\\\/jasensivut\\\/icomia-kansainvalinen-yhteistyo\\\/#breadcrumb\",\"itemListElement\":[{\"@type\":\"ListItem\",\"position\":1,\"name\":\"Etusivu\",\"item\":\"https:\\\/\\\/www.finnboat.fi\\\/\"},{\"@type\":\"ListItem\",\"position\":2,\"name\":\"J\u00e4sensivut\",\"item\":\"https:\\\/\\\/www.finnboat.fi\\\/jasensivut\\\/\"},{\"@type\":\"ListItem\",\"position\":3,\"name\":\"Kansainv\u00e4linen yhteisty\u00f6 &#8211; ICOMIA\"}]},{\"@type\":\"WebSite\",\"@id\":\"https:\\\/\\\/www.finnboat.fi\\\/en\\\/#website\",\"url\":\"https:\\\/\\\/www.finnboat.fi\\\/en\\\/\",\"name\":\"Finnboat\",\"description\":\"Venealan Keskusliitto Finnboat ry\",\"publisher\":{\"@id\":\"https:\\\/\\\/www.finnboat.fi\\\/en\\\/#organization\"},\"potentialAction\":[{\"@type\":\"SearchAction\",\"target\":{\"@type\":\"EntryPoint\",\"urlTemplate\":\"https:\\\/\\\/www.finnboat.fi\\\/en\\\/?s={search_term_string}\"},\"query-input\":{\"@type\":\"PropertyValueSpecification\",\"valueRequired\":true,\"valueName\":\"search_term_string\"}}],\"inLanguage\":\"en-GB\"},{\"@type\":\"Organization\",\"@id\":\"https:\\\/\\\/www.finnboat.fi\\\/en\\\/#organization\",\"name\":\"Finnboat\",\"url\":\"https:\\\/\\\/www.finnboat.fi\\\/en\\\/\",\"logo\":{\"@type\":\"ImageObject\",\"inLanguage\":\"en-GB\",\"@id\":\"https:\\\/\\\/www.finnboat.fi\\\/en\\\/#\\\/schema\\\/logo\\\/image\\\/\",\"url\":\"https:\\\/\\\/www.finnboat.fi\\\/wp-content\\\/uploads\\\/2026\\\/02\\\/cropped-kassi.png\",\"contentUrl\":\"https:\\\/\\\/www.finnboat.fi\\\/wp-content\\\/uploads\\\/2026\\\/02\\\/cropped-kassi.png\",\"width\":1023,\"height\":1023,\"caption\":\"Finnboat\"},\"image\":{\"@id\":\"https:\\\/\\\/www.finnboat.fi\\\/en\\\/#\\\/schema\\\/logo\\\/image\\\/\"}}]}<\/script>\n<!-- \/ Yoast SEO plugin. -->","yoast_head_json":{"title":"Kansainv\u00e4linen yhteisty\u00f6 - ICOMIA - Finnboat","robots":{"index":"index","follow":"follow","max-snippet":"max-snippet:-1","max-image-preview":"max-image-preview:large","max-video-preview":"max-video-preview:-1"},"canonical":"https:\/\/www.finnboat.fi\/en\/jasensivut\/icomia-kansainvalinen-yhteistyo\/","og_locale":"en_GB","og_type":"article","og_title":"Kansainv\u00e4linen yhteisty\u00f6 - ICOMIA - Finnboat","og_description":"T\u00e4m\u00e4 sis\u00e4lt\u00f6 on tarkoitettu vain kirjautuneille j\u00e4senille.","og_url":"https:\/\/www.finnboat.fi\/en\/jasensivut\/icomia-kansainvalinen-yhteistyo\/","og_site_name":"Finnboat","article_modified_time":"2025-11-14T14:02:30+00:00","twitter_card":"summary_large_image","twitter_misc":{"Estimated reading time":"4 minutes"},"schema":{"@context":"https:\/\/schema.org","@graph":[{"@type":"WebPage","@id":"https:\/\/www.finnboat.fi\/jasensivut\/icomia-kansainvalinen-yhteistyo\/","url":"https:\/\/www.finnboat.fi\/jasensivut\/icomia-kansainvalinen-yhteistyo\/","name":"Kansainv\u00e4linen yhteisty\u00f6 - ICOMIA - Finnboat","isPartOf":{"@id":"https:\/\/www.finnboat.fi\/en\/#website"},"datePublished":"2022-05-31T07:08:54+00:00","dateModified":"2025-11-14T14:02:30+00:00","breadcrumb":{"@id":"https:\/\/www.finnboat.fi\/jasensivut\/icomia-kansainvalinen-yhteistyo\/#breadcrumb"},"inLanguage":"en-GB","potentialAction":[{"@type":"ReadAction","target":["https:\/\/www.finnboat.fi\/jasensivut\/icomia-kansainvalinen-yhteistyo\/"]}]},{"@type":"BreadcrumbList","@id":"https:\/\/www.finnboat.fi\/jasensivut\/icomia-kansainvalinen-yhteistyo\/#breadcrumb","itemListElement":[{"@type":"ListItem","position":1,"name":"Etusivu","item":"https:\/\/www.finnboat.fi\/"},{"@type":"ListItem","position":2,"name":"J\u00e4sensivut","item":"https:\/\/www.finnboat.fi\/jasensivut\/"},{"@type":"ListItem","position":3,"name":"Kansainv\u00e4linen yhteisty\u00f6 &#8211; ICOMIA"}]},{"@type":"WebSite","@id":"https:\/\/www.finnboat.fi\/en\/#website","url":"https:\/\/www.finnboat.fi\/en\/","name":"Finnboat","description":"Finnish Marine Industries Federation Finnboat","publisher":{"@id":"https:\/\/www.finnboat.fi\/en\/#organization"},"potentialAction":[{"@type":"SearchAction","target":{"@type":"EntryPoint","urlTemplate":"https:\/\/www.finnboat.fi\/en\/?s={search_term_string}"},"query-input":{"@type":"PropertyValueSpecification","valueRequired":true,"valueName":"search_term_string"}}],"inLanguage":"en-GB"},{"@type":"Organization","@id":"https:\/\/www.finnboat.fi\/en\/#organization","name":"Finnboat","url":"https:\/\/www.finnboat.fi\/en\/","logo":{"@type":"ImageObject","inLanguage":"en-GB","@id":"https:\/\/www.finnboat.fi\/en\/#\/schema\/logo\/image\/","url":"https:\/\/www.finnboat.fi\/wp-content\/uploads\/2026\/02\/cropped-kassi.png","contentUrl":"https:\/\/www.finnboat.fi\/wp-content\/uploads\/2026\/02\/cropped-kassi.png","width":1023,"height":1023,"caption":"Finnboat"},"image":{"@id":"https:\/\/www.finnboat.fi\/en\/#\/schema\/logo\/image\/"}}]}},"_links":{"self":[{"href":"https:\/\/www.finnboat.fi\/en\/wp-json\/wp\/v2\/pages\/3298","targetHints":{"allow":["GET"]}}],"collection":[{"href":"https:\/\/www.finnboat.fi\/en\/wp-json\/wp\/v2\/pages"}],"about":[{"href":"https:\/\/www.finnboat.fi\/en\/wp-json\/wp\/v2\/types\/page"}],"author":[{"embeddable":true,"href":"https:\/\/www.finnboat.fi\/en\/wp-json\/wp\/v2\/users\/346"}],"replies":[{"embeddable":true,"href":"https:\/\/www.finnboat.fi\/en\/wp-json\/wp\/v2\/comments?post=3298"}],"version-history":[{"count":98,"href":"https:\/\/www.finnboat.fi\/en\/wp-json\/wp\/v2\/pages\/3298\/revisions"}],"predecessor-version":[{"id":13728,"href":"https:\/\/www.finnboat.fi\/en\/wp-json\/wp\/v2\/pages\/3298\/revisions\/13728"}],"up":[{"embeddable":true,"href":"https:\/\/www.finnboat.fi\/en\/wp-json\/wp\/v2\/pages\/3269"}],"wp:attachment":[{"href":"https:\/\/www.finnboat.fi\/en\/wp-json\/wp\/v2\/media?parent=3298"}],"curies":[{"name":"wp","href":"https:\/\/api.w.org\/{rel}","templated":true}]}}