{"id":7503,"date":"2022-09-26T11:40:04","date_gmt":"2022-09-26T08:40:04","guid":{"rendered":"https:\/\/finnboatfi-wp16167.test.cchosting.fi\/?page_id=7503"},"modified":"2022-09-26T11:49:10","modified_gmt":"2022-09-26T08:49:10","slug":"tiedotearkisto","status":"publish","type":"page","link":"https:\/\/www.finnboat.fi\/en\/tiedotearkisto\/","title":{"rendered":"news archives"},"content":{"rendered":"<div data-elementor-type=\"wp-page\" data-elementor-id=\"7503\" class=\"elementor elementor-7503\">\n\t\t\t\t\t\t<section class=\"elementor-section elementor-top-section elementor-element elementor-element-57a33fd5 elementor-section-height-min-height elementor-section-boxed elementor-section-height-default elementor-section-items-middle\" data-id=\"57a33fd5\" data-element_type=\"section\" data-e-type=\"section\" data-settings=\"{&quot;background_background&quot;:&quot;classic&quot;}\">\n\t\t\t\t\t\t\t<div class=\"elementor-background-overlay\"><\/div>\n\t\t\t\t\t\t\t<div class=\"elementor-container elementor-column-gap-default\">\n\t\t\t\t\t<div class=\"elementor-column elementor-col-100 elementor-top-column elementor-element elementor-element-713bf8ad\" data-id=\"713bf8ad\" data-element_type=\"column\" data-e-type=\"column\">\n\t\t\t<div class=\"elementor-widget-wrap elementor-element-populated\">\n\t\t\t\t\t\t<div class=\"elementor-element elementor-element-1b3ccfb5 elementor-widget elementor-widget-heading\" data-id=\"1b3ccfb5\" data-element_type=\"widget\" data-e-type=\"widget\" data-widget_type=\"heading.default\">\n\t\t\t\t<div class=\"elementor-widget-container\">\n\t\t\t\t\t<h1 class=\"elementor-heading-title elementor-size-xxl\">news archives<\/h1>\t\t\t\t<\/div>\n\t\t\t\t<\/div>\n\t\t\t\t\t<\/div>\n\t\t<\/div>\n\t\t\t\t\t<\/div>\n\t\t<\/section>\n\t\t\t\t<section class=\"elementor-section elementor-top-section elementor-element elementor-element-5eb8cdc elementor-section-boxed elementor-section-height-default elementor-section-height-default\" data-id=\"5eb8cdc\" data-element_type=\"section\" data-e-type=\"section\">\n\t\t\t\t\t\t<div class=\"elementor-container elementor-column-gap-default\">\n\t\t\t\t\t<div class=\"elementor-column elementor-col-100 elementor-top-column elementor-element elementor-element-1ff3876\" data-id=\"1ff3876\" data-element_type=\"column\" data-e-type=\"column\">\n\t\t\t<div class=\"elementor-widget-wrap elementor-element-populated\">\n\t\t\t\t\t\t<div class=\"elementor-element elementor-element-48f777b elementor-widget elementor-widget-eael-post-timeline\" data-id=\"48f777b\" data-element_type=\"widget\" data-e-type=\"widget\" data-widget_type=\"eael-post-timeline.default\">\n\t\t\t\t<div class=\"elementor-widget-container\">\n\t\t\t\t\t<div id=\"eael-post-timeline-48f777b\" class=\"eael-post-timeline timeline-layout-card eael-post-timeline-arrow-top\">\n            <div class=\"eael-post-timeline eael-post-appender eael-post-appender-48f777b\"><article class=\"eael-timeline-post\">\n    <div class=\"eael-timeline-bullet\"><\/div>\n    <div class=\"eael-timeline-post-inner\">\n        <a class=\"eael-timeline-post-link\" href=\"https:\/\/www.finnboat.fi\/en\/blog\/2026\/02\/06\/suomen-venealan-kurssi-kaantymassa-tukkutoimitukset-kaantyivat-jo-kasvuun\/\" title=\"Suomen venealan kurssi k\u00e4\u00e4ntym\u00e4ss\u00e4 \u2013 tukkutoimitukset k\u00e4\u00e4ntyiv\u00e4t jo kasvuun\">\n            <time datetime=\"6.2.2026\">6.2.2026<\/time>\n            <div class=\"eael-timeline-content\"><div class=\"eael-timeline-post-title\">\n\t\t                    <h2 class=\"eael-timeline-post-title-text\">Suomen venealan kurssi k\u00e4\u00e4ntym\u00e4ss\u00e4 \u2013 tukkutoimitukset k\u00e4\u00e4ntyiv\u00e4t jo kasvuun<\/h2>\n\t\t                <\/div><div class=\"eael-timeline-post-excerpt\"><p>T\u00e4m\u00e4n j\u00e4senviestin alta l\u00f6ytyy my\u00f6s seuraava viesti: B\u00e5tbranschens kurs sv\u00e4nger...<\/p><\/div><\/div><\/a>\n    <\/div>\n    <div class=\"eael-timeline-clear\"><\/div>\n<\/article><article class=\"eael-timeline-post\">\n    <div class=\"eael-timeline-bullet\"><\/div>\n    <div class=\"eael-timeline-post-inner\">\n        <a class=\"eael-timeline-post-link\" href=\"https:\/\/www.finnboat.fi\/en\/blog\/2026\/02\/06\/batbranschens-kurs-svanger-i-finland-leveranserna-till-aterforsaljare-okar\/\" title=\"B\u00e5tbranschens kurs sv\u00e4nger i Finland \u2013 leveranserna till \u00e5terf\u00f6rs\u00e4ljare \u00f6kar\">\n            <time datetime=\"6.2.2026\">6.2.2026<\/time>\n            <div class=\"eael-timeline-content\"><div class=\"eael-timeline-post-title\">\n\t\t                    <h2 class=\"eael-timeline-post-title-text\">B\u00e5tbranschens kurs sv\u00e4nger i Finland \u2013 leveranserna till \u00e5terf\u00f6rs\u00e4ljare \u00f6kar<\/h2>\n\t\t                <\/div><div class=\"eael-timeline-post-excerpt\"><p>Konsumenternas os\u00e4kerhet och en l\u00e5ngsammare ekonomisk \u00e5terh\u00e4mtning \u00e4n v\u00e4ntat pr\u00e4glade...<\/p><\/div><\/div><\/a>\n    <\/div>\n    <div class=\"eael-timeline-clear\"><\/div>\n<\/article><article class=\"eael-timeline-post\">\n    <div class=\"eael-timeline-bullet\"><\/div>\n    <div class=\"eael-timeline-post-inner\">\n        <a class=\"eael-timeline-post-link\" href=\"https:\/\/www.finnboat.fi\/en\/blog\/2026\/02\/06\/finlands-boating-industry-turning-a-corner-wholesale-deliveries-already-back-in-growth\/\" title=\"Finland\u2019s boating industry turning a corner \u2013 wholesale deliveries already back in growth\">\n            <time datetime=\"6.2.2026\">6.2.2026<\/time>\n            <div class=\"eael-timeline-content\"><div class=\"eael-timeline-post-title\">\n\t\t                    <h2 class=\"eael-timeline-post-title-text\">Finland\u2019s boating industry turning a corner \u2013 wholesale deliveries already back in growth<\/h2>\n\t\t                <\/div><div class=\"eael-timeline-post-excerpt\"><p>Consumer uncertainty and the economy\u2019s slower-than-expected turnaround were still reflected...<\/p><\/div><\/div><\/a>\n    <\/div>\n    <div class=\"eael-timeline-clear\"><\/div>\n<\/article><article class=\"eael-timeline-post\">\n    <div class=\"eael-timeline-bullet\"><\/div>\n    <div class=\"eael-timeline-post-inner\">\n        <a class=\"eael-timeline-post-link\" href=\"https:\/\/www.finnboat.fi\/en\/blog\/2026\/02\/05\/finnboat-80-vuotta-suomalaisen-venealan-puolesta\/\" title=\"Finnboat \u2013 80 vuotta suomalaisen venealan puolesta\">\n            <time datetime=\"5.2.2026\">5.2.2026<\/time>\n            <div class=\"eael-timeline-content\"><div class=\"eael-timeline-post-title\">\n\t\t                    <h2 class=\"eael-timeline-post-title-text\">Finnboat \u2013 80 vuotta suomalaisen venealan puolesta<\/h2>\n\t\t                <\/div><div class=\"eael-timeline-post-excerpt\"><p>T\u00e4m\u00e4n j\u00e4senviestin alla my\u00f6s seuraavat viestit: Finnboat \u2013 80 \u00e5r...<\/p><\/div><\/div><\/a>\n    <\/div>\n    <div class=\"eael-timeline-clear\"><\/div>\n<\/article><\/div>\n\t\t<\/div>            <div class=\"eael-load-more-button-wrap\">\n                <button class=\"eael-load-more-button\" id=\"eael-load-more-btn-48f777b\" data-widget-id=\"48f777b\" data-widget=\"48f777b\" data-page-id=\"7503\" data-template=\"{&quot;dir&quot;:&quot;lite&quot;,&quot;file_name&quot;:&quot;card.php&quot;,&quot;name&quot;:&quot;Post-Timeline&quot;}\" data-class=\"Essential_Addons_Elementor\\Elements\\Post_Timeline\" data-layout=\"\" data-page=\"1\" data-args=\"orderby=date&amp;order=desc&amp;ignore_sticky_posts=1&amp;post_status=publish&amp;posts_per_page=4&amp;offset=0&amp;post_type=post&amp;tax_query%5B0%5D%5Btaxonomy%5D=category&amp;tax_query%5B0%5D%5Bfield%5D=term_id&amp;tax_query%5B0%5D%5Bterms%5D%5B0%5D=17&amp;tax_query%5Brelation%5D=AND\" data-max-page=\"65\">\n                    <span class=\"eael-btn-loader button__loader\"><\/span>\n                    <span class=\"eael_load_more_text\">Lataa lis\u00e4\u00e4<\/span>\n                <\/button>\n            <\/div>\n            \t\t\t\t<\/div>\n\t\t\t\t<\/div>\n\t\t\t\t\t<\/div>\n\t\t<\/div>\n\t\t\t\t\t<\/div>\n\t\t<\/section>\n\t\t\t\t<\/div>","protected":false},"excerpt":{"rendered":"<p>Tiedotearkisto 5.1.2022 Vene 22 B\u00e5t -messut siirtyy vuoden 2023 helmikuuhun Todenn\u00e4k\u00f6isesti edelleen jatkuvien yleis\u00f6tilaisuusrajoitusten vuoksi Vene 22 B\u00e5t -messut on&#8230; 13.12.2021 VENE 22 B\u00c5T TUO VENEET JA VENEILYN MESSUKESKUKSEEN Pohjois-Euroopan [&hellip;]<\/p>\n","protected":false},"author":346,"featured_media":0,"parent":0,"menu_order":0,"comment_status":"closed","ping_status":"closed","template":"","meta":{"_acf_changed":false,"_crdt_document":"","inline_featured_image":false,"_monsterinsights_skip_tracking":false,"_monsterinsights_sitenote_active":false,"_monsterinsights_sitenote_note":"","_monsterinsights_sitenote_category":0,"footnotes":""},"class_list":["post-7503","page","type-page","status-publish","hentry"],"acf":[],"yoast_head":"<!-- This site is optimized with the Yoast SEO plugin v27.3 - https:\/\/yoast.com\/product\/yoast-seo-wordpress\/ -->\n<title>Tiedotearkisto - Finnboat<\/title>\n<meta name=\"robots\" content=\"index, follow, max-snippet:-1, max-image-preview:large, max-video-preview:-1\" \/>\n<link rel=\"canonical\" href=\"https:\/\/www.finnboat.fi\/en\/tiedotearkisto\/\" \/>\n<meta property=\"og:locale\" content=\"en_GB\" \/>\n<meta property=\"og:type\" content=\"article\" \/>\n<meta property=\"og:title\" content=\"Tiedotearkisto - Finnboat\" \/>\n<meta property=\"og:description\" content=\"Tiedotearkisto 5.1.2022 Vene 22 B\u00e5t -messut siirtyy vuoden 2023 helmikuuhun Todenn\u00e4k\u00f6isesti edelleen jatkuvien yleis\u00f6tilaisuusrajoitusten vuoksi Vene 22 B\u00e5t -messut on&#8230; 13.12.2021 VENE 22 B\u00c5T TUO VENEET JA VENEILYN MESSUKESKUKSEEN Pohjois-Euroopan [&hellip;]\" \/>\n<meta property=\"og:url\" content=\"https:\/\/www.finnboat.fi\/en\/tiedotearkisto\/\" \/>\n<meta property=\"og:site_name\" content=\"Finnboat\" \/>\n<meta property=\"article:modified_time\" content=\"2022-09-26T08:49:10+00:00\" \/>\n<meta name=\"twitter:card\" content=\"summary_large_image\" \/>\n<meta name=\"twitter:label1\" content=\"Estimated reading time\" \/>\n\t<meta name=\"twitter:data1\" content=\"1 minute\" \/>\n<script type=\"application\/ld+json\" class=\"yoast-schema-graph\">{\"@context\":\"https:\\\/\\\/schema.org\",\"@graph\":[{\"@type\":\"WebPage\",\"@id\":\"https:\\\/\\\/www.finnboat.fi\\\/tiedotearkisto\\\/\",\"url\":\"https:\\\/\\\/www.finnboat.fi\\\/tiedotearkisto\\\/\",\"name\":\"Tiedotearkisto - Finnboat\",\"isPartOf\":{\"@id\":\"https:\\\/\\\/www.finnboat.fi\\\/en\\\/#website\"},\"datePublished\":\"2022-09-26T08:40:04+00:00\",\"dateModified\":\"2022-09-26T08:49:10+00:00\",\"breadcrumb\":{\"@id\":\"https:\\\/\\\/www.finnboat.fi\\\/tiedotearkisto\\\/#breadcrumb\"},\"inLanguage\":\"en-GB\",\"potentialAction\":[{\"@type\":\"ReadAction\",\"target\":[\"https:\\\/\\\/www.finnboat.fi\\\/tiedotearkisto\\\/\"]}]},{\"@type\":\"BreadcrumbList\",\"@id\":\"https:\\\/\\\/www.finnboat.fi\\\/tiedotearkisto\\\/#breadcrumb\",\"itemListElement\":[{\"@type\":\"ListItem\",\"position\":1,\"name\":\"Etusivu\",\"item\":\"https:\\\/\\\/www.finnboat.fi\\\/\"},{\"@type\":\"ListItem\",\"position\":2,\"name\":\"Tiedotearkisto\"}]},{\"@type\":\"WebSite\",\"@id\":\"https:\\\/\\\/www.finnboat.fi\\\/en\\\/#website\",\"url\":\"https:\\\/\\\/www.finnboat.fi\\\/en\\\/\",\"name\":\"Finnboat\",\"description\":\"Venealan Keskusliitto Finnboat ry\",\"publisher\":{\"@id\":\"https:\\\/\\\/www.finnboat.fi\\\/en\\\/#organization\"},\"potentialAction\":[{\"@type\":\"SearchAction\",\"target\":{\"@type\":\"EntryPoint\",\"urlTemplate\":\"https:\\\/\\\/www.finnboat.fi\\\/en\\\/?s={search_term_string}\"},\"query-input\":{\"@type\":\"PropertyValueSpecification\",\"valueRequired\":true,\"valueName\":\"search_term_string\"}}],\"inLanguage\":\"en-GB\"},{\"@type\":\"Organization\",\"@id\":\"https:\\\/\\\/www.finnboat.fi\\\/en\\\/#organization\",\"name\":\"Finnboat\",\"url\":\"https:\\\/\\\/www.finnboat.fi\\\/en\\\/\",\"logo\":{\"@type\":\"ImageObject\",\"inLanguage\":\"en-GB\",\"@id\":\"https:\\\/\\\/www.finnboat.fi\\\/en\\\/#\\\/schema\\\/logo\\\/image\\\/\",\"url\":\"https:\\\/\\\/www.finnboat.fi\\\/wp-content\\\/uploads\\\/2026\\\/02\\\/cropped-kassi.png\",\"contentUrl\":\"https:\\\/\\\/www.finnboat.fi\\\/wp-content\\\/uploads\\\/2026\\\/02\\\/cropped-kassi.png\",\"width\":1023,\"height\":1023,\"caption\":\"Finnboat\"},\"image\":{\"@id\":\"https:\\\/\\\/www.finnboat.fi\\\/en\\\/#\\\/schema\\\/logo\\\/image\\\/\"}}]}<\/script>\n<!-- \/ Yoast SEO plugin. -->","yoast_head_json":{"title":"Tiedotearkisto - Finnboat","robots":{"index":"index","follow":"follow","max-snippet":"max-snippet:-1","max-image-preview":"max-image-preview:large","max-video-preview":"max-video-preview:-1"},"canonical":"https:\/\/www.finnboat.fi\/en\/tiedotearkisto\/","og_locale":"en_GB","og_type":"article","og_title":"Tiedotearkisto - Finnboat","og_description":"Tiedotearkisto 5.1.2022 Vene 22 B\u00e5t -messut siirtyy vuoden 2023 helmikuuhun Todenn\u00e4k\u00f6isesti edelleen jatkuvien yleis\u00f6tilaisuusrajoitusten vuoksi Vene 22 B\u00e5t -messut on&#8230; 13.12.2021 VENE 22 B\u00c5T TUO VENEET JA VENEILYN MESSUKESKUKSEEN Pohjois-Euroopan [&hellip;]","og_url":"https:\/\/www.finnboat.fi\/en\/tiedotearkisto\/","og_site_name":"Finnboat","article_modified_time":"2022-09-26T08:49:10+00:00","twitter_card":"summary_large_image","twitter_misc":{"Estimated reading time":"1 minute"},"schema":{"@context":"https:\/\/schema.org","@graph":[{"@type":"WebPage","@id":"https:\/\/www.finnboat.fi\/tiedotearkisto\/","url":"https:\/\/www.finnboat.fi\/tiedotearkisto\/","name":"Tiedotearkisto - Finnboat","isPartOf":{"@id":"https:\/\/www.finnboat.fi\/en\/#website"},"datePublished":"2022-09-26T08:40:04+00:00","dateModified":"2022-09-26T08:49:10+00:00","breadcrumb":{"@id":"https:\/\/www.finnboat.fi\/tiedotearkisto\/#breadcrumb"},"inLanguage":"en-GB","potentialAction":[{"@type":"ReadAction","target":["https:\/\/www.finnboat.fi\/tiedotearkisto\/"]}]},{"@type":"BreadcrumbList","@id":"https:\/\/www.finnboat.fi\/tiedotearkisto\/#breadcrumb","itemListElement":[{"@type":"ListItem","position":1,"name":"Etusivu","item":"https:\/\/www.finnboat.fi\/"},{"@type":"ListItem","position":2,"name":"Tiedotearkisto"}]},{"@type":"WebSite","@id":"https:\/\/www.finnboat.fi\/en\/#website","url":"https:\/\/www.finnboat.fi\/en\/","name":"Finnboat","description":"Finnish Marine Industries Federation Finnboat","publisher":{"@id":"https:\/\/www.finnboat.fi\/en\/#organization"},"potentialAction":[{"@type":"SearchAction","target":{"@type":"EntryPoint","urlTemplate":"https:\/\/www.finnboat.fi\/en\/?s={search_term_string}"},"query-input":{"@type":"PropertyValueSpecification","valueRequired":true,"valueName":"search_term_string"}}],"inLanguage":"en-GB"},{"@type":"Organization","@id":"https:\/\/www.finnboat.fi\/en\/#organization","name":"Finnboat","url":"https:\/\/www.finnboat.fi\/en\/","logo":{"@type":"ImageObject","inLanguage":"en-GB","@id":"https:\/\/www.finnboat.fi\/en\/#\/schema\/logo\/image\/","url":"https:\/\/www.finnboat.fi\/wp-content\/uploads\/2026\/02\/cropped-kassi.png","contentUrl":"https:\/\/www.finnboat.fi\/wp-content\/uploads\/2026\/02\/cropped-kassi.png","width":1023,"height":1023,"caption":"Finnboat"},"image":{"@id":"https:\/\/www.finnboat.fi\/en\/#\/schema\/logo\/image\/"}}]}},"_links":{"self":[{"href":"https:\/\/www.finnboat.fi\/en\/wp-json\/wp\/v2\/pages\/7503","targetHints":{"allow":["GET"]}}],"collection":[{"href":"https:\/\/www.finnboat.fi\/en\/wp-json\/wp\/v2\/pages"}],"about":[{"href":"https:\/\/www.finnboat.fi\/en\/wp-json\/wp\/v2\/types\/page"}],"author":[{"embeddable":true,"href":"https:\/\/www.finnboat.fi\/en\/wp-json\/wp\/v2\/users\/346"}],"replies":[{"embeddable":true,"href":"https:\/\/www.finnboat.fi\/en\/wp-json\/wp\/v2\/comments?post=7503"}],"version-history":[{"count":14,"href":"https:\/\/www.finnboat.fi\/en\/wp-json\/wp\/v2\/pages\/7503\/revisions"}],"predecessor-version":[{"id":8165,"href":"https:\/\/www.finnboat.fi\/en\/wp-json\/wp\/v2\/pages\/7503\/revisions\/8165"}],"wp:attachment":[{"href":"https:\/\/www.finnboat.fi\/en\/wp-json\/wp\/v2\/media?parent=7503"}],"curies":[{"name":"wp","href":"https:\/\/api.w.org\/{rel}","templated":true}]}}