{"id":9438,"date":"2024-01-04T10:25:06","date_gmt":"2024-01-04T08:25:06","guid":{"rendered":"https:\/\/www.finnboat.fi\/?page_id=9438"},"modified":"2024-11-13T15:22:50","modified_gmt":"2024-11-13T13:22:50","slug":"kotimaiset-veneilytapahtumat","status":"publish","type":"page","link":"https:\/\/www.finnboat.fi\/en\/kotimaiset-veneilytapahtumat\/","title":{"rendered":"Finnish boating events"},"content":{"rendered":"<div data-elementor-type=\"wp-page\" data-elementor-id=\"9438\" class=\"elementor elementor-9438\">\n\t\t\t\t\t\t<section class=\"elementor-section elementor-top-section elementor-element elementor-element-735ede8 elementor-section-boxed elementor-section-height-default elementor-section-height-default\" data-id=\"735ede8\" data-element_type=\"section\" data-e-type=\"section\">\n\t\t\t\t\t\t<div class=\"elementor-container elementor-column-gap-default\">\n\t\t\t\t\t<div class=\"elementor-column elementor-col-100 elementor-top-column elementor-element elementor-element-c46228a\" data-id=\"c46228a\" data-element_type=\"column\" data-e-type=\"column\">\n\t\t\t<div class=\"elementor-widget-wrap elementor-element-populated\">\n\t\t\t\t\t\t<div class=\"elementor-element elementor-element-20188af elementor-widget elementor-widget-heading\" data-id=\"20188af\" data-element_type=\"widget\" data-e-type=\"widget\" data-widget_type=\"heading.default\">\n\t\t\t\t<div class=\"elementor-widget-container\">\n\t\t\t\t\t<h1 class=\"elementor-heading-title elementor-size-xxl\">KOTIMAISET veneILYTAPAHTUMAT 2025<\/h1>\t\t\t\t<\/div>\n\t\t\t\t<\/div>\n\t\t\t\t\t<\/div>\n\t\t<\/div>\n\t\t\t\t\t<\/div>\n\t\t<\/section>\n\t\t\t\t<section class=\"elementor-section elementor-top-section elementor-element elementor-element-c6ff0fb elementor-section-boxed elementor-section-height-default elementor-section-height-default\" data-id=\"c6ff0fb\" data-element_type=\"section\" data-e-type=\"section\">\n\t\t\t\t\t\t<div class=\"elementor-container elementor-column-gap-default\">\n\t\t\t\t\t<div class=\"elementor-column elementor-col-100 elementor-top-column elementor-element elementor-element-40559b3\" data-id=\"40559b3\" data-element_type=\"column\" data-e-type=\"column\">\n\t\t\t<div class=\"elementor-widget-wrap elementor-element-populated\">\n\t\t\t\t\t\t<div class=\"elementor-element elementor-element-5f02c83 elementor-widget elementor-widget-text-editor\" data-id=\"5f02c83\" data-element_type=\"widget\" data-e-type=\"widget\" data-widget_type=\"text-editor.default\">\n\t\t\t\t<div class=\"elementor-widget-container\">\n\t\t\t\t\t\t\t\t\t<p style=\"text-align: center;\">Alla olevasta listauksesta l\u00f6yd\u00e4t kotimaiset veneilytapahtumat.<\/p><p style=\"text-align: center;\">Finnboatin j\u00e4rjest\u00e4mist\u00e4\/toimeksiantamista tapahtumista l\u00f6yd\u00e4t tietoa my\u00f6s <a href=\"https:\/\/www.finnboat.fi\/en\/tapahtumakalenteri\/\"><strong>here<\/strong><\/a>.<\/p>\t\t\t\t\t\t\t\t<\/div>\n\t\t\t\t<\/div>\n\t\t\t\t\t<\/div>\n\t\t<\/div>\n\t\t\t\t\t<\/div>\n\t\t<\/section>\n\t\t\t\t<section class=\"elementor-section elementor-top-section elementor-element elementor-element-f38039b elementor-section-boxed elementor-section-height-default elementor-section-height-default\" data-id=\"f38039b\" data-element_type=\"section\" data-e-type=\"section\">\n\t\t\t\t\t\t<div class=\"elementor-container elementor-column-gap-default\">\n\t\t\t\t\t<div class=\"elementor-column elementor-col-100 elementor-top-column elementor-element elementor-element-bf921fc\" data-id=\"bf921fc\" data-element_type=\"column\" data-e-type=\"column\">\n\t\t\t<div class=\"elementor-widget-wrap elementor-element-populated\">\n\t\t\t\t\t\t<div class=\"elementor-element elementor-element-2cbc1d2 elementor-widget elementor-widget-text-editor\" data-id=\"2cbc1d2\" data-element_type=\"widget\" data-e-type=\"widget\" data-widget_type=\"text-editor.default\">\n\t\t\t\t<div class=\"elementor-widget-container\">\n\t\t\t\t\t\t\t\t\t<h2>HELMIKUU<\/h2><div class=\"x_elementToProof\"><strong>7.-16.2. <\/strong><a href=\"https:\/\/vene.messukeskus.com\">Vene24B\u00e5t<\/a><\/div><div>\u00a0<\/div><div><hr \/><\/div><h2>HUHTIKUU<\/h2><div class=\"x_elementToProof\"><strong>4.-6.4. <\/strong><a href=\"https:\/\/kallavesj.fi\/\">Kallavesj&#8217;<\/a><\/div><div>\u00a0<\/div><div><hr \/><\/div><h2>TOUKOKUU<\/h2><div><strong>16.-17.5.<\/strong> <a href=\"https:\/\/www.suomiveneilee.fi\/suomiveneilee-fi-koeajotapahtuma\/\">Suomiveneilee.fi Kev\u00e4tkarnevaali<\/a><\/div><div><strong>17.-18.5. <\/strong><a href=\"https:\/\/vesillemessut.fi\/\">Vesille &#8211; till havs<\/a><\/div><div class=\"x_elementToProof\"><strong>23.-25.5.<\/strong> <a href=\"https:\/\/naantalinvenemessut.fi\/\">Naantalin venemessut<\/a><\/div><div>\u00a0<\/div><div><hr \/><\/div><h2>ELOKUU<\/h2><div class=\"x_elementToProof\"><strong>14.-17.8.\u00a0<\/strong>\u00a0 <a href=\"https:\/\/uiva.fi\/en\">Uiva Flytande<\/a><\/div><div>\u00a0<\/div>\t\t\t\t\t\t\t\t<\/div>\n\t\t\t\t<\/div>\n\t\t\t\t<section class=\"elementor-section elementor-inner-section elementor-element elementor-element-8527e4a elementor-section-boxed elementor-section-height-default elementor-section-height-default\" data-id=\"8527e4a\" data-element_type=\"section\" data-e-type=\"section\">\n\t\t\t\t\t\t<div class=\"elementor-container elementor-column-gap-default\">\n\t\t\t\t\t<div class=\"elementor-column elementor-col-50 elementor-inner-column elementor-element elementor-element-a9106c7\" data-id=\"a9106c7\" data-element_type=\"column\" data-e-type=\"column\">\n\t\t\t<div class=\"elementor-widget-wrap\">\n\t\t\t\t\t\t\t<\/div>\n\t\t<\/div>\n\t\t\t\t<div class=\"elementor-column elementor-col-50 elementor-inner-column elementor-element elementor-element-a815e07\" data-id=\"a815e07\" data-element_type=\"column\" data-e-type=\"column\">\n\t\t\t<div class=\"elementor-widget-wrap\">\n\t\t\t\t\t\t\t<\/div>\n\t\t<\/div>\n\t\t\t\t\t<\/div>\n\t\t<\/section>\n\t\t\t\t\t<\/div>\n\t\t<\/div>\n\t\t\t\t\t<\/div>\n\t\t<\/section>\n\t\t\t\t<\/div>","protected":false},"excerpt":{"rendered":"<p>KOTIMAISET veneILYTAPAHTUMAT 2025 Alla olevasta listauksesta l\u00f6yd\u00e4t kotimaiset veneilytapahtumat. Finnboatin j\u00e4rjest\u00e4mist\u00e4\/toimeksiantamista tapahtumista l\u00f6yd\u00e4t tietoa my\u00f6s t\u00e4\u00e4lt\u00e4. HELMIKUU 7.-16.2. Vene24B\u00e5t\u00a0 HUHTIKUU 4.-6.4. Kallavesj&#8217;\u00a0 TOUKOKUU 16.-17.5. Suomiveneilee.fi Kev\u00e4tkarnevaali17.-18.5. Vesille &#8211; till havs23.-25.5. [&hellip;]<\/p>\n","protected":false},"author":317,"featured_media":0,"parent":0,"menu_order":0,"comment_status":"closed","ping_status":"closed","template":"","meta":{"_acf_changed":false,"_crdt_document":"","inline_featured_image":false,"_monsterinsights_skip_tracking":false,"_monsterinsights_sitenote_active":false,"_monsterinsights_sitenote_note":"","_monsterinsights_sitenote_category":0,"footnotes":""},"class_list":["post-9438","page","type-page","status-publish","hentry"],"acf":[],"yoast_head":"<!-- This site is optimized with the Yoast SEO plugin v27.3 - https:\/\/yoast.com\/product\/yoast-seo-wordpress\/ -->\n<title>Kotimaiset veneilytapahtumat - Finnboat<\/title>\n<meta name=\"robots\" content=\"index, follow, max-snippet:-1, max-image-preview:large, max-video-preview:-1\" \/>\n<link rel=\"canonical\" href=\"https:\/\/www.finnboat.fi\/en\/kotimaiset-veneilytapahtumat\/\" \/>\n<meta property=\"og:locale\" content=\"en_GB\" \/>\n<meta property=\"og:type\" content=\"article\" \/>\n<meta property=\"og:title\" content=\"Kotimaiset veneilytapahtumat - Finnboat\" \/>\n<meta property=\"og:description\" content=\"KOTIMAISET veneILYTAPAHTUMAT 2025 Alla olevasta listauksesta l\u00f6yd\u00e4t kotimaiset veneilytapahtumat. Finnboatin j\u00e4rjest\u00e4mist\u00e4\/toimeksiantamista tapahtumista l\u00f6yd\u00e4t tietoa my\u00f6s t\u00e4\u00e4lt\u00e4. HELMIKUU 7.-16.2. Vene24B\u00e5t\u00a0 HUHTIKUU 4.-6.4. Kallavesj&#8217;\u00a0 TOUKOKUU 16.-17.5. Suomiveneilee.fi Kev\u00e4tkarnevaali17.-18.5. Vesille &#8211; till havs23.-25.5. [&hellip;]\" \/>\n<meta property=\"og:url\" content=\"https:\/\/www.finnboat.fi\/en\/kotimaiset-veneilytapahtumat\/\" \/>\n<meta property=\"og:site_name\" content=\"Finnboat\" \/>\n<meta property=\"article:modified_time\" content=\"2024-11-13T13:22:50+00:00\" \/>\n<meta name=\"twitter:card\" content=\"summary_large_image\" \/>\n<meta name=\"twitter:label1\" content=\"Estimated reading time\" \/>\n\t<meta name=\"twitter:data1\" content=\"1 minute\" \/>\n<script type=\"application\/ld+json\" class=\"yoast-schema-graph\">{\"@context\":\"https:\\\/\\\/schema.org\",\"@graph\":[{\"@type\":\"WebPage\",\"@id\":\"https:\\\/\\\/www.finnboat.fi\\\/kotimaiset-veneilytapahtumat\\\/\",\"url\":\"https:\\\/\\\/www.finnboat.fi\\\/kotimaiset-veneilytapahtumat\\\/\",\"name\":\"Kotimaiset veneilytapahtumat - Finnboat\",\"isPartOf\":{\"@id\":\"https:\\\/\\\/www.finnboat.fi\\\/en\\\/#website\"},\"datePublished\":\"2024-01-04T08:25:06+00:00\",\"dateModified\":\"2024-11-13T13:22:50+00:00\",\"breadcrumb\":{\"@id\":\"https:\\\/\\\/www.finnboat.fi\\\/kotimaiset-veneilytapahtumat\\\/#breadcrumb\"},\"inLanguage\":\"en-GB\",\"potentialAction\":[{\"@type\":\"ReadAction\",\"target\":[\"https:\\\/\\\/www.finnboat.fi\\\/kotimaiset-veneilytapahtumat\\\/\"]}]},{\"@type\":\"BreadcrumbList\",\"@id\":\"https:\\\/\\\/www.finnboat.fi\\\/kotimaiset-veneilytapahtumat\\\/#breadcrumb\",\"itemListElement\":[{\"@type\":\"ListItem\",\"position\":1,\"name\":\"Etusivu\",\"item\":\"https:\\\/\\\/www.finnboat.fi\\\/\"},{\"@type\":\"ListItem\",\"position\":2,\"name\":\"Kotimaiset veneilytapahtumat\"}]},{\"@type\":\"WebSite\",\"@id\":\"https:\\\/\\\/www.finnboat.fi\\\/en\\\/#website\",\"url\":\"https:\\\/\\\/www.finnboat.fi\\\/en\\\/\",\"name\":\"Finnboat\",\"description\":\"Venealan Keskusliitto Finnboat ry\",\"publisher\":{\"@id\":\"https:\\\/\\\/www.finnboat.fi\\\/en\\\/#organization\"},\"potentialAction\":[{\"@type\":\"SearchAction\",\"target\":{\"@type\":\"EntryPoint\",\"urlTemplate\":\"https:\\\/\\\/www.finnboat.fi\\\/en\\\/?s={search_term_string}\"},\"query-input\":{\"@type\":\"PropertyValueSpecification\",\"valueRequired\":true,\"valueName\":\"search_term_string\"}}],\"inLanguage\":\"en-GB\"},{\"@type\":\"Organization\",\"@id\":\"https:\\\/\\\/www.finnboat.fi\\\/en\\\/#organization\",\"name\":\"Finnboat\",\"url\":\"https:\\\/\\\/www.finnboat.fi\\\/en\\\/\",\"logo\":{\"@type\":\"ImageObject\",\"inLanguage\":\"en-GB\",\"@id\":\"https:\\\/\\\/www.finnboat.fi\\\/en\\\/#\\\/schema\\\/logo\\\/image\\\/\",\"url\":\"https:\\\/\\\/www.finnboat.fi\\\/wp-content\\\/uploads\\\/2026\\\/02\\\/cropped-kassi.png\",\"contentUrl\":\"https:\\\/\\\/www.finnboat.fi\\\/wp-content\\\/uploads\\\/2026\\\/02\\\/cropped-kassi.png\",\"width\":1023,\"height\":1023,\"caption\":\"Finnboat\"},\"image\":{\"@id\":\"https:\\\/\\\/www.finnboat.fi\\\/en\\\/#\\\/schema\\\/logo\\\/image\\\/\"}}]}<\/script>\n<!-- \/ Yoast SEO plugin. -->","yoast_head_json":{"title":"Kotimaiset veneilytapahtumat - Finnboat","robots":{"index":"index","follow":"follow","max-snippet":"max-snippet:-1","max-image-preview":"max-image-preview:large","max-video-preview":"max-video-preview:-1"},"canonical":"https:\/\/www.finnboat.fi\/en\/kotimaiset-veneilytapahtumat\/","og_locale":"en_GB","og_type":"article","og_title":"Kotimaiset veneilytapahtumat - Finnboat","og_description":"KOTIMAISET veneILYTAPAHTUMAT 2025 Alla olevasta listauksesta l\u00f6yd\u00e4t kotimaiset veneilytapahtumat. Finnboatin j\u00e4rjest\u00e4mist\u00e4\/toimeksiantamista tapahtumista l\u00f6yd\u00e4t tietoa my\u00f6s t\u00e4\u00e4lt\u00e4. HELMIKUU 7.-16.2. Vene24B\u00e5t\u00a0 HUHTIKUU 4.-6.4. Kallavesj&#8217;\u00a0 TOUKOKUU 16.-17.5. Suomiveneilee.fi Kev\u00e4tkarnevaali17.-18.5. Vesille &#8211; till havs23.-25.5. [&hellip;]","og_url":"https:\/\/www.finnboat.fi\/en\/kotimaiset-veneilytapahtumat\/","og_site_name":"Finnboat","article_modified_time":"2024-11-13T13:22:50+00:00","twitter_card":"summary_large_image","twitter_misc":{"Estimated reading time":"1 minute"},"schema":{"@context":"https:\/\/schema.org","@graph":[{"@type":"WebPage","@id":"https:\/\/www.finnboat.fi\/kotimaiset-veneilytapahtumat\/","url":"https:\/\/www.finnboat.fi\/kotimaiset-veneilytapahtumat\/","name":"Kotimaiset veneilytapahtumat - Finnboat","isPartOf":{"@id":"https:\/\/www.finnboat.fi\/en\/#website"},"datePublished":"2024-01-04T08:25:06+00:00","dateModified":"2024-11-13T13:22:50+00:00","breadcrumb":{"@id":"https:\/\/www.finnboat.fi\/kotimaiset-veneilytapahtumat\/#breadcrumb"},"inLanguage":"en-GB","potentialAction":[{"@type":"ReadAction","target":["https:\/\/www.finnboat.fi\/kotimaiset-veneilytapahtumat\/"]}]},{"@type":"BreadcrumbList","@id":"https:\/\/www.finnboat.fi\/kotimaiset-veneilytapahtumat\/#breadcrumb","itemListElement":[{"@type":"ListItem","position":1,"name":"Etusivu","item":"https:\/\/www.finnboat.fi\/"},{"@type":"ListItem","position":2,"name":"Kotimaiset veneilytapahtumat"}]},{"@type":"WebSite","@id":"https:\/\/www.finnboat.fi\/en\/#website","url":"https:\/\/www.finnboat.fi\/en\/","name":"Finnboat","description":"Finnish Marine Industries Federation Finnboat","publisher":{"@id":"https:\/\/www.finnboat.fi\/en\/#organization"},"potentialAction":[{"@type":"SearchAction","target":{"@type":"EntryPoint","urlTemplate":"https:\/\/www.finnboat.fi\/en\/?s={search_term_string}"},"query-input":{"@type":"PropertyValueSpecification","valueRequired":true,"valueName":"search_term_string"}}],"inLanguage":"en-GB"},{"@type":"Organization","@id":"https:\/\/www.finnboat.fi\/en\/#organization","name":"Finnboat","url":"https:\/\/www.finnboat.fi\/en\/","logo":{"@type":"ImageObject","inLanguage":"en-GB","@id":"https:\/\/www.finnboat.fi\/en\/#\/schema\/logo\/image\/","url":"https:\/\/www.finnboat.fi\/wp-content\/uploads\/2026\/02\/cropped-kassi.png","contentUrl":"https:\/\/www.finnboat.fi\/wp-content\/uploads\/2026\/02\/cropped-kassi.png","width":1023,"height":1023,"caption":"Finnboat"},"image":{"@id":"https:\/\/www.finnboat.fi\/en\/#\/schema\/logo\/image\/"}}]}},"_links":{"self":[{"href":"https:\/\/www.finnboat.fi\/en\/wp-json\/wp\/v2\/pages\/9438","targetHints":{"allow":["GET"]}}],"collection":[{"href":"https:\/\/www.finnboat.fi\/en\/wp-json\/wp\/v2\/pages"}],"about":[{"href":"https:\/\/www.finnboat.fi\/en\/wp-json\/wp\/v2\/types\/page"}],"author":[{"embeddable":true,"href":"https:\/\/www.finnboat.fi\/en\/wp-json\/wp\/v2\/users\/317"}],"replies":[{"embeddable":true,"href":"https:\/\/www.finnboat.fi\/en\/wp-json\/wp\/v2\/comments?post=9438"}],"version-history":[{"count":10,"href":"https:\/\/www.finnboat.fi\/en\/wp-json\/wp\/v2\/pages\/9438\/revisions"}],"predecessor-version":[{"id":11623,"href":"https:\/\/www.finnboat.fi\/en\/wp-json\/wp\/v2\/pages\/9438\/revisions\/11623"}],"wp:attachment":[{"href":"https:\/\/www.finnboat.fi\/en\/wp-json\/wp\/v2\/media?parent=9438"}],"curies":[{"name":"wp","href":"https:\/\/api.w.org\/{rel}","templated":true}]}}