{"id":9469,"date":"2024-01-04T11:46:44","date_gmt":"2024-01-04T09:46:44","guid":{"rendered":"https:\/\/www.finnboat.fi\/?page_id=9469"},"modified":"2024-08-28T14:49:43","modified_gmt":"2024-08-28T11:49:43","slug":"finnboatin-jasentapahtumat","status":"publish","type":"page","link":"https:\/\/www.finnboat.fi\/en\/finnboatin-jasentapahtumat\/","title":{"rendered":"Finnboat's member events"},"content":{"rendered":"<div data-elementor-type=\"wp-page\" data-elementor-id=\"9469\" class=\"elementor elementor-9469\">\n\t\t\t\t\t\t<section class=\"elementor-section elementor-top-section elementor-element elementor-element-735ede8 elementor-section-boxed elementor-section-height-default elementor-section-height-default\" data-id=\"735ede8\" data-element_type=\"section\" data-e-type=\"section\">\n\t\t\t\t\t\t<div class=\"elementor-container elementor-column-gap-default\">\n\t\t\t\t\t<div class=\"elementor-column elementor-col-100 elementor-top-column elementor-element elementor-element-c46228a\" data-id=\"c46228a\" data-element_type=\"column\" data-e-type=\"column\">\n\t\t\t<div class=\"elementor-widget-wrap elementor-element-populated\">\n\t\t\t\t\t\t<div class=\"elementor-element elementor-element-20188af elementor-widget elementor-widget-heading\" data-id=\"20188af\" data-element_type=\"widget\" data-e-type=\"widget\" data-widget_type=\"heading.default\">\n\t\t\t\t<div class=\"elementor-widget-container\">\n\t\t\t\t\t<h1 class=\"elementor-heading-title elementor-size-xxl\">Finnboatin j\u00e4sentapahtumat 2024<\/h1>\t\t\t\t<\/div>\n\t\t\t\t<\/div>\n\t\t\t\t\t<\/div>\n\t\t<\/div>\n\t\t\t\t\t<\/div>\n\t\t<\/section>\n\t\t\t\t<section class=\"elementor-section elementor-top-section elementor-element elementor-element-c6ff0fb elementor-section-boxed elementor-section-height-default elementor-section-height-default\" data-id=\"c6ff0fb\" data-element_type=\"section\" data-e-type=\"section\">\n\t\t\t\t\t\t<div class=\"elementor-container elementor-column-gap-default\">\n\t\t\t\t\t<div class=\"elementor-column elementor-col-100 elementor-top-column elementor-element elementor-element-40559b3\" data-id=\"40559b3\" data-element_type=\"column\" data-e-type=\"column\">\n\t\t\t<div class=\"elementor-widget-wrap elementor-element-populated\">\n\t\t\t\t\t\t<div class=\"elementor-element elementor-element-5f02c83 elementor-widget elementor-widget-text-editor\" data-id=\"5f02c83\" data-element_type=\"widget\" data-e-type=\"widget\" data-widget_type=\"text-editor.default\">\n\t\t\t\t<div class=\"elementor-widget-container\">\n\t\t\t\t\t\t\t\t\t<p style=\"text-align: center;\">Alla olevasta listauksesta l\u00f6yd\u00e4t tapahtumat, jotka on tarkoitettu <span style=\"text-decoration: underline; color: #ff0000;\"><strong>only for Finnboat's members<\/strong><\/span>.<\/p><p style=\"text-align: center;\">Kaikille avoimet tapahtumat l\u00f6yd\u00e4t <a href=\"https:\/\/www.finnboat.fi\/en\/tapahtumakalenteri\/\"><strong>here<\/strong><\/a>.<\/p>\t\t\t\t\t\t\t\t<\/div>\n\t\t\t\t<\/div>\n\t\t\t\t\t<\/div>\n\t\t<\/div>\n\t\t\t\t\t<\/div>\n\t\t<\/section>\n\t\t\t\t<section class=\"elementor-section elementor-top-section elementor-element elementor-element-f38039b elementor-section-boxed elementor-section-height-default elementor-section-height-default\" data-id=\"f38039b\" data-element_type=\"section\" data-e-type=\"section\">\n\t\t\t\t\t\t<div class=\"elementor-container elementor-column-gap-default\">\n\t\t\t\t\t<div class=\"elementor-column elementor-col-100 elementor-top-column elementor-element elementor-element-bf921fc\" data-id=\"bf921fc\" data-element_type=\"column\" data-e-type=\"column\">\n\t\t\t<div class=\"elementor-widget-wrap elementor-element-populated\">\n\t\t\t\t\t\t<div class=\"elementor-element elementor-element-2cbc1d2 elementor-widget elementor-widget-text-editor\" data-id=\"2cbc1d2\" data-element_type=\"widget\" data-e-type=\"widget\" data-widget_type=\"text-editor.default\">\n\t\t\t\t<div class=\"elementor-widget-container\">\n\t\t\t\t\t\t\t\t\t<h2>TAMMIKUU<\/h2><p><strong>18.1. <\/strong><a href=\"https:\/\/q.surveypal.com\/ILMOITTAUTUMINEN-Venealan-Telakkafoorumi-2024\">Telakkafoorumi<\/a><\/p><hr \/><h2>HELMIKUU<\/h2><hr \/><h2>MAALISKUU<\/h2><div><hr \/><\/div><h2>HUHTIKUU<\/h2><p class=\"x_elementToProof\"><strong>4.4. <\/strong>\u00a0\u00a0 <a href=\"https:\/\/q.surveypal.com\/ILMOITTAUTUMINEN-Kevatkokous-2024\">Kev\u00e4tkokous Helsingiss\u00e4<\/a><\/p><div>\u00a0<\/div><div><hr \/><\/div><h2>TOUKOKUU<\/h2><hr \/><h2>KES\u00c4KUU<\/h2><hr \/><h2>HEIN\u00c4KUU<\/h2><div><hr \/><\/div><h2>ELOKUU<\/h2><hr \/><h2>SYYSKUU<\/h2><hr \/><h2>LOKAKUU<\/h2><hr \/><h2>MARRASKUU<\/h2><p><strong>7.-8.11.<\/strong>\u00a0 Syyskokous Lahdessa<\/p><hr \/><h2>JOULUKUU<\/h2><p><strong>3.12.<\/strong> Tekniikkap\u00e4iv\u00e4<\/p>\t\t\t\t\t\t\t\t<\/div>\n\t\t\t\t<\/div>\n\t\t\t\t\t<\/div>\n\t\t<\/div>\n\t\t\t\t\t<\/div>\n\t\t<\/section>\n\t\t\t\t<\/div>","protected":false},"excerpt":{"rendered":"<p>Finnboatin j\u00e4sentapahtumat 2024 Alla olevasta listauksesta l\u00f6yd\u00e4t tapahtumat, jotka on tarkoitettu vain Finnboatin j\u00e4senille. Kaikille avoimet tapahtumat l\u00f6yd\u00e4t t\u00e4\u00e4lt\u00e4. TAMMIKUU 18.1. Telakkafoorumi HELMIKUU MAALISKUU HUHTIKUU 4.4. \u00a0\u00a0 Kev\u00e4tkokous Helsingiss\u00e4 \u00a0 [&hellip;]<\/p>\n","protected":false},"author":317,"featured_media":0,"parent":0,"menu_order":0,"comment_status":"closed","ping_status":"closed","template":"","meta":{"_acf_changed":false,"_crdt_document":"","inline_featured_image":false,"_monsterinsights_skip_tracking":false,"_monsterinsights_sitenote_active":false,"_monsterinsights_sitenote_note":"","_monsterinsights_sitenote_category":0,"footnotes":""},"class_list":["post-9469","page","type-page","status-publish","hentry"],"acf":[],"yoast_head":"<!-- This site is optimized with the Yoast SEO plugin v27.3 - https:\/\/yoast.com\/product\/yoast-seo-wordpress\/ -->\n<title>Finnboatin j\u00e4sentapahtumat - Finnboat<\/title>\n<meta name=\"robots\" content=\"index, follow, max-snippet:-1, max-image-preview:large, max-video-preview:-1\" \/>\n<link rel=\"canonical\" href=\"https:\/\/www.finnboat.fi\/en\/finnboatin-jasentapahtumat\/\" \/>\n<meta property=\"og:locale\" content=\"en_GB\" \/>\n<meta property=\"og:type\" content=\"article\" \/>\n<meta property=\"og:title\" content=\"Finnboatin j\u00e4sentapahtumat - Finnboat\" \/>\n<meta property=\"og:description\" content=\"Finnboatin j\u00e4sentapahtumat 2024 Alla olevasta listauksesta l\u00f6yd\u00e4t tapahtumat, jotka on tarkoitettu vain Finnboatin j\u00e4senille. Kaikille avoimet tapahtumat l\u00f6yd\u00e4t t\u00e4\u00e4lt\u00e4. TAMMIKUU 18.1. Telakkafoorumi HELMIKUU MAALISKUU HUHTIKUU 4.4. \u00a0\u00a0 Kev\u00e4tkokous Helsingiss\u00e4 \u00a0 [&hellip;]\" \/>\n<meta property=\"og:url\" content=\"https:\/\/www.finnboat.fi\/en\/finnboatin-jasentapahtumat\/\" \/>\n<meta property=\"og:site_name\" content=\"Finnboat\" \/>\n<meta property=\"article:modified_time\" content=\"2024-08-28T11:49:43+00:00\" \/>\n<meta name=\"twitter:card\" content=\"summary_large_image\" \/>\n<meta name=\"twitter:label1\" content=\"Estimated reading time\" \/>\n\t<meta name=\"twitter:data1\" content=\"1 minute\" \/>\n<script type=\"application\/ld+json\" class=\"yoast-schema-graph\">{\"@context\":\"https:\\\/\\\/schema.org\",\"@graph\":[{\"@type\":\"WebPage\",\"@id\":\"https:\\\/\\\/www.finnboat.fi\\\/finnboatin-jasentapahtumat\\\/\",\"url\":\"https:\\\/\\\/www.finnboat.fi\\\/finnboatin-jasentapahtumat\\\/\",\"name\":\"Finnboatin j\u00e4sentapahtumat - Finnboat\",\"isPartOf\":{\"@id\":\"https:\\\/\\\/www.finnboat.fi\\\/en\\\/#website\"},\"datePublished\":\"2024-01-04T09:46:44+00:00\",\"dateModified\":\"2024-08-28T11:49:43+00:00\",\"breadcrumb\":{\"@id\":\"https:\\\/\\\/www.finnboat.fi\\\/finnboatin-jasentapahtumat\\\/#breadcrumb\"},\"inLanguage\":\"en-GB\",\"potentialAction\":[{\"@type\":\"ReadAction\",\"target\":[\"https:\\\/\\\/www.finnboat.fi\\\/finnboatin-jasentapahtumat\\\/\"]}]},{\"@type\":\"BreadcrumbList\",\"@id\":\"https:\\\/\\\/www.finnboat.fi\\\/finnboatin-jasentapahtumat\\\/#breadcrumb\",\"itemListElement\":[{\"@type\":\"ListItem\",\"position\":1,\"name\":\"Etusivu\",\"item\":\"https:\\\/\\\/www.finnboat.fi\\\/\"},{\"@type\":\"ListItem\",\"position\":2,\"name\":\"Finnboatin j\u00e4sentapahtumat\"}]},{\"@type\":\"WebSite\",\"@id\":\"https:\\\/\\\/www.finnboat.fi\\\/en\\\/#website\",\"url\":\"https:\\\/\\\/www.finnboat.fi\\\/en\\\/\",\"name\":\"Finnboat\",\"description\":\"Venealan Keskusliitto Finnboat ry\",\"publisher\":{\"@id\":\"https:\\\/\\\/www.finnboat.fi\\\/en\\\/#organization\"},\"potentialAction\":[{\"@type\":\"SearchAction\",\"target\":{\"@type\":\"EntryPoint\",\"urlTemplate\":\"https:\\\/\\\/www.finnboat.fi\\\/en\\\/?s={search_term_string}\"},\"query-input\":{\"@type\":\"PropertyValueSpecification\",\"valueRequired\":true,\"valueName\":\"search_term_string\"}}],\"inLanguage\":\"en-GB\"},{\"@type\":\"Organization\",\"@id\":\"https:\\\/\\\/www.finnboat.fi\\\/en\\\/#organization\",\"name\":\"Finnboat\",\"url\":\"https:\\\/\\\/www.finnboat.fi\\\/en\\\/\",\"logo\":{\"@type\":\"ImageObject\",\"inLanguage\":\"en-GB\",\"@id\":\"https:\\\/\\\/www.finnboat.fi\\\/en\\\/#\\\/schema\\\/logo\\\/image\\\/\",\"url\":\"https:\\\/\\\/www.finnboat.fi\\\/wp-content\\\/uploads\\\/2026\\\/02\\\/cropped-kassi.png\",\"contentUrl\":\"https:\\\/\\\/www.finnboat.fi\\\/wp-content\\\/uploads\\\/2026\\\/02\\\/cropped-kassi.png\",\"width\":1023,\"height\":1023,\"caption\":\"Finnboat\"},\"image\":{\"@id\":\"https:\\\/\\\/www.finnboat.fi\\\/en\\\/#\\\/schema\\\/logo\\\/image\\\/\"}}]}<\/script>\n<!-- \/ Yoast SEO plugin. -->","yoast_head_json":{"title":"Finnboatin j\u00e4sentapahtumat - Finnboat","robots":{"index":"index","follow":"follow","max-snippet":"max-snippet:-1","max-image-preview":"max-image-preview:large","max-video-preview":"max-video-preview:-1"},"canonical":"https:\/\/www.finnboat.fi\/en\/finnboatin-jasentapahtumat\/","og_locale":"en_GB","og_type":"article","og_title":"Finnboatin j\u00e4sentapahtumat - Finnboat","og_description":"Finnboatin j\u00e4sentapahtumat 2024 Alla olevasta listauksesta l\u00f6yd\u00e4t tapahtumat, jotka on tarkoitettu vain Finnboatin j\u00e4senille. Kaikille avoimet tapahtumat l\u00f6yd\u00e4t t\u00e4\u00e4lt\u00e4. TAMMIKUU 18.1. Telakkafoorumi HELMIKUU MAALISKUU HUHTIKUU 4.4. \u00a0\u00a0 Kev\u00e4tkokous Helsingiss\u00e4 \u00a0 [&hellip;]","og_url":"https:\/\/www.finnboat.fi\/en\/finnboatin-jasentapahtumat\/","og_site_name":"Finnboat","article_modified_time":"2024-08-28T11:49:43+00:00","twitter_card":"summary_large_image","twitter_misc":{"Estimated reading time":"1 minute"},"schema":{"@context":"https:\/\/schema.org","@graph":[{"@type":"WebPage","@id":"https:\/\/www.finnboat.fi\/finnboatin-jasentapahtumat\/","url":"https:\/\/www.finnboat.fi\/finnboatin-jasentapahtumat\/","name":"Finnboatin j\u00e4sentapahtumat - Finnboat","isPartOf":{"@id":"https:\/\/www.finnboat.fi\/en\/#website"},"datePublished":"2024-01-04T09:46:44+00:00","dateModified":"2024-08-28T11:49:43+00:00","breadcrumb":{"@id":"https:\/\/www.finnboat.fi\/finnboatin-jasentapahtumat\/#breadcrumb"},"inLanguage":"en-GB","potentialAction":[{"@type":"ReadAction","target":["https:\/\/www.finnboat.fi\/finnboatin-jasentapahtumat\/"]}]},{"@type":"BreadcrumbList","@id":"https:\/\/www.finnboat.fi\/finnboatin-jasentapahtumat\/#breadcrumb","itemListElement":[{"@type":"ListItem","position":1,"name":"Etusivu","item":"https:\/\/www.finnboat.fi\/"},{"@type":"ListItem","position":2,"name":"Finnboatin j\u00e4sentapahtumat"}]},{"@type":"WebSite","@id":"https:\/\/www.finnboat.fi\/en\/#website","url":"https:\/\/www.finnboat.fi\/en\/","name":"Finnboat","description":"Finnish Marine Industries Federation Finnboat","publisher":{"@id":"https:\/\/www.finnboat.fi\/en\/#organization"},"potentialAction":[{"@type":"SearchAction","target":{"@type":"EntryPoint","urlTemplate":"https:\/\/www.finnboat.fi\/en\/?s={search_term_string}"},"query-input":{"@type":"PropertyValueSpecification","valueRequired":true,"valueName":"search_term_string"}}],"inLanguage":"en-GB"},{"@type":"Organization","@id":"https:\/\/www.finnboat.fi\/en\/#organization","name":"Finnboat","url":"https:\/\/www.finnboat.fi\/en\/","logo":{"@type":"ImageObject","inLanguage":"en-GB","@id":"https:\/\/www.finnboat.fi\/en\/#\/schema\/logo\/image\/","url":"https:\/\/www.finnboat.fi\/wp-content\/uploads\/2026\/02\/cropped-kassi.png","contentUrl":"https:\/\/www.finnboat.fi\/wp-content\/uploads\/2026\/02\/cropped-kassi.png","width":1023,"height":1023,"caption":"Finnboat"},"image":{"@id":"https:\/\/www.finnboat.fi\/en\/#\/schema\/logo\/image\/"}}]}},"_links":{"self":[{"href":"https:\/\/www.finnboat.fi\/en\/wp-json\/wp\/v2\/pages\/9469","targetHints":{"allow":["GET"]}}],"collection":[{"href":"https:\/\/www.finnboat.fi\/en\/wp-json\/wp\/v2\/pages"}],"about":[{"href":"https:\/\/www.finnboat.fi\/en\/wp-json\/wp\/v2\/types\/page"}],"author":[{"embeddable":true,"href":"https:\/\/www.finnboat.fi\/en\/wp-json\/wp\/v2\/users\/317"}],"replies":[{"embeddable":true,"href":"https:\/\/www.finnboat.fi\/en\/wp-json\/wp\/v2\/comments?post=9469"}],"version-history":[{"count":19,"href":"https:\/\/www.finnboat.fi\/en\/wp-json\/wp\/v2\/pages\/9469\/revisions"}],"predecessor-version":[{"id":11003,"href":"https:\/\/www.finnboat.fi\/en\/wp-json\/wp\/v2\/pages\/9469\/revisions\/11003"}],"wp:attachment":[{"href":"https:\/\/www.finnboat.fi\/en\/wp-json\/wp\/v2\/media?parent=9469"}],"curies":[{"name":"wp","href":"https:\/\/api.w.org\/{rel}","templated":true}]}}