{"id":11327,"date":"2024-10-11T12:05:50","date_gmt":"2024-10-11T09:05:50","guid":{"rendered":"https:\/\/www.finnboat.fi\/?page_id=11327"},"modified":"2024-10-11T15:32:59","modified_gmt":"2024-10-11T12:32:59","slug":"veneilyn-aapinen","status":"publish","type":"page","link":"https:\/\/www.finnboat.fi\/sv\/veneilyn-aapinen\/","title":{"rendered":"B\u00e5tlivets ABC"},"content":{"rendered":"<div data-elementor-type=\"wp-page\" data-elementor-id=\"11327\" class=\"elementor elementor-11327\">\n\t\t\t\t\t\t<section class=\"elementor-section elementor-top-section elementor-element elementor-element-565ae6b elementor-section-boxed elementor-section-height-default elementor-section-height-default\" data-id=\"565ae6b\" data-element_type=\"section\" data-e-type=\"section\">\n\t\t\t\t\t\t<div class=\"elementor-container elementor-column-gap-default\">\n\t\t\t\t\t<div class=\"elementor-column elementor-col-100 elementor-top-column elementor-element elementor-element-25fa6e1\" data-id=\"25fa6e1\" data-element_type=\"column\" data-e-type=\"column\">\n\t\t\t<div class=\"elementor-widget-wrap elementor-element-populated\">\n\t\t\t\t\t\t<div class=\"elementor-element elementor-element-8301faf elementor-widget elementor-widget-image\" data-id=\"8301faf\" data-element_type=\"widget\" data-e-type=\"widget\" data-widget_type=\"image.default\">\n\t\t\t\t<div class=\"elementor-widget-container\">\n\t\t\t\t\t\t\t\t\t\t\t\t\t\t\t<img fetchpriority=\"high\" decoding=\"async\" width=\"1827\" height=\"465\" src=\"https:\/\/www.finnboat.fi\/wp-content\/uploads\/2024\/10\/Veneilyn-Aapinen_Batlivets-ABS_wp_2024.png\" class=\"attachment-full size-full wp-image-11328\" alt=\"Veneilyn Aapinen B\u00e5tlivets ABC\" srcset=\"https:\/\/www.finnboat.fi\/wp-content\/uploads\/2024\/10\/Veneilyn-Aapinen_Batlivets-ABS_wp_2024.png 1827w, https:\/\/www.finnboat.fi\/wp-content\/uploads\/2024\/10\/Veneilyn-Aapinen_Batlivets-ABS_wp_2024-300x76.png 300w, https:\/\/www.finnboat.fi\/wp-content\/uploads\/2024\/10\/Veneilyn-Aapinen_Batlivets-ABS_wp_2024-1024x261.png 1024w, https:\/\/www.finnboat.fi\/wp-content\/uploads\/2024\/10\/Veneilyn-Aapinen_Batlivets-ABS_wp_2024-768x195.png 768w, https:\/\/www.finnboat.fi\/wp-content\/uploads\/2024\/10\/Veneilyn-Aapinen_Batlivets-ABS_wp_2024-1536x391.png 1536w, https:\/\/www.finnboat.fi\/wp-content\/uploads\/2024\/10\/Veneilyn-Aapinen_Batlivets-ABS_wp_2024-18x5.png 18w, https:\/\/www.finnboat.fi\/wp-content\/uploads\/2024\/10\/Veneilyn-Aapinen_Batlivets-ABS_wp_2024-600x153.png 600w\" sizes=\"(max-width: 1827px) 100vw, 1827px\" \/>\t\t\t\t\t\t\t\t\t\t\t\t\t\t\t<\/div>\n\t\t\t\t<\/div>\n\t\t\t\t\t<\/div>\n\t\t<\/div>\n\t\t\t\t\t<\/div>\n\t\t<\/section>\n\t\t\t\t<section class=\"elementor-section elementor-top-section elementor-element elementor-element-63cbcd0 elementor-section-boxed elementor-section-height-default elementor-section-height-default\" data-id=\"63cbcd0\" data-element_type=\"section\" data-e-type=\"section\">\n\t\t\t\t\t\t<div class=\"elementor-container elementor-column-gap-default\">\n\t\t\t\t\t<div class=\"elementor-column elementor-col-66 elementor-top-column elementor-element elementor-element-060b6aa\" data-id=\"060b6aa\" data-element_type=\"column\" data-e-type=\"column\">\n\t\t\t<div class=\"elementor-widget-wrap elementor-element-populated\">\n\t\t\t\t\t\t<div class=\"elementor-element elementor-element-3c6f17b elementor-widget elementor-widget-text-editor\" data-id=\"3c6f17b\" data-element_type=\"widget\" data-e-type=\"widget\" data-widget_type=\"text-editor.default\">\n\t\t\t\t<div class=\"elementor-widget-container\">\n\t\t\t\t\t\t\t\t\t<h2>B\u00e5tlivets ABC<\/h2><p>B\u00e5tlivets ABC \u00e4r ett f\u00f6rs\u00f6k att i komprimerad\nform samla alla de v\u00e4sentliga fakta,\nsom b\u00e5tfolket b\u00f6r k\u00e4nna till, inte minst f\u00f6r\nsin egen s\u00e4kerhets skull. Kunskap om basfakta \u00e4r\nen del av den livf\u00f6rs\u00e4kring som beh\u00f6vs till sj\u00f6ss.<\/p><p>B\u00e5tlivets ABC syftar till att \u00f6ppna d\u00f6rrarna till\nallt som g\u00e4ller b\u00e5tliv. H\u00e4ftet kommer inte med f\u00e4rdiga\nl\u00f6sningar p\u00e5 alla problem utan den str\u00e4var till\natt sporra till kontinuerliga studier och framf\u00f6r allt\ntill b\u00e5thantering i praktiken.<\/p><p>Hur du \u00e4n r\u00f6r dig p\u00e5 sj\u00f6n - med sm\u00e5b\u00e5t, motorb\u00e5t\neller segelb\u00e5t - ger dig medlemskap i en b\u00e5tklubb\nm\u00e5nga m\u00f6jligheter. Klubbarna besiktigar\nsina medlemmars b\u00e5tar, skolar klubbmedlemmarna\noch hyr ut boj- och kajplatser. I m\u00e5nga fall har klubbarna ocks\u00e5 varvservice samt vinteruppl\u00e4ggning.\nOrganiserat b\u00e5tliv ger \u00f6kad sj\u00f6s\u00e4kerhet. Allt\nsom allt \u00e4r livet till sj\u00f6ss s\u00e5 m\u00e5ngfacetterat att ingen\nkan p\u00e5st\u00e5 sig vara full\u00e4rd. Erfarenhet av m\u00e5nga\nsomrar till sj\u00f6ss och ett fortsatt f\u00f6rdjupande av\nindividuell f\u00e4rdighet och kunskap \u00f6ppnar st\u00e4ndigt\nnya aspekter p\u00e5 b\u00e5tlivet.<\/p><p>Du kan best\u00e4lla B\u00e5tlivets ABC fr\u00e5n Finnboats kontor. Den digitala versionen \u00e4r tillg\u00e4nglig gratis p\u00e5 <a href=\"https:\/\/www.suomiveneilee.fi\/aapinen\/veneilijalle\/\">www.suomiveneilee.fi<\/a>webbsidan.<\/p>\t\t\t\t\t\t\t\t<\/div>\n\t\t\t\t<\/div>\n\t\t\t\t\t<\/div>\n\t\t<\/div>\n\t\t\t\t<div class=\"elementor-column elementor-col-33 elementor-top-column elementor-element elementor-element-8152804\" data-id=\"8152804\" data-element_type=\"column\" data-e-type=\"column\">\n\t\t\t<div class=\"elementor-widget-wrap elementor-element-populated\">\n\t\t\t\t\t\t<div class=\"elementor-element elementor-element-f812916 elementor-widget elementor-widget-text-editor\" data-id=\"f812916\" data-element_type=\"widget\" data-e-type=\"widget\" data-widget_type=\"text-editor.default\">\n\t\t\t\t<div class=\"elementor-widget-container\">\n\t\t\t\t\t\t\t\t\t<h2>Best\u00e4llning<\/h2><p>Du kan best\u00e4lla B\u00e5tlivets ABC fr\u00e5n Finnboats kontor via e-majl info@finnboat.fi.<\/p><h2>Priser<\/h2><p>Veneilyn Aapinen 0,50\u20ac<\/p><p>B\u00e5tlivets ABC 0,70\u20ac<\/p><h2>Leverans<\/h2><p>B\u00e5tlivets ABC skickas till kunden per post. Enskilda ABC skickas per brev och st\u00f6rre best\u00e4llningar skickas som \u00c4rr\u00e4 Paketti.<\/p>\t\t\t\t\t\t\t\t<\/div>\n\t\t\t\t<\/div>\n\t\t\t\t\t<\/div>\n\t\t<\/div>\n\t\t\t\t\t<\/div>\n\t\t<\/section>\n\t\t\t\t<\/div>","protected":false},"excerpt":{"rendered":"<p>Veneilyn Aapinen Veneilyn Aapiseen on tiiviiseen muotoon pyritty kokoamaan ne keskeiset asiat, jotka jokaisen vesill\u00e4 liikkuvan on v\u00e4ltt\u00e4m\u00e4t\u00f6nt\u00e4 tiet\u00e4\u00e4 jo oman turvallisuutensa vuoksi. Perustietojen hankinta on pienveneilij\u00e4llekin osa sit\u00e4 henkivakuutusta, [&hellip;]<\/p>\n","protected":false},"author":317,"featured_media":0,"parent":0,"menu_order":0,"comment_status":"closed","ping_status":"closed","template":"","meta":{"_acf_changed":false,"_crdt_document":"","inline_featured_image":false,"_monsterinsights_skip_tracking":false,"_monsterinsights_sitenote_active":false,"_monsterinsights_sitenote_note":"","_monsterinsights_sitenote_category":0,"footnotes":""},"class_list":["post-11327","page","type-page","status-publish","hentry"],"acf":[],"yoast_head":"<!-- This site is optimized with the Yoast SEO plugin v27.4 - https:\/\/yoast.com\/product\/yoast-seo-wordpress\/ -->\n<title>Veneilyn Aapinen - Finnboat<\/title>\n<meta name=\"robots\" content=\"index, follow, max-snippet:-1, max-image-preview:large, max-video-preview:-1\" \/>\n<link rel=\"canonical\" href=\"https:\/\/www.finnboat.fi\/sv\/veneilyn-aapinen\/\" \/>\n<meta property=\"og:locale\" content=\"sv_SE\" \/>\n<meta property=\"og:type\" content=\"article\" \/>\n<meta property=\"og:title\" content=\"Veneilyn Aapinen - Finnboat\" \/>\n<meta property=\"og:description\" content=\"Veneilyn Aapinen Veneilyn Aapiseen on tiiviiseen muotoon pyritty kokoamaan ne keskeiset asiat, jotka jokaisen vesill\u00e4 liikkuvan on v\u00e4ltt\u00e4m\u00e4t\u00f6nt\u00e4 tiet\u00e4\u00e4 jo oman turvallisuutensa vuoksi. Perustietojen hankinta on pienveneilij\u00e4llekin osa sit\u00e4 henkivakuutusta, [&hellip;]\" \/>\n<meta property=\"og:url\" content=\"https:\/\/www.finnboat.fi\/sv\/veneilyn-aapinen\/\" \/>\n<meta property=\"og:site_name\" content=\"Finnboat\" \/>\n<meta property=\"article:modified_time\" content=\"2024-10-11T12:32:59+00:00\" \/>\n<meta property=\"og:image\" content=\"https:\/\/www.finnboat.fi\/wp-content\/uploads\/2024\/10\/Veneilyn-Aapinen_Batlivets-ABS_wp_2024.png\" \/>\n\t<meta property=\"og:image:width\" content=\"1827\" \/>\n\t<meta property=\"og:image:height\" content=\"465\" \/>\n\t<meta property=\"og:image:type\" content=\"image\/png\" \/>\n<meta name=\"twitter:card\" content=\"summary_large_image\" \/>\n<meta name=\"twitter:label1\" content=\"Ber\u00e4knad l\u00e4stid\" \/>\n\t<meta name=\"twitter:data1\" content=\"2 minuter\" \/>\n<script type=\"application\/ld+json\" class=\"yoast-schema-graph\">{\"@context\":\"https:\\\/\\\/schema.org\",\"@graph\":[{\"@type\":\"WebPage\",\"@id\":\"https:\\\/\\\/www.finnboat.fi\\\/veneilyn-aapinen\\\/\",\"url\":\"https:\\\/\\\/www.finnboat.fi\\\/veneilyn-aapinen\\\/\",\"name\":\"Veneilyn Aapinen - Finnboat\",\"isPartOf\":{\"@id\":\"https:\\\/\\\/www.finnboat.fi\\\/en\\\/#website\"},\"primaryImageOfPage\":{\"@id\":\"https:\\\/\\\/www.finnboat.fi\\\/veneilyn-aapinen\\\/#primaryimage\"},\"image\":{\"@id\":\"https:\\\/\\\/www.finnboat.fi\\\/veneilyn-aapinen\\\/#primaryimage\"},\"thumbnailUrl\":\"https:\\\/\\\/www.finnboat.fi\\\/wp-content\\\/uploads\\\/2024\\\/10\\\/Veneilyn-Aapinen_Batlivets-ABS_wp_2024.png\",\"datePublished\":\"2024-10-11T09:05:50+00:00\",\"dateModified\":\"2024-10-11T12:32:59+00:00\",\"breadcrumb\":{\"@id\":\"https:\\\/\\\/www.finnboat.fi\\\/veneilyn-aapinen\\\/#breadcrumb\"},\"inLanguage\":\"sv-SE\",\"potentialAction\":[{\"@type\":\"ReadAction\",\"target\":[\"https:\\\/\\\/www.finnboat.fi\\\/veneilyn-aapinen\\\/\"]}]},{\"@type\":\"ImageObject\",\"inLanguage\":\"sv-SE\",\"@id\":\"https:\\\/\\\/www.finnboat.fi\\\/veneilyn-aapinen\\\/#primaryimage\",\"url\":\"https:\\\/\\\/www.finnboat.fi\\\/wp-content\\\/uploads\\\/2024\\\/10\\\/Veneilyn-Aapinen_Batlivets-ABS_wp_2024.png\",\"contentUrl\":\"https:\\\/\\\/www.finnboat.fi\\\/wp-content\\\/uploads\\\/2024\\\/10\\\/Veneilyn-Aapinen_Batlivets-ABS_wp_2024.png\"},{\"@type\":\"BreadcrumbList\",\"@id\":\"https:\\\/\\\/www.finnboat.fi\\\/veneilyn-aapinen\\\/#breadcrumb\",\"itemListElement\":[{\"@type\":\"ListItem\",\"position\":1,\"name\":\"Etusivu\",\"item\":\"https:\\\/\\\/www.finnboat.fi\\\/\"},{\"@type\":\"ListItem\",\"position\":2,\"name\":\"Veneilyn Aapinen\"}]},{\"@type\":\"WebSite\",\"@id\":\"https:\\\/\\\/www.finnboat.fi\\\/en\\\/#website\",\"url\":\"https:\\\/\\\/www.finnboat.fi\\\/en\\\/\",\"name\":\"Finnboat\",\"description\":\"Venealan Keskusliitto Finnboat ry\",\"publisher\":{\"@id\":\"https:\\\/\\\/www.finnboat.fi\\\/en\\\/#organization\"},\"potentialAction\":[{\"@type\":\"SearchAction\",\"target\":{\"@type\":\"EntryPoint\",\"urlTemplate\":\"https:\\\/\\\/www.finnboat.fi\\\/en\\\/?s={search_term_string}\"},\"query-input\":{\"@type\":\"PropertyValueSpecification\",\"valueRequired\":true,\"valueName\":\"search_term_string\"}}],\"inLanguage\":\"sv-SE\"},{\"@type\":\"Organization\",\"@id\":\"https:\\\/\\\/www.finnboat.fi\\\/en\\\/#organization\",\"name\":\"Finnboat\",\"url\":\"https:\\\/\\\/www.finnboat.fi\\\/en\\\/\",\"logo\":{\"@type\":\"ImageObject\",\"inLanguage\":\"sv-SE\",\"@id\":\"https:\\\/\\\/www.finnboat.fi\\\/en\\\/#\\\/schema\\\/logo\\\/image\\\/\",\"url\":\"https:\\\/\\\/www.finnboat.fi\\\/wp-content\\\/uploads\\\/2026\\\/02\\\/cropped-kassi.png\",\"contentUrl\":\"https:\\\/\\\/www.finnboat.fi\\\/wp-content\\\/uploads\\\/2026\\\/02\\\/cropped-kassi.png\",\"width\":1023,\"height\":1023,\"caption\":\"Finnboat\"},\"image\":{\"@id\":\"https:\\\/\\\/www.finnboat.fi\\\/en\\\/#\\\/schema\\\/logo\\\/image\\\/\"}}]}<\/script>\n<!-- \/ Yoast SEO plugin. -->","yoast_head_json":{"title":"Veneilyn Aapinen - Finnboat","robots":{"index":"index","follow":"follow","max-snippet":"max-snippet:-1","max-image-preview":"max-image-preview:large","max-video-preview":"max-video-preview:-1"},"canonical":"https:\/\/www.finnboat.fi\/sv\/veneilyn-aapinen\/","og_locale":"sv_SE","og_type":"article","og_title":"Veneilyn Aapinen - Finnboat","og_description":"Veneilyn Aapinen Veneilyn Aapiseen on tiiviiseen muotoon pyritty kokoamaan ne keskeiset asiat, jotka jokaisen vesill\u00e4 liikkuvan on v\u00e4ltt\u00e4m\u00e4t\u00f6nt\u00e4 tiet\u00e4\u00e4 jo oman turvallisuutensa vuoksi. Perustietojen hankinta on pienveneilij\u00e4llekin osa sit\u00e4 henkivakuutusta, [&hellip;]","og_url":"https:\/\/www.finnboat.fi\/sv\/veneilyn-aapinen\/","og_site_name":"Finnboat","article_modified_time":"2024-10-11T12:32:59+00:00","og_image":[{"width":1827,"height":465,"url":"https:\/\/www.finnboat.fi\/wp-content\/uploads\/2024\/10\/Veneilyn-Aapinen_Batlivets-ABS_wp_2024.png","type":"image\/png"}],"twitter_card":"summary_large_image","twitter_misc":{"Ber\u00e4knad l\u00e4stid":"2 minuter"},"schema":{"@context":"https:\/\/schema.org","@graph":[{"@type":"WebPage","@id":"https:\/\/www.finnboat.fi\/veneilyn-aapinen\/","url":"https:\/\/www.finnboat.fi\/veneilyn-aapinen\/","name":"Veneilyn Aapinen - Finnboat","isPartOf":{"@id":"https:\/\/www.finnboat.fi\/en\/#website"},"primaryImageOfPage":{"@id":"https:\/\/www.finnboat.fi\/veneilyn-aapinen\/#primaryimage"},"image":{"@id":"https:\/\/www.finnboat.fi\/veneilyn-aapinen\/#primaryimage"},"thumbnailUrl":"https:\/\/www.finnboat.fi\/wp-content\/uploads\/2024\/10\/Veneilyn-Aapinen_Batlivets-ABS_wp_2024.png","datePublished":"2024-10-11T09:05:50+00:00","dateModified":"2024-10-11T12:32:59+00:00","breadcrumb":{"@id":"https:\/\/www.finnboat.fi\/veneilyn-aapinen\/#breadcrumb"},"inLanguage":"sv-SE","potentialAction":[{"@type":"ReadAction","target":["https:\/\/www.finnboat.fi\/veneilyn-aapinen\/"]}]},{"@type":"ImageObject","inLanguage":"sv-SE","@id":"https:\/\/www.finnboat.fi\/veneilyn-aapinen\/#primaryimage","url":"https:\/\/www.finnboat.fi\/wp-content\/uploads\/2024\/10\/Veneilyn-Aapinen_Batlivets-ABS_wp_2024.png","contentUrl":"https:\/\/www.finnboat.fi\/wp-content\/uploads\/2024\/10\/Veneilyn-Aapinen_Batlivets-ABS_wp_2024.png"},{"@type":"BreadcrumbList","@id":"https:\/\/www.finnboat.fi\/veneilyn-aapinen\/#breadcrumb","itemListElement":[{"@type":"ListItem","position":1,"name":"Etusivu","item":"https:\/\/www.finnboat.fi\/"},{"@type":"ListItem","position":2,"name":"Veneilyn Aapinen"}]},{"@type":"WebSite","@id":"https:\/\/www.finnboat.fi\/en\/#website","url":"https:\/\/www.finnboat.fi\/en\/","name":"Finnboat","description":"B\u00e5tbranschens Centralf\u00f6rbund Finnboat rf","publisher":{"@id":"https:\/\/www.finnboat.fi\/en\/#organization"},"potentialAction":[{"@type":"SearchAction","target":{"@type":"EntryPoint","urlTemplate":"https:\/\/www.finnboat.fi\/en\/?s={search_term_string}"},"query-input":{"@type":"PropertyValueSpecification","valueRequired":true,"valueName":"search_term_string"}}],"inLanguage":"sv-SE"},{"@type":"Organization","@id":"https:\/\/www.finnboat.fi\/en\/#organization","name":"Finnboat","url":"https:\/\/www.finnboat.fi\/en\/","logo":{"@type":"ImageObject","inLanguage":"sv-SE","@id":"https:\/\/www.finnboat.fi\/en\/#\/schema\/logo\/image\/","url":"https:\/\/www.finnboat.fi\/wp-content\/uploads\/2026\/02\/cropped-kassi.png","contentUrl":"https:\/\/www.finnboat.fi\/wp-content\/uploads\/2026\/02\/cropped-kassi.png","width":1023,"height":1023,"caption":"Finnboat"},"image":{"@id":"https:\/\/www.finnboat.fi\/en\/#\/schema\/logo\/image\/"}}]}},"_links":{"self":[{"href":"https:\/\/www.finnboat.fi\/sv\/wp-json\/wp\/v2\/pages\/11327","targetHints":{"allow":["GET"]}}],"collection":[{"href":"https:\/\/www.finnboat.fi\/sv\/wp-json\/wp\/v2\/pages"}],"about":[{"href":"https:\/\/www.finnboat.fi\/sv\/wp-json\/wp\/v2\/types\/page"}],"author":[{"embeddable":true,"href":"https:\/\/www.finnboat.fi\/sv\/wp-json\/wp\/v2\/users\/317"}],"replies":[{"embeddable":true,"href":"https:\/\/www.finnboat.fi\/sv\/wp-json\/wp\/v2\/comments?post=11327"}],"version-history":[{"count":13,"href":"https:\/\/www.finnboat.fi\/sv\/wp-json\/wp\/v2\/pages\/11327\/revisions"}],"predecessor-version":[{"id":11345,"href":"https:\/\/www.finnboat.fi\/sv\/wp-json\/wp\/v2\/pages\/11327\/revisions\/11345"}],"wp:attachment":[{"href":"https:\/\/www.finnboat.fi\/sv\/wp-json\/wp\/v2\/media?parent=11327"}],"curies":[{"name":"wp","href":"https:\/\/api.w.org\/{rel}","templated":true}]}}