{"id":13342,"date":"2025-09-30T09:03:30","date_gmt":"2025-09-30T06:03:30","guid":{"rendered":"https:\/\/www.finnboat.fi\/?page_id=13342"},"modified":"2025-09-30T09:13:47","modified_gmt":"2025-09-30T06:13:47","slug":"finnboat-jasenpostituslista","status":"publish","type":"page","link":"https:\/\/www.finnboat.fi\/sv\/finnboat-jasenpostituslista\/","title":{"rendered":"Finnboat j\u00e4senpostituslista"},"content":{"rendered":"\t\t<div data-elementor-type=\"wp-page\" data-elementor-id=\"13342\" class=\"elementor elementor-13342\">\n\t\t\t\t\t\t<section class=\"elementor-section elementor-top-section elementor-element elementor-element-ba8d825 elementor-section-boxed elementor-section-height-default elementor-section-height-default\" data-id=\"ba8d825\" data-element_type=\"section\" data-e-type=\"section\">\n\t\t\t\t\t\t<div class=\"elementor-container elementor-column-gap-default\">\n\t\t\t\t\t<div class=\"elementor-column elementor-col-100 elementor-top-column elementor-element elementor-element-b404417\" data-id=\"b404417\" data-element_type=\"column\" data-e-type=\"column\">\n\t\t\t<div class=\"elementor-widget-wrap elementor-element-populated\">\n\t\t\t\t\t\t<div class=\"elementor-element elementor-element-e7aa465 elementor-widget elementor-widget-heading\" data-id=\"e7aa465\" data-element_type=\"widget\" data-e-type=\"widget\" data-widget_type=\"heading.default\">\n\t\t\t\t<div class=\"elementor-widget-container\">\n\t\t\t\t\t<h2 class=\"elementor-heading-title elementor-size-default\">FINNBOAT J\u00c4SENPOSTITUSLISTA<\/h2>\t\t\t\t<\/div>\n\t\t\t\t<\/div>\n\t\t\t\t\t<\/div>\n\t\t<\/div>\n\t\t\t\t\t<\/div>\n\t\t<\/section>\n\t\t\t\t<section class=\"elementor-section elementor-top-section elementor-element elementor-element-f903277 elementor-section-boxed elementor-section-height-default elementor-section-height-default\" data-id=\"f903277\" data-element_type=\"section\" data-e-type=\"section\">\n\t\t\t\t\t\t<div class=\"elementor-container elementor-column-gap-default\">\n\t\t\t\t\t<div class=\"elementor-column elementor-col-100 elementor-top-column elementor-element elementor-element-b513f15\" data-id=\"b513f15\" data-element_type=\"column\" data-e-type=\"column\">\n\t\t\t<div class=\"elementor-widget-wrap elementor-element-populated\">\n\t\t\t\t\t\t<div class=\"elementor-element elementor-element-01e6e1a elementor-widget elementor-widget-text-editor\" data-id=\"01e6e1a\" data-element_type=\"widget\" data-e-type=\"widget\" data-widget_type=\"text-editor.default\">\n\t\t\t\t<div class=\"elementor-widget-container\">\n\t\t\t\t\t\t\t\t\t<p>Finnboat tiedottaa j\u00e4senist\u00f6lle ajankohtaisista asioista MailChimp -j\u00e4rjestelm\u00e4n kautta. Alla olevan lomakkeen kautta voit lis\u00e4t\u00e4 yrityksesi edustajia koko j\u00e4senist\u00f6n postituslistalle.<\/p><p>\u00a0<\/p>\t\t\t\t\t\t\t\t<\/div>\n\t\t\t\t<\/div>\n\t\t\t\t\t<\/div>\n\t\t<\/div>\n\t\t\t\t\t<\/div>\n\t\t<\/section>\n\t\t\t\t<section class=\"elementor-section elementor-top-section elementor-element elementor-element-d30c9cb elementor-section-boxed elementor-section-height-default elementor-section-height-default\" data-id=\"d30c9cb\" data-element_type=\"section\" data-e-type=\"section\">\n\t\t\t\t\t\t<div class=\"elementor-container elementor-column-gap-default\">\n\t\t\t\t\t<div class=\"elementor-column elementor-col-100 elementor-top-column elementor-element elementor-element-07d0046\" data-id=\"07d0046\" data-element_type=\"column\" data-e-type=\"column\">\n\t\t\t<div class=\"elementor-widget-wrap elementor-element-populated\">\n\t\t\t\t\t\t<div class=\"elementor-element elementor-element-32c0506 elementor-widget elementor-widget-text-editor\" data-id=\"32c0506\" data-element_type=\"widget\" data-e-type=\"widget\" data-widget_type=\"text-editor.default\">\n\t\t\t\t<div class=\"elementor-widget-container\">\n\t\t\t\t\t\t\t\t\t<div id=\"mc_embed_shell\">\n      <link href=\"\/\/cdn-images.mailchimp.com\/embedcode\/classic-061523.css\" rel=\"stylesheet\" type=\"text\/css\">\n  <style type=\"text\/css\">\n        #mc_embed_signup{background:#fff; false;clear:left; font:14px Helvetica,Arial,sans-serif; width: 600px;}\n        \/* Add your own Mailchimp form style overrides in your site stylesheet or in this style block.\n           We recommend moving this block and the preceding CSS link to the HEAD of your HTML file. *\/\n<\/style>\n<div id=\"mc_embed_signup\">\n    <form action=\"https:\/\/finnboat.us14.list-manage.com\/subscribe\/post?u=b9a94b2ebb98313d95cafbb82&amp;id=c2c6429a1a&amp;f_id=00aab7e5f0\" method=\"post\" id=\"mc-embedded-subscribe-form\" name=\"mc-embedded-subscribe-form\" class=\"validate\" target=\"_blank\">\n        <div id=\"mc_embed_signup_scroll\"><h2>Finnboat J\u00e4senpostituslista<\/h2>\n            <div class=\"indicates-required\"><span class=\"asterisk\">*<\/span> indicates required<\/div>\n            <div class=\"mc-field-group\"><label for=\"mce-EMAIL\">Email Address <span class=\"asterisk\">*<\/span><\/label><input type=\"email\" name=\"EMAIL\" class=\"required email\" id=\"mce-EMAIL\" required=\"\" value=\"\"><\/div><div class=\"mc-field-group\"><label for=\"mce-FNAME\">Etu- ja sukunimi <span class=\"asterisk\">*<\/span><\/label><input type=\"text\" name=\"FNAME\" class=\"required text\" id=\"mce-FNAME\" required=\"\" value=\"\"><\/div><div class=\"mc-field-group\"><label for=\"mce-LNAME\">Yritys <span class=\"asterisk\">*<\/span><\/label><input type=\"text\" name=\"LNAME\" class=\"required text\" id=\"mce-LNAME\" required=\"\" value=\"\"><\/div>\n<div hidden=\"\"><input type=\"hidden\" name=\"tags\" value=\"7271616\"><\/div>\n        <div id=\"mce-responses\" class=\"clear\">\n            <div class=\"response\" id=\"mce-error-response\" style=\"display: none;\"><\/div>\n            <div class=\"response\" id=\"mce-success-response\" style=\"display: none;\"><\/div>\n        <\/div><div style=\"position: absolute; left: -5000px;\" aria-hidden=\"true\"><input type=\"text\" name=\"b_b9a94b2ebb98313d95cafbb82_c2c6429a1a\" tabindex=\"-1\" value=\"\"><\/div><div class=\"clear\"><input type=\"submit\" name=\"subscribe\" id=\"mc-embedded-subscribe\" class=\"button\" value=\"Subscribe\"><\/div>\n    <\/div>\n<\/form>\n<\/div>\n<script type=\"text\/javascript\" src=\"\/\/s3.amazonaws.com\/downloads.mailchimp.com\/js\/mc-validate.js\"><\/script><script type=\"text\/javascript\">(function($) {window.fnames = new Array(); window.ftypes = new Array();fnames[0]='EMAIL';ftypes[0]='email';fnames[1]='FNAME';ftypes[1]='text';fnames[2]='LNAME';ftypes[2]='text';\/*\n * Translated default messages for the $ validation plugin.\n * Locale: FI\n *\/\n$.extend($.validator.messages, {\n\trequired: \"T&auml;m&auml; kentt&auml; on pakollinen.\",\n\tmaxlength: $.validator.format(\"Voit sy&ouml;tt&auml;&auml; enint&auml;&auml;n {0} merkki&auml;.\"),\n\tminlength: $.validator.format(\"V&auml;hint&auml;&auml;n {0} merkki&auml;.\"),\n\trangelength: $.validator.format(\"Sy&ouml;t&auml; v&auml;hint&auml;&auml;n {0} ja enint&auml;&auml;n {1} merkki&auml;.\"),\n\temail: \"Sy&ouml;t&auml; oikea s&auml;hk&ouml;postiosoite.\",\n\turl: \"Sy&ouml;t&auml; oikea URL osoite.\",\n\tdate: \"Sy&ouml;t&auml; oike p&auml;iv&auml;m&auml;&auml;r&auml;.\",\n\tdateISO: \"Sy&ouml;t&auml; oike p&auml;iv&auml;m&auml;&auml;r&auml; (VVVV-MM-DD).\",\n\tnumber: \"Sy&ouml;t&auml; numero.\",\n\tdigits: \"Sy&ouml;t&auml; pelk&auml;st&auml;&auml;n numeroita.\",\n\tequalTo: \"Sy&ouml;t&auml; sama arvo uudestaan.\",\n\trange: $.validator.format(\"Sy&ouml;t&auml; arvo {0} ja {1} v&auml;lilt&auml;.\"),\n\tmax: $.validator.format(\"Sy&ouml;t&auml; arvo joka on yht&auml; suuri tai suurempi kuin {0}.\"),\n\tmin: $.validator.format(\"Sy&ouml;t&auml; arvo joka on pienempi tai yht&auml; suuri kuin {0}.\"),\n\tcreditcard: \"Sy&ouml;t&auml; voimassa oleva luottokorttinumero.\"\n});}(jQuery));var $mcj = jQuery.noConflict(true);<\/script><\/div>\n\t\t\t\t\t\t\t\t<\/div>\n\t\t\t\t<\/div>\n\t\t\t\t\t<\/div>\n\t\t<\/div>\n\t\t\t\t\t<\/div>\n\t\t<\/section>\n\t\t\t\t<\/div>\n\t\t","protected":false},"excerpt":{"rendered":"<p>FINNBOAT J\u00c4SENPOSTITUSLISTA Finnboat tiedottaa j\u00e4senist\u00f6lle ajankohtaisista asioista MailChimp -j\u00e4rjestelm\u00e4n kautta. Alla olevan lomakkeen kautta voit lis\u00e4t\u00e4 yrityksesi edustajia koko j\u00e4senist\u00f6n postituslistalle. \u00a0 Finnboat J\u00e4senpostituslista * indicates required Email Address *Etu- [&hellip;]<\/p>\n","protected":false},"author":317,"featured_media":0,"parent":0,"menu_order":0,"comment_status":"closed","ping_status":"closed","template":"","meta":{"_acf_changed":false,"_crdt_document":"","inline_featured_image":false,"_monsterinsights_skip_tracking":false,"_monsterinsights_sitenote_active":false,"_monsterinsights_sitenote_note":"","_monsterinsights_sitenote_category":0,"footnotes":""},"class_list":["post-13342","page","type-page","status-publish","hentry"],"acf":[],"yoast_head":"<!-- This site is optimized with the Yoast SEO plugin v27.3 - https:\/\/yoast.com\/product\/yoast-seo-wordpress\/ -->\n<title>Finnboat j\u00e4senpostituslista - Finnboat<\/title>\n<meta name=\"robots\" content=\"index, follow, max-snippet:-1, max-image-preview:large, max-video-preview:-1\" \/>\n<link rel=\"canonical\" href=\"https:\/\/www.finnboat.fi\/sv\/finnboat-jasenpostituslista\/\" \/>\n<meta property=\"og:locale\" content=\"sv_SE\" \/>\n<meta property=\"og:type\" content=\"article\" \/>\n<meta property=\"og:title\" content=\"Finnboat j\u00e4senpostituslista - Finnboat\" \/>\n<meta property=\"og:description\" content=\"FINNBOAT J\u00c4SENPOSTITUSLISTA Finnboat tiedottaa j\u00e4senist\u00f6lle ajankohtaisista asioista MailChimp -j\u00e4rjestelm\u00e4n kautta. Alla olevan lomakkeen kautta voit lis\u00e4t\u00e4 yrityksesi edustajia koko j\u00e4senist\u00f6n postituslistalle. \u00a0 Finnboat J\u00e4senpostituslista * indicates required Email Address *Etu- [&hellip;]\" \/>\n<meta property=\"og:url\" content=\"https:\/\/www.finnboat.fi\/sv\/finnboat-jasenpostituslista\/\" \/>\n<meta property=\"og:site_name\" content=\"Finnboat\" \/>\n<meta property=\"article:modified_time\" content=\"2025-09-30T06:13:47+00:00\" \/>\n<meta name=\"twitter:card\" content=\"summary_large_image\" \/>\n<meta name=\"twitter:label1\" content=\"Ber\u00e4knad l\u00e4stid\" \/>\n\t<meta name=\"twitter:data1\" content=\"1 minut\" \/>\n<script type=\"application\/ld+json\" class=\"yoast-schema-graph\">{\"@context\":\"https:\\\/\\\/schema.org\",\"@graph\":[{\"@type\":\"WebPage\",\"@id\":\"https:\\\/\\\/www.finnboat.fi\\\/finnboat-jasenpostituslista\\\/\",\"url\":\"https:\\\/\\\/www.finnboat.fi\\\/finnboat-jasenpostituslista\\\/\",\"name\":\"Finnboat j\u00e4senpostituslista - Finnboat\",\"isPartOf\":{\"@id\":\"https:\\\/\\\/www.finnboat.fi\\\/en\\\/#website\"},\"datePublished\":\"2025-09-30T06:03:30+00:00\",\"dateModified\":\"2025-09-30T06:13:47+00:00\",\"breadcrumb\":{\"@id\":\"https:\\\/\\\/www.finnboat.fi\\\/finnboat-jasenpostituslista\\\/#breadcrumb\"},\"inLanguage\":\"sv-SE\",\"potentialAction\":[{\"@type\":\"ReadAction\",\"target\":[\"https:\\\/\\\/www.finnboat.fi\\\/finnboat-jasenpostituslista\\\/\"]}]},{\"@type\":\"BreadcrumbList\",\"@id\":\"https:\\\/\\\/www.finnboat.fi\\\/finnboat-jasenpostituslista\\\/#breadcrumb\",\"itemListElement\":[{\"@type\":\"ListItem\",\"position\":1,\"name\":\"Etusivu\",\"item\":\"https:\\\/\\\/www.finnboat.fi\\\/\"},{\"@type\":\"ListItem\",\"position\":2,\"name\":\"Finnboat j\u00e4senpostituslista\"}]},{\"@type\":\"WebSite\",\"@id\":\"https:\\\/\\\/www.finnboat.fi\\\/en\\\/#website\",\"url\":\"https:\\\/\\\/www.finnboat.fi\\\/en\\\/\",\"name\":\"Finnboat\",\"description\":\"Venealan Keskusliitto Finnboat ry\",\"publisher\":{\"@id\":\"https:\\\/\\\/www.finnboat.fi\\\/en\\\/#organization\"},\"potentialAction\":[{\"@type\":\"SearchAction\",\"target\":{\"@type\":\"EntryPoint\",\"urlTemplate\":\"https:\\\/\\\/www.finnboat.fi\\\/en\\\/?s={search_term_string}\"},\"query-input\":{\"@type\":\"PropertyValueSpecification\",\"valueRequired\":true,\"valueName\":\"search_term_string\"}}],\"inLanguage\":\"sv-SE\"},{\"@type\":\"Organization\",\"@id\":\"https:\\\/\\\/www.finnboat.fi\\\/en\\\/#organization\",\"name\":\"Finnboat\",\"url\":\"https:\\\/\\\/www.finnboat.fi\\\/en\\\/\",\"logo\":{\"@type\":\"ImageObject\",\"inLanguage\":\"sv-SE\",\"@id\":\"https:\\\/\\\/www.finnboat.fi\\\/en\\\/#\\\/schema\\\/logo\\\/image\\\/\",\"url\":\"https:\\\/\\\/www.finnboat.fi\\\/wp-content\\\/uploads\\\/2026\\\/02\\\/cropped-kassi.png\",\"contentUrl\":\"https:\\\/\\\/www.finnboat.fi\\\/wp-content\\\/uploads\\\/2026\\\/02\\\/cropped-kassi.png\",\"width\":1023,\"height\":1023,\"caption\":\"Finnboat\"},\"image\":{\"@id\":\"https:\\\/\\\/www.finnboat.fi\\\/en\\\/#\\\/schema\\\/logo\\\/image\\\/\"}}]}<\/script>\n<!-- \/ Yoast SEO plugin. -->","yoast_head_json":{"title":"Finnboat j\u00e4senpostituslista - Finnboat","robots":{"index":"index","follow":"follow","max-snippet":"max-snippet:-1","max-image-preview":"max-image-preview:large","max-video-preview":"max-video-preview:-1"},"canonical":"https:\/\/www.finnboat.fi\/sv\/finnboat-jasenpostituslista\/","og_locale":"sv_SE","og_type":"article","og_title":"Finnboat j\u00e4senpostituslista - Finnboat","og_description":"FINNBOAT J\u00c4SENPOSTITUSLISTA Finnboat tiedottaa j\u00e4senist\u00f6lle ajankohtaisista asioista MailChimp -j\u00e4rjestelm\u00e4n kautta. Alla olevan lomakkeen kautta voit lis\u00e4t\u00e4 yrityksesi edustajia koko j\u00e4senist\u00f6n postituslistalle. \u00a0 Finnboat J\u00e4senpostituslista * indicates required Email Address *Etu- [&hellip;]","og_url":"https:\/\/www.finnboat.fi\/sv\/finnboat-jasenpostituslista\/","og_site_name":"Finnboat","article_modified_time":"2025-09-30T06:13:47+00:00","twitter_card":"summary_large_image","twitter_misc":{"Ber\u00e4knad l\u00e4stid":"1 minut"},"schema":{"@context":"https:\/\/schema.org","@graph":[{"@type":"WebPage","@id":"https:\/\/www.finnboat.fi\/finnboat-jasenpostituslista\/","url":"https:\/\/www.finnboat.fi\/finnboat-jasenpostituslista\/","name":"Finnboat j\u00e4senpostituslista - Finnboat","isPartOf":{"@id":"https:\/\/www.finnboat.fi\/en\/#website"},"datePublished":"2025-09-30T06:03:30+00:00","dateModified":"2025-09-30T06:13:47+00:00","breadcrumb":{"@id":"https:\/\/www.finnboat.fi\/finnboat-jasenpostituslista\/#breadcrumb"},"inLanguage":"sv-SE","potentialAction":[{"@type":"ReadAction","target":["https:\/\/www.finnboat.fi\/finnboat-jasenpostituslista\/"]}]},{"@type":"BreadcrumbList","@id":"https:\/\/www.finnboat.fi\/finnboat-jasenpostituslista\/#breadcrumb","itemListElement":[{"@type":"ListItem","position":1,"name":"Etusivu","item":"https:\/\/www.finnboat.fi\/"},{"@type":"ListItem","position":2,"name":"Finnboat j\u00e4senpostituslista"}]},{"@type":"WebSite","@id":"https:\/\/www.finnboat.fi\/en\/#website","url":"https:\/\/www.finnboat.fi\/en\/","name":"Finnboat","description":"B\u00e5tbranschens Centralf\u00f6rbund Finnboat rf","publisher":{"@id":"https:\/\/www.finnboat.fi\/en\/#organization"},"potentialAction":[{"@type":"SearchAction","target":{"@type":"EntryPoint","urlTemplate":"https:\/\/www.finnboat.fi\/en\/?s={search_term_string}"},"query-input":{"@type":"PropertyValueSpecification","valueRequired":true,"valueName":"search_term_string"}}],"inLanguage":"sv-SE"},{"@type":"Organization","@id":"https:\/\/www.finnboat.fi\/en\/#organization","name":"Finnboat","url":"https:\/\/www.finnboat.fi\/en\/","logo":{"@type":"ImageObject","inLanguage":"sv-SE","@id":"https:\/\/www.finnboat.fi\/en\/#\/schema\/logo\/image\/","url":"https:\/\/www.finnboat.fi\/wp-content\/uploads\/2026\/02\/cropped-kassi.png","contentUrl":"https:\/\/www.finnboat.fi\/wp-content\/uploads\/2026\/02\/cropped-kassi.png","width":1023,"height":1023,"caption":"Finnboat"},"image":{"@id":"https:\/\/www.finnboat.fi\/en\/#\/schema\/logo\/image\/"}}]}},"_links":{"self":[{"href":"https:\/\/www.finnboat.fi\/sv\/wp-json\/wp\/v2\/pages\/13342","targetHints":{"allow":["GET"]}}],"collection":[{"href":"https:\/\/www.finnboat.fi\/sv\/wp-json\/wp\/v2\/pages"}],"about":[{"href":"https:\/\/www.finnboat.fi\/sv\/wp-json\/wp\/v2\/types\/page"}],"author":[{"embeddable":true,"href":"https:\/\/www.finnboat.fi\/sv\/wp-json\/wp\/v2\/users\/317"}],"replies":[{"embeddable":true,"href":"https:\/\/www.finnboat.fi\/sv\/wp-json\/wp\/v2\/comments?post=13342"}],"version-history":[{"count":10,"href":"https:\/\/www.finnboat.fi\/sv\/wp-json\/wp\/v2\/pages\/13342\/revisions"}],"predecessor-version":[{"id":13363,"href":"https:\/\/www.finnboat.fi\/sv\/wp-json\/wp\/v2\/pages\/13342\/revisions\/13363"}],"wp:attachment":[{"href":"https:\/\/www.finnboat.fi\/sv\/wp-json\/wp\/v2\/media?parent=13342"}],"curies":[{"name":"wp","href":"https:\/\/api.w.org\/{rel}","templated":true}]}}