{"id":14026,"date":"2026-02-04T15:16:49","date_gmt":"2026-02-04T13:16:49","guid":{"rendered":"https:\/\/www.finnboat.fi\/?page_id=14026"},"modified":"2026-02-04T15:39:42","modified_gmt":"2026-02-04T13:39:42","slug":"finnboat-veneet-ihmiset-ja-intohimo","status":"publish","type":"page","link":"https:\/\/www.finnboat.fi\/sv\/finnboat-veneet-ihmiset-ja-intohimo\/","title":{"rendered":"Finnboat &#8211; Veneet, ihmiset ja intohimo"},"content":{"rendered":"<div data-elementor-type=\"wp-page\" data-elementor-id=\"14026\" class=\"elementor elementor-14026\">\n\t\t\t\t\t\t<section class=\"elementor-section elementor-top-section elementor-element elementor-element-64dcbc01 elementor-section-height-min-height elementor-section-boxed elementor-section-height-default elementor-section-items-middle\" data-id=\"64dcbc01\" data-element_type=\"section\" data-e-type=\"section\" data-settings=\"{&quot;background_background&quot;:&quot;classic&quot;}\">\n\t\t\t\t\t\t\t<div class=\"elementor-background-overlay\"><\/div>\n\t\t\t\t\t\t\t<div class=\"elementor-container elementor-column-gap-default\">\n\t\t\t\t\t<div class=\"elementor-column elementor-col-100 elementor-top-column elementor-element elementor-element-5554a570\" data-id=\"5554a570\" data-element_type=\"column\" data-e-type=\"column\">\n\t\t\t<div class=\"elementor-widget-wrap elementor-element-populated\">\n\t\t\t\t\t\t<div class=\"elementor-element elementor-element-1338fac7 elementor-widget elementor-widget-heading\" data-id=\"1338fac7\" data-element_type=\"widget\" data-e-type=\"widget\" data-widget_type=\"heading.default\">\n\t\t\t\t<div class=\"elementor-widget-container\">\n\t\t\t\t\t<h1 class=\"elementor-heading-title elementor-size-xxl\">Finnboat - B\u00e5tar, m\u00e4nniskor och drivkraft<\/h1>\t\t\t\t<\/div>\n\t\t\t\t<\/div>\n\t\t\t\t\t<\/div>\n\t\t<\/div>\n\t\t\t\t\t<\/div>\n\t\t<\/section>\n\t\t\t\t<section class=\"elementor-section elementor-top-section elementor-element elementor-element-62c220c3 elementor-section-boxed elementor-section-height-default elementor-section-height-default\" data-id=\"62c220c3\" data-element_type=\"section\" data-e-type=\"section\">\n\t\t\t\t\t\t<div class=\"elementor-container elementor-column-gap-default\">\n\t\t\t\t\t<div class=\"elementor-column elementor-col-100 elementor-top-column elementor-element elementor-element-bb8f23f\" data-id=\"bb8f23f\" data-element_type=\"column\" data-e-type=\"column\">\n\t\t\t<div class=\"elementor-widget-wrap\">\n\t\t\t\t\t\t\t<\/div>\n\t\t<\/div>\n\t\t\t\t\t<\/div>\n\t\t<\/section>\n\t\t\t\t<section class=\"elementor-section elementor-top-section elementor-element elementor-element-0d2f3f3 elementor-section-boxed elementor-section-height-default elementor-section-height-default\" data-id=\"0d2f3f3\" data-element_type=\"section\" data-e-type=\"section\">\n\t\t\t\t\t\t<div class=\"elementor-container elementor-column-gap-default\">\n\t\t\t\t\t<div class=\"elementor-column elementor-col-66 elementor-top-column elementor-element elementor-element-a701ce5\" data-id=\"a701ce5\" data-element_type=\"column\" data-e-type=\"column\">\n\t\t\t<div class=\"elementor-widget-wrap elementor-element-populated\">\n\t\t\t\t\t\t<div class=\"elementor-element elementor-element-2b5724f elementor-widget elementor-widget-text-editor\" data-id=\"2b5724f\" data-element_type=\"widget\" data-e-type=\"widget\" data-widget_type=\"text-editor.default\">\n\t\t\t\t<div class=\"elementor-widget-container\">\n\t\t\t\t\t\t\t\t\t<p><strong><i>Boken Finnboat - B\u00e5tar, m\u00e4nniskor och drivkraft<\/i><\/strong> ber\u00e4ttar om utvecklingen av den finl\u00e4ndska b\u00e5tbranschen och de personligheter som verkat bakom den.\u00a0<\/p><p>F\u00f6rsta upplagan omfattar 1\u202f000 stycke och den 322 sidor l\u00e5nga boken \u00e4r utgiven som en tv\u00e5spr\u00e5kig v\u00e4ndbok (finska och svenska). Boken \u00e4r skriven av fackboksf\u00f6rfattaren <b>Jussi Evinsalo<\/b>.<\/p><p><img fetchpriority=\"high\" decoding=\"async\" class=\"alignnone wp-image-14031\" src=\"https:\/\/www.finnboat.fi\/wp-content\/uploads\/2026\/02\/Finnboat_historiikki-suomi_kansi.jpg\" alt=\"\" width=\"322\" height=\"420\" srcset=\"https:\/\/www.finnboat.fi\/wp-content\/uploads\/2026\/02\/Finnboat_historiikki-suomi_kansi.jpg 620w, https:\/\/www.finnboat.fi\/wp-content\/uploads\/2026\/02\/Finnboat_historiikki-suomi_kansi-230x300.jpg 230w, https:\/\/www.finnboat.fi\/wp-content\/uploads\/2026\/02\/Finnboat_historiikki-suomi_kansi-9x12.jpg 9w, https:\/\/www.finnboat.fi\/wp-content\/uploads\/2026\/02\/Finnboat_historiikki-suomi_kansi-600x781.jpg 600w\" sizes=\"(max-width: 322px) 100vw, 322px\" \/> <img decoding=\"async\" class=\"alignnone  wp-image-14041\" src=\"https:\/\/www.finnboat.fi\/wp-content\/uploads\/2026\/02\/Finnboat_historiikki-ruotsi_kansi.jpg\" alt=\"\" width=\"322\" height=\"419\" srcset=\"https:\/\/www.finnboat.fi\/wp-content\/uploads\/2026\/02\/Finnboat_historiikki-ruotsi_kansi.jpg 620w, https:\/\/www.finnboat.fi\/wp-content\/uploads\/2026\/02\/Finnboat_historiikki-ruotsi_kansi-231x300.jpg 231w, https:\/\/www.finnboat.fi\/wp-content\/uploads\/2026\/02\/Finnboat_historiikki-ruotsi_kansi-9x12.jpg 9w, https:\/\/www.finnboat.fi\/wp-content\/uploads\/2026\/02\/Finnboat_historiikki-ruotsi_kansi-600x780.jpg 600w\" sizes=\"(max-width: 322px) 100vw, 322px\" \/><\/p>\t\t\t\t\t\t\t\t<\/div>\n\t\t\t\t<\/div>\n\t\t\t\t\t<\/div>\n\t\t<\/div>\n\t\t\t\t<div class=\"elementor-column elementor-col-33 elementor-top-column elementor-element elementor-element-7050d2a\" data-id=\"7050d2a\" data-element_type=\"column\" data-e-type=\"column\">\n\t\t\t<div class=\"elementor-widget-wrap elementor-element-populated\">\n\t\t\t\t\t\t<div class=\"elementor-element elementor-element-a9ffc5d elementor-widget elementor-widget-text-editor\" data-id=\"a9ffc5d\" data-element_type=\"widget\" data-e-type=\"widget\" data-widget_type=\"text-editor.default\">\n\t\t\t\t<div class=\"elementor-widget-container\">\n\t\t\t\t\t\t\t\t\t<h3><b>BEST\u00c4LLNING<\/b><\/h3><p><img decoding=\"async\" class=\"alignnone wp-image-14032\" src=\"https:\/\/www.finnboat.fi\/wp-content\/uploads\/2026\/02\/qr-TILAUS-Finnboat-historiikki_2026.png\" alt=\"\" width=\"196\" height=\"196\" srcset=\"https:\/\/www.finnboat.fi\/wp-content\/uploads\/2026\/02\/qr-TILAUS-Finnboat-historiikki_2026.png 300w, https:\/\/www.finnboat.fi\/wp-content\/uploads\/2026\/02\/qr-TILAUS-Finnboat-historiikki_2026-150x150.png 150w, https:\/\/www.finnboat.fi\/wp-content\/uploads\/2026\/02\/qr-TILAUS-Finnboat-historiikki_2026-12x12.png 12w, https:\/\/www.finnboat.fi\/wp-content\/uploads\/2026\/02\/qr-TILAUS-Finnboat-historiikki_2026-100x100.png 100w\" sizes=\"(max-width: 196px) 100vw, 196px\" \/><\/p><p>Genom QR-koden eller <a href=\"https:\/\/q.surveypal.com\/TILAUS-Finnboat-historiikki_2026\">via denna l\u00e4nk<\/a>.<\/p><p>\u00a0<\/p><h3 style=\"text-align: left;\"><b>PRISER<\/b><\/h3><p>59,00 \u20ac \/ st<\/p><p>49,00 \u20ac \/ st (9 b\u00f6cker\/l\u00e5da)<\/p><p>Leveranskostnader tillkommer enligt vald tj\u00e4nsteleverant\u00f6rs prislista. Mer information om best\u00e4llningar:\u00a0<a href=\"mailto:info@finnboat.fi\" target=\"_blank\" rel=\"nofollow noopener noreferrer\">info@finnboat.fi<\/a><\/p>\t\t\t\t\t\t\t\t<\/div>\n\t\t\t\t<\/div>\n\t\t\t\t\t<\/div>\n\t\t<\/div>\n\t\t\t\t\t<\/div>\n\t\t<\/section>\n\t\t\t\t<\/div>","protected":false},"excerpt":{"rendered":"<p>Finnboat &#8211; Veneet, ihmiset ja intohimo Finnboat \u2013 Veneet, ihmiset ja intohimo -teos kertoo suomalaisen venealan kehityksest\u00e4 ja sen taustalla vaikuttaneista persoonista. Teoksen ensimm\u00e4inen painos on 1 000 kappaletta ja [&hellip;]<\/p>\n","protected":false},"author":317,"featured_media":0,"parent":0,"menu_order":0,"comment_status":"closed","ping_status":"closed","template":"","meta":{"_acf_changed":false,"_crdt_document":"","inline_featured_image":false,"_monsterinsights_skip_tracking":false,"_monsterinsights_sitenote_active":false,"_monsterinsights_sitenote_note":"","_monsterinsights_sitenote_category":0,"footnotes":""},"class_list":["post-14026","page","type-page","status-publish","hentry"],"acf":[],"yoast_head":"<!-- This site is optimized with the Yoast SEO plugin v27.3 - https:\/\/yoast.com\/product\/yoast-seo-wordpress\/ -->\n<title>Finnboat - Veneet, ihmiset ja intohimo - Finnboat<\/title>\n<meta name=\"robots\" content=\"index, follow, max-snippet:-1, max-image-preview:large, max-video-preview:-1\" \/>\n<link rel=\"canonical\" href=\"https:\/\/www.finnboat.fi\/sv\/finnboat-veneet-ihmiset-ja-intohimo\/\" \/>\n<meta property=\"og:locale\" content=\"sv_SE\" \/>\n<meta property=\"og:type\" content=\"article\" \/>\n<meta property=\"og:title\" content=\"Finnboat - Veneet, ihmiset ja intohimo - Finnboat\" \/>\n<meta property=\"og:description\" content=\"Finnboat &#8211; Veneet, ihmiset ja intohimo Finnboat \u2013 Veneet, ihmiset ja intohimo -teos kertoo suomalaisen venealan kehityksest\u00e4 ja sen taustalla vaikuttaneista persoonista. Teoksen ensimm\u00e4inen painos on 1 000 kappaletta ja [&hellip;]\" \/>\n<meta property=\"og:url\" content=\"https:\/\/www.finnboat.fi\/sv\/finnboat-veneet-ihmiset-ja-intohimo\/\" \/>\n<meta property=\"og:site_name\" content=\"Finnboat\" \/>\n<meta property=\"article:modified_time\" content=\"2026-02-04T13:39:42+00:00\" \/>\n<meta property=\"og:image\" content=\"https:\/\/www.finnboat.fi\/wp-content\/uploads\/2026\/02\/Finnboat_historiikki-suomi_kansi.jpg\" \/>\n<meta name=\"twitter:card\" content=\"summary_large_image\" \/>\n<meta name=\"twitter:label1\" content=\"Ber\u00e4knad l\u00e4stid\" \/>\n\t<meta name=\"twitter:data1\" content=\"2 minuter\" \/>\n<script type=\"application\/ld+json\" class=\"yoast-schema-graph\">{\"@context\":\"https:\\\/\\\/schema.org\",\"@graph\":[{\"@type\":\"WebPage\",\"@id\":\"https:\\\/\\\/www.finnboat.fi\\\/finnboat-veneet-ihmiset-ja-intohimo\\\/\",\"url\":\"https:\\\/\\\/www.finnboat.fi\\\/finnboat-veneet-ihmiset-ja-intohimo\\\/\",\"name\":\"Finnboat - Veneet, ihmiset ja intohimo - Finnboat\",\"isPartOf\":{\"@id\":\"https:\\\/\\\/www.finnboat.fi\\\/en\\\/#website\"},\"primaryImageOfPage\":{\"@id\":\"https:\\\/\\\/www.finnboat.fi\\\/finnboat-veneet-ihmiset-ja-intohimo\\\/#primaryimage\"},\"image\":{\"@id\":\"https:\\\/\\\/www.finnboat.fi\\\/finnboat-veneet-ihmiset-ja-intohimo\\\/#primaryimage\"},\"thumbnailUrl\":\"https:\\\/\\\/www.finnboat.fi\\\/wp-content\\\/uploads\\\/2026\\\/02\\\/Finnboat_historiikki-suomi_kansi.jpg\",\"datePublished\":\"2026-02-04T13:16:49+00:00\",\"dateModified\":\"2026-02-04T13:39:42+00:00\",\"breadcrumb\":{\"@id\":\"https:\\\/\\\/www.finnboat.fi\\\/finnboat-veneet-ihmiset-ja-intohimo\\\/#breadcrumb\"},\"inLanguage\":\"sv-SE\",\"potentialAction\":[{\"@type\":\"ReadAction\",\"target\":[\"https:\\\/\\\/www.finnboat.fi\\\/finnboat-veneet-ihmiset-ja-intohimo\\\/\"]}]},{\"@type\":\"ImageObject\",\"inLanguage\":\"sv-SE\",\"@id\":\"https:\\\/\\\/www.finnboat.fi\\\/finnboat-veneet-ihmiset-ja-intohimo\\\/#primaryimage\",\"url\":\"https:\\\/\\\/www.finnboat.fi\\\/wp-content\\\/uploads\\\/2026\\\/02\\\/Finnboat_historiikki-suomi_kansi.jpg\",\"contentUrl\":\"https:\\\/\\\/www.finnboat.fi\\\/wp-content\\\/uploads\\\/2026\\\/02\\\/Finnboat_historiikki-suomi_kansi.jpg\"},{\"@type\":\"BreadcrumbList\",\"@id\":\"https:\\\/\\\/www.finnboat.fi\\\/finnboat-veneet-ihmiset-ja-intohimo\\\/#breadcrumb\",\"itemListElement\":[{\"@type\":\"ListItem\",\"position\":1,\"name\":\"Etusivu\",\"item\":\"https:\\\/\\\/www.finnboat.fi\\\/\"},{\"@type\":\"ListItem\",\"position\":2,\"name\":\"Finnboat &#8211; Veneet, ihmiset ja intohimo\"}]},{\"@type\":\"WebSite\",\"@id\":\"https:\\\/\\\/www.finnboat.fi\\\/en\\\/#website\",\"url\":\"https:\\\/\\\/www.finnboat.fi\\\/en\\\/\",\"name\":\"Finnboat\",\"description\":\"Venealan Keskusliitto Finnboat ry\",\"publisher\":{\"@id\":\"https:\\\/\\\/www.finnboat.fi\\\/en\\\/#organization\"},\"potentialAction\":[{\"@type\":\"SearchAction\",\"target\":{\"@type\":\"EntryPoint\",\"urlTemplate\":\"https:\\\/\\\/www.finnboat.fi\\\/en\\\/?s={search_term_string}\"},\"query-input\":{\"@type\":\"PropertyValueSpecification\",\"valueRequired\":true,\"valueName\":\"search_term_string\"}}],\"inLanguage\":\"sv-SE\"},{\"@type\":\"Organization\",\"@id\":\"https:\\\/\\\/www.finnboat.fi\\\/en\\\/#organization\",\"name\":\"Finnboat\",\"url\":\"https:\\\/\\\/www.finnboat.fi\\\/en\\\/\",\"logo\":{\"@type\":\"ImageObject\",\"inLanguage\":\"sv-SE\",\"@id\":\"https:\\\/\\\/www.finnboat.fi\\\/en\\\/#\\\/schema\\\/logo\\\/image\\\/\",\"url\":\"https:\\\/\\\/www.finnboat.fi\\\/wp-content\\\/uploads\\\/2026\\\/02\\\/cropped-kassi.png\",\"contentUrl\":\"https:\\\/\\\/www.finnboat.fi\\\/wp-content\\\/uploads\\\/2026\\\/02\\\/cropped-kassi.png\",\"width\":1023,\"height\":1023,\"caption\":\"Finnboat\"},\"image\":{\"@id\":\"https:\\\/\\\/www.finnboat.fi\\\/en\\\/#\\\/schema\\\/logo\\\/image\\\/\"}}]}<\/script>\n<!-- \/ Yoast SEO plugin. -->","yoast_head_json":{"title":"Finnboat - Veneet, ihmiset ja intohimo - Finnboat","robots":{"index":"index","follow":"follow","max-snippet":"max-snippet:-1","max-image-preview":"max-image-preview:large","max-video-preview":"max-video-preview:-1"},"canonical":"https:\/\/www.finnboat.fi\/sv\/finnboat-veneet-ihmiset-ja-intohimo\/","og_locale":"sv_SE","og_type":"article","og_title":"Finnboat - Veneet, ihmiset ja intohimo - Finnboat","og_description":"Finnboat &#8211; Veneet, ihmiset ja intohimo Finnboat \u2013 Veneet, ihmiset ja intohimo -teos kertoo suomalaisen venealan kehityksest\u00e4 ja sen taustalla vaikuttaneista persoonista. Teoksen ensimm\u00e4inen painos on 1 000 kappaletta ja [&hellip;]","og_url":"https:\/\/www.finnboat.fi\/sv\/finnboat-veneet-ihmiset-ja-intohimo\/","og_site_name":"Finnboat","article_modified_time":"2026-02-04T13:39:42+00:00","og_image":[{"url":"https:\/\/www.finnboat.fi\/wp-content\/uploads\/2026\/02\/Finnboat_historiikki-suomi_kansi.jpg","type":"","width":"","height":""}],"twitter_card":"summary_large_image","twitter_misc":{"Ber\u00e4knad l\u00e4stid":"2 minuter"},"schema":{"@context":"https:\/\/schema.org","@graph":[{"@type":"WebPage","@id":"https:\/\/www.finnboat.fi\/finnboat-veneet-ihmiset-ja-intohimo\/","url":"https:\/\/www.finnboat.fi\/finnboat-veneet-ihmiset-ja-intohimo\/","name":"Finnboat - Veneet, ihmiset ja intohimo - Finnboat","isPartOf":{"@id":"https:\/\/www.finnboat.fi\/en\/#website"},"primaryImageOfPage":{"@id":"https:\/\/www.finnboat.fi\/finnboat-veneet-ihmiset-ja-intohimo\/#primaryimage"},"image":{"@id":"https:\/\/www.finnboat.fi\/finnboat-veneet-ihmiset-ja-intohimo\/#primaryimage"},"thumbnailUrl":"https:\/\/www.finnboat.fi\/wp-content\/uploads\/2026\/02\/Finnboat_historiikki-suomi_kansi.jpg","datePublished":"2026-02-04T13:16:49+00:00","dateModified":"2026-02-04T13:39:42+00:00","breadcrumb":{"@id":"https:\/\/www.finnboat.fi\/finnboat-veneet-ihmiset-ja-intohimo\/#breadcrumb"},"inLanguage":"sv-SE","potentialAction":[{"@type":"ReadAction","target":["https:\/\/www.finnboat.fi\/finnboat-veneet-ihmiset-ja-intohimo\/"]}]},{"@type":"ImageObject","inLanguage":"sv-SE","@id":"https:\/\/www.finnboat.fi\/finnboat-veneet-ihmiset-ja-intohimo\/#primaryimage","url":"https:\/\/www.finnboat.fi\/wp-content\/uploads\/2026\/02\/Finnboat_historiikki-suomi_kansi.jpg","contentUrl":"https:\/\/www.finnboat.fi\/wp-content\/uploads\/2026\/02\/Finnboat_historiikki-suomi_kansi.jpg"},{"@type":"BreadcrumbList","@id":"https:\/\/www.finnboat.fi\/finnboat-veneet-ihmiset-ja-intohimo\/#breadcrumb","itemListElement":[{"@type":"ListItem","position":1,"name":"Etusivu","item":"https:\/\/www.finnboat.fi\/"},{"@type":"ListItem","position":2,"name":"Finnboat &#8211; Veneet, ihmiset ja intohimo"}]},{"@type":"WebSite","@id":"https:\/\/www.finnboat.fi\/en\/#website","url":"https:\/\/www.finnboat.fi\/en\/","name":"Finnboat","description":"B\u00e5tbranschens Centralf\u00f6rbund Finnboat rf","publisher":{"@id":"https:\/\/www.finnboat.fi\/en\/#organization"},"potentialAction":[{"@type":"SearchAction","target":{"@type":"EntryPoint","urlTemplate":"https:\/\/www.finnboat.fi\/en\/?s={search_term_string}"},"query-input":{"@type":"PropertyValueSpecification","valueRequired":true,"valueName":"search_term_string"}}],"inLanguage":"sv-SE"},{"@type":"Organization","@id":"https:\/\/www.finnboat.fi\/en\/#organization","name":"Finnboat","url":"https:\/\/www.finnboat.fi\/en\/","logo":{"@type":"ImageObject","inLanguage":"sv-SE","@id":"https:\/\/www.finnboat.fi\/en\/#\/schema\/logo\/image\/","url":"https:\/\/www.finnboat.fi\/wp-content\/uploads\/2026\/02\/cropped-kassi.png","contentUrl":"https:\/\/www.finnboat.fi\/wp-content\/uploads\/2026\/02\/cropped-kassi.png","width":1023,"height":1023,"caption":"Finnboat"},"image":{"@id":"https:\/\/www.finnboat.fi\/en\/#\/schema\/logo\/image\/"}}]}},"_links":{"self":[{"href":"https:\/\/www.finnboat.fi\/sv\/wp-json\/wp\/v2\/pages\/14026","targetHints":{"allow":["GET"]}}],"collection":[{"href":"https:\/\/www.finnboat.fi\/sv\/wp-json\/wp\/v2\/pages"}],"about":[{"href":"https:\/\/www.finnboat.fi\/sv\/wp-json\/wp\/v2\/types\/page"}],"author":[{"embeddable":true,"href":"https:\/\/www.finnboat.fi\/sv\/wp-json\/wp\/v2\/users\/317"}],"replies":[{"embeddable":true,"href":"https:\/\/www.finnboat.fi\/sv\/wp-json\/wp\/v2\/comments?post=14026"}],"version-history":[{"count":15,"href":"https:\/\/www.finnboat.fi\/sv\/wp-json\/wp\/v2\/pages\/14026\/revisions"}],"predecessor-version":[{"id":14045,"href":"https:\/\/www.finnboat.fi\/sv\/wp-json\/wp\/v2\/pages\/14026\/revisions\/14045"}],"wp:attachment":[{"href":"https:\/\/www.finnboat.fi\/sv\/wp-json\/wp\/v2\/media?parent=14026"}],"curies":[{"name":"wp","href":"https:\/\/api.w.org\/{rel}","templated":true}]}}