{"id":2506,"date":"2022-05-04T12:50:55","date_gmt":"2022-05-04T09:50:55","guid":{"rendered":"https:\/\/finnboatfi-wp16167.test.cchosting.fi\/?page_id=2506"},"modified":"2025-10-06T14:01:07","modified_gmt":"2025-10-06T11:01:07","slug":"finnboat","status":"publish","type":"page","link":"https:\/\/www.finnboat.fi\/sv\/finnboat\/","title":{"rendered":"Finnboat"},"content":{"rendered":"<div data-elementor-type=\"wp-page\" data-elementor-id=\"2506\" class=\"elementor elementor-2506\">\n\t\t\t\t\t\t<section class=\"elementor-section elementor-top-section elementor-element elementor-element-a0b2860 elementor-section-height-min-height elementor-section-boxed elementor-section-height-default elementor-section-items-middle\" data-id=\"a0b2860\" data-element_type=\"section\" data-e-type=\"section\" data-settings=\"{&quot;background_background&quot;:&quot;classic&quot;}\">\n\t\t\t\t\t\t\t<div class=\"elementor-background-overlay\"><\/div>\n\t\t\t\t\t\t\t<div class=\"elementor-container elementor-column-gap-default\">\n\t\t\t\t\t<div class=\"elementor-column elementor-col-100 elementor-top-column elementor-element elementor-element-362e199\" data-id=\"362e199\" data-element_type=\"column\" data-e-type=\"column\">\n\t\t\t<div class=\"elementor-widget-wrap elementor-element-populated\">\n\t\t\t\t\t\t<div class=\"elementor-element elementor-element-78fc2a0 elementor-widget elementor-widget-heading\" data-id=\"78fc2a0\" data-element_type=\"widget\" data-e-type=\"widget\" data-widget_type=\"heading.default\">\n\t\t\t\t<div class=\"elementor-widget-container\">\n\t\t\t\t\t<h1 class=\"elementor-heading-title elementor-size-xxl\">B\u00e5tbranschens Centralf\u00f6rbund Finnboat rf<\/h1>\t\t\t\t<\/div>\n\t\t\t\t<\/div>\n\t\t\t\t\t<\/div>\n\t\t<\/div>\n\t\t\t\t\t<\/div>\n\t\t<\/section>\n\t\t\t\t<section class=\"elementor-section elementor-top-section elementor-element elementor-element-b4d50c5 elementor-section-boxed elementor-section-height-default elementor-section-height-default\" data-id=\"b4d50c5\" data-element_type=\"section\" data-e-type=\"section\">\n\t\t\t\t\t\t<div class=\"elementor-container elementor-column-gap-default\">\n\t\t\t\t\t<div class=\"elementor-column elementor-col-100 elementor-top-column elementor-element elementor-element-fccd412\" data-id=\"fccd412\" data-element_type=\"column\" data-e-type=\"column\">\n\t\t\t<div class=\"elementor-widget-wrap elementor-element-populated\">\n\t\t\t\t\t\t<div class=\"elementor-element elementor-element-c712179 elementor-widget elementor-widget-spacer\" data-id=\"c712179\" data-element_type=\"widget\" data-e-type=\"widget\" data-widget_type=\"spacer.default\">\n\t\t\t\t<div class=\"elementor-widget-container\">\n\t\t\t\t\t\t\t<div class=\"elementor-spacer\">\n\t\t\t<div class=\"elementor-spacer-inner\"><\/div>\n\t\t<\/div>\n\t\t\t\t\t\t<\/div>\n\t\t\t\t<\/div>\n\t\t\t\t<div class=\"elementor-element elementor-element-4ed43cc elementor-widget elementor-widget-heading\" data-id=\"4ed43cc\" data-element_type=\"widget\" data-e-type=\"widget\" data-widget_type=\"heading.default\">\n\t\t\t\t<div class=\"elementor-widget-container\">\n\t\t\t\t\t<h2 class=\"elementor-heading-title elementor-size-default\">F\u00f6rbundets uppdrag<\/h2>\t\t\t\t<\/div>\n\t\t\t\t<\/div>\n\t\t\t\t<div class=\"elementor-element elementor-element-5debe42 elementor-widget elementor-widget-text-editor\" data-id=\"5debe42\" data-element_type=\"widget\" data-e-type=\"widget\" data-widget_type=\"text-editor.default\">\n\t\t\t\t<div class=\"elementor-widget-container\">\n\t\t\t\t\t\t\t\t\t<p>F\u00f6reningens uppdrag \u00e4r att samla b\u00e5tf\u00f6retag under ett tak och att fr\u00e4mja deras verksamhet och sunda konkurrens samt att fr\u00e4mja b\u00e5t- och b\u00e5ts\u00e4kerheten i v\u00e5rt land. Huvudfokus f\u00f6r verksamheten ligger p\u00e5 utst\u00e4llningar i f\u00e4lt. Arrang\u00f6ren av Helsingfors internationella b\u00e5tm\u00e4ssa \u00e4r Finlands M\u00e4ssa och Finnboat \u00e4r m\u00e4ssans sponsor. \u00c5rligen i augusti arrangerar Finnboat dessutom Helsingfors flytande b\u00e5tutst\u00e4llning och fr\u00e5n och med \u00e5r 2025 \u00e4ven N\u00e5dendals B\u00e5tm\u00e4ssa varje maj.<br \/>Ut\u00f6ver omfattningen av v\u00e5r verksamhet inom intressebevakning och utst\u00e4llningsverksamhet \u00e4r det v\u00e4rt att n\u00e4mna bland annat:<\/p><ul><li>Finnboat News tre g\u00e5nger om \u00e5ret<\/li><li>uppr\u00e4ttande av erforderliga blanketter f\u00f6r b\u00e5thandeln<\/li><li>utarbetande av statistiska unders\u00f6kningar och konjunkturbarometrar inom sektorn<\/li><li>Anordna utbildningsevenemang f\u00f6r b\u00e5tparlamentet<\/li><li>presskonferenser och pressmeddelanden fr\u00e5n branschen<\/li><li>gemensam reklam p\u00e5 f\u00e4ltet hemma och utomlands samt samordning av exportprojekt<\/li><li>b\u00e5tkampanjer i Finland<\/li><li>samarbete med b\u00e5tskolor, b\u00e5torganisationer och myndigheter<\/li><li>Publicering av B\u00e5tlivet Aapinen - B\u00e5tlivets ABC-guide m.m.<\/li><\/ul><p>Finnboats kontor leds av Jarkko Pajusalo, VD och koncernchef, med assistans av Tiina Krooks, kontorschef och Katri Koskinen, kontorassistent. Kontoret ligger i stadsdelen S\u00f6rn\u00e4s i Helsingfors.<\/p>\t\t\t\t\t\t\t\t<\/div>\n\t\t\t\t<\/div>\n\t\t\t\t<div class=\"elementor-element elementor-element-b201634 elementor-widget elementor-widget-heading\" data-id=\"b201634\" data-element_type=\"widget\" data-e-type=\"widget\" id=\"hallitus\" data-widget_type=\"heading.default\">\n\t\t\t\t<div class=\"elementor-widget-container\">\n\t\t\t\t\t<h2 class=\"elementor-heading-title elementor-size-default\">Beslut<\/h2>\t\t\t\t<\/div>\n\t\t\t\t<\/div>\n\t\t\t\t\t<\/div>\n\t\t<\/div>\n\t\t\t\t\t<\/div>\n\t\t<\/section>\n\t\t\t\t<section class=\"elementor-section elementor-top-section elementor-element elementor-element-d981e7d elementor-section-boxed elementor-section-height-default elementor-section-height-default\" data-id=\"d981e7d\" data-element_type=\"section\" data-e-type=\"section\">\n\t\t\t\t\t\t<div class=\"elementor-container elementor-column-gap-default\">\n\t\t\t\t\t<div class=\"elementor-column elementor-col-50 elementor-top-column elementor-element elementor-element-80eec24\" data-id=\"80eec24\" data-element_type=\"column\" data-e-type=\"column\">\n\t\t\t<div class=\"elementor-widget-wrap elementor-element-populated\">\n\t\t\t\t\t\t<div class=\"elementor-element elementor-element-036de1d elementor-widget elementor-widget-text-editor\" data-id=\"036de1d\" data-element_type=\"widget\" data-e-type=\"widget\" data-widget_type=\"text-editor.default\">\n\t\t\t\t<div class=\"elementor-widget-container\">\n\t\t\t\t\t\t\t\t\t<p>F\u00f6rbundets h\u00f6gsta beslutande organ \u00e4r dess m\u00f6te som sammantr\u00e4der tv\u00e5 g\u00e5nger om \u00e5ret. Vid f\u00f6reningsm\u00f6tet ut\u00f6vas r\u00f6str\u00e4tten av representanterna f\u00f6r f\u00f6reningarnas bolagsst\u00e4mmor, vilka v\u00e4ljs p\u00e5 f\u00f6reningarnas egna \u00e5rsm\u00f6ten.<\/p><p>Ut\u00f6ver ordf\u00f6rande och tv\u00e5 vice ordf\u00f6rande har f\u00f6reningens styrelse 13 ledam\u00f6ter som representerar olika f\u00f6reningars styrelser. Styrelsen fullg\u00f6r de uppgifter som f\u00f6reningarna \u00e5lagts vid sina m\u00f6ten. F\u00f6reningens verkst\u00e4llande direkt\u00f6r arbetar under styrelsen, som i sin tur sk\u00f6ter de uppgifter som styrelsen \u00e5lagt honom.\u00a0<\/p><p>Ut\u00f6ver sj\u00e4lva kontorsarbetet utf\u00f6r Finnboats flera arbetsgrupper m\u00e5nga uppdrag som ges av medlemsf\u00f6reningarna.<\/p>\t\t\t\t\t\t\t\t<\/div>\n\t\t\t\t<\/div>\n\t\t\t\t<div class=\"elementor-element elementor-element-ad4e8f1 elementor-widget elementor-widget-heading\" data-id=\"ad4e8f1\" data-element_type=\"widget\" data-e-type=\"widget\" data-widget_type=\"heading.default\">\n\t\t\t\t<div class=\"elementor-widget-container\">\n\t\t\t\t\t<h3 class=\"elementor-heading-title elementor-size-default\">Styrelse f\u00f6r B\u00e5tbranschens Centralf\u00f6rbund Finnboat 2025<\/h3>\t\t\t\t<\/div>\n\t\t\t\t<\/div>\n\t\t\t\t<div class=\"elementor-element elementor-element-23dd050 elementor-widget elementor-widget-text-editor\" data-id=\"23dd050\" data-element_type=\"widget\" data-e-type=\"widget\" data-widget_type=\"text-editor.default\">\n\t\t\t\t<div class=\"elementor-widget-container\">\n\t\t\t\t\t\t\t\t\t<p><b>styrelseordf\u00f6rande<\/b><br \/>Kim Koskinen, Vetus Oy<br \/><b> 1:e vice ordf\u00f6rande<\/b><br \/>Kim Tigerstedt, Oy Maritim Ab<\/p><p><b>2:e vice ordf\u00f6rande<\/b><br \/>Mikael Winqvist, AMT-Veneet Oy<\/p><p><b>Andra medlemmar<\/b><\/p><p>Anders Kurt\u00e9n, Fraser Yachts <br \/>Artturi Niittynen, Inhan Tehtaat Oy Ab<br \/>Ben Fagerstr\u00f6m, Oy Marino Ab<br \/>Benny Br\u00e4nnbacka, Oy Nautor Ab<br \/>Jani Snell, Juha Snell Oy<br \/>Jari L\u00f6froos, Finnmaster Boats Oy<br \/>Johan Carpelan, Oy Botnia Marin Ab<br \/>Juha Pulli, GN Boats Oy<br \/>Kari Rouvali, Safire-L\u00e4mmitin Oy<br \/>Markku H\u00e4m\u00e4l\u00e4inen, Oy Otto Brandt Ab<br \/>Pekka Kosunen, Hopeasalmen Telakka Oy<br \/>Terho Liukkonen, Suvi-Veneet Oy<br \/>Thomas Sarin, Sargo Oy Ab<\/p>\t\t\t\t\t\t\t\t<\/div>\n\t\t\t\t<\/div>\n\t\t\t\t\t<\/div>\n\t\t<\/div>\n\t\t\t\t<div class=\"elementor-column elementor-col-50 elementor-top-column elementor-element elementor-element-0745a6b\" data-id=\"0745a6b\" data-element_type=\"column\" data-e-type=\"column\">\n\t\t\t<div class=\"elementor-widget-wrap elementor-element-populated\">\n\t\t\t\t\t\t<div class=\"elementor-element elementor-element-cf1a90f elementor-widget elementor-widget-image\" data-id=\"cf1a90f\" data-element_type=\"widget\" data-e-type=\"widget\" data-widget_type=\"image.default\">\n\t\t\t\t<div class=\"elementor-widget-container\">\n\t\t\t\t\t\t\t\t\t\t\t\t\t\t\t<img fetchpriority=\"high\" decoding=\"async\" width=\"250\" height=\"375\" src=\"https:\/\/www.finnboat.fi\/wp-content\/uploads\/2022\/05\/xq-K_Koskinen1.jpg\" class=\"attachment-large size-large wp-image-3006\" alt=\"\" srcset=\"https:\/\/www.finnboat.fi\/wp-content\/uploads\/2022\/05\/xq-K_Koskinen1.jpg 250w, https:\/\/www.finnboat.fi\/wp-content\/uploads\/2022\/05\/xq-K_Koskinen1-200x300.jpg 200w, https:\/\/www.finnboat.fi\/wp-content\/uploads\/2022\/05\/xq-K_Koskinen1-8x12.jpg 8w\" sizes=\"(max-width: 250px) 100vw, 250px\" \/>\t\t\t\t\t\t\t\t\t\t\t\t\t\t\t<\/div>\n\t\t\t\t<\/div>\n\t\t\t\t\t<\/div>\n\t\t<\/div>\n\t\t\t\t\t<\/div>\n\t\t<\/section>\n\t\t\t\t<section class=\"elementor-section elementor-top-section elementor-element elementor-element-45b0dd3 elementor-section-boxed elementor-section-height-default elementor-section-height-default\" data-id=\"45b0dd3\" data-element_type=\"section\" data-e-type=\"section\">\n\t\t\t\t\t\t<div class=\"elementor-container elementor-column-gap-default\">\n\t\t\t\t\t<div class=\"elementor-column elementor-col-100 elementor-top-column elementor-element elementor-element-fd0657b\" data-id=\"fd0657b\" data-element_type=\"column\" data-e-type=\"column\">\n\t\t\t<div class=\"elementor-widget-wrap elementor-element-populated\">\n\t\t\t\t\t\t<div class=\"elementor-element elementor-element-e6e4bed elementor-widget elementor-widget-heading\" data-id=\"e6e4bed\" data-element_type=\"widget\" data-e-type=\"widget\" data-widget_type=\"heading.default\">\n\t\t\t\t<div class=\"elementor-widget-container\">\n\t\t\t\t\t<h2 class=\"elementor-heading-title elementor-size-default\">Finnboat ry har tre medlemsf\u00f6reningar:<\/h2>\t\t\t\t<\/div>\n\t\t\t\t<\/div>\n\t\t\t\t<div class=\"elementor-element elementor-element-f83ee39 elementor-widget elementor-widget-text-editor\" data-id=\"f83ee39\" data-element_type=\"widget\" data-e-type=\"widget\" data-widget_type=\"text-editor.default\">\n\t\t\t\t<div class=\"elementor-widget-container\">\n\t\t\t\t\t\t\t\t\t<ul><li><a href=\"\/sv\/jasenet\/?valitse=1\"><b>Finlands b\u00e5tindustrif\u00f6rening rf<\/b><\/a> <br \/>(B\u00e5t- och b\u00e5tutrustningstillverkare, b\u00e5tdesigners)<\/li><li><a href=\"\/sv\/jasenet\/?valitse=2\"><b>B\u00e5tbranschens Handlare och Komponentleverant\u00f6rer rf<\/b><\/a> <br \/>(import\u00f6rer av b\u00e5tar, motorer och komponenter samt \u00e5terf\u00f6rs\u00e4ljare inom b\u00e5tbranschen)<\/li><li><a href=\"\/sv\/jasenet\/?valitse=3\"><b>B\u00e5tbranschens Varvs- och Servicef\u00f6rening rf<\/b><\/a> <br \/>(underh\u00e5ll och reparation av b\u00e5tar och motorer)<\/li><\/ul>\t\t\t\t\t\t\t\t<\/div>\n\t\t\t\t<\/div>\n\t\t\t\t<div class=\"elementor-element elementor-element-b562420 elementor-widget elementor-widget-text-editor\" data-id=\"b562420\" data-element_type=\"widget\" data-e-type=\"widget\" data-widget_type=\"text-editor.default\">\n\t\t\t\t<div class=\"elementor-widget-container\">\n\t\t\t\t\t\t\t\t\t<p><span style=\"color: var( --e-global-color-text ); font-family: var( --e-global-typography-text-font-family ), Sans-serif; font-size: 1rem; font-weight: var( --e-global-typography-text-font-weight );\">\u00a0<\/span>Det totala antalet medlemsf\u00f6retag i december 2024 var cirka 300. Till Finnboats medlemmar h\u00f6r dessutom utbildningsinstitutioner inom b\u00e5tbranschen och f\u00f6reningen har \u00e4ven st\u00f6dmedlemmar.<\/p>\t\t\t\t\t\t\t\t<\/div>\n\t\t\t\t<\/div>\n\t\t\t\t<div class=\"elementor-element elementor-element-bfca494 elementor-widget elementor-widget-heading\" data-id=\"bfca494\" data-element_type=\"widget\" data-e-type=\"widget\" data-widget_type=\"heading.default\">\n\t\t\t\t<div class=\"elementor-widget-container\">\n\t\t\t\t\t<h2 class=\"elementor-heading-title elementor-size-default\">\t\nB\u00e5tbyggnadsutbildning<\/h2>\t\t\t\t<\/div>\n\t\t\t\t<\/div>\n\t\t\t\t<div class=\"elementor-element elementor-element-3910992 elementor-widget elementor-widget-text-editor\" data-id=\"3910992\" data-element_type=\"widget\" data-e-type=\"widget\" data-widget_type=\"text-editor.default\">\n\t\t\t\t<div class=\"elementor-widget-container\">\n\t\t\t\t\t\t\t\t\t<p>Yrkesutbildningsinstitutioner inom b\u00e5tbranschen \u00e4r st\u00f6dmedlemmar i Finnboat. Du kan f\u00e5 mer detaljerad information om olika skolors l\u00e4roplaner, kursdatum etc. genom att kontakta l\u00e4roanstalternas kontaktpersoner direkt.<\/p>\t\t\t\t\t\t\t\t<\/div>\n\t\t\t\t<\/div>\n\t\t\t\t<div class=\"elementor-element elementor-element-db9e421 elementor-widget elementor-widget-text-editor\" data-id=\"db9e421\" data-element_type=\"widget\" data-e-type=\"widget\" data-widget_type=\"text-editor.default\">\n\t\t\t\t<div class=\"elementor-widget-container\">\n\t\t\t\t\t\t\t\t\t<table>\n<thead>\n<tr>\n<th style=\"text-align: left;\">namn<\/th>\n<th style=\"text-align: left;\">Plats<\/th>\n<\/tr>\n<\/thead>\n<tbody>\n<tr>\n<td><a href=\"http:\/\/www.finnboat.fi\/fi\/jasen.html?Id=563\">Kuggom Heritage Center<\/a><\/td>\n<td>KUGGOM<\/td>\n<\/tr>\n<tr>\n<td><a href=\"http:\/\/www.finnboat.fi\/fi\/jasen.html?Id=142\">TAO, Stiftelsen \u00c5bo yrkesh\u00f6gskola<\/a><\/td>\n<td>\u00c5BO<\/td>\n<\/tr>\n<\/tbody>\n<\/table>\t\t\t\t\t\t\t\t<\/div>\n\t\t\t\t<\/div>\n\t\t\t\t<div class=\"elementor-element elementor-element-ca2f237 elementor-widget elementor-widget-heading\" data-id=\"ca2f237\" data-element_type=\"widget\" data-e-type=\"widget\" data-widget_type=\"heading.default\">\n\t\t\t\t<div class=\"elementor-widget-container\">\n\t\t\t\t\t<h2 class=\"elementor-heading-title elementor-size-default\">Aktivitetsrapporter<\/h2>\t\t\t\t<\/div>\n\t\t\t\t<\/div>\n\t\t\t\t<div class=\"elementor-element elementor-element-c264ee4 elementor-widget elementor-widget-text-editor\" data-id=\"c264ee4\" data-element_type=\"widget\" data-e-type=\"widget\" data-widget_type=\"text-editor.default\">\n\t\t\t\t<div class=\"elementor-widget-container\">\n\t\t\t\t\t\t\t\t\t<p><a href=\"\/wp-content\/uploads\/2022\/05\/Finnboat_VK_2016.pdf\">Finnboats \u00e5rsredovisning 2016<\/a>\u00a0<\/p><p><a href=\"\/wp-content\/uploads\/2022\/05\/Finnboat_Vuosikertomus_2015_nettip.pdf\">Finnboats \u00e5rsredovisning 2015<\/a><\/p><p><a href=\"\/wp-content\/uploads\/2022\/05\/Vuosikertomus2013LR.pdf\">Finnboats \u00e5rsredovisning 2013<\/a><\/p><p><a href=\"\/wp-content\/uploads\/2022\/05\/Finnboat_Vuosikertomus_2012_low_res.pdf\">Finnboats \u00e5rsredovisning 2012<\/a><\/p><p><a href=\"\/wp-content\/uploads\/2022\/05\/Finnboat_vk_2010_lrs.pdf\">Finnboats \u00e5rsredovisning 2010<\/a><\/p><p><a href=\"\/wp-content\/uploads\/2022\/05\/Finnboat_vsk_2009_lr.pdf\">Finnboats \u00e5rsredovisning 2009<\/a><\/p>\t\t\t\t\t\t\t\t<\/div>\n\t\t\t\t<\/div>\n\t\t\t\t\t<\/div>\n\t\t<\/div>\n\t\t\t\t\t<\/div>\n\t\t<\/section>\n\t\t\t\t<\/div>","protected":false},"excerpt":{"rendered":"<p>Venealan Keskusliitto Finnboat ry Liiton teht\u00e4v\u00e4 Liiton teht\u00e4v\u00e4 on koota venealan yritykset saman katon alle ja edist\u00e4\u00e4 niiden toimintaa ja tervett\u00e4 kilpailua sek\u00e4 edist\u00e4\u00e4 veneily\u00e4 ja veneilyn turvallisuutta maassamme. Toiminnan [&hellip;]<\/p>\n","protected":false},"author":346,"featured_media":0,"parent":0,"menu_order":0,"comment_status":"closed","ping_status":"closed","template":"","meta":{"_acf_changed":false,"_crdt_document":"","inline_featured_image":false,"_monsterinsights_skip_tracking":false,"_monsterinsights_sitenote_active":false,"_monsterinsights_sitenote_note":"","_monsterinsights_sitenote_category":0,"footnotes":""},"class_list":["post-2506","page","type-page","status-publish","hentry"],"acf":[],"yoast_head":"<!-- This site is optimized with the Yoast SEO plugin v27.4 - https:\/\/yoast.com\/product\/yoast-seo-wordpress\/ -->\n<title>Finnboat - Finnboat<\/title>\n<meta name=\"robots\" content=\"index, follow, max-snippet:-1, max-image-preview:large, max-video-preview:-1\" \/>\n<link rel=\"canonical\" href=\"https:\/\/www.finnboat.fi\/sv\/finnboat\/\" \/>\n<meta property=\"og:locale\" content=\"sv_SE\" \/>\n<meta property=\"og:type\" content=\"article\" \/>\n<meta property=\"og:title\" content=\"Finnboat - Finnboat\" \/>\n<meta property=\"og:description\" content=\"Venealan Keskusliitto Finnboat ry Liiton teht\u00e4v\u00e4 Liiton teht\u00e4v\u00e4 on koota venealan yritykset saman katon alle ja edist\u00e4\u00e4 niiden toimintaa ja tervett\u00e4 kilpailua sek\u00e4 edist\u00e4\u00e4 veneily\u00e4 ja veneilyn turvallisuutta maassamme. Toiminnan [&hellip;]\" \/>\n<meta property=\"og:url\" content=\"https:\/\/www.finnboat.fi\/sv\/finnboat\/\" \/>\n<meta property=\"og:site_name\" content=\"Finnboat\" \/>\n<meta property=\"article:modified_time\" content=\"2025-10-06T11:01:07+00:00\" \/>\n<meta property=\"og:image\" content=\"https:\/\/www.finnboat.fi\/wp-content\/uploads\/2022\/05\/xq-K_Koskinen1.jpg\" \/>\n\t<meta property=\"og:image:width\" content=\"250\" \/>\n\t<meta property=\"og:image:height\" content=\"375\" \/>\n\t<meta property=\"og:image:type\" content=\"image\/jpeg\" \/>\n<meta name=\"twitter:card\" content=\"summary_large_image\" \/>\n<meta name=\"twitter:label1\" content=\"Ber\u00e4knad l\u00e4stid\" \/>\n\t<meta name=\"twitter:data1\" content=\"3 minuter\" \/>\n<script type=\"application\/ld+json\" class=\"yoast-schema-graph\">{\"@context\":\"https:\\\/\\\/schema.org\",\"@graph\":[{\"@type\":\"WebPage\",\"@id\":\"https:\\\/\\\/www.finnboat.fi\\\/finnboat\\\/\",\"url\":\"https:\\\/\\\/www.finnboat.fi\\\/finnboat\\\/\",\"name\":\"Finnboat - Finnboat\",\"isPartOf\":{\"@id\":\"https:\\\/\\\/www.finnboat.fi\\\/en\\\/#website\"},\"primaryImageOfPage\":{\"@id\":\"https:\\\/\\\/www.finnboat.fi\\\/finnboat\\\/#primaryimage\"},\"image\":{\"@id\":\"https:\\\/\\\/www.finnboat.fi\\\/finnboat\\\/#primaryimage\"},\"thumbnailUrl\":\"https:\\\/\\\/www.finnboat.fi\\\/wp-content\\\/uploads\\\/2022\\\/05\\\/xq-K_Koskinen1.jpg\",\"datePublished\":\"2022-05-04T09:50:55+00:00\",\"dateModified\":\"2025-10-06T11:01:07+00:00\",\"breadcrumb\":{\"@id\":\"https:\\\/\\\/www.finnboat.fi\\\/finnboat\\\/#breadcrumb\"},\"inLanguage\":\"sv-SE\",\"potentialAction\":[{\"@type\":\"ReadAction\",\"target\":[\"https:\\\/\\\/www.finnboat.fi\\\/finnboat\\\/\"]}]},{\"@type\":\"ImageObject\",\"inLanguage\":\"sv-SE\",\"@id\":\"https:\\\/\\\/www.finnboat.fi\\\/finnboat\\\/#primaryimage\",\"url\":\"https:\\\/\\\/www.finnboat.fi\\\/wp-content\\\/uploads\\\/2022\\\/05\\\/xq-K_Koskinen1.jpg\",\"contentUrl\":\"https:\\\/\\\/www.finnboat.fi\\\/wp-content\\\/uploads\\\/2022\\\/05\\\/xq-K_Koskinen1.jpg\"},{\"@type\":\"BreadcrumbList\",\"@id\":\"https:\\\/\\\/www.finnboat.fi\\\/finnboat\\\/#breadcrumb\",\"itemListElement\":[{\"@type\":\"ListItem\",\"position\":1,\"name\":\"Etusivu\",\"item\":\"https:\\\/\\\/www.finnboat.fi\\\/\"},{\"@type\":\"ListItem\",\"position\":2,\"name\":\"Finnboat\"}]},{\"@type\":\"WebSite\",\"@id\":\"https:\\\/\\\/www.finnboat.fi\\\/en\\\/#website\",\"url\":\"https:\\\/\\\/www.finnboat.fi\\\/en\\\/\",\"name\":\"Finnboat\",\"description\":\"Venealan Keskusliitto Finnboat ry\",\"publisher\":{\"@id\":\"https:\\\/\\\/www.finnboat.fi\\\/en\\\/#organization\"},\"potentialAction\":[{\"@type\":\"SearchAction\",\"target\":{\"@type\":\"EntryPoint\",\"urlTemplate\":\"https:\\\/\\\/www.finnboat.fi\\\/en\\\/?s={search_term_string}\"},\"query-input\":{\"@type\":\"PropertyValueSpecification\",\"valueRequired\":true,\"valueName\":\"search_term_string\"}}],\"inLanguage\":\"sv-SE\"},{\"@type\":\"Organization\",\"@id\":\"https:\\\/\\\/www.finnboat.fi\\\/en\\\/#organization\",\"name\":\"Finnboat\",\"url\":\"https:\\\/\\\/www.finnboat.fi\\\/en\\\/\",\"logo\":{\"@type\":\"ImageObject\",\"inLanguage\":\"sv-SE\",\"@id\":\"https:\\\/\\\/www.finnboat.fi\\\/en\\\/#\\\/schema\\\/logo\\\/image\\\/\",\"url\":\"https:\\\/\\\/www.finnboat.fi\\\/wp-content\\\/uploads\\\/2026\\\/02\\\/cropped-kassi.png\",\"contentUrl\":\"https:\\\/\\\/www.finnboat.fi\\\/wp-content\\\/uploads\\\/2026\\\/02\\\/cropped-kassi.png\",\"width\":1023,\"height\":1023,\"caption\":\"Finnboat\"},\"image\":{\"@id\":\"https:\\\/\\\/www.finnboat.fi\\\/en\\\/#\\\/schema\\\/logo\\\/image\\\/\"}}]}<\/script>\n<!-- \/ Yoast SEO plugin. -->","yoast_head_json":{"title":"Finnboat - Finnboat","robots":{"index":"index","follow":"follow","max-snippet":"max-snippet:-1","max-image-preview":"max-image-preview:large","max-video-preview":"max-video-preview:-1"},"canonical":"https:\/\/www.finnboat.fi\/sv\/finnboat\/","og_locale":"sv_SE","og_type":"article","og_title":"Finnboat - Finnboat","og_description":"Venealan Keskusliitto Finnboat ry Liiton teht\u00e4v\u00e4 Liiton teht\u00e4v\u00e4 on koota venealan yritykset saman katon alle ja edist\u00e4\u00e4 niiden toimintaa ja tervett\u00e4 kilpailua sek\u00e4 edist\u00e4\u00e4 veneily\u00e4 ja veneilyn turvallisuutta maassamme. Toiminnan [&hellip;]","og_url":"https:\/\/www.finnboat.fi\/sv\/finnboat\/","og_site_name":"Finnboat","article_modified_time":"2025-10-06T11:01:07+00:00","og_image":[{"width":250,"height":375,"url":"https:\/\/www.finnboat.fi\/wp-content\/uploads\/2022\/05\/xq-K_Koskinen1.jpg","type":"image\/jpeg"}],"twitter_card":"summary_large_image","twitter_misc":{"Ber\u00e4knad l\u00e4stid":"3 minuter"},"schema":{"@context":"https:\/\/schema.org","@graph":[{"@type":"WebPage","@id":"https:\/\/www.finnboat.fi\/finnboat\/","url":"https:\/\/www.finnboat.fi\/finnboat\/","name":"Finnboat - Finnboat","isPartOf":{"@id":"https:\/\/www.finnboat.fi\/en\/#website"},"primaryImageOfPage":{"@id":"https:\/\/www.finnboat.fi\/finnboat\/#primaryimage"},"image":{"@id":"https:\/\/www.finnboat.fi\/finnboat\/#primaryimage"},"thumbnailUrl":"https:\/\/www.finnboat.fi\/wp-content\/uploads\/2022\/05\/xq-K_Koskinen1.jpg","datePublished":"2022-05-04T09:50:55+00:00","dateModified":"2025-10-06T11:01:07+00:00","breadcrumb":{"@id":"https:\/\/www.finnboat.fi\/finnboat\/#breadcrumb"},"inLanguage":"sv-SE","potentialAction":[{"@type":"ReadAction","target":["https:\/\/www.finnboat.fi\/finnboat\/"]}]},{"@type":"ImageObject","inLanguage":"sv-SE","@id":"https:\/\/www.finnboat.fi\/finnboat\/#primaryimage","url":"https:\/\/www.finnboat.fi\/wp-content\/uploads\/2022\/05\/xq-K_Koskinen1.jpg","contentUrl":"https:\/\/www.finnboat.fi\/wp-content\/uploads\/2022\/05\/xq-K_Koskinen1.jpg"},{"@type":"BreadcrumbList","@id":"https:\/\/www.finnboat.fi\/finnboat\/#breadcrumb","itemListElement":[{"@type":"ListItem","position":1,"name":"Etusivu","item":"https:\/\/www.finnboat.fi\/"},{"@type":"ListItem","position":2,"name":"Finnboat"}]},{"@type":"WebSite","@id":"https:\/\/www.finnboat.fi\/en\/#website","url":"https:\/\/www.finnboat.fi\/en\/","name":"Finnboat","description":"B\u00e5tbranschens Centralf\u00f6rbund Finnboat rf","publisher":{"@id":"https:\/\/www.finnboat.fi\/en\/#organization"},"potentialAction":[{"@type":"SearchAction","target":{"@type":"EntryPoint","urlTemplate":"https:\/\/www.finnboat.fi\/en\/?s={search_term_string}"},"query-input":{"@type":"PropertyValueSpecification","valueRequired":true,"valueName":"search_term_string"}}],"inLanguage":"sv-SE"},{"@type":"Organization","@id":"https:\/\/www.finnboat.fi\/en\/#organization","name":"Finnboat","url":"https:\/\/www.finnboat.fi\/en\/","logo":{"@type":"ImageObject","inLanguage":"sv-SE","@id":"https:\/\/www.finnboat.fi\/en\/#\/schema\/logo\/image\/","url":"https:\/\/www.finnboat.fi\/wp-content\/uploads\/2026\/02\/cropped-kassi.png","contentUrl":"https:\/\/www.finnboat.fi\/wp-content\/uploads\/2026\/02\/cropped-kassi.png","width":1023,"height":1023,"caption":"Finnboat"},"image":{"@id":"https:\/\/www.finnboat.fi\/en\/#\/schema\/logo\/image\/"}}]}},"_links":{"self":[{"href":"https:\/\/www.finnboat.fi\/sv\/wp-json\/wp\/v2\/pages\/2506","targetHints":{"allow":["GET"]}}],"collection":[{"href":"https:\/\/www.finnboat.fi\/sv\/wp-json\/wp\/v2\/pages"}],"about":[{"href":"https:\/\/www.finnboat.fi\/sv\/wp-json\/wp\/v2\/types\/page"}],"author":[{"embeddable":true,"href":"https:\/\/www.finnboat.fi\/sv\/wp-json\/wp\/v2\/users\/346"}],"replies":[{"embeddable":true,"href":"https:\/\/www.finnboat.fi\/sv\/wp-json\/wp\/v2\/comments?post=2506"}],"version-history":[{"count":110,"href":"https:\/\/www.finnboat.fi\/sv\/wp-json\/wp\/v2\/pages\/2506\/revisions"}],"predecessor-version":[{"id":13419,"href":"https:\/\/www.finnboat.fi\/sv\/wp-json\/wp\/v2\/pages\/2506\/revisions\/13419"}],"wp:attachment":[{"href":"https:\/\/www.finnboat.fi\/sv\/wp-json\/wp\/v2\/media?parent=2506"}],"curies":[{"name":"wp","href":"https:\/\/api.w.org\/{rel}","templated":true}]}}