{"id":2508,"date":"2022-05-04T12:51:09","date_gmt":"2022-05-04T09:51:09","guid":{"rendered":"https:\/\/finnboatfi-wp16167.test.cchosting.fi\/?page_id=2508"},"modified":"2026-04-20T09:15:17","modified_gmt":"2026-04-20T06:15:17","slug":"tapahtumat-ja-venemessut","status":"publish","type":"page","link":"https:\/\/www.finnboat.fi\/sv\/finnboat\/tapahtumat-ja-venemessut\/","title":{"rendered":"Evenemang och b\u00e5tm\u00e4ssor"},"content":{"rendered":"<div data-elementor-type=\"wp-page\" data-elementor-id=\"2508\" class=\"elementor elementor-2508\">\n\t\t\t\t\t\t<section class=\"elementor-section elementor-top-section elementor-element elementor-element-51a5aa5 elementor-section-height-min-height elementor-section-boxed elementor-section-height-default elementor-section-items-middle\" data-id=\"51a5aa5\" data-element_type=\"section\" data-e-type=\"section\" data-settings=\"{&quot;background_background&quot;:&quot;classic&quot;}\">\n\t\t\t\t\t\t\t<div class=\"elementor-background-overlay\"><\/div>\n\t\t\t\t\t\t\t<div class=\"elementor-container elementor-column-gap-default\">\n\t\t\t\t\t<div class=\"elementor-column elementor-col-100 elementor-top-column elementor-element elementor-element-c09bd8c\" data-id=\"c09bd8c\" data-element_type=\"column\" data-e-type=\"column\">\n\t\t\t<div class=\"elementor-widget-wrap elementor-element-populated\">\n\t\t\t\t\t\t<div class=\"elementor-element elementor-element-0b7500c elementor-widget elementor-widget-heading\" data-id=\"0b7500c\" data-element_type=\"widget\" data-e-type=\"widget\" data-widget_type=\"heading.default\">\n\t\t\t\t<div class=\"elementor-widget-container\">\n\t\t\t\t\t<h1 class=\"elementor-heading-title elementor-size-xxl\">Evenemang och b\u00e5tm\u00e4ssor<\/h1>\t\t\t\t<\/div>\n\t\t\t\t<\/div>\n\t\t\t\t\t<\/div>\n\t\t<\/div>\n\t\t\t\t\t<\/div>\n\t\t<\/section>\n\t\t\t\t<section class=\"elementor-section elementor-top-section elementor-element elementor-element-d6588ae elementor-section-boxed elementor-section-height-default elementor-section-height-default\" data-id=\"d6588ae\" data-element_type=\"section\" data-e-type=\"section\">\n\t\t\t\t\t\t<div class=\"elementor-container elementor-column-gap-default\">\n\t\t\t\t\t<div class=\"elementor-column elementor-col-100 elementor-top-column elementor-element elementor-element-454ee94\" data-id=\"454ee94\" data-element_type=\"column\" data-e-type=\"column\">\n\t\t\t<div class=\"elementor-widget-wrap\">\n\t\t\t\t\t\t\t<\/div>\n\t\t<\/div>\n\t\t\t\t\t<\/div>\n\t\t<\/section>\n\t\t\t\t<section class=\"elementor-section elementor-top-section elementor-element elementor-element-6414f2c elementor-section-boxed elementor-section-height-default elementor-section-height-default\" data-id=\"6414f2c\" data-element_type=\"section\" data-e-type=\"section\">\n\t\t\t\t\t\t<div class=\"elementor-container elementor-column-gap-default\">\n\t\t\t\t\t<div class=\"elementor-column elementor-col-100 elementor-top-column elementor-element elementor-element-33c3d4b\" data-id=\"33c3d4b\" data-element_type=\"column\" data-e-type=\"column\">\n\t\t\t<div class=\"elementor-widget-wrap elementor-element-populated\">\n\t\t\t\t\t\t<section class=\"elementor-section elementor-inner-section elementor-element elementor-element-fd01a15 elementor-section-boxed elementor-section-height-default elementor-section-height-default\" data-id=\"fd01a15\" data-element_type=\"section\" data-e-type=\"section\">\n\t\t\t\t\t\t<div class=\"elementor-container elementor-column-gap-default\">\n\t\t\t\t\t<div class=\"elementor-column elementor-col-50 elementor-inner-column elementor-element elementor-element-7dcfbe8\" data-id=\"7dcfbe8\" data-element_type=\"column\" data-e-type=\"column\">\n\t\t\t<div class=\"elementor-widget-wrap elementor-element-populated\">\n\t\t\t\t\t\t<div class=\"elementor-element elementor-element-f95d715 elementor-widget elementor-widget-heading\" data-id=\"f95d715\" data-element_type=\"widget\" data-e-type=\"widget\" data-widget_type=\"heading.default\">\n\t\t\t\t<div class=\"elementor-widget-container\">\n\t\t\t\t\t<h2 class=\"elementor-heading-title elementor-size-default\">Helsingfors internationella b\u00e5tm\u00e4ssa \u00f6ppnar s\u00e4songen och visar v\u00e4gen<\/h2>\t\t\t\t<\/div>\n\t\t\t\t<\/div>\n\t\t\t\t\t<\/div>\n\t\t<\/div>\n\t\t\t\t<div class=\"elementor-column elementor-col-50 elementor-inner-column elementor-element elementor-element-bb71c07\" data-id=\"bb71c07\" data-element_type=\"column\" data-e-type=\"column\">\n\t\t\t<div class=\"elementor-widget-wrap elementor-element-populated\">\n\t\t\t\t\t\t<div class=\"elementor-element elementor-element-f8745d7 elementor-widget elementor-widget-image\" data-id=\"f8745d7\" data-element_type=\"widget\" data-e-type=\"widget\" data-widget_type=\"image.default\">\n\t\t\t\t<div class=\"elementor-widget-container\">\n\t\t\t\t\t\t\t\t\t\t\t\t\t\t\t<img fetchpriority=\"high\" decoding=\"async\" width=\"595\" height=\"140\" src=\"https:\/\/www.finnboat.fi\/wp-content\/uploads\/2024\/01\/VeneBat_RGB_web.png\" class=\"attachment-large size-large wp-image-9417\" alt=\"\" srcset=\"https:\/\/www.finnboat.fi\/wp-content\/uploads\/2024\/01\/VeneBat_RGB_web.png 595w, https:\/\/www.finnboat.fi\/wp-content\/uploads\/2024\/01\/VeneBat_RGB_web-300x71.png 300w, https:\/\/www.finnboat.fi\/wp-content\/uploads\/2024\/01\/VeneBat_RGB_web-18x4.png 18w\" sizes=\"(max-width: 595px) 100vw, 595px\" \/>\t\t\t\t\t\t\t\t\t\t\t\t\t\t\t<\/div>\n\t\t\t\t<\/div>\n\t\t\t\t\t<\/div>\n\t\t<\/div>\n\t\t\t\t\t<\/div>\n\t\t<\/section>\n\t\t\t\t<div class=\"elementor-element elementor-element-81fa34a elementor-widget elementor-widget-text-editor\" data-id=\"81fa34a\" data-element_type=\"widget\" data-e-type=\"widget\" data-widget_type=\"text-editor.default\">\n\t\t\t\t<div class=\"elementor-widget-container\">\n\t\t\t\t\t\t\t\t\t<p>Helsingfors internationella b\u00e5tm\u00e4ssa, som \u00e5rligen arrangeras i februari, \u00e4r utan tvekan landets mest omfattande och samtidigt viktigaste \u00f6versikt \u00f6ver s\u00e4songens kommande utbud. M\u00e4ssan lockar omkring 70 000 bes\u00f6kare till hallarna. Som ett \u00e5rligt evenemang \u00e4r det d\u00e4rmed en av de st\u00f6rsta utst\u00e4llningarna som ordnas i M\u00e4sscentrum i Helsingfors.<\/p><p>Evenemanget Vene B\u00e5t arrangeras av M\u00e4sscentrum i Helsingfors p\u00e5 uppdrag av B\u00e5tbranschens Centralf\u00f6rbund Finnboat rf. Evenemanget fyller alla hallar i M\u00e4sscentrum och presenterar \u00e5rligen n\u00e4stan 600 b\u00e5tar i sju hallar. P\u00e5 b\u00e5tm\u00e4ssan finns naturligtvis ocks\u00e5 motorer och tillbeh\u00f6r samt ett stort antal sidoevenemang och seminarier.<\/p><p>Vene 26 B\u00e5t arrangeras i Helsingfors M\u00e4sscentrum <strong>6.-15.2.2026.<\/strong> Mer information <a href=\"https:\/\/vene.messukeskus.com\/\">www.venemessut.fi<\/a> #venemessut<\/p>\t\t\t\t\t\t\t\t<\/div>\n\t\t\t\t<\/div>\n\t\t\t\t<div class=\"elementor-element elementor-element-e9896ba elementor-widget elementor-widget-text-editor\" data-id=\"e9896ba\" data-element_type=\"widget\" data-e-type=\"widget\" data-widget_type=\"text-editor.default\">\n\t\t\t\t<div class=\"elementor-widget-container\">\n\t\t\t\t\t\t\t\t\t<h2 class=\"elementor-heading-title elementor-size-default\">SK\u00c4RG\u00c5RDHAVETS SOMMAR B\u00d6RJAR I N\u00c5DENDAL!<\/h2><p><img decoding=\"async\" class=\"alignright wp-image-14426\" src=\"https:\/\/www.finnboat.fi\/wp-content\/uploads\/2026\/04\/veme26-vaaka_ilman-paivamaaria_suomi_ruotsi-300x97.png\" alt=\"\" width=\"400\" height=\"129\" srcset=\"https:\/\/www.finnboat.fi\/wp-content\/uploads\/2026\/04\/veme26-vaaka_ilman-paivamaaria_suomi_ruotsi-300x97.png 300w, https:\/\/www.finnboat.fi\/wp-content\/uploads\/2026\/04\/veme26-vaaka_ilman-paivamaaria_suomi_ruotsi-18x6.png 18w, https:\/\/www.finnboat.fi\/wp-content\/uploads\/2026\/04\/veme26-vaaka_ilman-paivamaaria_suomi_ruotsi.png 581w\" sizes=\"(max-width: 400px) 100vw, 400px\" \/><\/p><p>N\u00e5dendals B\u00e5tm\u00e4ssa inleder b\u00e5ts\u00e4songen i Sk\u00e4rg\u00e5rdshavet i den idylliska g\u00e4sthamnen i N\u00e5dendal den 22\u201324 maj 2026. Evenemanget \u00e4r avgiftsfritt f\u00f6r allm\u00e4nheten.<\/p><p>M\u00e4ssan erbjuder en imponerande b\u00e5tutst\u00e4llning med ett brett urval av b\u00e5tar, b\u00e5ttillbeh\u00f6r och utrustning. Dessutom bjuds det p\u00e5 ett m\u00e5ngsidigt program f\u00f6r alla som \u00e4r intresserade av b\u00e5tliv och sk\u00e4rg\u00e5rden.<\/p><p>Finnboat utvecklar N\u00e5dendals B\u00e5tm\u00e4ssa i samarbete med b\u00e5tbranschen och lokala akt\u00f6rer. Evenemanget st\u00e5r under beskydd av riksdagsledamot Pauli Aalto-Set\u00e4l\u00e4, och huvudsamarbetspartner \u00e4r <a href=\"https:\/\/www.naantalispa.fi\/\" target=\"_blank\" rel=\"noopener\">Naantali Spa Hotel<\/a>.<\/p><p>Mer information om evenemanget: <a href=\"https:\/\/naantalinvenemessut.fi\/\">www.naantalinvenemessut.fi<\/a><\/p>\t\t\t\t\t\t\t\t<\/div>\n\t\t\t\t<\/div>\n\t\t\t\t<div class=\"elementor-element elementor-element-60de964 elementor-widget elementor-widget-text-editor\" data-id=\"60de964\" data-element_type=\"widget\" data-e-type=\"widget\" data-widget_type=\"text-editor.default\">\n\t\t\t\t<div class=\"elementor-widget-container\">\n\t\t\t\t\t\t\t\t\t<h2 class=\"elementor-heading-title elementor-size-default\">Uiva Flytande s\u00e4tter fart p\u00e5 h\u00f6stf\u00f6rs\u00e4ljningen<\/h2><p><img decoding=\"async\" class=\"size-medium wp-image-5093 alignright\" src=\"https:\/\/www.finnboat.fi\/wp-content\/uploads\/2022\/03\/uiva_porri-300x210.jpg\" alt=\"\" width=\"300\" height=\"210\" srcset=\"https:\/\/www.finnboat.fi\/wp-content\/uploads\/2022\/03\/uiva_porri-300x210.jpg 300w, https:\/\/www.finnboat.fi\/wp-content\/uploads\/2022\/03\/uiva_porri-1024x716.jpg 1024w, https:\/\/www.finnboat.fi\/wp-content\/uploads\/2022\/03\/uiva_porri-768x537.jpg 768w, https:\/\/www.finnboat.fi\/wp-content\/uploads\/2022\/03\/uiva_porri-18x12.jpg 18w, https:\/\/www.finnboat.fi\/wp-content\/uploads\/2022\/03\/uiva_porri-600x420.jpg 600w, https:\/\/www.finnboat.fi\/wp-content\/uploads\/2022\/03\/uiva_porri.jpg 1268w\" sizes=\"(max-width: 300px) 100vw, 300px\" \/><\/p><p>S\u00e4rskilt inom handeln med st\u00f6rre b\u00e5tar och h\u00f6sttillbeh\u00f6r har Helsingfors flytande b\u00e5tutst\u00e4llning hittat en stark st\u00f6dgrupp. Evenemanget, som har organiserats sedan 1978, har n\u00e4stan kontinuerligt \u00f6kat sitt bes\u00f6karantal och \u00e4r idag Nordens st\u00f6rsta flytande b\u00e5tutst\u00e4llning. \u00c5r 2025 visades totalt n\u00e4stan 300 b\u00e5tar och 2800 m\u00b2 landutst\u00e4llningsytor, och n\u00e4stan 11 000 bes\u00f6kare bekantade sig med utst\u00e4llningen.<\/p><p>Helsingfors Flytande B\u00e5tutst\u00e4llning arrangeras av Finnboat i samarbete med Helsingfors Segelklubb rf. Uiva 2025 Flytande arrangeras <strong>13.-16.8.2026<\/strong>.<br \/>\u00c5r 2020 bes\u00f6ktes utst\u00e4llningen totalt av 10 486 m\u00e4ssg\u00e4ster. \u00c5r 2020 presenterades p\u00e5 utst\u00e4llningen totalt \u00f6ver 250 b\u00e5tar och landmontrarna t\u00e4ckte en areal p\u00e5 drygt 2757 m2. Finnboats medlemmar erh\u00e5ller en 25 % rabatt p\u00e5 platshyran.\nHelsingfors Flytande B\u00e5tutst\u00e4llning arrangeras av Finnboat med Helsingfors Segelklubb rf som samarbetspartner.<\/p><p>Mer information om evenemanget: <a href=\"https:\/\/uiva.fi\/sv\">www.uiva.fi<\/a><\/p>\t\t\t\t\t\t\t\t<\/div>\n\t\t\t\t<\/div>\n\t\t\t\t<div class=\"elementor-element elementor-element-3bdc94e elementor-widget elementor-widget-heading\" data-id=\"3bdc94e\" data-element_type=\"widget\" data-e-type=\"widget\" data-widget_type=\"heading.default\">\n\t\t\t\t<div class=\"elementor-widget-container\">\n\t\t\t\t\t<h2 class=\"elementor-heading-title elementor-size-default\">Deltagande ocks\u00e5 p\u00e5 internationella b\u00e5tm\u00e4ssor<\/h2>\t\t\t\t<\/div>\n\t\t\t\t<\/div>\n\t\t\t\t<div class=\"elementor-element elementor-element-0655a48 elementor-widget elementor-widget-text-editor\" data-id=\"0655a48\" data-element_type=\"widget\" data-e-type=\"widget\" data-widget_type=\"text-editor.default\">\n\t\t\t\t<div class=\"elementor-widget-container\">\n\t\t\t\t\t\t\t\t\t<p>Till Finnboats och Finlands B\u00e5tindustrif\u00f6renings viktigaste uppgifter h\u00f6r utvecklingen av exportverksamheten. Inom Industrif\u00f6reningen verkar exportledningsgruppen som \u00e5rligen definierar vilka gemensamma projekt som genomf\u00f6rs. Huvudsakligen upptr\u00e4den man tillsammans p\u00e5 internationella b\u00e5tm\u00e4ssor. Fr\u00e5ga mera info fr\u00e5n info@finnboat.fi<\/p><p>Ut\u00f6ver m\u00e4ssdeltagandet producerar man gemensamma publikationer, f\u00f6rverkligar samannonsering och st\u00f6der uppg\u00f6randet av f\u00f6retagens internationella Internet-sidor etc. F\u00f6retagen g\u00f6r ocks\u00e5 gemensamma marknadsunders\u00f6kningsresor till olika l\u00e4nder.<\/p>\t\t\t\t\t\t\t\t<\/div>\n\t\t\t\t<\/div>\n\t\t\t\t\t<\/div>\n\t\t<\/div>\n\t\t\t\t\t<\/div>\n\t\t<\/section>\n\t\t\t\t<\/div>","protected":false},"excerpt":{"rendered":"<p>Venemessut ja tapahtumat Helsingin kansainv\u00e4liset venemessut avaa veneilykauden ja n\u00e4ytt\u00e4\u00e4 tiet\u00e4 Helmikuussa vuosittain j\u00e4rjestett\u00e4v\u00e4t Helsingin Kansainv\u00e4liset Venemessut on maamme ylivoimaisesti laajin ja samalla t\u00e4rkein katselmus tulevan kauden tarjonnasta. Venemessut vet\u00e4\u00e4 [&hellip;]<\/p>\n","protected":false},"author":346,"featured_media":0,"parent":2506,"menu_order":0,"comment_status":"closed","ping_status":"closed","template":"","meta":{"_acf_changed":false,"_crdt_document":"","inline_featured_image":false,"_monsterinsights_skip_tracking":false,"_monsterinsights_sitenote_active":false,"_monsterinsights_sitenote_note":"","_monsterinsights_sitenote_category":0,"footnotes":""},"class_list":["post-2508","page","type-page","status-publish","hentry"],"acf":[],"yoast_head":"<!-- This site is optimized with the Yoast SEO plugin v27.4 - https:\/\/yoast.com\/product\/yoast-seo-wordpress\/ -->\n<title>Tapahtumat ja venemessut - Finnboat<\/title>\n<meta name=\"robots\" content=\"index, follow, max-snippet:-1, max-image-preview:large, max-video-preview:-1\" \/>\n<link rel=\"canonical\" href=\"https:\/\/www.finnboat.fi\/sv\/finnboat\/tapahtumat-ja-venemessut\/\" \/>\n<meta property=\"og:locale\" content=\"sv_SE\" \/>\n<meta property=\"og:type\" content=\"article\" \/>\n<meta property=\"og:title\" content=\"Tapahtumat ja venemessut - Finnboat\" \/>\n<meta property=\"og:description\" content=\"Venemessut ja tapahtumat Helsingin kansainv\u00e4liset venemessut avaa veneilykauden ja n\u00e4ytt\u00e4\u00e4 tiet\u00e4 Helmikuussa vuosittain j\u00e4rjestett\u00e4v\u00e4t Helsingin Kansainv\u00e4liset Venemessut on maamme ylivoimaisesti laajin ja samalla t\u00e4rkein katselmus tulevan kauden tarjonnasta. Venemessut vet\u00e4\u00e4 [&hellip;]\" \/>\n<meta property=\"og:url\" content=\"https:\/\/www.finnboat.fi\/sv\/finnboat\/tapahtumat-ja-venemessut\/\" \/>\n<meta property=\"og:site_name\" content=\"Finnboat\" \/>\n<meta property=\"article:modified_time\" content=\"2026-04-20T06:15:17+00:00\" \/>\n<meta property=\"og:image\" content=\"https:\/\/www.finnboat.fi\/wp-content\/uploads\/2024\/01\/VeneBat_RGB_web.png\" \/>\n\t<meta property=\"og:image:width\" content=\"595\" \/>\n\t<meta property=\"og:image:height\" content=\"140\" \/>\n\t<meta property=\"og:image:type\" content=\"image\/png\" \/>\n<meta name=\"twitter:card\" content=\"summary_large_image\" \/>\n<meta name=\"twitter:label1\" content=\"Ber\u00e4knad l\u00e4stid\" \/>\n\t<meta name=\"twitter:data1\" content=\"3 minuter\" \/>\n<script type=\"application\/ld+json\" class=\"yoast-schema-graph\">{\"@context\":\"https:\\\/\\\/schema.org\",\"@graph\":[{\"@type\":\"WebPage\",\"@id\":\"https:\\\/\\\/www.finnboat.fi\\\/finnboat\\\/tapahtumat-ja-venemessut\\\/\",\"url\":\"https:\\\/\\\/www.finnboat.fi\\\/finnboat\\\/tapahtumat-ja-venemessut\\\/\",\"name\":\"Tapahtumat ja venemessut - Finnboat\",\"isPartOf\":{\"@id\":\"https:\\\/\\\/www.finnboat.fi\\\/en\\\/#website\"},\"primaryImageOfPage\":{\"@id\":\"https:\\\/\\\/www.finnboat.fi\\\/finnboat\\\/tapahtumat-ja-venemessut\\\/#primaryimage\"},\"image\":{\"@id\":\"https:\\\/\\\/www.finnboat.fi\\\/finnboat\\\/tapahtumat-ja-venemessut\\\/#primaryimage\"},\"thumbnailUrl\":\"https:\\\/\\\/www.finnboat.fi\\\/wp-content\\\/uploads\\\/2024\\\/01\\\/VeneBat_RGB_web.png\",\"datePublished\":\"2022-05-04T09:51:09+00:00\",\"dateModified\":\"2026-04-20T06:15:17+00:00\",\"breadcrumb\":{\"@id\":\"https:\\\/\\\/www.finnboat.fi\\\/finnboat\\\/tapahtumat-ja-venemessut\\\/#breadcrumb\"},\"inLanguage\":\"sv-SE\",\"potentialAction\":[{\"@type\":\"ReadAction\",\"target\":[\"https:\\\/\\\/www.finnboat.fi\\\/finnboat\\\/tapahtumat-ja-venemessut\\\/\"]}]},{\"@type\":\"ImageObject\",\"inLanguage\":\"sv-SE\",\"@id\":\"https:\\\/\\\/www.finnboat.fi\\\/finnboat\\\/tapahtumat-ja-venemessut\\\/#primaryimage\",\"url\":\"https:\\\/\\\/www.finnboat.fi\\\/wp-content\\\/uploads\\\/2024\\\/01\\\/VeneBat_RGB_web.png\",\"contentUrl\":\"https:\\\/\\\/www.finnboat.fi\\\/wp-content\\\/uploads\\\/2024\\\/01\\\/VeneBat_RGB_web.png\"},{\"@type\":\"BreadcrumbList\",\"@id\":\"https:\\\/\\\/www.finnboat.fi\\\/finnboat\\\/tapahtumat-ja-venemessut\\\/#breadcrumb\",\"itemListElement\":[{\"@type\":\"ListItem\",\"position\":1,\"name\":\"Etusivu\",\"item\":\"https:\\\/\\\/www.finnboat.fi\\\/\"},{\"@type\":\"ListItem\",\"position\":2,\"name\":\"Finnboat\",\"item\":\"https:\\\/\\\/www.finnboat.fi\\\/finnboat\\\/\"},{\"@type\":\"ListItem\",\"position\":3,\"name\":\"Tapahtumat ja venemessut\"}]},{\"@type\":\"WebSite\",\"@id\":\"https:\\\/\\\/www.finnboat.fi\\\/en\\\/#website\",\"url\":\"https:\\\/\\\/www.finnboat.fi\\\/en\\\/\",\"name\":\"Finnboat\",\"description\":\"Venealan Keskusliitto Finnboat ry\",\"publisher\":{\"@id\":\"https:\\\/\\\/www.finnboat.fi\\\/en\\\/#organization\"},\"potentialAction\":[{\"@type\":\"SearchAction\",\"target\":{\"@type\":\"EntryPoint\",\"urlTemplate\":\"https:\\\/\\\/www.finnboat.fi\\\/en\\\/?s={search_term_string}\"},\"query-input\":{\"@type\":\"PropertyValueSpecification\",\"valueRequired\":true,\"valueName\":\"search_term_string\"}}],\"inLanguage\":\"sv-SE\"},{\"@type\":\"Organization\",\"@id\":\"https:\\\/\\\/www.finnboat.fi\\\/en\\\/#organization\",\"name\":\"Finnboat\",\"url\":\"https:\\\/\\\/www.finnboat.fi\\\/en\\\/\",\"logo\":{\"@type\":\"ImageObject\",\"inLanguage\":\"sv-SE\",\"@id\":\"https:\\\/\\\/www.finnboat.fi\\\/en\\\/#\\\/schema\\\/logo\\\/image\\\/\",\"url\":\"https:\\\/\\\/www.finnboat.fi\\\/wp-content\\\/uploads\\\/2026\\\/02\\\/cropped-kassi.png\",\"contentUrl\":\"https:\\\/\\\/www.finnboat.fi\\\/wp-content\\\/uploads\\\/2026\\\/02\\\/cropped-kassi.png\",\"width\":1023,\"height\":1023,\"caption\":\"Finnboat\"},\"image\":{\"@id\":\"https:\\\/\\\/www.finnboat.fi\\\/en\\\/#\\\/schema\\\/logo\\\/image\\\/\"}}]}<\/script>\n<!-- \/ Yoast SEO plugin. -->","yoast_head_json":{"title":"Tapahtumat ja venemessut - Finnboat","robots":{"index":"index","follow":"follow","max-snippet":"max-snippet:-1","max-image-preview":"max-image-preview:large","max-video-preview":"max-video-preview:-1"},"canonical":"https:\/\/www.finnboat.fi\/sv\/finnboat\/tapahtumat-ja-venemessut\/","og_locale":"sv_SE","og_type":"article","og_title":"Tapahtumat ja venemessut - Finnboat","og_description":"Venemessut ja tapahtumat Helsingin kansainv\u00e4liset venemessut avaa veneilykauden ja n\u00e4ytt\u00e4\u00e4 tiet\u00e4 Helmikuussa vuosittain j\u00e4rjestett\u00e4v\u00e4t Helsingin Kansainv\u00e4liset Venemessut on maamme ylivoimaisesti laajin ja samalla t\u00e4rkein katselmus tulevan kauden tarjonnasta. Venemessut vet\u00e4\u00e4 [&hellip;]","og_url":"https:\/\/www.finnboat.fi\/sv\/finnboat\/tapahtumat-ja-venemessut\/","og_site_name":"Finnboat","article_modified_time":"2026-04-20T06:15:17+00:00","og_image":[{"width":595,"height":140,"url":"https:\/\/www.finnboat.fi\/wp-content\/uploads\/2024\/01\/VeneBat_RGB_web.png","type":"image\/png"}],"twitter_card":"summary_large_image","twitter_misc":{"Ber\u00e4knad l\u00e4stid":"3 minuter"},"schema":{"@context":"https:\/\/schema.org","@graph":[{"@type":"WebPage","@id":"https:\/\/www.finnboat.fi\/finnboat\/tapahtumat-ja-venemessut\/","url":"https:\/\/www.finnboat.fi\/finnboat\/tapahtumat-ja-venemessut\/","name":"Tapahtumat ja venemessut - Finnboat","isPartOf":{"@id":"https:\/\/www.finnboat.fi\/en\/#website"},"primaryImageOfPage":{"@id":"https:\/\/www.finnboat.fi\/finnboat\/tapahtumat-ja-venemessut\/#primaryimage"},"image":{"@id":"https:\/\/www.finnboat.fi\/finnboat\/tapahtumat-ja-venemessut\/#primaryimage"},"thumbnailUrl":"https:\/\/www.finnboat.fi\/wp-content\/uploads\/2024\/01\/VeneBat_RGB_web.png","datePublished":"2022-05-04T09:51:09+00:00","dateModified":"2026-04-20T06:15:17+00:00","breadcrumb":{"@id":"https:\/\/www.finnboat.fi\/finnboat\/tapahtumat-ja-venemessut\/#breadcrumb"},"inLanguage":"sv-SE","potentialAction":[{"@type":"ReadAction","target":["https:\/\/www.finnboat.fi\/finnboat\/tapahtumat-ja-venemessut\/"]}]},{"@type":"ImageObject","inLanguage":"sv-SE","@id":"https:\/\/www.finnboat.fi\/finnboat\/tapahtumat-ja-venemessut\/#primaryimage","url":"https:\/\/www.finnboat.fi\/wp-content\/uploads\/2024\/01\/VeneBat_RGB_web.png","contentUrl":"https:\/\/www.finnboat.fi\/wp-content\/uploads\/2024\/01\/VeneBat_RGB_web.png"},{"@type":"BreadcrumbList","@id":"https:\/\/www.finnboat.fi\/finnboat\/tapahtumat-ja-venemessut\/#breadcrumb","itemListElement":[{"@type":"ListItem","position":1,"name":"Etusivu","item":"https:\/\/www.finnboat.fi\/"},{"@type":"ListItem","position":2,"name":"Finnboat","item":"https:\/\/www.finnboat.fi\/finnboat\/"},{"@type":"ListItem","position":3,"name":"Tapahtumat ja venemessut"}]},{"@type":"WebSite","@id":"https:\/\/www.finnboat.fi\/en\/#website","url":"https:\/\/www.finnboat.fi\/en\/","name":"Finnboat","description":"B\u00e5tbranschens Centralf\u00f6rbund Finnboat rf","publisher":{"@id":"https:\/\/www.finnboat.fi\/en\/#organization"},"potentialAction":[{"@type":"SearchAction","target":{"@type":"EntryPoint","urlTemplate":"https:\/\/www.finnboat.fi\/en\/?s={search_term_string}"},"query-input":{"@type":"PropertyValueSpecification","valueRequired":true,"valueName":"search_term_string"}}],"inLanguage":"sv-SE"},{"@type":"Organization","@id":"https:\/\/www.finnboat.fi\/en\/#organization","name":"Finnboat","url":"https:\/\/www.finnboat.fi\/en\/","logo":{"@type":"ImageObject","inLanguage":"sv-SE","@id":"https:\/\/www.finnboat.fi\/en\/#\/schema\/logo\/image\/","url":"https:\/\/www.finnboat.fi\/wp-content\/uploads\/2026\/02\/cropped-kassi.png","contentUrl":"https:\/\/www.finnboat.fi\/wp-content\/uploads\/2026\/02\/cropped-kassi.png","width":1023,"height":1023,"caption":"Finnboat"},"image":{"@id":"https:\/\/www.finnboat.fi\/en\/#\/schema\/logo\/image\/"}}]}},"_links":{"self":[{"href":"https:\/\/www.finnboat.fi\/sv\/wp-json\/wp\/v2\/pages\/2508","targetHints":{"allow":["GET"]}}],"collection":[{"href":"https:\/\/www.finnboat.fi\/sv\/wp-json\/wp\/v2\/pages"}],"about":[{"href":"https:\/\/www.finnboat.fi\/sv\/wp-json\/wp\/v2\/types\/page"}],"author":[{"embeddable":true,"href":"https:\/\/www.finnboat.fi\/sv\/wp-json\/wp\/v2\/users\/346"}],"replies":[{"embeddable":true,"href":"https:\/\/www.finnboat.fi\/sv\/wp-json\/wp\/v2\/comments?post=2508"}],"version-history":[{"count":58,"href":"https:\/\/www.finnboat.fi\/sv\/wp-json\/wp\/v2\/pages\/2508\/revisions"}],"predecessor-version":[{"id":14432,"href":"https:\/\/www.finnboat.fi\/sv\/wp-json\/wp\/v2\/pages\/2508\/revisions\/14432"}],"up":[{"embeddable":true,"href":"https:\/\/www.finnboat.fi\/sv\/wp-json\/wp\/v2\/pages\/2506"}],"wp:attachment":[{"href":"https:\/\/www.finnboat.fi\/sv\/wp-json\/wp\/v2\/media?parent=2508"}],"curies":[{"name":"wp","href":"https:\/\/api.w.org\/{rel}","templated":true}]}}