{"id":2513,"date":"2022-05-04T12:51:59","date_gmt":"2022-05-04T09:51:59","guid":{"rendered":"https:\/\/finnboatfi-wp16167.test.cchosting.fi\/?page_id=2513"},"modified":"2025-05-13T11:03:39","modified_gmt":"2025-05-13T08:03:39","slug":"haluatko-jaseneksi","status":"publish","type":"page","link":"https:\/\/www.finnboat.fi\/sv\/jasenet\/haluatko-jaseneksi\/","title":{"rendered":"Vill du bli medlem?"},"content":{"rendered":"<div data-elementor-type=\"wp-page\" data-elementor-id=\"2513\" class=\"elementor elementor-2513\">\n\t\t\t\t\t\t<section class=\"elementor-section elementor-top-section elementor-element elementor-element-1dc6138a elementor-section-height-min-height elementor-section-boxed elementor-section-height-default elementor-section-items-middle\" data-id=\"1dc6138a\" data-element_type=\"section\" data-e-type=\"section\" data-settings=\"{&quot;background_background&quot;:&quot;classic&quot;}\">\n\t\t\t\t\t\t\t<div class=\"elementor-background-overlay\"><\/div>\n\t\t\t\t\t\t\t<div class=\"elementor-container elementor-column-gap-default\">\n\t\t\t\t\t<div class=\"elementor-column elementor-col-100 elementor-top-column elementor-element elementor-element-247b81cb\" data-id=\"247b81cb\" data-element_type=\"column\" data-e-type=\"column\">\n\t\t\t<div class=\"elementor-widget-wrap elementor-element-populated\">\n\t\t\t\t\t\t<div class=\"elementor-element elementor-element-3e61240a elementor-widget elementor-widget-heading\" data-id=\"3e61240a\" data-element_type=\"widget\" data-e-type=\"widget\" data-widget_type=\"heading.default\">\n\t\t\t\t<div class=\"elementor-widget-container\">\n\t\t\t\t\t<h1 class=\"elementor-heading-title elementor-size-xxl\">B\u00e5tbranschens Centralf\u00f6rbund Finnboat rf<\/h1>\t\t\t\t<\/div>\n\t\t\t\t<\/div>\n\t\t\t\t\t<\/div>\n\t\t<\/div>\n\t\t\t\t\t<\/div>\n\t\t<\/section>\n\t\t\t\t<section class=\"elementor-section elementor-top-section elementor-element elementor-element-9a71f9a elementor-section-boxed elementor-section-height-default elementor-section-height-default\" data-id=\"9a71f9a\" data-element_type=\"section\" data-e-type=\"section\">\n\t\t\t\t\t\t<div class=\"elementor-container elementor-column-gap-default\">\n\t\t\t\t\t<div class=\"elementor-column elementor-col-100 elementor-top-column elementor-element elementor-element-afb677a\" data-id=\"afb677a\" data-element_type=\"column\" data-e-type=\"column\">\n\t\t\t<div class=\"elementor-widget-wrap elementor-element-populated\">\n\t\t\t\t\t\t<div class=\"elementor-element elementor-element-537f0cc elementor-widget elementor-widget-text-editor\" data-id=\"537f0cc\" data-element_type=\"widget\" data-e-type=\"widget\" data-widget_type=\"text-editor.default\">\n\t\t\t\t<div class=\"elementor-widget-container\">\n\t\t\t\t\t\t\t\t\t<h3>Medlemskapet ger styrka<\/h3>\n<p>I en v\u00e4rld av tilltagande konkurrens \u00e4r det viktigt att vara snabb i v\u00e4ndningarna och den som har den b\u00e4sta informationen, yrkeskunskapen och n\u00e4tverket klarar sig b\u00e4ttre \u00e4n den ensamma str\u00e4varen. Genom att h\u00f6ra till en st\u00f6rre grupp f\u00e5r man kunskap, och kunskap \u00e4r makt. B\u00e5tbranschens Centralf\u00f6rbund Finnboat rf och dess medlemsf\u00f6reningar (<b>Finlands B\u00e5tindustrif\u00f6rening rf, B\u00e5tbranschens Handlare och Underleverant\u00f6rer rf samt B\u00e5tbranschens Varvs- och Servicef\u00f6rening rf<\/b>) \u00e4r en organisation skapad av branschens yrkesverksamma sj\u00e4lva och som betj\u00e4nar just dem.<\/p>\n<p>Alla f\u00f6reningar har egna styrelser, som behandlar endast medlemsans\u00f6kningar till den egna f\u00f6reningen. F\u00f6rbundets styrelse varken behandlar eller tar st\u00e4llning till ans\u00f6kningarna, som kommer till f\u00f6reningarna. Ans\u00f6kningsdokumenten \u00e4r alltid konfidentiella.<\/p>\n<p>Man ans\u00f6ker om medlemskap i n\u00e5gon av de f\u00f6reningar som h\u00f6r till Finnboat (Finlands b\u00e5tindustrif\u00f6rening rf, B\u00e5tbranchens Handlare och Komponentleverant\u00f6rer rf, B\u00e5tbranchens Varvs- och servicef\u00f6rening rf) genom att fylla i medlemsans\u00f6kningsformul\u00e4ret, l\u00e4nken nedanf\u00f6r (medlemskap direkt inom f\u00f6rbundet s\u00f6ks med ett fritt formulerat ans\u00f6kningsbrev).<\/p>\n<p>Den \u00e5rliga medlemsavgiften f\u00f6r f\u00f6retag med en nettooms\u00e4ttning inom b\u00e5tbranschen p\u00e5 upp till 100 000 euro \u00e4r 200,00 euro, och medlemsavgiften f\u00f6r f\u00f6retag med en nettooms\u00e4ttning inom b\u00e5tbranschen p\u00e5 \u00f6ver 100 000 euro \u00e4r 200,00 euro + 0,035 % av nettooms\u00e4ttningen.<\/p>\n<p>\u00c5rliga medlemsavgiften f\u00f6r f\u00f6retag, vars nettooms\u00e4ttning i b\u00e5tbranschen \u00e4r h\u00f6gst 100 000 \u20ac, \u00e4r 200,00 \u20ac och f\u00f6r f\u00f6retag, vars nettooms\u00e4ttning i b\u00e5tbranschen \u00e4r \u00f6ver 100 000 \u20ac, \u00e4r 200,00 \u20ac + 0,035 % av nettooms\u00e4ttningen.<\/p>\n<p>Vad man egentligen f\u00e5r f\u00f6r medelmsavgiften? Man kan till exempel f\u00e5 50 internationella b\u00e5tjournalister att under tre dagar testa f\u00f6retagets nya b\u00e5t. Eller man kan f\u00e5 en utst\u00e4llningsplats f\u00f6r den p\u00e5 Helsingfors Uiva Flytande b\u00e5tutst\u00e4llning 25 % billigare \u00e4n ett f\u00f6retag, som inte h\u00f6r till Finnboat.<\/p>\n<p>Som sista men inte den minst viktiga punkt b\u00f6r man komma ih\u00e5g informationsutbytet mellan f\u00f6retagen, de gemensamma tr\u00e4ffarna, den trevliga samvaron och \u00e5siktsutbytet. Som exempel kan man n\u00e4mna f\u00f6rbundets h\u00f6st- och v\u00e5rm\u00f6tesdagar, d\u00e4r vanligen drygt hundra representanter f\u00f6r medlemsf\u00f6retagen deltar. Till\u00e4ggsinformation om medlemskap:&nbsp;<a href=\"mailto:info@finnboat.fi\">info@finnboat.fi<\/a><\/p>\n<p><strong>Fyll i medlemsans\u00f6kan h\u00e4r:&nbsp;<a href=\"https:\/\/q.surveypal.com\/jasenhakemus_medlemsansokan_2021\" target=\"_blank\" rel=\"noopener\">https:\/\/q.surveypal.com\/jasenhakemus_medlemsansokan_2021<\/a><\/strong><\/p>\t\t\t\t\t\t\t\t<\/div>\n\t\t\t\t<\/div>\n\t\t\t\t\t<\/div>\n\t\t<\/div>\n\t\t\t\t\t<\/div>\n\t\t<\/section>\n\t\t\t\t<\/div>","protected":false},"excerpt":{"rendered":"<p>Venealan keskusliitto finnboat ry J\u00e4senyydess\u00e4 on voimaa! Finnboat j\u00e4senyys on merkki luotettavuudesta. Kiristyv\u00e4n kilpailun maailmassa nopealiikkeisyys on t\u00e4rke\u00e4\u00e4 ja se jolla on parhaimmat tiedot, ammattitaito ja verkosto p\u00e4rj\u00e4\u00e4 paremmin kuin [&hellip;]<\/p>\n","protected":false},"author":346,"featured_media":0,"parent":223,"menu_order":0,"comment_status":"closed","ping_status":"closed","template":"","meta":{"_acf_changed":false,"_crdt_document":"","inline_featured_image":false,"_monsterinsights_skip_tracking":false,"_monsterinsights_sitenote_active":false,"_monsterinsights_sitenote_note":"","_monsterinsights_sitenote_category":0,"footnotes":""},"class_list":["post-2513","page","type-page","status-publish","hentry"],"acf":[],"yoast_head":"<!-- This site is optimized with the Yoast SEO plugin v27.4 - https:\/\/yoast.com\/product\/yoast-seo-wordpress\/ -->\n<title>Haluatko j\u00e4seneksi? - Finnboat<\/title>\n<meta name=\"robots\" content=\"index, follow, max-snippet:-1, max-image-preview:large, max-video-preview:-1\" \/>\n<link rel=\"canonical\" href=\"https:\/\/www.finnboat.fi\/sv\/jasenet\/haluatko-jaseneksi\/\" \/>\n<meta property=\"og:locale\" content=\"sv_SE\" \/>\n<meta property=\"og:type\" content=\"article\" \/>\n<meta property=\"og:title\" content=\"Haluatko j\u00e4seneksi? - Finnboat\" \/>\n<meta property=\"og:description\" content=\"Venealan keskusliitto finnboat ry J\u00e4senyydess\u00e4 on voimaa! Finnboat j\u00e4senyys on merkki luotettavuudesta. Kiristyv\u00e4n kilpailun maailmassa nopealiikkeisyys on t\u00e4rke\u00e4\u00e4 ja se jolla on parhaimmat tiedot, ammattitaito ja verkosto p\u00e4rj\u00e4\u00e4 paremmin kuin [&hellip;]\" \/>\n<meta property=\"og:url\" content=\"https:\/\/www.finnboat.fi\/sv\/jasenet\/haluatko-jaseneksi\/\" \/>\n<meta property=\"og:site_name\" content=\"Finnboat\" \/>\n<meta property=\"article:modified_time\" content=\"2025-05-13T08:03:39+00:00\" \/>\n<meta name=\"twitter:card\" content=\"summary_large_image\" \/>\n<meta name=\"twitter:label1\" content=\"Ber\u00e4knad l\u00e4stid\" \/>\n\t<meta name=\"twitter:data1\" content=\"2 minuter\" \/>\n<script type=\"application\/ld+json\" class=\"yoast-schema-graph\">{\"@context\":\"https:\\\/\\\/schema.org\",\"@graph\":[{\"@type\":\"WebPage\",\"@id\":\"https:\\\/\\\/www.finnboat.fi\\\/jasenet\\\/haluatko-jaseneksi\\\/\",\"url\":\"https:\\\/\\\/www.finnboat.fi\\\/jasenet\\\/haluatko-jaseneksi\\\/\",\"name\":\"Haluatko j\u00e4seneksi? - Finnboat\",\"isPartOf\":{\"@id\":\"https:\\\/\\\/www.finnboat.fi\\\/en\\\/#website\"},\"datePublished\":\"2022-05-04T09:51:59+00:00\",\"dateModified\":\"2025-05-13T08:03:39+00:00\",\"breadcrumb\":{\"@id\":\"https:\\\/\\\/www.finnboat.fi\\\/jasenet\\\/haluatko-jaseneksi\\\/#breadcrumb\"},\"inLanguage\":\"sv-SE\",\"potentialAction\":[{\"@type\":\"ReadAction\",\"target\":[\"https:\\\/\\\/www.finnboat.fi\\\/jasenet\\\/haluatko-jaseneksi\\\/\"]}]},{\"@type\":\"BreadcrumbList\",\"@id\":\"https:\\\/\\\/www.finnboat.fi\\\/jasenet\\\/haluatko-jaseneksi\\\/#breadcrumb\",\"itemListElement\":[{\"@type\":\"ListItem\",\"position\":1,\"name\":\"Etusivu\",\"item\":\"https:\\\/\\\/www.finnboat.fi\\\/\"},{\"@type\":\"ListItem\",\"position\":2,\"name\":\"J\u00e4senet\",\"item\":\"https:\\\/\\\/www.finnboat.fi\\\/jasenet\\\/\"},{\"@type\":\"ListItem\",\"position\":3,\"name\":\"Haluatko j\u00e4seneksi?\"}]},{\"@type\":\"WebSite\",\"@id\":\"https:\\\/\\\/www.finnboat.fi\\\/en\\\/#website\",\"url\":\"https:\\\/\\\/www.finnboat.fi\\\/en\\\/\",\"name\":\"Finnboat\",\"description\":\"Venealan Keskusliitto Finnboat ry\",\"publisher\":{\"@id\":\"https:\\\/\\\/www.finnboat.fi\\\/en\\\/#organization\"},\"potentialAction\":[{\"@type\":\"SearchAction\",\"target\":{\"@type\":\"EntryPoint\",\"urlTemplate\":\"https:\\\/\\\/www.finnboat.fi\\\/en\\\/?s={search_term_string}\"},\"query-input\":{\"@type\":\"PropertyValueSpecification\",\"valueRequired\":true,\"valueName\":\"search_term_string\"}}],\"inLanguage\":\"sv-SE\"},{\"@type\":\"Organization\",\"@id\":\"https:\\\/\\\/www.finnboat.fi\\\/en\\\/#organization\",\"name\":\"Finnboat\",\"url\":\"https:\\\/\\\/www.finnboat.fi\\\/en\\\/\",\"logo\":{\"@type\":\"ImageObject\",\"inLanguage\":\"sv-SE\",\"@id\":\"https:\\\/\\\/www.finnboat.fi\\\/en\\\/#\\\/schema\\\/logo\\\/image\\\/\",\"url\":\"https:\\\/\\\/www.finnboat.fi\\\/wp-content\\\/uploads\\\/2026\\\/02\\\/cropped-kassi.png\",\"contentUrl\":\"https:\\\/\\\/www.finnboat.fi\\\/wp-content\\\/uploads\\\/2026\\\/02\\\/cropped-kassi.png\",\"width\":1023,\"height\":1023,\"caption\":\"Finnboat\"},\"image\":{\"@id\":\"https:\\\/\\\/www.finnboat.fi\\\/en\\\/#\\\/schema\\\/logo\\\/image\\\/\"}}]}<\/script>\n<!-- \/ Yoast SEO plugin. -->","yoast_head_json":{"title":"Haluatko j\u00e4seneksi? - Finnboat","robots":{"index":"index","follow":"follow","max-snippet":"max-snippet:-1","max-image-preview":"max-image-preview:large","max-video-preview":"max-video-preview:-1"},"canonical":"https:\/\/www.finnboat.fi\/sv\/jasenet\/haluatko-jaseneksi\/","og_locale":"sv_SE","og_type":"article","og_title":"Haluatko j\u00e4seneksi? - Finnboat","og_description":"Venealan keskusliitto finnboat ry J\u00e4senyydess\u00e4 on voimaa! Finnboat j\u00e4senyys on merkki luotettavuudesta. Kiristyv\u00e4n kilpailun maailmassa nopealiikkeisyys on t\u00e4rke\u00e4\u00e4 ja se jolla on parhaimmat tiedot, ammattitaito ja verkosto p\u00e4rj\u00e4\u00e4 paremmin kuin [&hellip;]","og_url":"https:\/\/www.finnboat.fi\/sv\/jasenet\/haluatko-jaseneksi\/","og_site_name":"Finnboat","article_modified_time":"2025-05-13T08:03:39+00:00","twitter_card":"summary_large_image","twitter_misc":{"Ber\u00e4knad l\u00e4stid":"2 minuter"},"schema":{"@context":"https:\/\/schema.org","@graph":[{"@type":"WebPage","@id":"https:\/\/www.finnboat.fi\/jasenet\/haluatko-jaseneksi\/","url":"https:\/\/www.finnboat.fi\/jasenet\/haluatko-jaseneksi\/","name":"Haluatko j\u00e4seneksi? - Finnboat","isPartOf":{"@id":"https:\/\/www.finnboat.fi\/en\/#website"},"datePublished":"2022-05-04T09:51:59+00:00","dateModified":"2025-05-13T08:03:39+00:00","breadcrumb":{"@id":"https:\/\/www.finnboat.fi\/jasenet\/haluatko-jaseneksi\/#breadcrumb"},"inLanguage":"sv-SE","potentialAction":[{"@type":"ReadAction","target":["https:\/\/www.finnboat.fi\/jasenet\/haluatko-jaseneksi\/"]}]},{"@type":"BreadcrumbList","@id":"https:\/\/www.finnboat.fi\/jasenet\/haluatko-jaseneksi\/#breadcrumb","itemListElement":[{"@type":"ListItem","position":1,"name":"Etusivu","item":"https:\/\/www.finnboat.fi\/"},{"@type":"ListItem","position":2,"name":"J\u00e4senet","item":"https:\/\/www.finnboat.fi\/jasenet\/"},{"@type":"ListItem","position":3,"name":"Haluatko j\u00e4seneksi?"}]},{"@type":"WebSite","@id":"https:\/\/www.finnboat.fi\/en\/#website","url":"https:\/\/www.finnboat.fi\/en\/","name":"Finnboat","description":"B\u00e5tbranschens Centralf\u00f6rbund Finnboat rf","publisher":{"@id":"https:\/\/www.finnboat.fi\/en\/#organization"},"potentialAction":[{"@type":"SearchAction","target":{"@type":"EntryPoint","urlTemplate":"https:\/\/www.finnboat.fi\/en\/?s={search_term_string}"},"query-input":{"@type":"PropertyValueSpecification","valueRequired":true,"valueName":"search_term_string"}}],"inLanguage":"sv-SE"},{"@type":"Organization","@id":"https:\/\/www.finnboat.fi\/en\/#organization","name":"Finnboat","url":"https:\/\/www.finnboat.fi\/en\/","logo":{"@type":"ImageObject","inLanguage":"sv-SE","@id":"https:\/\/www.finnboat.fi\/en\/#\/schema\/logo\/image\/","url":"https:\/\/www.finnboat.fi\/wp-content\/uploads\/2026\/02\/cropped-kassi.png","contentUrl":"https:\/\/www.finnboat.fi\/wp-content\/uploads\/2026\/02\/cropped-kassi.png","width":1023,"height":1023,"caption":"Finnboat"},"image":{"@id":"https:\/\/www.finnboat.fi\/en\/#\/schema\/logo\/image\/"}}]}},"_links":{"self":[{"href":"https:\/\/www.finnboat.fi\/sv\/wp-json\/wp\/v2\/pages\/2513","targetHints":{"allow":["GET"]}}],"collection":[{"href":"https:\/\/www.finnboat.fi\/sv\/wp-json\/wp\/v2\/pages"}],"about":[{"href":"https:\/\/www.finnboat.fi\/sv\/wp-json\/wp\/v2\/types\/page"}],"author":[{"embeddable":true,"href":"https:\/\/www.finnboat.fi\/sv\/wp-json\/wp\/v2\/users\/346"}],"replies":[{"embeddable":true,"href":"https:\/\/www.finnboat.fi\/sv\/wp-json\/wp\/v2\/comments?post=2513"}],"version-history":[{"count":37,"href":"https:\/\/www.finnboat.fi\/sv\/wp-json\/wp\/v2\/pages\/2513\/revisions"}],"predecessor-version":[{"id":12739,"href":"https:\/\/www.finnboat.fi\/sv\/wp-json\/wp\/v2\/pages\/2513\/revisions\/12739"}],"up":[{"embeddable":true,"href":"https:\/\/www.finnboat.fi\/sv\/wp-json\/wp\/v2\/pages\/223"}],"wp:attachment":[{"href":"https:\/\/www.finnboat.fi\/sv\/wp-json\/wp\/v2\/media?parent=2513"}],"curies":[{"name":"wp","href":"https:\/\/api.w.org\/{rel}","templated":true}]}}