{"id":3053,"date":"2022-05-30T17:30:15","date_gmt":"2022-05-30T14:30:15","guid":{"rendered":"https:\/\/finnboatfi-wp16167.test.cchosting.fi\/?page_id=3053"},"modified":"2023-12-21T09:32:14","modified_gmt":"2023-12-21T07:32:14","slug":"vene-ohjelma-2007-2011","status":"publish","type":"page","link":"https:\/\/www.finnboat.fi\/sv\/finnboat\/vene-ohjelma-2007-2011\/","title":{"rendered":"Vene-ohjelma 2007 &#8211; 2011"},"content":{"rendered":"<div data-elementor-type=\"wp-page\" data-elementor-id=\"3053\" class=\"elementor elementor-3053\">\n\t\t\t\t\t\t<section class=\"elementor-section elementor-top-section elementor-element elementor-element-9d6197f elementor-section-boxed elementor-section-height-default elementor-section-height-default\" data-id=\"9d6197f\" data-element_type=\"section\" data-e-type=\"section\">\n\t\t\t\t\t\t<div class=\"elementor-container elementor-column-gap-default\">\n\t\t\t\t\t<div class=\"elementor-column elementor-col-100 elementor-top-column elementor-element elementor-element-09ebcff\" data-id=\"09ebcff\" data-element_type=\"column\" data-e-type=\"column\">\n\t\t\t<div class=\"elementor-widget-wrap elementor-element-populated\">\n\t\t\t\t\t\t<div class=\"elementor-element elementor-element-02b04d4 elementor-widget elementor-widget-image\" data-id=\"02b04d4\" data-element_type=\"widget\" data-e-type=\"widget\" data-widget_type=\"image.default\">\n\t\t\t\t<div class=\"elementor-widget-container\">\n\t\t\t\t\t\t\t\t\t\t\t\t\t\t\t<img decoding=\"async\" width=\"250\" height=\"120\" src=\"https:\/\/www.finnboat.fi\/wp-content\/uploads\/2022\/05\/xq-VENE_vaaka_cmyk1.jpg\" class=\"attachment-large size-large wp-image-3063\" alt=\"\" srcset=\"https:\/\/www.finnboat.fi\/wp-content\/uploads\/2022\/05\/xq-VENE_vaaka_cmyk1.jpg 250w, https:\/\/www.finnboat.fi\/wp-content\/uploads\/2022\/05\/xq-VENE_vaaka_cmyk1-18x9.jpg 18w\" sizes=\"(max-width: 250px) 100vw, 250px\" \/>\t\t\t\t\t\t\t\t\t\t\t\t\t\t\t<\/div>\n\t\t\t\t<\/div>\n\t\t\t\t\t<\/div>\n\t\t<\/div>\n\t\t\t\t\t<\/div>\n\t\t<\/section>\n\t\t\t\t<section class=\"elementor-section elementor-top-section elementor-element elementor-element-e63cd87 elementor-section-boxed elementor-section-height-default elementor-section-height-default\" data-id=\"e63cd87\" data-element_type=\"section\" data-e-type=\"section\">\n\t\t\t\t\t\t<div class=\"elementor-container elementor-column-gap-default\">\n\t\t\t\t\t<div class=\"elementor-column elementor-col-100 elementor-top-column elementor-element elementor-element-27c902e\" data-id=\"27c902e\" data-element_type=\"column\" data-e-type=\"column\">\n\t\t\t<div class=\"elementor-widget-wrap elementor-element-populated\">\n\t\t\t\t\t\t<div class=\"elementor-element elementor-element-3217d77 elementor-widget elementor-widget-heading\" data-id=\"3217d77\" data-element_type=\"widget\" data-e-type=\"widget\" data-widget_type=\"heading.default\">\n\t\t\t\t<div class=\"elementor-widget-container\">\n\t\t\t\t\t<h1 class=\"elementor-heading-title elementor-size-default\">Vene 2007-2011<\/h1>\t\t\t\t<\/div>\n\t\t\t\t<\/div>\n\t\t\t\t<div class=\"elementor-element elementor-element-8321312 elementor-widget elementor-widget-heading\" data-id=\"8321312\" data-element_type=\"widget\" data-e-type=\"widget\" data-widget_type=\"heading.default\">\n\t\t\t\t<div class=\"elementor-widget-container\">\n\t\t\t\t\t<h2 class=\"elementor-heading-title elementor-size-default\">B\u00e4ttre b\u00e5tar och tj\u00e4nster\n<\/h2>\t\t\t\t<\/div>\n\t\t\t\t<\/div>\n\t\t\t\t<div class=\"elementor-element elementor-element-fd28be6 elementor-widget elementor-widget-text-editor\" data-id=\"fd28be6\" data-element_type=\"widget\" data-e-type=\"widget\" data-widget_type=\"text-editor.default\">\n\t\t\t\t<div class=\"elementor-widget-container\">\n\t\t\t\t\t\t\t\t\t<p>B\u00e5tprogrammet uppmuntrade f\u00f6retag i branschen att utveckla sina verksamheter och anv\u00e4nda b\u00e4sta tillg\u00e4ngliga kompetens. Som ett resultat av programmet kommer konsumenterna att erbjudas b\u00e4ttre b\u00e5tar och tj\u00e4nster. B\u00e5tprogrammet utnyttjade expertis och samarbete fr\u00e5n f\u00f6retag, underleverant\u00f6rer, forskningsinstitut och universitet inom omr\u00e5det. VTT samordnade programmet med Finlands B\u00e5tf\u00f6rbund, Finnboat.<\/p><p>Programmet finansierade 44 aff\u00e4rsprojekt och 31 forskningsprojekt. Den totala finansieringen f\u00f6r programmet var 22,2 miljoner euro, varav Tekes stod f\u00f6r 11,9 miljoner och resten f\u00f6r egna bidrag fr\u00e5n f\u00f6retag och forskningsorgan.<\/p>\t\t\t\t\t\t\t\t<\/div>\n\t\t\t\t<\/div>\n\t\t\t\t<div class=\"elementor-element elementor-element-bfdf747 elementor-widget elementor-widget-heading\" data-id=\"bfdf747\" data-element_type=\"widget\" data-e-type=\"widget\" data-widget_type=\"heading.default\">\n\t\t\t\t<div class=\"elementor-widget-container\">\n\t\t\t\t\t<h2 class=\"elementor-heading-title elementor-size-default\">\u00c5rspublikationer och slutrapport<\/h2>\t\t\t\t<\/div>\n\t\t\t\t<\/div>\n\t\t\t\t<section class=\"elementor-section elementor-inner-section elementor-element elementor-element-75edf94 elementor-section-boxed elementor-section-height-default elementor-section-height-default\" data-id=\"75edf94\" data-element_type=\"section\" data-e-type=\"section\">\n\t\t\t\t\t\t<div class=\"elementor-container elementor-column-gap-default\">\n\t\t\t\t\t<div class=\"elementor-column elementor-col-50 elementor-inner-column elementor-element elementor-element-cc26f6a\" data-id=\"cc26f6a\" data-element_type=\"column\" data-e-type=\"column\">\n\t\t\t<div class=\"elementor-widget-wrap elementor-element-populated\">\n\t\t\t\t\t\t<div class=\"elementor-element elementor-element-c4c394e elementor-widget elementor-widget-button\" data-id=\"c4c394e\" data-element_type=\"widget\" data-e-type=\"widget\" data-widget_type=\"button.default\">\n\t\t\t\t<div class=\"elementor-widget-container\">\n\t\t\t\t\t\t\t\t\t<div class=\"elementor-button-wrapper\">\n\t\t\t\t\t<a class=\"elementor-button elementor-button-link elementor-size-sm\" href=\"\/wp-content\/uploads\/2022\/05\/Vene_Ohjelma_Loppuraportti_FI_SVE.pdf\" target=\"_blank\">\n\t\t\t\t\t\t<span class=\"elementor-button-content-wrapper\">\n\t\t\t\t\t\t\t\t\t<span class=\"elementor-button-text\">Slutrapport<\/span>\n\t\t\t\t\t<\/span>\n\t\t\t\t\t<\/a>\n\t\t\t\t<\/div>\n\t\t\t\t\t\t\t\t<\/div>\n\t\t\t\t<\/div>\n\t\t\t\t\t<\/div>\n\t\t<\/div>\n\t\t\t\t<div class=\"elementor-column elementor-col-50 elementor-inner-column elementor-element elementor-element-56d815d\" data-id=\"56d815d\" data-element_type=\"column\" data-e-type=\"column\">\n\t\t\t<div class=\"elementor-widget-wrap elementor-element-populated\">\n\t\t\t\t\t\t<div class=\"elementor-element elementor-element-fd14bc3 elementor-widget elementor-widget-text-editor\" data-id=\"fd14bc3\" data-element_type=\"widget\" data-e-type=\"widget\" data-widget_type=\"text-editor.default\">\n\t\t\t\t<div class=\"elementor-widget-container\">\n\t\t\t\t\t\t\t\t\t<p><a href=\"\/wp-content\/uploads\/2022\/05\/vene_vuosijulkaisu2010.pdf\">vene_vuosijulkaisu2010<\/a><\/p><p><a href=\"\/wp-content\/uploads\/2022\/05\/vene_vuosijulkaisu2009.pdf\">vene_vuosijulkaisu2009<\/a><\/p><p><a href=\"\/wp-content\/uploads\/2022\/05\/vene_vuosijulkaisu2008.pdf\">vene_vuosijulkaisu2008<\/a>\u00a0<\/p>\t\t\t\t\t\t\t\t<\/div>\n\t\t\t\t<\/div>\n\t\t\t\t\t<\/div>\n\t\t<\/div>\n\t\t\t\t\t<\/div>\n\t\t<\/section>\n\t\t\t\t<div class=\"elementor-element elementor-element-7229d36 elementor-widget elementor-widget-video\" data-id=\"7229d36\" data-element_type=\"widget\" data-e-type=\"widget\" data-settings=\"{&quot;youtube_url&quot;:&quot;https:\\\/\\\/www.youtube.com\\\/watch?v=JPBe3rXMt8M&quot;,&quot;video_type&quot;:&quot;youtube&quot;,&quot;controls&quot;:&quot;yes&quot;}\" data-widget_type=\"video.default\">\n\t\t\t\t<div class=\"elementor-widget-container\">\n\t\t\t\t\t\t\t<div class=\"elementor-wrapper elementor-open-inline\">\n\t\t\t<div class=\"elementor-video\"><\/div>\t\t<\/div>\n\t\t\t\t\t\t<\/div>\n\t\t\t\t<\/div>\n\t\t\t\t\t<\/div>\n\t\t<\/div>\n\t\t\t\t\t<\/div>\n\t\t<\/section>\n\t\t\t\t<section class=\"elementor-section elementor-top-section elementor-element elementor-element-a4effd5 elementor-section-boxed elementor-section-height-default elementor-section-height-default\" data-id=\"a4effd5\" data-element_type=\"section\" data-e-type=\"section\">\n\t\t\t\t\t\t<div class=\"elementor-container elementor-column-gap-default\">\n\t\t\t\t\t<div class=\"elementor-column elementor-col-50 elementor-top-column elementor-element elementor-element-ea1a0e2\" data-id=\"ea1a0e2\" data-element_type=\"column\" data-e-type=\"column\">\n\t\t\t<div class=\"elementor-widget-wrap elementor-element-populated\">\n\t\t\t\t\t\t\t<\/div>\n\t\t<\/div>\n\t\t\t\t<div class=\"elementor-column elementor-col-50 elementor-top-column elementor-element elementor-element-c294591\" data-id=\"c294591\" data-element_type=\"column\" data-e-type=\"column\">\n\t\t\t<div class=\"elementor-widget-wrap\">\n\t\t\t\t\t\t\t<\/div>\n\t\t<\/div>\n\t\t\t\t\t<\/div>\n\t\t<\/section>\n\t\t\t\t<\/div>","protected":false},"excerpt":{"rendered":"<p>Vene 2007-2011 Parempia veneit\u00e4 ja palveluja Vene-ohjelma kannusti alan yrityksi\u00e4 kehitt\u00e4m\u00e4\u00e4n liiketoimintojaan ja soveltamaan parasta saatavilla olevaa osaamista. Ohjelman tuloksena kuluttajille on tarjolla entist\u00e4 parempia veneit\u00e4 ja palveluja. Vene-ohjelmassa hy\u00f6dynnettiin [&hellip;]<\/p>\n","protected":false},"author":346,"featured_media":0,"parent":2506,"menu_order":0,"comment_status":"closed","ping_status":"closed","template":"","meta":{"_acf_changed":false,"_crdt_document":"","inline_featured_image":false,"_monsterinsights_skip_tracking":false,"_monsterinsights_sitenote_active":false,"_monsterinsights_sitenote_note":"","_monsterinsights_sitenote_category":0,"footnotes":""},"class_list":["post-3053","page","type-page","status-publish","hentry"],"acf":[],"yoast_head":"<!-- This site is optimized with the Yoast SEO plugin v27.4 - https:\/\/yoast.com\/product\/yoast-seo-wordpress\/ -->\n<title>Vene-ohjelma 2007 - 2011 - Finnboat<\/title>\n<meta name=\"robots\" content=\"index, follow, max-snippet:-1, max-image-preview:large, max-video-preview:-1\" \/>\n<link rel=\"canonical\" href=\"https:\/\/www.finnboat.fi\/sv\/finnboat\/vene-ohjelma-2007-2011\/\" \/>\n<meta property=\"og:locale\" content=\"sv_SE\" \/>\n<meta property=\"og:type\" content=\"article\" \/>\n<meta property=\"og:title\" content=\"Vene-ohjelma 2007 - 2011 - Finnboat\" \/>\n<meta property=\"og:description\" content=\"Vene 2007-2011 Parempia veneit\u00e4 ja palveluja Vene-ohjelma kannusti alan yrityksi\u00e4 kehitt\u00e4m\u00e4\u00e4n liiketoimintojaan ja soveltamaan parasta saatavilla olevaa osaamista. Ohjelman tuloksena kuluttajille on tarjolla entist\u00e4 parempia veneit\u00e4 ja palveluja. Vene-ohjelmassa hy\u00f6dynnettiin [&hellip;]\" \/>\n<meta property=\"og:url\" content=\"https:\/\/www.finnboat.fi\/sv\/finnboat\/vene-ohjelma-2007-2011\/\" \/>\n<meta property=\"og:site_name\" content=\"Finnboat\" \/>\n<meta property=\"article:modified_time\" content=\"2023-12-21T07:32:14+00:00\" \/>\n<meta property=\"og:image\" content=\"https:\/\/finnboat.fi\/wp-content\/uploads\/2022\/05\/xq-VENE_vaaka_cmyk1.jpg\" \/>\n<meta name=\"twitter:card\" content=\"summary_large_image\" \/>\n<meta name=\"twitter:label1\" content=\"Ber\u00e4knad l\u00e4stid\" \/>\n\t<meta name=\"twitter:data1\" content=\"1 minut\" \/>\n<script type=\"application\/ld+json\" class=\"yoast-schema-graph\">{\"@context\":\"https:\\\/\\\/schema.org\",\"@graph\":[{\"@type\":\"WebPage\",\"@id\":\"https:\\\/\\\/www.finnboat.fi\\\/finnboat\\\/vene-ohjelma-2007-2011\\\/\",\"url\":\"https:\\\/\\\/www.finnboat.fi\\\/finnboat\\\/vene-ohjelma-2007-2011\\\/\",\"name\":\"Vene-ohjelma 2007 - 2011 - Finnboat\",\"isPartOf\":{\"@id\":\"https:\\\/\\\/www.finnboat.fi\\\/en\\\/#website\"},\"primaryImageOfPage\":{\"@id\":\"https:\\\/\\\/www.finnboat.fi\\\/finnboat\\\/vene-ohjelma-2007-2011\\\/#primaryimage\"},\"image\":{\"@id\":\"https:\\\/\\\/www.finnboat.fi\\\/finnboat\\\/vene-ohjelma-2007-2011\\\/#primaryimage\"},\"thumbnailUrl\":\"https:\\\/\\\/finnboat.fi\\\/wp-content\\\/uploads\\\/2022\\\/05\\\/xq-VENE_vaaka_cmyk1.jpg\",\"datePublished\":\"2022-05-30T14:30:15+00:00\",\"dateModified\":\"2023-12-21T07:32:14+00:00\",\"breadcrumb\":{\"@id\":\"https:\\\/\\\/www.finnboat.fi\\\/finnboat\\\/vene-ohjelma-2007-2011\\\/#breadcrumb\"},\"inLanguage\":\"sv-SE\",\"potentialAction\":[{\"@type\":\"ReadAction\",\"target\":[\"https:\\\/\\\/www.finnboat.fi\\\/finnboat\\\/vene-ohjelma-2007-2011\\\/\"]}]},{\"@type\":\"ImageObject\",\"inLanguage\":\"sv-SE\",\"@id\":\"https:\\\/\\\/www.finnboat.fi\\\/finnboat\\\/vene-ohjelma-2007-2011\\\/#primaryimage\",\"url\":\"https:\\\/\\\/finnboat.fi\\\/wp-content\\\/uploads\\\/2022\\\/05\\\/xq-VENE_vaaka_cmyk1.jpg\",\"contentUrl\":\"https:\\\/\\\/finnboat.fi\\\/wp-content\\\/uploads\\\/2022\\\/05\\\/xq-VENE_vaaka_cmyk1.jpg\"},{\"@type\":\"BreadcrumbList\",\"@id\":\"https:\\\/\\\/www.finnboat.fi\\\/finnboat\\\/vene-ohjelma-2007-2011\\\/#breadcrumb\",\"itemListElement\":[{\"@type\":\"ListItem\",\"position\":1,\"name\":\"Etusivu\",\"item\":\"https:\\\/\\\/www.finnboat.fi\\\/\"},{\"@type\":\"ListItem\",\"position\":2,\"name\":\"Finnboat\",\"item\":\"https:\\\/\\\/www.finnboat.fi\\\/finnboat\\\/\"},{\"@type\":\"ListItem\",\"position\":3,\"name\":\"Vene-ohjelma 2007 &#8211; 2011\"}]},{\"@type\":\"WebSite\",\"@id\":\"https:\\\/\\\/www.finnboat.fi\\\/en\\\/#website\",\"url\":\"https:\\\/\\\/www.finnboat.fi\\\/en\\\/\",\"name\":\"Finnboat\",\"description\":\"Venealan Keskusliitto Finnboat ry\",\"publisher\":{\"@id\":\"https:\\\/\\\/www.finnboat.fi\\\/en\\\/#organization\"},\"potentialAction\":[{\"@type\":\"SearchAction\",\"target\":{\"@type\":\"EntryPoint\",\"urlTemplate\":\"https:\\\/\\\/www.finnboat.fi\\\/en\\\/?s={search_term_string}\"},\"query-input\":{\"@type\":\"PropertyValueSpecification\",\"valueRequired\":true,\"valueName\":\"search_term_string\"}}],\"inLanguage\":\"sv-SE\"},{\"@type\":\"Organization\",\"@id\":\"https:\\\/\\\/www.finnboat.fi\\\/en\\\/#organization\",\"name\":\"Finnboat\",\"url\":\"https:\\\/\\\/www.finnboat.fi\\\/en\\\/\",\"logo\":{\"@type\":\"ImageObject\",\"inLanguage\":\"sv-SE\",\"@id\":\"https:\\\/\\\/www.finnboat.fi\\\/en\\\/#\\\/schema\\\/logo\\\/image\\\/\",\"url\":\"https:\\\/\\\/www.finnboat.fi\\\/wp-content\\\/uploads\\\/2026\\\/02\\\/cropped-kassi.png\",\"contentUrl\":\"https:\\\/\\\/www.finnboat.fi\\\/wp-content\\\/uploads\\\/2026\\\/02\\\/cropped-kassi.png\",\"width\":1023,\"height\":1023,\"caption\":\"Finnboat\"},\"image\":{\"@id\":\"https:\\\/\\\/www.finnboat.fi\\\/en\\\/#\\\/schema\\\/logo\\\/image\\\/\"}}]}<\/script>\n<!-- \/ Yoast SEO plugin. -->","yoast_head_json":{"title":"Vene-ohjelma 2007 - 2011 - Finnboat","robots":{"index":"index","follow":"follow","max-snippet":"max-snippet:-1","max-image-preview":"max-image-preview:large","max-video-preview":"max-video-preview:-1"},"canonical":"https:\/\/www.finnboat.fi\/sv\/finnboat\/vene-ohjelma-2007-2011\/","og_locale":"sv_SE","og_type":"article","og_title":"Vene-ohjelma 2007 - 2011 - Finnboat","og_description":"Vene 2007-2011 Parempia veneit\u00e4 ja palveluja Vene-ohjelma kannusti alan yrityksi\u00e4 kehitt\u00e4m\u00e4\u00e4n liiketoimintojaan ja soveltamaan parasta saatavilla olevaa osaamista. Ohjelman tuloksena kuluttajille on tarjolla entist\u00e4 parempia veneit\u00e4 ja palveluja. Vene-ohjelmassa hy\u00f6dynnettiin [&hellip;]","og_url":"https:\/\/www.finnboat.fi\/sv\/finnboat\/vene-ohjelma-2007-2011\/","og_site_name":"Finnboat","article_modified_time":"2023-12-21T07:32:14+00:00","og_image":[{"url":"https:\/\/finnboat.fi\/wp-content\/uploads\/2022\/05\/xq-VENE_vaaka_cmyk1.jpg","type":"","width":"","height":""}],"twitter_card":"summary_large_image","twitter_misc":{"Ber\u00e4knad l\u00e4stid":"1 minut"},"schema":{"@context":"https:\/\/schema.org","@graph":[{"@type":"WebPage","@id":"https:\/\/www.finnboat.fi\/finnboat\/vene-ohjelma-2007-2011\/","url":"https:\/\/www.finnboat.fi\/finnboat\/vene-ohjelma-2007-2011\/","name":"Vene-ohjelma 2007 - 2011 - Finnboat","isPartOf":{"@id":"https:\/\/www.finnboat.fi\/en\/#website"},"primaryImageOfPage":{"@id":"https:\/\/www.finnboat.fi\/finnboat\/vene-ohjelma-2007-2011\/#primaryimage"},"image":{"@id":"https:\/\/www.finnboat.fi\/finnboat\/vene-ohjelma-2007-2011\/#primaryimage"},"thumbnailUrl":"https:\/\/finnboat.fi\/wp-content\/uploads\/2022\/05\/xq-VENE_vaaka_cmyk1.jpg","datePublished":"2022-05-30T14:30:15+00:00","dateModified":"2023-12-21T07:32:14+00:00","breadcrumb":{"@id":"https:\/\/www.finnboat.fi\/finnboat\/vene-ohjelma-2007-2011\/#breadcrumb"},"inLanguage":"sv-SE","potentialAction":[{"@type":"ReadAction","target":["https:\/\/www.finnboat.fi\/finnboat\/vene-ohjelma-2007-2011\/"]}]},{"@type":"ImageObject","inLanguage":"sv-SE","@id":"https:\/\/www.finnboat.fi\/finnboat\/vene-ohjelma-2007-2011\/#primaryimage","url":"https:\/\/finnboat.fi\/wp-content\/uploads\/2022\/05\/xq-VENE_vaaka_cmyk1.jpg","contentUrl":"https:\/\/finnboat.fi\/wp-content\/uploads\/2022\/05\/xq-VENE_vaaka_cmyk1.jpg"},{"@type":"BreadcrumbList","@id":"https:\/\/www.finnboat.fi\/finnboat\/vene-ohjelma-2007-2011\/#breadcrumb","itemListElement":[{"@type":"ListItem","position":1,"name":"Etusivu","item":"https:\/\/www.finnboat.fi\/"},{"@type":"ListItem","position":2,"name":"Finnboat","item":"https:\/\/www.finnboat.fi\/finnboat\/"},{"@type":"ListItem","position":3,"name":"Vene-ohjelma 2007 &#8211; 2011"}]},{"@type":"WebSite","@id":"https:\/\/www.finnboat.fi\/en\/#website","url":"https:\/\/www.finnboat.fi\/en\/","name":"Finnboat","description":"B\u00e5tbranschens Centralf\u00f6rbund Finnboat rf","publisher":{"@id":"https:\/\/www.finnboat.fi\/en\/#organization"},"potentialAction":[{"@type":"SearchAction","target":{"@type":"EntryPoint","urlTemplate":"https:\/\/www.finnboat.fi\/en\/?s={search_term_string}"},"query-input":{"@type":"PropertyValueSpecification","valueRequired":true,"valueName":"search_term_string"}}],"inLanguage":"sv-SE"},{"@type":"Organization","@id":"https:\/\/www.finnboat.fi\/en\/#organization","name":"Finnboat","url":"https:\/\/www.finnboat.fi\/en\/","logo":{"@type":"ImageObject","inLanguage":"sv-SE","@id":"https:\/\/www.finnboat.fi\/en\/#\/schema\/logo\/image\/","url":"https:\/\/www.finnboat.fi\/wp-content\/uploads\/2026\/02\/cropped-kassi.png","contentUrl":"https:\/\/www.finnboat.fi\/wp-content\/uploads\/2026\/02\/cropped-kassi.png","width":1023,"height":1023,"caption":"Finnboat"},"image":{"@id":"https:\/\/www.finnboat.fi\/en\/#\/schema\/logo\/image\/"}}]}},"_links":{"self":[{"href":"https:\/\/www.finnboat.fi\/sv\/wp-json\/wp\/v2\/pages\/3053","targetHints":{"allow":["GET"]}}],"collection":[{"href":"https:\/\/www.finnboat.fi\/sv\/wp-json\/wp\/v2\/pages"}],"about":[{"href":"https:\/\/www.finnboat.fi\/sv\/wp-json\/wp\/v2\/types\/page"}],"author":[{"embeddable":true,"href":"https:\/\/www.finnboat.fi\/sv\/wp-json\/wp\/v2\/users\/346"}],"replies":[{"embeddable":true,"href":"https:\/\/www.finnboat.fi\/sv\/wp-json\/wp\/v2\/comments?post=3053"}],"version-history":[{"count":22,"href":"https:\/\/www.finnboat.fi\/sv\/wp-json\/wp\/v2\/pages\/3053\/revisions"}],"predecessor-version":[{"id":9283,"href":"https:\/\/www.finnboat.fi\/sv\/wp-json\/wp\/v2\/pages\/3053\/revisions\/9283"}],"up":[{"embeddable":true,"href":"https:\/\/www.finnboat.fi\/sv\/wp-json\/wp\/v2\/pages\/2506"}],"wp:attachment":[{"href":"https:\/\/www.finnboat.fi\/sv\/wp-json\/wp\/v2\/media?parent=3053"}],"curies":[{"name":"wp","href":"https:\/\/api.w.org\/{rel}","templated":true}]}}