{"id":4957,"date":"2022-05-31T13:03:20","date_gmt":"2022-05-31T10:03:20","guid":{"rendered":"https:\/\/finnboatfi-wp16167.test.cchosting.fi\/?page_id=4957"},"modified":"2024-03-19T13:38:10","modified_gmt":"2024-03-19T11:38:10","slug":"tietosuojaseloste","status":"publish","type":"page","link":"https:\/\/www.finnboat.fi\/sv\/tietosuojaseloste\/","title":{"rendered":"Tietosuojaseloste ja seloste k\u00e4sittelytoimista"},"content":{"rendered":"<p class=\"wp-block-paragraph\">Laadittu 22.2.2018<br>Viimeinen p\u00e4ivitys 18.3.2023<\/p>\n\n\n\n<h2 class=\"wp-block-heading\">Rekisterinpit\u00e4j\u00e4<\/h2>\n\n\n\n<p class=\"wp-block-paragraph\">Venealan Keskusliitto Finnboat ry (0222458-5)<br>G\u00f6ksgr\u00e4nd 8 A 47, 00500 Helsingfors<br><em>info@finnboat.fi\u00a0<\/em><\/p>\n\n\n\n<h2 class=\"wp-block-heading\">Rekisterin nimi<\/h2>\n\n\n\n<p class=\"wp-block-paragraph\">Finnboatin tapahtuma-, asiakas- ja markkinointirekisteri<\/p>\n\n\n\n<h2 class=\"wp-block-heading\">Rekisteriasioista vastaava henkil\u00f6<\/h2>\n\n\n\n<p class=\"wp-block-paragraph\">Jarkko Pajusalo<br>040 673 4032<br><em>jarkko@finnboat.fi<\/em><\/p>\n\n\n\n<h2 class=\"wp-block-heading\">Oikeusperuste ja henkil\u00f6tietojen k\u00e4sittelyn tarkoitus<\/h2>\n\n\n\n<p class=\"wp-block-paragraph\">Ilmoittautumistietojen ker\u00e4\u00e4minen vuosittaisiin Venealan Keskusliitto Finnboat ry:n j\u00e4rjest\u00e4miin tapahtumiin&nbsp; sek\u00e4 n\u00e4it\u00e4 tapahtumia koskeva viestint\u00e4 ja markkinointi sek\u00e4 Finnboat News -lehden jakelu.&nbsp;<\/p>\n\n\n\n<p class=\"wp-block-paragraph\">Henkil\u00f6tietojen k\u00e4sittelyn peruste on j\u00e4senyys, asiakassuhde tai henkil\u00f6n oma suostumus, jolloin tiedot on luovutettu yhteydenoton, kuten ilmoittautumisen, aineiston lataamisen tai uutiskirjeen tilauksen yhteydess\u00e4.&nbsp;<\/p>\n\n\n\n<p class=\"wp-block-paragraph\">Mik\u00e4li olet antanut suostumuksen verkkosivujen k\u00e4ytt\u00e4j\u00e4tietojen k\u00e4ytt\u00e4misest\u00e4 markkinointitarkoituksiin, voimme k\u00e4ytt\u00e4\u00e4 tietojasi markkinoinnin ja tarjousten kohdentamiseen. Jos olet antanut luvan uutiskirjeen l\u00e4hett\u00e4miseen tai tilannut uutiskirjeen erikseen, voimme k\u00e4ytt\u00e4\u00e4 tietojasi my\u00f6s sinua kiinnostavan sis\u00e4ll\u00f6n tarjoamiseen uutiskirjeess\u00e4.&nbsp;<\/p>\n\n\n\n<h2 class=\"wp-block-heading\">Rekisteriin ker\u00e4tt\u00e4v\u00e4t tiedot<\/h2>\n\n\n\n<ul class=\"wp-block-list\">\n<li>Erilaiset tunnistetiedot, kuten antamasi s\u00e4hk\u00f6postiosoite ja puhelinnumero<\/li>\n\n\n\n<li>Muut yksil\u00f6iv\u00e4t tiedot, kuten nimi ja yhteystiedot sek\u00e4 mahdolliset tiedot yhteyshenkil\u00f6n edustamasta yrityksest\u00e4\u00a0<\/li>\n\n\n\n<li>Tiedot yhteydenotoista asiakaspalveluumme ja myyntiimme<\/li>\n\n\n\n<li>Tiedot hankkimistasi palveluista ja tuotteista, kuten ilmoittautumisesta tapahtumiin n\u00e4ytteilleasettajaksi tai osallistujaksi\u00a0<\/li>\n\n\n\n<li>Tiedot antamastasi tai perumastasi ev\u00e4stesuostumuksesta ja muista valinnoistasi\u00a0<\/li>\n\n\n\n<li>Tiedot k\u00e4ytt\u00e4ytymisest\u00e4si verkkosivustollamme, esimerkiksi yksil\u00f6llinen ev\u00e4ste- tai laitetunniste, tiedot selaimesta ja k\u00e4ytt\u00f6j\u00e4rjestelm\u00e4st\u00e4, oletetusta sijainnista k\u00e4ytt\u00e4m\u00e4si laitteen ip-osoitteen tai mobiililaitteen sijantietojen perusteella (mik\u00e4li olet sallinut sijaintitietojesi k\u00e4sittelyn mobiililaitteellasi)<\/li>\n<\/ul>\n\n\n\n<p class=\"wp-block-paragraph\">Osa ev\u00e4steist\u00e4 on v\u00e4ltt\u00e4m\u00e4tt\u00f6mi\u00e4 verkkosivuilla tarjoamiemme palveluiden vuoksi.<br><br>Ev\u00e4steit\u00e4 voit hallita ev\u00e4steilmoitus-sivun kautta.&nbsp;<\/p>\n\n\n\n<h2 class=\"wp-block-heading\">S\u00e4\u00e4nn\u00f6nmukaiset tietol\u00e4hteet&nbsp;&nbsp;<\/h2>\n\n\n\n<p class=\"wp-block-paragraph\">Tiedot saadaan suoraan rekister\u00f6idylt\u00e4 rekister\u00f6idyn omalla ilmoituksella esimerkiksi uutiskirjeen tilauksen, ilmoittautumisen tai j\u00e4senyyden \/ asiakkuuden rekister\u00f6innin yhteydess\u00e4.&nbsp;<\/p>\n\n\n\n<h2 class=\"wp-block-heading\">Rekisterin sis\u00e4lt\u00e4mien tietojen luovutus<\/h2>\n\n\n\n<p class=\"wp-block-paragraph\">Tietoja ei luovuteta eteenp\u00e4in.<\/p>\n\n\n\n<h2 class=\"wp-block-heading\">Tietojen siirto EU:n tai Euroopan talousalueen ulkopuolelle<\/h2>\n\n\n\n<p class=\"wp-block-paragraph\">Henkil\u00f6tietoja voidaan siirt\u00e4\u00e4 EU- ja ETA-alueen ulkopuolelle rekistereiden yll\u00e4pitoon tarvittavien tietotekniikkapalveluiden tuottamisen yhteydess\u00e4. Tietojen siirrosta on tehty palvelutoimittajan kanssa sopimus noudattaen EU-komission vahvistamia mallisopimuslausekkeita.&nbsp;&nbsp;<\/p>\n\n\n\n<h2 class=\"wp-block-heading\">Rekister\u00f6idyn oikeudet<\/h2>\n\n\n\n<p class=\"wp-block-paragraph\">Rekister\u00f6idyll\u00e4 on oikeus tarkistaa h\u00e4nt\u00e4 koskevat rekisteriin tallennetut tiedot. Tarkastusoikeutta koskevat yhteydenotot tulee tehd\u00e4 kirjallisina ja allekirjoitettuina rekisterinpit\u00e4j\u00e4lle.&nbsp;&nbsp;<\/p>\n\n\n\n<p class=\"wp-block-paragraph\">Jos rekister\u00f6idyiss\u00e4 tiedoissa on virheit\u00e4, rekister\u00f6ity voi esitt\u00e4\u00e4 pyynn\u00f6n virheen korjaamiseksi rekisterinpit\u00e4j\u00e4lle.&nbsp;<\/p>\n\n\n\n<p class=\"wp-block-paragraph\">Rekister\u00f6idyll\u00e4 on oikeus kielt\u00e4\u00e4 rekisterinpit\u00e4j\u00e4\u00e4 k\u00e4sittelem\u00e4st\u00e4 h\u00e4nt\u00e4 itse\u00e4\u00e4n koskevia tietoja. Tietojen k\u00e4sittelykieltoa koskevat yhteydenotot tulee tehd\u00e4 kirjallisina ja allekirjoitettuina rekisterinpit\u00e4j\u00e4lle.&nbsp;<\/p>\n\n\n\n<p class=\"wp-block-paragraph\">Rekisterin suojauksen periaatteet<\/p>\n\n\n\n<p class=\"wp-block-paragraph\">Tietohin on p\u00e4\u00e4sy vain Finnboatin ja palveluntarjoajien henkil\u00f6kunnalla, joiden teht\u00e4viin tietojen k\u00e4sittely kuuluu. Tiedot on suojattu teknisin toimin ja p\u00e4\u00e4sy niihin rajoitettu henkil\u00f6kohtaisilla kirjautumistunnuksilla.&nbsp;<\/p>\n\n\n\n<p class=\"wp-block-paragraph\">Mahdolliset paperitulosteet ker\u00e4tyist\u00e4 tiedoista s\u00e4ilytet\u00e4\u00e4n suojatussa tilassa. S\u00e4ilytysajan p\u00e4\u00e4tytty\u00e4 tulosteet tuhotaan asianmukaisella tavalla.&nbsp;&nbsp;<\/p>\n\n\n\n<h2 class=\"wp-block-heading\">Tietojen s\u00e4ilytysaika<\/h2>\n\n\n\n<p class=\"wp-block-paragraph\">Tietoja s\u00e4ilytet\u00e4\u00e4n p\u00e4\u00e4s\u00e4\u00e4nt\u00f6isesti asiakassuhteen, kuten j\u00e4senyyden keston ajan tai 12 kuukauden ajan tietojen tallentamisesta. Uutiskirjeen tilaajat poistetaan rekisterist\u00e4 mik\u00e4li uutiskirjett\u00e4 ei ole avattu viimeisen 12 kuukauden aikana.&nbsp;<\/p>","protected":false},"excerpt":{"rendered":"<p>Laadittu 22.2.2018Viimeinen p\u00e4ivitys 18.3.2023 Rekisterinpit\u00e4j\u00e4 Venealan Keskusliitto Finnboat ry (0222458-5)K\u00e4enkuja 8 A 47, 00500 Helsinkiinfo@finnboat.fi\u00a0 Rekisterin nimi Finnboatin tapahtuma-, asiakas- ja markkinointirekisteri Rekisteriasioista vastaava henkil\u00f6 Jarkko Pajusalo040 673 4032jarkko@finnboat.fi Oikeusperuste [&hellip;]<\/p>\n","protected":false},"author":346,"featured_media":0,"parent":0,"menu_order":0,"comment_status":"closed","ping_status":"closed","template":"","meta":{"_acf_changed":false,"_crdt_document":"","inline_featured_image":false,"_monsterinsights_skip_tracking":false,"_monsterinsights_sitenote_active":false,"_monsterinsights_sitenote_note":"","_monsterinsights_sitenote_category":0,"footnotes":""},"class_list":["post-4957","page","type-page","status-publish","hentry"],"acf":[],"yoast_head":"<!-- This site is optimized with the Yoast SEO plugin v27.3 - https:\/\/yoast.com\/product\/yoast-seo-wordpress\/ -->\n<title>Tietosuojaseloste ja seloste k\u00e4sittelytoimista - Finnboat<\/title>\n<meta name=\"description\" content=\"Finnboatin tapahtuma-, asiakas- ja markkinointirekisteri\" \/>\n<meta name=\"robots\" content=\"index, follow, max-snippet:-1, max-image-preview:large, max-video-preview:-1\" \/>\n<link rel=\"canonical\" href=\"https:\/\/www.finnboat.fi\/sv\/tietosuojaseloste\/\" \/>\n<meta property=\"og:locale\" content=\"sv_SE\" \/>\n<meta property=\"og:type\" content=\"article\" \/>\n<meta property=\"og:title\" content=\"Tietosuojaseloste ja seloste k\u00e4sittelytoimista - Finnboat\" \/>\n<meta property=\"og:description\" content=\"Finnboatin tapahtuma-, asiakas- ja markkinointirekisteri\" \/>\n<meta property=\"og:url\" content=\"https:\/\/www.finnboat.fi\/sv\/tietosuojaseloste\/\" \/>\n<meta property=\"og:site_name\" content=\"Finnboat\" \/>\n<meta property=\"article:modified_time\" content=\"2024-03-19T11:38:10+00:00\" \/>\n<meta name=\"twitter:card\" content=\"summary_large_image\" \/>\n<meta name=\"twitter:label1\" content=\"Ber\u00e4knad l\u00e4stid\" \/>\n\t<meta name=\"twitter:data1\" content=\"3 minuter\" \/>\n<script type=\"application\/ld+json\" class=\"yoast-schema-graph\">{\"@context\":\"https:\\\/\\\/schema.org\",\"@graph\":[{\"@type\":\"WebPage\",\"@id\":\"https:\\\/\\\/www.finnboat.fi\\\/tietosuojaseloste\\\/\",\"url\":\"https:\\\/\\\/www.finnboat.fi\\\/tietosuojaseloste\\\/\",\"name\":\"Tietosuojaseloste ja seloste k\u00e4sittelytoimista - Finnboat\",\"isPartOf\":{\"@id\":\"https:\\\/\\\/www.finnboat.fi\\\/en\\\/#website\"},\"datePublished\":\"2022-05-31T10:03:20+00:00\",\"dateModified\":\"2024-03-19T11:38:10+00:00\",\"description\":\"Finnboatin tapahtuma-, asiakas- ja markkinointirekisteri\",\"breadcrumb\":{\"@id\":\"https:\\\/\\\/www.finnboat.fi\\\/tietosuojaseloste\\\/#breadcrumb\"},\"inLanguage\":\"sv-SE\",\"potentialAction\":[{\"@type\":\"ReadAction\",\"target\":[\"https:\\\/\\\/www.finnboat.fi\\\/tietosuojaseloste\\\/\"]}]},{\"@type\":\"BreadcrumbList\",\"@id\":\"https:\\\/\\\/www.finnboat.fi\\\/tietosuojaseloste\\\/#breadcrumb\",\"itemListElement\":[{\"@type\":\"ListItem\",\"position\":1,\"name\":\"Etusivu\",\"item\":\"https:\\\/\\\/www.finnboat.fi\\\/\"},{\"@type\":\"ListItem\",\"position\":2,\"name\":\"Tietosuojaseloste ja seloste k\u00e4sittelytoimista\"}]},{\"@type\":\"WebSite\",\"@id\":\"https:\\\/\\\/www.finnboat.fi\\\/en\\\/#website\",\"url\":\"https:\\\/\\\/www.finnboat.fi\\\/en\\\/\",\"name\":\"Finnboat\",\"description\":\"Venealan Keskusliitto Finnboat ry\",\"publisher\":{\"@id\":\"https:\\\/\\\/www.finnboat.fi\\\/en\\\/#organization\"},\"potentialAction\":[{\"@type\":\"SearchAction\",\"target\":{\"@type\":\"EntryPoint\",\"urlTemplate\":\"https:\\\/\\\/www.finnboat.fi\\\/en\\\/?s={search_term_string}\"},\"query-input\":{\"@type\":\"PropertyValueSpecification\",\"valueRequired\":true,\"valueName\":\"search_term_string\"}}],\"inLanguage\":\"sv-SE\"},{\"@type\":\"Organization\",\"@id\":\"https:\\\/\\\/www.finnboat.fi\\\/en\\\/#organization\",\"name\":\"Finnboat\",\"url\":\"https:\\\/\\\/www.finnboat.fi\\\/en\\\/\",\"logo\":{\"@type\":\"ImageObject\",\"inLanguage\":\"sv-SE\",\"@id\":\"https:\\\/\\\/www.finnboat.fi\\\/en\\\/#\\\/schema\\\/logo\\\/image\\\/\",\"url\":\"https:\\\/\\\/www.finnboat.fi\\\/wp-content\\\/uploads\\\/2026\\\/02\\\/cropped-kassi.png\",\"contentUrl\":\"https:\\\/\\\/www.finnboat.fi\\\/wp-content\\\/uploads\\\/2026\\\/02\\\/cropped-kassi.png\",\"width\":1023,\"height\":1023,\"caption\":\"Finnboat\"},\"image\":{\"@id\":\"https:\\\/\\\/www.finnboat.fi\\\/en\\\/#\\\/schema\\\/logo\\\/image\\\/\"}}]}<\/script>\n<!-- \/ Yoast SEO plugin. -->","yoast_head_json":{"title":"Tietosuojaseloste ja seloste k\u00e4sittelytoimista - Finnboat","description":"Finnboatin tapahtuma-, asiakas- ja markkinointirekisteri","robots":{"index":"index","follow":"follow","max-snippet":"max-snippet:-1","max-image-preview":"max-image-preview:large","max-video-preview":"max-video-preview:-1"},"canonical":"https:\/\/www.finnboat.fi\/sv\/tietosuojaseloste\/","og_locale":"sv_SE","og_type":"article","og_title":"Tietosuojaseloste ja seloste k\u00e4sittelytoimista - Finnboat","og_description":"Finnboatin tapahtuma-, asiakas- ja markkinointirekisteri","og_url":"https:\/\/www.finnboat.fi\/sv\/tietosuojaseloste\/","og_site_name":"Finnboat","article_modified_time":"2024-03-19T11:38:10+00:00","twitter_card":"summary_large_image","twitter_misc":{"Ber\u00e4knad l\u00e4stid":"3 minuter"},"schema":{"@context":"https:\/\/schema.org","@graph":[{"@type":"WebPage","@id":"https:\/\/www.finnboat.fi\/tietosuojaseloste\/","url":"https:\/\/www.finnboat.fi\/tietosuojaseloste\/","name":"Tietosuojaseloste ja seloste k\u00e4sittelytoimista - Finnboat","isPartOf":{"@id":"https:\/\/www.finnboat.fi\/en\/#website"},"datePublished":"2022-05-31T10:03:20+00:00","dateModified":"2024-03-19T11:38:10+00:00","description":"Finnboatin tapahtuma-, asiakas- ja markkinointirekisteri","breadcrumb":{"@id":"https:\/\/www.finnboat.fi\/tietosuojaseloste\/#breadcrumb"},"inLanguage":"sv-SE","potentialAction":[{"@type":"ReadAction","target":["https:\/\/www.finnboat.fi\/tietosuojaseloste\/"]}]},{"@type":"BreadcrumbList","@id":"https:\/\/www.finnboat.fi\/tietosuojaseloste\/#breadcrumb","itemListElement":[{"@type":"ListItem","position":1,"name":"Etusivu","item":"https:\/\/www.finnboat.fi\/"},{"@type":"ListItem","position":2,"name":"Tietosuojaseloste ja seloste k\u00e4sittelytoimista"}]},{"@type":"WebSite","@id":"https:\/\/www.finnboat.fi\/en\/#website","url":"https:\/\/www.finnboat.fi\/en\/","name":"Finnboat","description":"B\u00e5tbranschens Centralf\u00f6rbund Finnboat rf","publisher":{"@id":"https:\/\/www.finnboat.fi\/en\/#organization"},"potentialAction":[{"@type":"SearchAction","target":{"@type":"EntryPoint","urlTemplate":"https:\/\/www.finnboat.fi\/en\/?s={search_term_string}"},"query-input":{"@type":"PropertyValueSpecification","valueRequired":true,"valueName":"search_term_string"}}],"inLanguage":"sv-SE"},{"@type":"Organization","@id":"https:\/\/www.finnboat.fi\/en\/#organization","name":"Finnboat","url":"https:\/\/www.finnboat.fi\/en\/","logo":{"@type":"ImageObject","inLanguage":"sv-SE","@id":"https:\/\/www.finnboat.fi\/en\/#\/schema\/logo\/image\/","url":"https:\/\/www.finnboat.fi\/wp-content\/uploads\/2026\/02\/cropped-kassi.png","contentUrl":"https:\/\/www.finnboat.fi\/wp-content\/uploads\/2026\/02\/cropped-kassi.png","width":1023,"height":1023,"caption":"Finnboat"},"image":{"@id":"https:\/\/www.finnboat.fi\/en\/#\/schema\/logo\/image\/"}}]}},"_links":{"self":[{"href":"https:\/\/www.finnboat.fi\/sv\/wp-json\/wp\/v2\/pages\/4957","targetHints":{"allow":["GET"]}}],"collection":[{"href":"https:\/\/www.finnboat.fi\/sv\/wp-json\/wp\/v2\/pages"}],"about":[{"href":"https:\/\/www.finnboat.fi\/sv\/wp-json\/wp\/v2\/types\/page"}],"author":[{"embeddable":true,"href":"https:\/\/www.finnboat.fi\/sv\/wp-json\/wp\/v2\/users\/346"}],"replies":[{"embeddable":true,"href":"https:\/\/www.finnboat.fi\/sv\/wp-json\/wp\/v2\/comments?post=4957"}],"version-history":[{"count":3,"href":"https:\/\/www.finnboat.fi\/sv\/wp-json\/wp\/v2\/pages\/4957\/revisions"}],"predecessor-version":[{"id":10279,"href":"https:\/\/www.finnboat.fi\/sv\/wp-json\/wp\/v2\/pages\/4957\/revisions\/10279"}],"wp:attachment":[{"href":"https:\/\/www.finnboat.fi\/sv\/wp-json\/wp\/v2\/media?parent=4957"}],"curies":[{"name":"wp","href":"https:\/\/api.w.org\/{rel}","templated":true}]}}