{"id":7806,"date":"2022-10-13T15:55:18","date_gmt":"2022-10-13T12:55:18","guid":{"rendered":"https:\/\/finnboatfi-wp16167.test.cchosting.fi\/?page_id=7806"},"modified":"2024-11-13T14:27:50","modified_gmt":"2024-11-13T12:27:50","slug":"elementor-7806","status":"publish","type":"page","link":"https:\/\/www.finnboat.fi\/sv\/elementor-7806\/","title":{"rendered":"Internationella b\u00e5tm\u00e4ssor"},"content":{"rendered":"<div data-elementor-type=\"wp-page\" data-elementor-id=\"7806\" class=\"elementor elementor-7806\">\n\t\t\t\t\t\t<section class=\"elementor-section elementor-top-section elementor-element elementor-element-735ede8 elementor-section-boxed elementor-section-height-default elementor-section-height-default\" data-id=\"735ede8\" data-element_type=\"section\" data-e-type=\"section\">\n\t\t\t\t\t\t<div class=\"elementor-container elementor-column-gap-default\">\n\t\t\t\t\t<div class=\"elementor-column elementor-col-100 elementor-top-column elementor-element elementor-element-c46228a\" data-id=\"c46228a\" data-element_type=\"column\" data-e-type=\"column\">\n\t\t\t<div class=\"elementor-widget-wrap elementor-element-populated\">\n\t\t\t\t\t\t<div class=\"elementor-element elementor-element-20188af elementor-widget elementor-widget-heading\" data-id=\"20188af\" data-element_type=\"widget\" data-e-type=\"widget\" data-widget_type=\"heading.default\">\n\t\t\t\t<div class=\"elementor-widget-container\">\n\t\t\t\t\t<h1 class=\"elementor-heading-title elementor-size-xxl\">Kansainv\u00e4liset venemessut 2025<\/h1>\t\t\t\t<\/div>\n\t\t\t\t<\/div>\n\t\t\t\t\t<\/div>\n\t\t<\/div>\n\t\t\t\t\t<\/div>\n\t\t<\/section>\n\t\t\t\t<section class=\"elementor-section elementor-top-section elementor-element elementor-element-c6ff0fb elementor-section-boxed elementor-section-height-default elementor-section-height-default\" data-id=\"c6ff0fb\" data-element_type=\"section\" data-e-type=\"section\">\n\t\t\t\t\t\t<div class=\"elementor-container elementor-column-gap-default\">\n\t\t\t\t\t<div class=\"elementor-column elementor-col-100 elementor-top-column elementor-element elementor-element-40559b3\" data-id=\"40559b3\" data-element_type=\"column\" data-e-type=\"column\">\n\t\t\t<div class=\"elementor-widget-wrap elementor-element-populated\">\n\t\t\t\t\t\t<div class=\"elementor-element elementor-element-5f02c83 elementor-widget elementor-widget-text-editor\" data-id=\"5f02c83\" data-element_type=\"widget\" data-e-type=\"widget\" data-widget_type=\"text-editor.default\">\n\t\t\t\t<div class=\"elementor-widget-container\">\n\t\t\t\t\t\t\t\t\t<p style=\"text-align: center;\"><span style=\"color: #666666; font-family: 'Open Sans', sans-serif; font-size: 18px; font-style: normal; font-variant-ligatures: normal; font-variant-caps: normal; font-weight: 400; letter-spacing: normal; orphans: 2; text-align: center; text-indent: 0px; text-transform: none; widows: 2; word-spacing: 0px; -webkit-text-stroke-width: 0px; white-space: normal; background-color: #ffffff; text-decoration-thickness: initial; text-decoration-style: initial; text-decoration-color: initial; display: inline !important; float: none;\">Alla olevasta listauksesta l\u00f6yd\u00e4t kansainv\u00e4liset veneilytapahtumat.<\/span><\/p>\t\t\t\t\t\t\t\t<\/div>\n\t\t\t\t<\/div>\n\t\t\t\t\t<\/div>\n\t\t<\/div>\n\t\t\t\t\t<\/div>\n\t\t<\/section>\n\t\t\t\t<section class=\"elementor-section elementor-top-section elementor-element elementor-element-f38039b elementor-section-boxed elementor-section-height-default elementor-section-height-default\" data-id=\"f38039b\" data-element_type=\"section\" data-e-type=\"section\">\n\t\t\t\t\t\t<div class=\"elementor-container elementor-column-gap-default\">\n\t\t\t\t\t<div class=\"elementor-column elementor-col-100 elementor-top-column elementor-element elementor-element-bf921fc\" data-id=\"bf921fc\" data-element_type=\"column\" data-e-type=\"column\">\n\t\t\t<div class=\"elementor-widget-wrap elementor-element-populated\">\n\t\t\t\t\t\t<div class=\"elementor-element elementor-element-52619a9 elementor-widget elementor-widget-text-editor\" data-id=\"52619a9\" data-element_type=\"widget\" data-e-type=\"widget\" data-widget_type=\"text-editor.default\">\n\t\t\t\t<div class=\"elementor-widget-container\">\n\t\t\t\t\t\t\t\t\t<h2>TAMMIKUU<\/h2><p><strong>17.-26.1. <\/strong><a href=\"https:\/\/www.boot.com\/\">boot D\u00fcsseldorf<\/a>, D\u00fcsseldorf, Saksa<\/p><hr \/><h2>HELMIKUU<\/h2><p><strong>1.-9.2. <\/strong><a href=\"https:\/\/batmassan.se\/\">B\u00e5tm\u00e4ssan G\u00f6teborg<\/a>, G\u00f6teborg, Ruotsi<\/p><p><strong>12.-16.2. <\/strong><a href=\"https:\/\/www.miamiboatshow.com\/en\/home.html\">Discover Boating Miami International Boat Show<\/a><strong>, <\/strong>Miami, USA<\/p><p><strong>6.-9.2. <\/strong><a href=\"https:\/\/www.boatlifeevents.com\/\">BoatLife<\/a>, Birmingham, UK<strong><br \/><\/strong><\/p><p><strong>28.2.-2.3.<\/strong> <a href=\"http:\/\/www.kibs.com\/eng\/index.do\">Korea International Boat Show<\/a>, Goyang, Etel\u00e4-Korea<\/p><hr \/><h2>MAALISKUU<\/h2><p><strong>6.-9.3. <\/strong><a href=\"https:\/\/www.auckland-boatshow.com\/\">Auckland Boat Show<\/a>, Auckland, Uusi-Seelanti<\/p><p><strong>6.-9.3, 13.-16.3. <\/strong><a href=\"https:\/\/www.alltforsjon.se\/\">Allt f\u00f6r Sj\u00f6n<\/a>, Tukholma, Ruotsi \u00a0<\/p><p><strong>30.3.-1.4. <\/strong><a href=\"https:\/\/www.boatshowchina.com\/en\">The 2<sup>8th<\/sup> China (Shanghai) International Boat Show<\/a>, Shanghai, Kiina<\/p><hr \/><h2>HUHTIKUU<\/h2><hr \/><h2>TOUKOKUU<\/h2><p><strong>22.-25.5. <\/strong><a href=\"https:\/\/sanctuarycoveboatshow.com.au\/\">Sanctuary Cove International Boat Show<\/a>, Sanctuary Cove, Australia<\/p><p><strong>23.-25.5.<\/strong> <a href=\"https:\/\/www.yachtfestival.de\/ancora-yachtfestival\/\">HAMBURG ancora YACHTFESTIVAL<\/a>, Hampuri, Saksa \u00a0\u00a0\u00a0\u00a0\u00a0\u00a0\u00a0\u00a0<\/p><hr \/><h2>KES\u00c4KUU<\/h2><hr \/><h2>HEIN\u00c4KUU<\/h2><hr \/><h2>ELOKUU<\/h2><p><strong>30.7.-2.8.<\/strong> <a href=\"http:\/\/www.sydneyboatshow.com.au\/\">Sydney International Boat Show<\/a>, Sydney, Australia<\/p><hr \/><h2>SYYSKUU<\/h2><p><strong>4.-7.9.<\/strong> <a href=\"http:\/\/www.acinwaterboatshow.com\/\">Atlantic City In Water Power Boat Show<\/a>, Atlantic City, USA<\/p><p><strong>18.-23.9.<\/strong> <a href=\"http:\/\/www.salonenautico.com\/en\">Genoa International Boat Show &#8211; Salone Nautico<\/a>, Genoa, Italia<\/p><p><strong>19.-28.9. <\/strong><a href=\"https:\/\/www.southamptonboatshow.com\/\">Southampton International Boat Show<\/a>, Southampton, UK<\/p><p><strong>23.-28.9.<\/strong> <a href=\"http:\/\/www.grand-pavois.com\/\">Intl In-water Boat Show Grand Pavois<\/a>, La Rochelle, Ranska<\/p><p><strong>24.-28.9.<\/strong> <a href=\"https:\/\/www.interboot.com\/\">INTERBOOT<\/a>, Friedrichshafen, Saksa<\/p><hr \/><h2>LOKAKUU<\/h2><p><strong>7.-9.10. <\/strong><a href=\"https:\/\/www.ibexshow.com\/\">IBEX<\/a>, Tampa, Florida, USA<\/p><p><strong>22.-26.10.<\/strong> <a href=\"http:\/\/www.bbs.com.hr\/\">Biograd Boat Show, Biograd na Moru<\/a>, Kroatia<\/p><p><strong>29.10.-2.11. <\/strong>\u00a0 \u00a0<a href=\"https:\/\/www.flibs.com\/en\/home.html\">Fort Lauderdale International Boat Show<\/a>, Fort Lauderdale, Florida, USA<\/p><hr \/><h2>MARRASKUU<\/h2><hr \/><h2>JOULUKUU<\/h2>\t\t\t\t\t\t\t\t<\/div>\n\t\t\t\t<\/div>\n\t\t\t\t\t<\/div>\n\t\t<\/div>\n\t\t\t\t\t<\/div>\n\t\t<\/section>\n\t\t\t\t<\/div>","protected":false},"excerpt":{"rendered":"<p>Kansainv\u00e4liset venemessut 2025 Alla olevasta listauksesta l\u00f6yd\u00e4t kansainv\u00e4liset veneilytapahtumat. TAMMIKUU 17.-26.1. boot D\u00fcsseldorf, D\u00fcsseldorf, Saksa HELMIKUU 1.-9.2. B\u00e5tm\u00e4ssan G\u00f6teborg, G\u00f6teborg, Ruotsi 12.-16.2. Discover Boating Miami International Boat Show, Miami, USA [&hellip;]<\/p>\n","protected":false},"author":317,"featured_media":0,"parent":0,"menu_order":0,"comment_status":"closed","ping_status":"closed","template":"","meta":{"_acf_changed":false,"_crdt_document":"","inline_featured_image":false,"_monsterinsights_skip_tracking":false,"_monsterinsights_sitenote_active":false,"_monsterinsights_sitenote_note":"","_monsterinsights_sitenote_category":0,"footnotes":""},"class_list":["post-7806","page","type-page","status-publish","hentry"],"acf":[],"yoast_head":"<!-- This site is optimized with the Yoast SEO plugin v27.3 - https:\/\/yoast.com\/product\/yoast-seo-wordpress\/ -->\n<title>Kansainv\u00e4liset venemessut - Finnboat<\/title>\n<meta name=\"robots\" content=\"index, follow, max-snippet:-1, max-image-preview:large, max-video-preview:-1\" \/>\n<link rel=\"canonical\" href=\"https:\/\/www.finnboat.fi\/sv\/elementor-7806\/\" \/>\n<meta property=\"og:locale\" content=\"sv_SE\" \/>\n<meta property=\"og:type\" content=\"article\" \/>\n<meta property=\"og:title\" content=\"Kansainv\u00e4liset venemessut - Finnboat\" \/>\n<meta property=\"og:description\" content=\"Kansainv\u00e4liset venemessut 2025 Alla olevasta listauksesta l\u00f6yd\u00e4t kansainv\u00e4liset veneilytapahtumat. TAMMIKUU 17.-26.1. boot D\u00fcsseldorf, D\u00fcsseldorf, Saksa HELMIKUU 1.-9.2. B\u00e5tm\u00e4ssan G\u00f6teborg, G\u00f6teborg, Ruotsi 12.-16.2. Discover Boating Miami International Boat Show, Miami, USA [&hellip;]\" \/>\n<meta property=\"og:url\" content=\"https:\/\/www.finnboat.fi\/sv\/elementor-7806\/\" \/>\n<meta property=\"og:site_name\" content=\"Finnboat\" \/>\n<meta property=\"article:modified_time\" content=\"2024-11-13T12:27:50+00:00\" \/>\n<meta name=\"twitter:card\" content=\"summary_large_image\" \/>\n<meta name=\"twitter:label1\" content=\"Ber\u00e4knad l\u00e4stid\" \/>\n\t<meta name=\"twitter:data1\" content=\"1 minut\" \/>\n<script type=\"application\/ld+json\" class=\"yoast-schema-graph\">{\"@context\":\"https:\\\/\\\/schema.org\",\"@graph\":[{\"@type\":\"WebPage\",\"@id\":\"https:\\\/\\\/www.finnboat.fi\\\/elementor-7806\\\/\",\"url\":\"https:\\\/\\\/www.finnboat.fi\\\/elementor-7806\\\/\",\"name\":\"Kansainv\u00e4liset venemessut - Finnboat\",\"isPartOf\":{\"@id\":\"https:\\\/\\\/www.finnboat.fi\\\/en\\\/#website\"},\"datePublished\":\"2022-10-13T12:55:18+00:00\",\"dateModified\":\"2024-11-13T12:27:50+00:00\",\"breadcrumb\":{\"@id\":\"https:\\\/\\\/www.finnboat.fi\\\/elementor-7806\\\/#breadcrumb\"},\"inLanguage\":\"sv-SE\",\"potentialAction\":[{\"@type\":\"ReadAction\",\"target\":[\"https:\\\/\\\/www.finnboat.fi\\\/elementor-7806\\\/\"]}]},{\"@type\":\"BreadcrumbList\",\"@id\":\"https:\\\/\\\/www.finnboat.fi\\\/elementor-7806\\\/#breadcrumb\",\"itemListElement\":[{\"@type\":\"ListItem\",\"position\":1,\"name\":\"Etusivu\",\"item\":\"https:\\\/\\\/www.finnboat.fi\\\/\"},{\"@type\":\"ListItem\",\"position\":2,\"name\":\"Kansainv\u00e4liset venemessut\"}]},{\"@type\":\"WebSite\",\"@id\":\"https:\\\/\\\/www.finnboat.fi\\\/en\\\/#website\",\"url\":\"https:\\\/\\\/www.finnboat.fi\\\/en\\\/\",\"name\":\"Finnboat\",\"description\":\"Venealan Keskusliitto Finnboat ry\",\"publisher\":{\"@id\":\"https:\\\/\\\/www.finnboat.fi\\\/en\\\/#organization\"},\"potentialAction\":[{\"@type\":\"SearchAction\",\"target\":{\"@type\":\"EntryPoint\",\"urlTemplate\":\"https:\\\/\\\/www.finnboat.fi\\\/en\\\/?s={search_term_string}\"},\"query-input\":{\"@type\":\"PropertyValueSpecification\",\"valueRequired\":true,\"valueName\":\"search_term_string\"}}],\"inLanguage\":\"sv-SE\"},{\"@type\":\"Organization\",\"@id\":\"https:\\\/\\\/www.finnboat.fi\\\/en\\\/#organization\",\"name\":\"Finnboat\",\"url\":\"https:\\\/\\\/www.finnboat.fi\\\/en\\\/\",\"logo\":{\"@type\":\"ImageObject\",\"inLanguage\":\"sv-SE\",\"@id\":\"https:\\\/\\\/www.finnboat.fi\\\/en\\\/#\\\/schema\\\/logo\\\/image\\\/\",\"url\":\"https:\\\/\\\/www.finnboat.fi\\\/wp-content\\\/uploads\\\/2026\\\/02\\\/cropped-kassi.png\",\"contentUrl\":\"https:\\\/\\\/www.finnboat.fi\\\/wp-content\\\/uploads\\\/2026\\\/02\\\/cropped-kassi.png\",\"width\":1023,\"height\":1023,\"caption\":\"Finnboat\"},\"image\":{\"@id\":\"https:\\\/\\\/www.finnboat.fi\\\/en\\\/#\\\/schema\\\/logo\\\/image\\\/\"}}]}<\/script>\n<!-- \/ Yoast SEO plugin. -->","yoast_head_json":{"title":"Kansainv\u00e4liset venemessut - Finnboat","robots":{"index":"index","follow":"follow","max-snippet":"max-snippet:-1","max-image-preview":"max-image-preview:large","max-video-preview":"max-video-preview:-1"},"canonical":"https:\/\/www.finnboat.fi\/sv\/elementor-7806\/","og_locale":"sv_SE","og_type":"article","og_title":"Kansainv\u00e4liset venemessut - Finnboat","og_description":"Kansainv\u00e4liset venemessut 2025 Alla olevasta listauksesta l\u00f6yd\u00e4t kansainv\u00e4liset veneilytapahtumat. TAMMIKUU 17.-26.1. boot D\u00fcsseldorf, D\u00fcsseldorf, Saksa HELMIKUU 1.-9.2. B\u00e5tm\u00e4ssan G\u00f6teborg, G\u00f6teborg, Ruotsi 12.-16.2. Discover Boating Miami International Boat Show, Miami, USA [&hellip;]","og_url":"https:\/\/www.finnboat.fi\/sv\/elementor-7806\/","og_site_name":"Finnboat","article_modified_time":"2024-11-13T12:27:50+00:00","twitter_card":"summary_large_image","twitter_misc":{"Ber\u00e4knad l\u00e4stid":"1 minut"},"schema":{"@context":"https:\/\/schema.org","@graph":[{"@type":"WebPage","@id":"https:\/\/www.finnboat.fi\/elementor-7806\/","url":"https:\/\/www.finnboat.fi\/elementor-7806\/","name":"Kansainv\u00e4liset venemessut - Finnboat","isPartOf":{"@id":"https:\/\/www.finnboat.fi\/en\/#website"},"datePublished":"2022-10-13T12:55:18+00:00","dateModified":"2024-11-13T12:27:50+00:00","breadcrumb":{"@id":"https:\/\/www.finnboat.fi\/elementor-7806\/#breadcrumb"},"inLanguage":"sv-SE","potentialAction":[{"@type":"ReadAction","target":["https:\/\/www.finnboat.fi\/elementor-7806\/"]}]},{"@type":"BreadcrumbList","@id":"https:\/\/www.finnboat.fi\/elementor-7806\/#breadcrumb","itemListElement":[{"@type":"ListItem","position":1,"name":"Etusivu","item":"https:\/\/www.finnboat.fi\/"},{"@type":"ListItem","position":2,"name":"Kansainv\u00e4liset venemessut"}]},{"@type":"WebSite","@id":"https:\/\/www.finnboat.fi\/en\/#website","url":"https:\/\/www.finnboat.fi\/en\/","name":"Finnboat","description":"B\u00e5tbranschens Centralf\u00f6rbund Finnboat rf","publisher":{"@id":"https:\/\/www.finnboat.fi\/en\/#organization"},"potentialAction":[{"@type":"SearchAction","target":{"@type":"EntryPoint","urlTemplate":"https:\/\/www.finnboat.fi\/en\/?s={search_term_string}"},"query-input":{"@type":"PropertyValueSpecification","valueRequired":true,"valueName":"search_term_string"}}],"inLanguage":"sv-SE"},{"@type":"Organization","@id":"https:\/\/www.finnboat.fi\/en\/#organization","name":"Finnboat","url":"https:\/\/www.finnboat.fi\/en\/","logo":{"@type":"ImageObject","inLanguage":"sv-SE","@id":"https:\/\/www.finnboat.fi\/en\/#\/schema\/logo\/image\/","url":"https:\/\/www.finnboat.fi\/wp-content\/uploads\/2026\/02\/cropped-kassi.png","contentUrl":"https:\/\/www.finnboat.fi\/wp-content\/uploads\/2026\/02\/cropped-kassi.png","width":1023,"height":1023,"caption":"Finnboat"},"image":{"@id":"https:\/\/www.finnboat.fi\/en\/#\/schema\/logo\/image\/"}}]}},"_links":{"self":[{"href":"https:\/\/www.finnboat.fi\/sv\/wp-json\/wp\/v2\/pages\/7806","targetHints":{"allow":["GET"]}}],"collection":[{"href":"https:\/\/www.finnboat.fi\/sv\/wp-json\/wp\/v2\/pages"}],"about":[{"href":"https:\/\/www.finnboat.fi\/sv\/wp-json\/wp\/v2\/types\/page"}],"author":[{"embeddable":true,"href":"https:\/\/www.finnboat.fi\/sv\/wp-json\/wp\/v2\/users\/317"}],"replies":[{"embeddable":true,"href":"https:\/\/www.finnboat.fi\/sv\/wp-json\/wp\/v2\/comments?post=7806"}],"version-history":[{"count":167,"href":"https:\/\/www.finnboat.fi\/sv\/wp-json\/wp\/v2\/pages\/7806\/revisions"}],"predecessor-version":[{"id":11618,"href":"https:\/\/www.finnboat.fi\/sv\/wp-json\/wp\/v2\/pages\/7806\/revisions\/11618"}],"wp:attachment":[{"href":"https:\/\/www.finnboat.fi\/sv\/wp-json\/wp\/v2\/media?parent=7806"}],"curies":[{"name":"wp","href":"https:\/\/api.w.org\/{rel}","templated":true}]}}