{"id":8045,"date":"2022-11-08T16:02:28","date_gmt":"2022-11-08T14:02:28","guid":{"rendered":"https:\/\/finnboatfi-wp16167.test.cchosting.fi\/?page_id=8045"},"modified":"2022-12-12T15:48:04","modified_gmt":"2022-12-12T13:48:04","slug":"muut-venealan-toimijat-ja-yhteistyokumppanit","status":"publish","type":"page","link":"https:\/\/www.finnboat.fi\/sv\/muut-venealan-toimijat-ja-yhteistyokumppanit\/","title":{"rendered":"Andra operat\u00f6rer och partners inom b\u00e5tbranschen"},"content":{"rendered":"<div data-elementor-type=\"wp-page\" data-elementor-id=\"8045\" class=\"elementor elementor-8045\">\n\t\t\t\t\t\t<section class=\"elementor-section elementor-top-section elementor-element elementor-element-a4d65ce elementor-section-height-min-height elementor-section-boxed elementor-section-height-default elementor-section-items-middle\" data-id=\"a4d65ce\" data-element_type=\"section\" data-e-type=\"section\" data-settings=\"{&quot;background_background&quot;:&quot;classic&quot;}\">\n\t\t\t\t\t\t\t<div class=\"elementor-background-overlay\"><\/div>\n\t\t\t\t\t\t\t<div class=\"elementor-container elementor-column-gap-default\">\n\t\t\t\t\t<div class=\"elementor-column elementor-col-100 elementor-top-column elementor-element elementor-element-e4645a1\" data-id=\"e4645a1\" data-element_type=\"column\" data-e-type=\"column\">\n\t\t\t<div class=\"elementor-widget-wrap elementor-element-populated\">\n\t\t\t\t\t\t<div class=\"elementor-element elementor-element-b114957 elementor-widget elementor-widget-heading\" data-id=\"b114957\" data-element_type=\"widget\" data-e-type=\"widget\" data-widget_type=\"heading.default\">\n\t\t\t\t<div class=\"elementor-widget-container\">\n\t\t\t\t\t<h2 class=\"elementor-heading-title elementor-size-xxl\">Andra organisationer<\/h2>\t\t\t\t<\/div>\n\t\t\t\t<\/div>\n\t\t\t\t\t<\/div>\n\t\t<\/div>\n\t\t\t\t\t<\/div>\n\t\t<\/section>\n\t\t\t\t<section class=\"elementor-section elementor-top-section elementor-element elementor-element-cda9616 elementor-section-boxed elementor-section-height-default elementor-section-height-default\" data-id=\"cda9616\" data-element_type=\"section\" data-e-type=\"section\">\n\t\t\t\t\t\t<div class=\"elementor-container elementor-column-gap-default\">\n\t\t\t\t\t<div class=\"elementor-column elementor-col-100 elementor-top-column elementor-element elementor-element-2db5125\" data-id=\"2db5125\" data-element_type=\"column\" data-e-type=\"column\">\n\t\t\t<div class=\"elementor-widget-wrap elementor-element-populated\">\n\t\t\t\t\t\t<div class=\"elementor-element elementor-element-855da22 elementor-widget elementor-widget-text-editor\" data-id=\"855da22\" data-element_type=\"widget\" data-e-type=\"widget\" data-widget_type=\"text-editor.default\">\n\t\t\t\t<div class=\"elementor-widget-container\">\n\t\t\t\t\t\t\t\t\t<table>\n<thead>\n<tr>\n<td><b>Organisation<\/b><\/td>\n<td><b>Hemsida<\/b><\/td>\n<\/tr>\n<\/thead>\n<tbody>\n<tr>\n<td>EBI European Boating Industry<\/td>\n<td><a href=\"https:\/\/www.europeanboatingindustry.eu\/\">europeanboatingindustry.eu<\/a><\/td>\n<\/tr>\n<tr>\n<td>Edita<\/td>\n<td><a href=\"https:\/\/lakitieto.edita.fi\/\">lakitieto.edita.fi<\/a><\/td>\n<\/tr>\n<tr>\n<td>ICOMIA International Council of Marine Industry Associations<\/td>\n<td><a href=\"https:\/\/www.icomia.org\/\">icomia.org<\/a><\/td>\n<\/tr>\n<tr>\n<td>Meteorologiska Institutet<\/td>\n<td><a href=\"https:\/\/www.ilmatieteenlaitos.fi\/\">ilmatieteenlaitos.fi<\/a><\/td>\n<\/tr>\n<tr>\n<td>International Marine Certification Institute<\/td>\n<td><a href=\"https:\/\/www.imci.org\/\">imci.org<\/a><\/td>\n<\/tr>\n<tr>\n<td>Marine Mentors<\/td>\n<td><a href=\"https:\/\/marinementors.fi\/\">marinementors.fi<\/a><\/td>\n<\/tr>\n<tr>\n<td>Gr\u00e4nsbevakningsv\u00e4set<\/td>\n<td><a href=\"https:\/\/raja.fi\/etusivu\">raja.fi<\/a><\/td>\n<\/tr>\n<tr>\n<td>H\u00e5ll Sk\u00e4rg\u00e5rden Ren rf<\/td>\n<td><a href=\"https:\/\/www.pidasaaristosiistina.fi\/\">pidasaaristosiistina.fi<\/a><\/td>\n<\/tr>\n<tr>\n\n<\/tr>\n<tr>\n<td>Suomen Meripelastusseura ry<\/td>\n<td><a href=\"\/sv\/www.meripelastus.fi\/\">meripelastus.fi<\/a><\/td>\n<\/tr>\n<tr>\n<td>Suomen Navigaatioliitto ry<\/td>\n<td><a href=\"https:\/\/suomennavigaatioliitto.com\/\">suomennavigaatioliitto.com<\/a><\/td>\n<\/tr>\n<tr>\n<td>Suomen Purjehdus ja Veneily ry<\/td>\n<td><a href=\"https:\/\/spv.fi\/\">spv.fi<\/a><\/td>\n<\/tr>\n<tr>\n<td>Suomen Uimaopetus- ja hengenpelastusliitto<\/td>\n<td><a href=\"https:\/\/www.suh.fi\/\">suh.fi<\/a><\/td>\n<\/tr>\n<tr>\n<td>Traficom<\/td>\n<td><a href=\"https:\/\/www.traficom.fi\/fi\/liikenne\/veneilijalle\">traficom.fi\/fi\/liikenne\/veneilijalle<\/a><\/td>\n<\/tr>\n<tr>\n<td>Tull<\/td>\n<td><a href=\"https:\/\/tulli.fi\/etusivu\">tulli.fi<\/a><\/td>\n<\/tr>\n<tr>\n<td>Polis<\/td>\n<td><a href=\"https:\/\/poliisi.fi\/etusivu\">poliisi.fi<\/a><\/td>\n<\/tr>\n<tr>\n<td><\/td>\n<td><\/td>\n<\/tr>\n<\/tbody>\n<\/table>\t\t\t\t\t\t\t\t<\/div>\n\t\t\t\t<\/div>\n\t\t\t\t\t<\/div>\n\t\t<\/div>\n\t\t\t\t\t<\/div>\n\t\t<\/section>\n\t\t\t\t<\/div>","protected":false},"excerpt":{"rendered":"<p>MUUT VENEALAN TOIMIJAT JA YHTEISTY\u00d6KUMPPANIT Laitos www-sivut EBI European Boating Industry europeanboatingindustry.eu Edita (mm. Lakikokoelma Vesiliikenteen S\u00e4\u00e4d\u00f6kset) lakitieto.edita.fi ICOMIA International Council of Marine Industry Associations icomia.org Ilmatieteen laitos ilmatieteenlaitos.fi International [&hellip;]<\/p>\n","protected":false},"author":317,"featured_media":0,"parent":0,"menu_order":0,"comment_status":"closed","ping_status":"closed","template":"","meta":{"_acf_changed":false,"_crdt_document":"","inline_featured_image":false,"_monsterinsights_skip_tracking":false,"_monsterinsights_sitenote_active":false,"_monsterinsights_sitenote_note":"","_monsterinsights_sitenote_category":0,"footnotes":""},"class_list":["post-8045","page","type-page","status-publish","hentry"],"acf":[],"yoast_head":"<!-- This site is optimized with the Yoast SEO plugin v27.3 - https:\/\/yoast.com\/product\/yoast-seo-wordpress\/ -->\n<title>Muut venealan toimijat ja yhteisty\u00f6kumppanit - Finnboat<\/title>\n<meta name=\"robots\" content=\"index, follow, max-snippet:-1, max-image-preview:large, max-video-preview:-1\" \/>\n<link rel=\"canonical\" href=\"https:\/\/www.finnboat.fi\/sv\/muut-venealan-toimijat-ja-yhteistyokumppanit\/\" \/>\n<meta property=\"og:locale\" content=\"sv_SE\" \/>\n<meta property=\"og:type\" content=\"article\" \/>\n<meta property=\"og:title\" content=\"Muut venealan toimijat ja yhteisty\u00f6kumppanit - Finnboat\" \/>\n<meta property=\"og:description\" content=\"MUUT VENEALAN TOIMIJAT JA YHTEISTY\u00d6KUMPPANIT Laitos www-sivut EBI European Boating Industry europeanboatingindustry.eu Edita (mm. Lakikokoelma Vesiliikenteen S\u00e4\u00e4d\u00f6kset) lakitieto.edita.fi ICOMIA International Council of Marine Industry Associations icomia.org Ilmatieteen laitos ilmatieteenlaitos.fi International [&hellip;]\" \/>\n<meta property=\"og:url\" content=\"https:\/\/www.finnboat.fi\/sv\/muut-venealan-toimijat-ja-yhteistyokumppanit\/\" \/>\n<meta property=\"og:site_name\" content=\"Finnboat\" \/>\n<meta property=\"article:modified_time\" content=\"2022-12-12T13:48:04+00:00\" \/>\n<meta name=\"twitter:card\" content=\"summary_large_image\" \/>\n<meta name=\"twitter:label1\" content=\"Ber\u00e4knad l\u00e4stid\" \/>\n\t<meta name=\"twitter:data1\" content=\"1 minut\" \/>\n<script type=\"application\/ld+json\" class=\"yoast-schema-graph\">{\"@context\":\"https:\\\/\\\/schema.org\",\"@graph\":[{\"@type\":\"WebPage\",\"@id\":\"https:\\\/\\\/www.finnboat.fi\\\/muut-venealan-toimijat-ja-yhteistyokumppanit\\\/\",\"url\":\"https:\\\/\\\/www.finnboat.fi\\\/muut-venealan-toimijat-ja-yhteistyokumppanit\\\/\",\"name\":\"Muut venealan toimijat ja yhteisty\u00f6kumppanit - Finnboat\",\"isPartOf\":{\"@id\":\"https:\\\/\\\/www.finnboat.fi\\\/en\\\/#website\"},\"datePublished\":\"2022-11-08T14:02:28+00:00\",\"dateModified\":\"2022-12-12T13:48:04+00:00\",\"breadcrumb\":{\"@id\":\"https:\\\/\\\/www.finnboat.fi\\\/muut-venealan-toimijat-ja-yhteistyokumppanit\\\/#breadcrumb\"},\"inLanguage\":\"sv-SE\",\"potentialAction\":[{\"@type\":\"ReadAction\",\"target\":[\"https:\\\/\\\/www.finnboat.fi\\\/muut-venealan-toimijat-ja-yhteistyokumppanit\\\/\"]}]},{\"@type\":\"BreadcrumbList\",\"@id\":\"https:\\\/\\\/www.finnboat.fi\\\/muut-venealan-toimijat-ja-yhteistyokumppanit\\\/#breadcrumb\",\"itemListElement\":[{\"@type\":\"ListItem\",\"position\":1,\"name\":\"Etusivu\",\"item\":\"https:\\\/\\\/www.finnboat.fi\\\/\"},{\"@type\":\"ListItem\",\"position\":2,\"name\":\"Muut venealan toimijat ja yhteisty\u00f6kumppanit\"}]},{\"@type\":\"WebSite\",\"@id\":\"https:\\\/\\\/www.finnboat.fi\\\/en\\\/#website\",\"url\":\"https:\\\/\\\/www.finnboat.fi\\\/en\\\/\",\"name\":\"Finnboat\",\"description\":\"Venealan Keskusliitto Finnboat ry\",\"publisher\":{\"@id\":\"https:\\\/\\\/www.finnboat.fi\\\/en\\\/#organization\"},\"potentialAction\":[{\"@type\":\"SearchAction\",\"target\":{\"@type\":\"EntryPoint\",\"urlTemplate\":\"https:\\\/\\\/www.finnboat.fi\\\/en\\\/?s={search_term_string}\"},\"query-input\":{\"@type\":\"PropertyValueSpecification\",\"valueRequired\":true,\"valueName\":\"search_term_string\"}}],\"inLanguage\":\"sv-SE\"},{\"@type\":\"Organization\",\"@id\":\"https:\\\/\\\/www.finnboat.fi\\\/en\\\/#organization\",\"name\":\"Finnboat\",\"url\":\"https:\\\/\\\/www.finnboat.fi\\\/en\\\/\",\"logo\":{\"@type\":\"ImageObject\",\"inLanguage\":\"sv-SE\",\"@id\":\"https:\\\/\\\/www.finnboat.fi\\\/en\\\/#\\\/schema\\\/logo\\\/image\\\/\",\"url\":\"https:\\\/\\\/www.finnboat.fi\\\/wp-content\\\/uploads\\\/2026\\\/02\\\/cropped-kassi.png\",\"contentUrl\":\"https:\\\/\\\/www.finnboat.fi\\\/wp-content\\\/uploads\\\/2026\\\/02\\\/cropped-kassi.png\",\"width\":1023,\"height\":1023,\"caption\":\"Finnboat\"},\"image\":{\"@id\":\"https:\\\/\\\/www.finnboat.fi\\\/en\\\/#\\\/schema\\\/logo\\\/image\\\/\"}}]}<\/script>\n<!-- \/ Yoast SEO plugin. -->","yoast_head_json":{"title":"Muut venealan toimijat ja yhteisty\u00f6kumppanit - Finnboat","robots":{"index":"index","follow":"follow","max-snippet":"max-snippet:-1","max-image-preview":"max-image-preview:large","max-video-preview":"max-video-preview:-1"},"canonical":"https:\/\/www.finnboat.fi\/sv\/muut-venealan-toimijat-ja-yhteistyokumppanit\/","og_locale":"sv_SE","og_type":"article","og_title":"Muut venealan toimijat ja yhteisty\u00f6kumppanit - Finnboat","og_description":"MUUT VENEALAN TOIMIJAT JA YHTEISTY\u00d6KUMPPANIT Laitos www-sivut EBI European Boating Industry europeanboatingindustry.eu Edita (mm. Lakikokoelma Vesiliikenteen S\u00e4\u00e4d\u00f6kset) lakitieto.edita.fi ICOMIA International Council of Marine Industry Associations icomia.org Ilmatieteen laitos ilmatieteenlaitos.fi International [&hellip;]","og_url":"https:\/\/www.finnboat.fi\/sv\/muut-venealan-toimijat-ja-yhteistyokumppanit\/","og_site_name":"Finnboat","article_modified_time":"2022-12-12T13:48:04+00:00","twitter_card":"summary_large_image","twitter_misc":{"Ber\u00e4knad l\u00e4stid":"1 minut"},"schema":{"@context":"https:\/\/schema.org","@graph":[{"@type":"WebPage","@id":"https:\/\/www.finnboat.fi\/muut-venealan-toimijat-ja-yhteistyokumppanit\/","url":"https:\/\/www.finnboat.fi\/muut-venealan-toimijat-ja-yhteistyokumppanit\/","name":"Muut venealan toimijat ja yhteisty\u00f6kumppanit - Finnboat","isPartOf":{"@id":"https:\/\/www.finnboat.fi\/en\/#website"},"datePublished":"2022-11-08T14:02:28+00:00","dateModified":"2022-12-12T13:48:04+00:00","breadcrumb":{"@id":"https:\/\/www.finnboat.fi\/muut-venealan-toimijat-ja-yhteistyokumppanit\/#breadcrumb"},"inLanguage":"sv-SE","potentialAction":[{"@type":"ReadAction","target":["https:\/\/www.finnboat.fi\/muut-venealan-toimijat-ja-yhteistyokumppanit\/"]}]},{"@type":"BreadcrumbList","@id":"https:\/\/www.finnboat.fi\/muut-venealan-toimijat-ja-yhteistyokumppanit\/#breadcrumb","itemListElement":[{"@type":"ListItem","position":1,"name":"Etusivu","item":"https:\/\/www.finnboat.fi\/"},{"@type":"ListItem","position":2,"name":"Muut venealan toimijat ja yhteisty\u00f6kumppanit"}]},{"@type":"WebSite","@id":"https:\/\/www.finnboat.fi\/en\/#website","url":"https:\/\/www.finnboat.fi\/en\/","name":"Finnboat","description":"B\u00e5tbranschens Centralf\u00f6rbund Finnboat rf","publisher":{"@id":"https:\/\/www.finnboat.fi\/en\/#organization"},"potentialAction":[{"@type":"SearchAction","target":{"@type":"EntryPoint","urlTemplate":"https:\/\/www.finnboat.fi\/en\/?s={search_term_string}"},"query-input":{"@type":"PropertyValueSpecification","valueRequired":true,"valueName":"search_term_string"}}],"inLanguage":"sv-SE"},{"@type":"Organization","@id":"https:\/\/www.finnboat.fi\/en\/#organization","name":"Finnboat","url":"https:\/\/www.finnboat.fi\/en\/","logo":{"@type":"ImageObject","inLanguage":"sv-SE","@id":"https:\/\/www.finnboat.fi\/en\/#\/schema\/logo\/image\/","url":"https:\/\/www.finnboat.fi\/wp-content\/uploads\/2026\/02\/cropped-kassi.png","contentUrl":"https:\/\/www.finnboat.fi\/wp-content\/uploads\/2026\/02\/cropped-kassi.png","width":1023,"height":1023,"caption":"Finnboat"},"image":{"@id":"https:\/\/www.finnboat.fi\/en\/#\/schema\/logo\/image\/"}}]}},"_links":{"self":[{"href":"https:\/\/www.finnboat.fi\/sv\/wp-json\/wp\/v2\/pages\/8045","targetHints":{"allow":["GET"]}}],"collection":[{"href":"https:\/\/www.finnboat.fi\/sv\/wp-json\/wp\/v2\/pages"}],"about":[{"href":"https:\/\/www.finnboat.fi\/sv\/wp-json\/wp\/v2\/types\/page"}],"author":[{"embeddable":true,"href":"https:\/\/www.finnboat.fi\/sv\/wp-json\/wp\/v2\/users\/317"}],"replies":[{"embeddable":true,"href":"https:\/\/www.finnboat.fi\/sv\/wp-json\/wp\/v2\/comments?post=8045"}],"version-history":[{"count":73,"href":"https:\/\/www.finnboat.fi\/sv\/wp-json\/wp\/v2\/pages\/8045\/revisions"}],"predecessor-version":[{"id":8291,"href":"https:\/\/www.finnboat.fi\/sv\/wp-json\/wp\/v2\/pages\/8045\/revisions\/8291"}],"wp:attachment":[{"href":"https:\/\/www.finnboat.fi\/sv\/wp-json\/wp\/v2\/media?parent=8045"}],"curies":[{"name":"wp","href":"https:\/\/api.w.org\/{rel}","templated":true}]}}